{"id":913,"date":"2020-05-16T21:58:07","date_gmt":"2020-05-16T19:58:07","guid":{"rendered":"http:\/\/sterkontruimingen.nl\/?page_id=913"},"modified":"2020-05-16T22:02:11","modified_gmt":"2020-05-16T20:02:11","slug":"zasady-ochrany-osobnych-udajov","status":"publish","type":"page","link":"https:\/\/sterkontruimingen.nl\/sk\/privacy-beleid\/","title":{"rendered":"Z\u00e1sady ochrany osobn\u00fdch \u00fadajov"},"content":{"rendered":"<p>Sme si vedom\u00ed, \u017ee n\u00e1m d\u00f4verujete. Preto pova\u017eujeme za svoju povinnos\u0165 chr\u00e1ni\u0165 va\u0161e s\u00fakromie. Na tejto str\u00e1nke v\u00e1s informujeme o tom, ak\u00e9 \u00fadaje zhroma\u017e\u010fujeme, ke\u010f nav\u0161t\u00edvite na\u0161u webov\u00fa lokalitu, pre\u010do tieto \u00fadaje zhroma\u017e\u010fujeme a ako ich pou\u017e\u00edvame na zlep\u0161enie v\u00e1\u0161ho pou\u017e\u00edvate\u013esk\u00e9ho z\u00e1\u017eitku. Takto presne pochop\u00edte, ako pracujeme. Tieto z\u00e1sady ochrany osobn\u00fdch \u00fadajov sa vz\u0165ahuj\u00fa na slu\u017eby spolo\u010dnosti STERK Ontruimingen. Mali by ste si uvedomi\u0165, \u017ee spolo\u010dnos\u0165 STERK Ontruimingen nezodpoved\u00e1 za z\u00e1sady ochrany osobn\u00fdch \u00fadajov in\u00fdch webov\u00fdch lokal\u00edt a zdrojov. Pou\u017e\u00edvan\u00edm tejto webovej lokality vyjadrujete svoj s\u00fahlas so z\u00e1sadami ochrany osobn\u00fdch \u00fadajov. Spolo\u010dnos\u0165 STERK Ontruimingen re\u0161pektuje s\u00fakromie v\u0161etk\u00fdch pou\u017e\u00edvate\u013eov svojej str\u00e1nky a zabezpe\u010duje, aby sa s poskytnut\u00fdmi osobn\u00fdmi \u00fadajmi zaobch\u00e1dzalo d\u00f4verne.<\/p>\n\n\n\n<h2 class=\"wp-block-heading\">Na\u0161e pou\u017e\u00edvanie zozbieran\u00fdch \u00fadajov<\/h2>\n\n\n\n<h3 class=\"wp-block-heading\">Vyu\u017e\u00edvanie na\u0161ich slu\u017eieb<\/h3>\n\n\n\n<p>Ke\u010f sa zaregistrujete do niektorej z na\u0161ich slu\u017eieb, po\u017eiadame v\u00e1s o poskytnutie osobn\u00fdch \u00fadajov. Tieto \u00fadaje sa pou\u017eij\u00fa na vykonanie slu\u017eby. \u00dadaje bud\u00fa ulo\u017een\u00e9 na vlastn\u00fdch zabezpe\u010den\u00fdch serveroch spolo\u010dnosti STERK Ontruimingen alebo na serveroch tretej strany. Tieto \u00fadaje nebudeme kombinova\u0165 s in\u00fdmi osobn\u00fdmi \u00fadajmi, ktor\u00e9 m\u00e1me k dispoz\u00edcii.<\/p>\n\n\n\n<h3 class=\"wp-block-heading\">Komunik\u00e1cia<\/h3>\n\n\n\n<p>Ke\u010f n\u00e1m po\u0161lete e-mail alebo in\u00fa spr\u00e1vu, m\u00f4\u017eeme si tieto spr\u00e1vy ponecha\u0165. Niekedy v\u00e1s po\u017eiadame o poskytnutie va\u0161ich osobn\u00fdch \u00fadajov relevantn\u00fdch pre dan\u00fa situ\u00e1ciu. To n\u00e1m umo\u017en\u00ed spracova\u0165 va\u0161e ot\u00e1zky a odpoveda\u0165 na va\u0161e po\u017eiadavky. \u00dadaje bud\u00fa ulo\u017een\u00e9 na vlastn\u00fdch zabezpe\u010den\u00fdch serveroch spolo\u010dnosti STERK Ontruimingen alebo na serveroch tretej strany. Tieto \u00fadaje nebudeme kombinova\u0165 s in\u00fdmi osobn\u00fdmi \u00fadajmi, ktor\u00e9 m\u00e1me k dispoz\u00edcii.<\/p>\n\n\n\n<h3 class=\"wp-block-heading\">Cookies<\/h3>\n\n\n\n<p>\u00dadaje zhroma\u017e\u010fujeme na \u00fa\u010dely v\u00fdskumu, aby sme lep\u0161ie porozumeli na\u0161im z\u00e1kazn\u00edkom a mohli im prisp\u00f4sobi\u0165 na\u0161e slu\u017eby. T\u00e1to webov\u00e1 lokalita pou\u017e\u00edva \"cookies\" (textov\u00e9 s\u00fabory umiestnen\u00e9 vo va\u0161om po\u010d\u00edta\u010di), ktor\u00e9 pom\u00e1haj\u00fa webovej lokalite analyzova\u0165, ako ju n\u00e1v\u0161tevn\u00edci pou\u017e\u00edvaj\u00fa. Inform\u00e1cie vygenerovan\u00e9 s\u00faborom cookie o va\u0161om pou\u017e\u00edvan\u00ed webovej lokality sa m\u00f4\u017eu prenies\u0165 na vlastn\u00e9 zabezpe\u010den\u00e9 servery spolo\u010dnosti STERK Ontruimingen alebo na servery tretej strany. Tieto inform\u00e1cie pou\u017e\u00edvame na sledovanie toho, ako pou\u017e\u00edvate webov\u00fa lokalitu, na zostavovanie spr\u00e1v o \u010dinnosti webovej lokality a na poskytovanie \u010fal\u0161\u00edch slu\u017eieb s\u00favisiacich s \u010dinnos\u0165ou webovej lokality a pou\u017e\u00edvan\u00edm internetu.<\/p>\n\n\n\n<h3 class=\"wp-block-heading\">\u00da\u010dely<\/h3>\n\n\n\n<p>Nezhroma\u017e\u010fujeme ani nepou\u017e\u00edvame inform\u00e1cie na in\u00e9 \u00fa\u010dely, ako s\u00fa uveden\u00e9 v t\u00fdchto z\u00e1sad\u00e1ch ochrany osobn\u00fdch \u00fadajov, pokia\u013e sme nez\u00edskali v\u00e1\u0161 predch\u00e1dzaj\u00faci s\u00fahlas.<\/p>\n\n\n\n<h3 class=\"wp-block-heading\">Tretie strany<\/h3>\n\n\n\n<p>Tieto inform\u00e1cie sa neposkytuj\u00fa tret\u00edm stran\u00e1m. V niektor\u00fdch pr\u00edpadoch sa inform\u00e1cie m\u00f4\u017eu zdie\u013ea\u0165 interne. Na\u0161i zamestnanci s\u00fa povinn\u00ed dodr\u017eiava\u0165 d\u00f4vernos\u0165 va\u0161ich \u00fadajov.<\/p>\n\n\n\n<h3 class=\"wp-block-heading\">Zmeny<\/h3>\n\n\n\n<p>Toto vyhl\u00e1senie o ochrane osobn\u00fdch \u00fadajov je prisp\u00f4soben\u00e9 pou\u017e\u00edvaniu a funkci\u00e1m tejto str\u00e1nky. Ak\u00e9ko\u013evek \u00fapravy a\/alebo zmeny na tejto str\u00e1nke m\u00f4\u017eu vies\u0165 k zmen\u00e1m tohto vyhl\u00e1senia o ochrane osobn\u00fdch \u00fadajov. Preto sa odpor\u00fa\u010da, aby ste si toto vyhl\u00e1senie o ochrane osobn\u00fdch \u00fadajov pravidelne prezerali.<\/p>\n\n\n\n<h3 class=\"wp-block-heading\">V\u00fdber osobn\u00fdch \u00fadajov<\/h3>\n\n\n\n<p>V\u0161etk\u00fdm n\u00e1v\u0161tevn\u00edkom pon\u00fakame mo\u017enos\u0165 zobrazi\u0165, zmeni\u0165 alebo vymaza\u0165 v\u0161etky osobn\u00e9 \u00fadaje, ktor\u00e9 n\u00e1m v s\u00fa\u010dasnosti poskytli.<\/p>\n\n\n\n<h3 class=\"wp-block-heading\">Slu\u017eba prisp\u00f4sobenia\/odhl\u00e1senia z odberu noviniek<\/h3>\n\n\n\n<p>V spodnej \u010dasti ka\u017ed\u00e9ho mailu n\u00e1jdete mo\u017enos\u0165 upravi\u0165 svoje \u00fadaje alebo sa odhl\u00e1si\u0165 z odberu.<\/p>\n\n\n\n<h3 class=\"wp-block-heading\">\u00daprava\/odhl\u00e1senie komunik\u00e1cie<\/h3>\n\n\n\n<p>Ak si \u017eel\u00e1te zmeni\u0165 alebo odstr\u00e1ni\u0165 svoje \u00fadaje z na\u0161ich s\u00faborov, kontaktujte n\u00e1s. Kontaktn\u00e9 \u00fadaje n\u00e1jdete ni\u017e\u0161ie.<\/p>\n\n\n\n<h3 class=\"wp-block-heading\">Zak\u00e1zanie s\u00faborov cookie<\/h3>\n\n\n\n<p>V\u00e4\u010d\u0161ina prehliada\u010dov je predvolene nastaven\u00e1 na prij\u00edmanie s\u00faborov cookie, ale m\u00f4\u017eete prehliada\u010d nastavi\u0165 tak, aby odmietal v\u0161etky s\u00fabory cookie alebo aby informoval o odoslan\u00ed s\u00faboru cookie. Niektor\u00e9 funkcie a slu\u017eby na na\u0161ich a in\u00fdch webov\u00fdch str\u00e1nkach v\u0161ak nemusia fungova\u0165 spr\u00e1vne, ak s\u00fa s\u00fabory cookie vo va\u0161om prehliada\u010di vypnut\u00e9.<\/p>\n\n\n\n<h3 class=\"wp-block-heading\">Ot\u00e1zky a sp\u00e4tn\u00e1 v\u00e4zba<\/h3>\n\n\n\n<p>Pravidelne kontrolujeme dodr\u017eiavanie t\u00fdchto z\u00e1sad ochrany osobn\u00fdch \u00fadajov. Ak m\u00e1te ak\u00e9ko\u013evek ot\u00e1zky t\u00fdkaj\u00face sa t\u00fdchto z\u00e1sad ochrany osobn\u00fdch \u00fadajov, kontaktujte n\u00e1s: STERK Ontruimingen Nijverheidsweg 46c Antoniapolder 3341 LJ Hendrik-Ido-Ambacht<\/p>","protected":false},"excerpt":{"rendered":"<p>Wij zijn ons er van bewust dat u vertrouwen stelt in ons. Wij zien het dan ook als onze verantwoordelijkheid om uw privacy te beschermen. Op deze pagina laten we u weten welke gegevens we verzamelen als u onze website bezoekt, waarom we deze gegevens verzamelen en hoe we hiermee uw gebruikservaring verbeteren. Zo snapt [&hellip;]<\/p>\n","protected":false},"author":1,"featured_media":0,"parent":0,"menu_order":0,"comment_status":"closed","ping_status":"closed","template":"","meta":{"inline_featured_image":false,"footnotes":""},"categories":[],"tags":[],"class_list":["post-913","page","type-page","status-publish","hentry"],"blocksy_meta":{"styles_descriptor":{"styles":{"desktop":"","tablet":"","mobile":""},"google_fonts":[],"version":6}},"_links":{"self":[{"href":"https:\/\/sterkontruimingen.nl\/sk\/wp-json\/wp\/v2\/pages\/913","targetHints":{"allow":["GET"]}}],"collection":[{"href":"https:\/\/sterkontruimingen.nl\/sk\/wp-json\/wp\/v2\/pages"}],"about":[{"href":"https:\/\/sterkontruimingen.nl\/sk\/wp-json\/wp\/v2\/types\/page"}],"author":[{"embeddable":true,"href":"https:\/\/sterkontruimingen.nl\/sk\/wp-json\/wp\/v2\/users\/1"}],"replies":[{"embeddable":true,"href":"https:\/\/sterkontruimingen.nl\/sk\/wp-json\/wp\/v2\/comments?post=913"}],"version-history":[{"count":0,"href":"https:\/\/sterkontruimingen.nl\/sk\/wp-json\/wp\/v2\/pages\/913\/revisions"}],"wp:attachment":[{"href":"https:\/\/sterkontruimingen.nl\/sk\/wp-json\/wp\/v2\/media?parent=913"}],"wp:term":[{"taxonomy":"category","embeddable":true,"href":"https:\/\/sterkontruimingen.nl\/sk\/wp-json\/wp\/v2\/categories?post=913"},{"taxonomy":"post_tag","embeddable":true,"href":"https:\/\/sterkontruimingen.nl\/sk\/wp-json\/wp\/v2\/tags?post=913"}],"curies":[{"name":"wp","href":"https:\/\/api.w.org\/{rel}","templated":true}]}}