{"id":891,"date":"2020-05-16T12:48:31","date_gmt":"2020-05-16T10:48:31","guid":{"rendered":"http:\/\/sterkontruimingen.nl\/?page_id=891"},"modified":"2020-05-16T12:51:00","modified_gmt":"2020-05-16T10:51:00","slug":"corona","status":"publish","type":"page","link":"https:\/\/sterkontruimingen.nl\/sk\/corona\/","title":{"rendered":"Aktualiz\u00e1cia syst\u00e9mu Corona (16. m\u00e1ja 2020)"},"content":{"rendered":"<h2 class=\"wp-block-heading\">Ot\u00e1zky o spolo\u010dnosti Corona<\/h2>\n\n\n\n<p>Aby sme zabezpe\u010dili bezpe\u010dnos\u0165 na\u0161ich slu\u017eieb pre v\u00e1s a na\u0161ich zamestnancov, zaviedli sme protokol, ktor\u00fd dodr\u017eiavame. <\/p>\n\n\n\n<p>V t\u00fdchto neist\u00fdch \u010dasoch v\u00e1s chceme ubezpe\u010di\u0165, \u017ee cel\u00fd n\u00e1\u0161 t\u00edm je v\u00e1m k dispoz\u00edcii, aby sme zabezpe\u010dili obvykl\u00fa kvalitu na\u0161ich slu\u017eieb a kontinuitu. Prij\u00edmame v\u0161etky prevent\u00edvne opatrenia na ochranu na\u0161ich zamestnancov a z\u00e1kazn\u00edkov pred v\u00edrusom corona. Preto uplat\u0148ujeme opatrenia predp\u00edsan\u00e9 vl\u00e1dou a dodr\u017eiavame v\u0161etky obmedzenia.<\/p>\n\n\n\n<p>V domovoch d\u00f4chodcov sa vyh\u00fdbame ak\u00e9muko\u013evek kontaktu so star\u0161\u00edmi \u013eu\u010fmi a (n\u00fadzov\u00e1) evaku\u00e1cia sa uskuto\u010d\u0148uje len po konzult\u00e1cii s domovom d\u00f4chodcov.<\/p>\n\n\n\n<h3 class=\"wp-block-heading\">Ot\u00e1zky o spolo\u010dnosti Corona<\/h3>\n\n\n\n<p><strong>Z\u00fa\u010dtov\u00e1vate v \u010dase Corona?<\/strong><\/p>\n\n\n\n<p>\u00c1no, e\u0161te st\u00e1le m\u00e1me jasno v \u010dase Corona. Sme prv\u00ed, ktor\u00ed sa postaraj\u00fa o va\u0161u bezpe\u010dnos\u0165 a bezpe\u010dnos\u0165 na\u0161ich zamestnancov. Rob\u00edme to v s\u00falade s opatreniami, ktor\u00e9 nariadila vl\u00e1da.<\/p>\n\n\n\n<p><strong>St\u00e1le si chod\u00edte pre cenov\u00fa ponuku?<\/strong><\/p>\n\n\n\n<p>Samozrejme, bez toho, aby sme videli dom a jeho obsah, je to pre n\u00e1s pr\u00e1ca s mokr\u00fdmi prstami. Preto je potrebn\u00e9, aby sme nehnute\u013enos\u0165 nav\u0161t\u00edvili a urobili s\u00fapis. Po\u010das obhliadky bude pr\u00edtomn\u00fd len 1 zamestnanec. Okrem toho by sme v\u00e1s chceli po\u017eiada\u0165, aby ste pri\u0161li aj sami a dodr\u017eali vzdialenos\u0165 jeden a pol metra.<\/p>\n\n\n\n<p><strong>M\u00e1m by\u0165 pr\u00edtomn\u00fd pri vys\u0165ahovan\u00ed?<\/strong><\/p>\n\n\n\n<p>Tak ako za be\u017en\u00fdch okolnost\u00ed, nemus\u00edte by\u0165 pr\u00edtomn\u00ed pri schva\u013eovan\u00ed. Na doru\u010denie m\u00e1me nieko\u013eko mo\u017enost\u00ed. Pri konzult\u00e1cii je mo\u017en\u00e9 v\u0161etko.<\/p>\n\n\n\n<h3 class=\"wp-block-heading\">PO\u017dIADAJTE O BEZPLATN\u00da CENOV\u00da PONUKU E\u0160TE DNES<\/h3>\n\n\n\n<p>Chcete z\u00edska\u0165 viac inform\u00e1ci\u00ed o na\u0161ich slu\u017eb\u00e1ch, napr.&nbsp;<a href=\"http:\/\/sterkontruimingen.nl\/sk\/nudzove-povolenia\/\">n\u00fadzov\u00e9 odbavenie<\/a>? Potom zavolajte na na\u0161e region\u00e1lne \u010d\u00edslo: 085 130 06 85. M\u00f4\u017eete tie\u017e posla\u0165&nbsp;<a href=\"http:\/\/sterkontruimingen.nl\/sk\/poziadat-o-cenovu-ponuku\/\">po\u017eiadajte o cenov\u00fa ponuku prostredn\u00edctvom n\u00e1\u0161ho formul\u00e1ra<\/a>.<\/p>\n\n\n\n<div class=\"wp-block-buttons is-layout-flex wp-block-buttons-is-layout-flex\">\n<div class=\"wp-block-button\"><a class=\"wp-block-button__link\" href=\"http:\/\/sterkontruimingen.nl\/sk\/kontakt\/\">Polo\u017ete svoju ot\u00e1zku<\/a><\/div>\n\n\n\n<div class=\"wp-block-button\"><a class=\"wp-block-button__link has-background\" href=\"http:\/\/sterkontruimingen.nl\/sk\/poziadat-o-cenovu-ponuku\/\" style=\"background-color:#e30613\">Po\u017eiada\u0165 o cenov\u00fa ponuku<\/a><\/div>\n<\/div>","protected":false},"excerpt":{"rendered":"<p>Vragen omtrent Corona Om er zeker van te zijn dat onze dienstverlening veilig is voor u en onze medewerkers hebben wij een protocol opgesteld waar, wanneer we ons eraan houden. In deze onzekere tijden willen we u verzekeren dat ons hele team voor u klaar staat om de gebruikelijke kwaliteit van onze dienstverlening te garanderen [&hellip;]<\/p>\n","protected":false},"author":1,"featured_media":897,"parent":0,"menu_order":0,"comment_status":"closed","ping_status":"closed","template":"","meta":{"inline_featured_image":false,"footnotes":""},"categories":[14],"tags":[],"class_list":["post-891","page","type-page","status-publish","has-post-thumbnail","hentry","category-landingspaginas"],"blocksy_meta":{"styles_descriptor":{"styles":{"desktop":"","tablet":"","mobile":""},"google_fonts":[],"version":6}},"_links":{"self":[{"href":"https:\/\/sterkontruimingen.nl\/sk\/wp-json\/wp\/v2\/pages\/891","targetHints":{"allow":["GET"]}}],"collection":[{"href":"https:\/\/sterkontruimingen.nl\/sk\/wp-json\/wp\/v2\/pages"}],"about":[{"href":"https:\/\/sterkontruimingen.nl\/sk\/wp-json\/wp\/v2\/types\/page"}],"author":[{"embeddable":true,"href":"https:\/\/sterkontruimingen.nl\/sk\/wp-json\/wp\/v2\/users\/1"}],"replies":[{"embeddable":true,"href":"https:\/\/sterkontruimingen.nl\/sk\/wp-json\/wp\/v2\/comments?post=891"}],"version-history":[{"count":0,"href":"https:\/\/sterkontruimingen.nl\/sk\/wp-json\/wp\/v2\/pages\/891\/revisions"}],"wp:featuredmedia":[{"embeddable":true,"href":"https:\/\/sterkontruimingen.nl\/sk\/wp-json\/wp\/v2\/media\/897"}],"wp:attachment":[{"href":"https:\/\/sterkontruimingen.nl\/sk\/wp-json\/wp\/v2\/media?parent=891"}],"wp:term":[{"taxonomy":"category","embeddable":true,"href":"https:\/\/sterkontruimingen.nl\/sk\/wp-json\/wp\/v2\/categories?post=891"},{"taxonomy":"post_tag","embeddable":true,"href":"https:\/\/sterkontruimingen.nl\/sk\/wp-json\/wp\/v2\/tags?post=891"}],"curies":[{"name":"wp","href":"https:\/\/api.w.org\/{rel}","templated":true}]}}