{"id":830,"date":"2020-04-29T00:01:27","date_gmt":"2020-04-28T22:01:27","guid":{"rendered":"http:\/\/sterkontruimingen.nl\/?page_id=830"},"modified":"2024-05-27T08:38:29","modified_gmt":"2024-05-27T06:38:29","slug":"vyuctovanie-domu-zwijndrecht","status":"publish","type":"page","link":"https:\/\/sterkontruimingen.nl\/sk\/woning-leeghalen-zwijndrecht\/","title":{"rendered":"Vypr\u00e1zdnenie domu zwijndrecht"},"content":{"rendered":"<h2 class=\"wp-block-heading\">Vyprat\u00e1vanie domu v Zwijndrechte<\/h2>\n\n\n\n<p>Vypratanie domu v Zwijndrechte m\u00f4\u017ee by\u0165 poriadne n\u00e1ro\u010dn\u00e9. \u013dudia sa na n\u00e1s \u010dasto obracaj\u00fa, aby sme vypr\u00e1zdnili prenajat\u00fd dom, byt alebo rodinn\u00fd dom, preto\u017ee sa bud\u00fa s\u0165ahova\u0165 alebo sa dokonca musia vys\u0165ahova\u0165. Ch\u00e1peme, \u017ee to m\u00f4\u017ee by\u0165 drastick\u00e1 alebo stresuj\u00faca udalos\u0165 alebo \u017ee to jednoducho nem\u00f4\u017eete urobi\u0165 sami. <\/p>\n\n\n\n<p>Spolo\u010dnos\u0165 STERK Zwijndrecht sa zav\u00e4zuje \u00faplne odbremeni\u0165 \u013eud\u00ed zo Zwijndrechtu, ktor\u00ed chc\u00fa vyprata\u0165 svoje domy. V\u010faka n\u00e1\u0161mu profesion\u00e1lnemu pr\u00edstupu a bohat\u00fdm sk\u00fasenostiam s vyprat\u00e1van\u00edm domov ste na spr\u00e1vnom mieste. Za\u010d\u00edna sa to \u017eiados\u0165ou o cenov\u00fa ponuku. Nav\u0161t\u00edvime v\u00e1s priamo v Zwijndrechte a prejdeme s vami dom. Po schv\u00e1len\u00ed cenovej ponuky m\u00f4\u017eeme \u010dasto ve\u013emi r\u00fdchlo za\u010da\u0165 s pr\u00edpravami a nakoniec aj s vyprat\u00e1van\u00edm v\u00e1\u0161ho domu.<\/p>\n\n\n\n<p>Pon\u00e1h\u013eate sa? \u017diadny probl\u00e9m. S na\u0161ou slu\u017ebou n\u00fadzov\u00e9ho vypratania STERK m\u00f4\u017eeme va\u0161u nehnute\u013enos\u0165 doru\u010di\u0165 pod\u013ea pokynov prenaj\u00edmate\u013ea alebo kupuj\u00facej strany u\u017e do 48 hod\u00edn.<\/p>","protected":false},"excerpt":{"rendered":"<p>Woning leeghalen in Zwijndrecht Een woning leeghalen in Zwijndrecht kan een aardige klus zijn. Vaak komen mensen bij ons om een huurwoning, appartement of eengezinswoning leeg te halen omdat men gaat verhuizen of zelfs gedwongen moeten verhuizen. Wij begrijpen dat dit een ingrijpende of stressvolle gebeurtenis kan zijn of dat je het gewoon niet alleen [&hellip;]<\/p>\n","protected":false},"author":1,"featured_media":699,"parent":0,"menu_order":0,"comment_status":"closed","ping_status":"closed","template":"","meta":{"inline_featured_image":false,"footnotes":""},"categories":[14],"tags":[],"class_list":["post-830","page","type-page","status-publish","has-post-thumbnail","hentry","category-landingspaginas"],"blocksy_meta":{"styles_descriptor":{"styles":{"desktop":"","tablet":"","mobile":""},"google_fonts":[],"version":6}},"_links":{"self":[{"href":"https:\/\/sterkontruimingen.nl\/sk\/wp-json\/wp\/v2\/pages\/830","targetHints":{"allow":["GET"]}}],"collection":[{"href":"https:\/\/sterkontruimingen.nl\/sk\/wp-json\/wp\/v2\/pages"}],"about":[{"href":"https:\/\/sterkontruimingen.nl\/sk\/wp-json\/wp\/v2\/types\/page"}],"author":[{"embeddable":true,"href":"https:\/\/sterkontruimingen.nl\/sk\/wp-json\/wp\/v2\/users\/1"}],"replies":[{"embeddable":true,"href":"https:\/\/sterkontruimingen.nl\/sk\/wp-json\/wp\/v2\/comments?post=830"}],"version-history":[{"count":1,"href":"https:\/\/sterkontruimingen.nl\/sk\/wp-json\/wp\/v2\/pages\/830\/revisions"}],"predecessor-version":[{"id":4792,"href":"https:\/\/sterkontruimingen.nl\/sk\/wp-json\/wp\/v2\/pages\/830\/revisions\/4792"}],"wp:featuredmedia":[{"embeddable":true,"href":"https:\/\/sterkontruimingen.nl\/sk\/wp-json\/wp\/v2\/media\/699"}],"wp:attachment":[{"href":"https:\/\/sterkontruimingen.nl\/sk\/wp-json\/wp\/v2\/media?parent=830"}],"wp:term":[{"taxonomy":"category","embeddable":true,"href":"https:\/\/sterkontruimingen.nl\/sk\/wp-json\/wp\/v2\/categories?post=830"},{"taxonomy":"post_tag","embeddable":true,"href":"https:\/\/sterkontruimingen.nl\/sk\/wp-json\/wp\/v2\/tags?post=830"}],"curies":[{"name":"wp","href":"https:\/\/api.w.org\/{rel}","templated":true}]}}