{"id":805,"date":"2021-05-08T09:27:19","date_gmt":"2021-05-08T07:27:19","guid":{"rendered":"http:\/\/sterkontruimingen.nl\/?page_id=805"},"modified":"2024-05-27T08:09:02","modified_gmt":"2024-05-27T06:09:02","slug":"odstranenie-podlahy","status":"publish","type":"page","link":"https:\/\/sterkontruimingen.nl\/sk\/vloerverwijdering\/","title":{"rendered":"Odstr\u00e1nenie podlahy"},"content":{"rendered":"<p>Chcete odstr\u00e1ni\u0165 podlahov\u00fa krytinu zo schodov alebo podlahy pred jej odovzdan\u00edm prenaj\u00edmate\u013eovi alebo in\u0161tal\u00e1ciou novej podlahy? \u010casto s\u00fa krytiny na podlahe\/schodoch prilepen\u00e9 alebo pribit\u00e9. Z tohto d\u00f4vodu sa na to \u013eudia \u010dasto te\u0161ia. Odstr\u00e1nenie je tie\u017e ve\u013ek\u00e1 pr\u00e1ca. spolo\u010dnos\u0165 STERK woningontruiming v\u00e1m s touto pr\u00e1cou rada pom\u00f4\u017ee. M\u00e1me v\u0161etky materi\u00e1ly, ktor\u00e9 v\u00e1m pom\u00f4\u017eu kvalifikovane ju odstr\u00e1ni\u0165, a to na podlah\u00e1ch aj na schodoch. Dod\u00e1me ju \u00faplne hol\u00fa a zabezpe\u010d\u00edme spr\u00e1vny v\u00fdsledok. <\/p>","protected":false},"excerpt":{"rendered":"<p>Wilt u de vloerbedekking van de trap of vloer verwijderen voor het opleveren aan de verhuurder of voor het plaatsen van nieuwe vloerbedekking? Vaak zijn de bedekkingen van de vloer\/trap verlijmd of vastgespijkerd. Hierdoor zien mensen er vaak tegenop. Het is ook een enorme klus om te verwijderen.STERK woningontruiming helpt u graag om deze klus [&hellip;]<\/p>\n","protected":false},"author":1,"featured_media":807,"parent":0,"menu_order":0,"comment_status":"closed","ping_status":"closed","template":"","meta":{"inline_featured_image":false,"footnotes":""},"categories":[14],"tags":[],"class_list":["post-805","page","type-page","status-publish","has-post-thumbnail","hentry","category-landingspaginas"],"blocksy_meta":{"styles_descriptor":{"styles":{"desktop":"","tablet":"","mobile":""},"google_fonts":[],"version":6}},"_links":{"self":[{"href":"https:\/\/sterkontruimingen.nl\/sk\/wp-json\/wp\/v2\/pages\/805","targetHints":{"allow":["GET"]}}],"collection":[{"href":"https:\/\/sterkontruimingen.nl\/sk\/wp-json\/wp\/v2\/pages"}],"about":[{"href":"https:\/\/sterkontruimingen.nl\/sk\/wp-json\/wp\/v2\/types\/page"}],"author":[{"embeddable":true,"href":"https:\/\/sterkontruimingen.nl\/sk\/wp-json\/wp\/v2\/users\/1"}],"replies":[{"embeddable":true,"href":"https:\/\/sterkontruimingen.nl\/sk\/wp-json\/wp\/v2\/comments?post=805"}],"version-history":[{"count":1,"href":"https:\/\/sterkontruimingen.nl\/sk\/wp-json\/wp\/v2\/pages\/805\/revisions"}],"predecessor-version":[{"id":4791,"href":"https:\/\/sterkontruimingen.nl\/sk\/wp-json\/wp\/v2\/pages\/805\/revisions\/4791"}],"wp:featuredmedia":[{"embeddable":true,"href":"https:\/\/sterkontruimingen.nl\/sk\/wp-json\/wp\/v2\/media\/807"}],"wp:attachment":[{"href":"https:\/\/sterkontruimingen.nl\/sk\/wp-json\/wp\/v2\/media?parent=805"}],"wp:term":[{"taxonomy":"category","embeddable":true,"href":"https:\/\/sterkontruimingen.nl\/sk\/wp-json\/wp\/v2\/categories?post=805"},{"taxonomy":"post_tag","embeddable":true,"href":"https:\/\/sterkontruimingen.nl\/sk\/wp-json\/wp\/v2\/tags?post=805"}],"curies":[{"name":"wp","href":"https:\/\/api.w.org\/{rel}","templated":true}]}}