{"id":792,"date":"2020-04-20T13:39:08","date_gmt":"2020-04-20T11:39:08","guid":{"rendered":"http:\/\/sterkontruimingen.nl\/?page_id=792"},"modified":"2020-04-20T14:02:10","modified_gmt":"2020-04-20T12:02:10","slug":"evakuacia-osetrovne","status":"publish","type":"page","link":"https:\/\/sterkontruimingen.nl\/sk\/zorgkamer-ontruimen\/","title":{"rendered":"Evaku\u00e1cia o\u0161etrovne"},"content":{"rendered":"<p>Potrebujete naliehavo zabezpe\u010di\u0165 \u010distotu a poriadok v izbe v domove d\u00f4chodcov alebo v domove pre seniorov? Spolo\u010dnos\u0165 STERK v\u00e1m rada pom\u00f4\u017ee! S urgentn\u00fdm upratovan\u00edm m\u00f4\u017eeme za\u010da\u0165 okam\u017eite. Do dvoch dn\u00ed vieme odovzda\u0165 izbu pod\u013ea \u017eelania domova d\u00f4chodcov. <\/p>\n\n\n\n<h2 class=\"wp-block-heading\">Miestnos\u0165 na starostlivos\u0165 o deti je vy\u010disten\u00e1 siln\u00fdm<\/h2>\n\n\n\n<p>Spolo\u010dnos\u0165 STERK v\u00e1s zbav\u00ed v\u0161etk\u00fdch starost\u00ed a\u017e do \u00fapln\u00e9ho odovzdania miestnosti na starostlivos\u0165. Chceli by ste, aby to v\u0161etko bolo riadne zariaden\u00e9 za v\u00e1s, ale nem\u00e1te na to \u010das sami? Radi v\u00e1m pom\u00f4\u017eeme s vypratan\u00edm dom\u00e1cnosti alebo miestnosti v dome s opatrovate\u013eskou slu\u017ebou. Vieme, \u017ee tieto<strong>\u00a0miestnos\u0165 je \u010dasto potrebn\u00e9 vypr\u00e1zdni\u0165 v priebehu nieko\u013ek\u00fdch dn\u00ed. Vieme, \u017ee sa to mus\u00ed robi\u0165 opatrne. V\u010faka n\u00e1\u0161mu sp\u00f4sobu pr\u00e1ce si m\u00f4\u017eete by\u0165 ist\u00ed, \u017ee vypratanie domu bude vykonan\u00e9 dokonale.<\/strong><\/p>\n\n\n\n<p>Takto sa m\u00f4\u017eete venova\u0165 in\u00fdm veciam a viete, \u017ee ste v dobr\u00fdch ruk\u00e1ch!<\/p>","protected":false},"excerpt":{"rendered":"<p>Moet u met spoed een kamer in verzorgingstehuis of een seniorenwoning netjes en schoon op te leveren? STERK helpt u graag! Bij een spoedontruiming kunnen we direct beginnen. Wij kunnen binnen 2 dagen de zorgkamer opleveren naar de wensen van het verzorgingstehuis. Zorgkamer laten ontruimen door sterk STERK ontzorgt u volledig tot de complete oplevering [&hellip;]<\/p>\n","protected":false},"author":1,"featured_media":790,"parent":0,"menu_order":0,"comment_status":"closed","ping_status":"closed","template":"","meta":{"inline_featured_image":false,"footnotes":""},"categories":[14],"tags":[],"class_list":["post-792","page","type-page","status-publish","has-post-thumbnail","hentry","category-landingspaginas"],"blocksy_meta":{"styles_descriptor":{"styles":{"desktop":"","tablet":"","mobile":""},"google_fonts":[],"version":6}},"_links":{"self":[{"href":"https:\/\/sterkontruimingen.nl\/sk\/wp-json\/wp\/v2\/pages\/792","targetHints":{"allow":["GET"]}}],"collection":[{"href":"https:\/\/sterkontruimingen.nl\/sk\/wp-json\/wp\/v2\/pages"}],"about":[{"href":"https:\/\/sterkontruimingen.nl\/sk\/wp-json\/wp\/v2\/types\/page"}],"author":[{"embeddable":true,"href":"https:\/\/sterkontruimingen.nl\/sk\/wp-json\/wp\/v2\/users\/1"}],"replies":[{"embeddable":true,"href":"https:\/\/sterkontruimingen.nl\/sk\/wp-json\/wp\/v2\/comments?post=792"}],"version-history":[{"count":0,"href":"https:\/\/sterkontruimingen.nl\/sk\/wp-json\/wp\/v2\/pages\/792\/revisions"}],"wp:featuredmedia":[{"embeddable":true,"href":"https:\/\/sterkontruimingen.nl\/sk\/wp-json\/wp\/v2\/media\/790"}],"wp:attachment":[{"href":"https:\/\/sterkontruimingen.nl\/sk\/wp-json\/wp\/v2\/media?parent=792"}],"wp:term":[{"taxonomy":"category","embeddable":true,"href":"https:\/\/sterkontruimingen.nl\/sk\/wp-json\/wp\/v2\/categories?post=792"},{"taxonomy":"post_tag","embeddable":true,"href":"https:\/\/sterkontruimingen.nl\/sk\/wp-json\/wp\/v2\/tags?post=792"}],"curies":[{"name":"wp","href":"https:\/\/api.w.org\/{rel}","templated":true}]}}