{"id":742,"date":"2020-04-18T18:06:32","date_gmt":"2020-04-18T16:06:32","guid":{"rendered":"http:\/\/sterkontruimingen.nl\/?page_id=742"},"modified":"2025-04-04T11:58:32","modified_gmt":"2025-04-04T09:58:32","slug":"evakuacia-mesta-alblasserwaard","status":"publish","type":"page","link":"https:\/\/sterkontruimingen.nl\/sk\/ontruiming-alblasserwaard\/","title":{"rendered":"Vys\u0165ahovanie Alblasserwaard"},"content":{"rendered":"<h2 class=\"wp-block-heading\">Vyprat\u00e1vanie domov v Alblasserwaard<\/h2>\n\n\n\n<p>M\u00e1te v Alblasserwaarde nehnute\u013enos\u0165 (dom, byt, opatrovate\u013esk\u00fa izbu alebo chr\u00e1nen\u00e9 b\u00fdvanie), ktor\u00fa potrebujete uvo\u013eni\u0165? Napr\u00edklad vys\u0165ahovanie v Bleskensgraaf, Boven-Hardinxveld, Brandwijk, Giessenbrug, Kinderdijk, Hoogblokland, Oud Alblas, Papendrecht alebo Sliedrecht. Potom v\u00e1m m\u00f4\u017ee pom\u00f4c\u0165 STERK! Spolo\u010dnos\u0165 STERK m\u00e1 bohat\u00e9 sk\u00fasenosti s vyprat\u00e1van\u00edm domov, izieb pre opatrovate\u013eky, izieb v domoch s opatrovate\u013eskou slu\u017ebou, bytov a chr\u00e1nen\u00e9ho b\u00fdvania v celom Alblasserwaarde. Dod\u00e1vame \u00faplne pod\u013ea po\u017eiadaviek a \u017eelan\u00ed majite\u013ea, bytov\u00e9ho dru\u017estva, realitnej kancel\u00e1rie alebo domova d\u00f4chodcov.<\/p>\n\n\n\n<p>Po\u010das vyprat\u00e1vania m\u00f4\u017eeme vykon\u00e1va\u0165 v\u0161etky druhy pr\u00e1c, ako je odstra\u0148ovanie kobercov, tapiet alebo skrutiek a klincov. Okrem toho opravujeme aj diery v stene. M\u00f4\u017eeme tie\u017e premiestni\u0165 nepotrebn\u00e9, ale st\u00e1le pou\u017eite\u013en\u00e9 predmety <a href=\"http:\/\/sterkontruimingen.nl\/sk\/o-silnych\/\">dobr\u00e9 ciele<\/a> a odpad v\u017edy likvidujeme ekologick\u00fdm sp\u00f4sobom. Skvel\u00e9 je, \u017ee \u010dasto pracujeme vo va\u0161ej oblasti Alblasserwaard, tak\u017ee sa m\u00f4\u017eeme r\u00fdchlo pusti\u0165 do pr\u00e1ce. <\/p>\n\n\n\n<div class=\"wp-block-columns is-layout-flex wp-container-core-columns-is-layout-28f84493 wp-block-columns-is-layout-flex\">\n<div class=\"wp-block-column is-layout-flow wp-block-column-is-layout-flow\">\n<h3 class=\"wp-block-heading\">EVAKU\u00c1CIA O\u0160ETROVNE<\/h3>\n\n\n\n<p>H\u013ead\u00e1te partiu, ktor\u00e1 vy\u010dist\u00ed va\u0161u opatrovate\u013esk\u00fa izbu alebo opatrovate\u013esk\u00fa izbu va\u0161ich rodi\u010dov v Alblasserdame alebo Alblasserwaarde. Potom n\u00e1s kontaktujte pre nez\u00e1v\u00e4zn\u00fa cenov\u00fa ponuku.<\/p>\n\n\n\n<h3 class=\"wp-block-heading\">VY\u010cISTENIE Z\u00c1HRADY ALEBO PR\u00cdSTRE\u0160KU<\/h3>\n\n\n\n<p>Niekedy u\u017e pre stromy nevid\u00edte drevo. Vtedy v\u00e1m pr\u00edde vhod pomoc odborn\u00edka na upratovanie v Alblasserdam alebo Alblasserwaard. Zastav\u00edme sa u v\u00e1s a, pr\u00edslove\u010dne povedan\u00e9, pohrabeme cel\u00fa va\u0161u z\u00e1hradu alebo pr\u00edstre\u0161ok. Samozrejme, po konzult\u00e1cii, \u010do si e\u0161te chcete alebo nechcete ponecha\u0165.<\/p>\n<\/div>\n\n\n\n<div class=\"wp-block-column is-layout-flow wp-block-column-is-layout-flow\">\n<h3 class=\"wp-block-heading\">odbavenie izieb v domove d\u00f4chodcov<\/h3>\n\n\n\n<p>Spolo\u010dnos\u0165 STERK v\u00e1s zbav\u00ed v\u0161etk\u00fdch starost\u00ed. Preto\u017ee pracujeme v bl\u00edzkosti v Alblasserdam a Alblasserwaard. Za slu\u0161n\u00fa cenu v\u00e1m v kr\u00e1tkom \u010dase doru\u010d\u00edme vytret\u00fa izbu.<\/p>\n\n\n\n<h3 class=\"wp-block-heading\">Z\u00da\u010cTOVANIE PO SMRTI<\/h3>\n\n\n\n<p>Ke\u010f v\u00e1m zomrie bl\u00edzka osoba, posledn\u00e1 vec, ktorej chcete venova\u0165 pozornos\u0165, je vypratanie jej domu alebo bytu. Spolo\u010dnos\u0165 STERK sa zav\u00e4zuje \u010do najr\u00fdchlej\u0161ie alebo dokonca urgentne vyprata\u0165 dom alebo miestnos\u0165 s \u00factou k majetku a zosnul\u00e9mu. Okrem toho vo va\u0161om mene darujeme v\u0161etky veci, ktor\u00e9 sa u\u017e daj\u00fa preda\u0165, nad\u00e1cii Nov\u00e1 n\u00e1dej, ktor\u00e1 sa okrem in\u00e9ho venuje boju proti osamelosti.<\/p>\n<\/div>\n<\/div>","protected":false},"excerpt":{"rendered":"<p>Woningontruiming in de Alblasserwaard Heeft u een woning (huis, appartement, zorgkamer of aanleunwoning) die ontruimt moet worden in Alblasserwaard? Denk hierbij aan een ontruiming in Bleskensgraaf, Boven-Hardinxveld, Brandwijk, Giessenbrug, Kinderdijk, Hoogblokland, Oud Alblas, Papendrecht of Sliedrecht. Dan kan STERK hierbij helpen! STERK heeft ruime ervaring met het ontruimen van woningen, zorgkamers verpleeghuiskamers, appartementen en aanleunwoningen [&hellip;]<\/p>\n","protected":false},"author":1,"featured_media":4869,"parent":0,"menu_order":9,"comment_status":"closed","ping_status":"closed","template":"","meta":{"inline_featured_image":false,"footnotes":""},"categories":[14],"tags":[],"class_list":["post-742","page","type-page","status-publish","has-post-thumbnail","hentry","category-landingspaginas"],"blocksy_meta":{"styles_descriptor":{"styles":{"desktop":"","tablet":"","mobile":""},"google_fonts":[],"version":6}},"_links":{"self":[{"href":"https:\/\/sterkontruimingen.nl\/sk\/wp-json\/wp\/v2\/pages\/742","targetHints":{"allow":["GET"]}}],"collection":[{"href":"https:\/\/sterkontruimingen.nl\/sk\/wp-json\/wp\/v2\/pages"}],"about":[{"href":"https:\/\/sterkontruimingen.nl\/sk\/wp-json\/wp\/v2\/types\/page"}],"author":[{"embeddable":true,"href":"https:\/\/sterkontruimingen.nl\/sk\/wp-json\/wp\/v2\/users\/1"}],"replies":[{"embeddable":true,"href":"https:\/\/sterkontruimingen.nl\/sk\/wp-json\/wp\/v2\/comments?post=742"}],"version-history":[{"count":1,"href":"https:\/\/sterkontruimingen.nl\/sk\/wp-json\/wp\/v2\/pages\/742\/revisions"}],"predecessor-version":[{"id":4870,"href":"https:\/\/sterkontruimingen.nl\/sk\/wp-json\/wp\/v2\/pages\/742\/revisions\/4870"}],"wp:featuredmedia":[{"embeddable":true,"href":"https:\/\/sterkontruimingen.nl\/sk\/wp-json\/wp\/v2\/media\/4869"}],"wp:attachment":[{"href":"https:\/\/sterkontruimingen.nl\/sk\/wp-json\/wp\/v2\/media?parent=742"}],"wp:term":[{"taxonomy":"category","embeddable":true,"href":"https:\/\/sterkontruimingen.nl\/sk\/wp-json\/wp\/v2\/categories?post=742"},{"taxonomy":"post_tag","embeddable":true,"href":"https:\/\/sterkontruimingen.nl\/sk\/wp-json\/wp\/v2\/tags?post=742"}],"curies":[{"name":"wp","href":"https:\/\/api.w.org\/{rel}","templated":true}]}}