{"id":737,"date":"2020-04-18T17:54:03","date_gmt":"2020-04-18T15:54:03","guid":{"rendered":"http:\/\/sterkontruimingen.nl\/?page_id=737"},"modified":"2020-04-18T18:13:10","modified_gmt":"2020-04-18T16:13:10","slug":"vystahovanie-drechtsteden","status":"publish","type":"page","link":"https:\/\/sterkontruimingen.nl\/sk\/ontruiming-drechtsteden\/","title":{"rendered":"Vys\u0165ahovanie Drechtsteden"},"content":{"rendered":"<h2 class=\"wp-block-heading\">Vyprat\u00e1vanie domov Drechtsteden<\/h2>\n\n\n\n<p>Ako \u0161pecialisti na vys\u0165ahovanie v Drechtsteden sme v\u017edy nabl\u00edzku. Preto \u010dasto pracujeme na vys\u0165ahovan\u00ed v Dordrechte, Zwijndrechte, Barendrechte, Sliedrechte, Papendrechte a v\u0161etk\u00fdch okolit\u00fdch mest\u00e1ch v Drechtstedene. Sna\u017e\u00edme sa v\u00e1m pom\u00f4c\u0165 z\u00e1kazn\u00edckym a profesion\u00e1lnym sp\u00f4sobom a reagova\u0165 na va\u0161e po\u017eiadavky \u010do najr\u00fdchlej\u0161ie. \u010casto chcete, aby v\u00e1m jednoducho r\u00fdchlo pomohli, a to je pre n\u00e1s \u0161port. \u010ci u\u017e ide o vypratanie miestnosti v Zwijndrechte, alebo o vypratanie cel\u00e9ho domu \u010di bytu v Dordrechte. Sme v\u00e1m k dispoz\u00edcii.<\/p>\n\n\n\n<p>Po\u010das vyprat\u00e1vania m\u00f4\u017eeme vykon\u00e1va\u0165 v\u0161etky druhy pr\u00e1c, ako je odstra\u0148ovanie kobercov, tapiet alebo skrutiek a klincov. Okrem toho opravujeme aj diery v stene. M\u00f4\u017eeme tie\u017e premiestni\u0165 nepotrebn\u00e9, ale st\u00e1le pou\u017eite\u013en\u00e9 predmety <a href=\"http:\/\/sterkontruimingen.nl\/sk\/o-silnych\/\">dobr\u00e9 ciele<\/a> prinies\u0165 na op\u00e4tovn\u00e9 pou\u017eitie a odpad v\u017edy likvidujeme ekologicky zodpovedn\u00fdm sp\u00f4sobom. Skvel\u00e9 je, \u017ee \u010dasto pracujeme priamo u v\u00e1s, tak\u017ee sa m\u00f4\u017eeme r\u00fdchlo pusti\u0165 do pr\u00e1ce. <\/p>\n\n\n\n<div class=\"wp-block-columns is-layout-flex wp-container-core-columns-is-layout-28f84493 wp-block-columns-is-layout-flex\">\n<div class=\"wp-block-column is-layout-flow wp-block-column-is-layout-flow\">\n<h3 class=\"wp-block-heading\">Byt v Drechtsteden ONTRUIMEN<\/h3>\n\n\n\n<p>H\u013ead\u00e1te v Drechtstedene a okol\u00ed firmu, ktor\u00e1 by vypratala va\u0161u opatrovate\u013esk\u00fa izbu alebo opatrovate\u013esk\u00fa izbu va\u0161ich rodi\u010dov? Potom n\u00e1s kontaktujte pre nez\u00e1v\u00e4zn\u00fa cenov\u00fa ponuku.<\/p>\n\n\n\n<h3 class=\"wp-block-heading\">Vy\u010distenie z\u00e1hrady alebo pr\u00edstre\u0161ku v DRECHTSTEDEN<\/h3>\n\n\n\n<p>Niekedy pre stromy nevid\u00edte drevo. Vtedy v\u00e1m pr\u00edde vhod pomoc odborn\u00edka na upratovanie v Drechtsteden a okol\u00ed. Nav\u0161t\u00edvime v\u00e1s a pohrabeme cel\u00fa va\u0161u z\u00e1hradu alebo pr\u00edstre\u0161ok. Samozrejme, po konzult\u00e1cii, \u010do si e\u0161te chcete alebo nechcete ponecha\u0165.<\/p>\n<\/div>\n\n\n\n<div class=\"wp-block-column is-layout-flow wp-block-column-is-layout-flow\">\n<h3 class=\"wp-block-heading\">DRECHTSTEDEN evakuova\u0165 izbu domova d\u00f4chodcov<\/h3>\n\n\n\n<p>Spolo\u010dnos\u0165 STERK v\u00e1s zbav\u00ed v\u0161etk\u00fdch starost\u00ed. Ke\u010f\u017ee pracujeme v bl\u00edzkosti Drechtstedenu a okolit\u00fdch miest, dok\u00e1\u017eeme v\u00e1m vy\u010disti\u0165 izbu v kr\u00e1tkom \u010dase a za slu\u0161n\u00fa cenu.<\/p>\n\n\n\n<h3 class=\"wp-block-heading\">Domov d\u00f4chodcov DRECHTSTEDEN v Dordrechte<\/h3>\n\n\n\n<p>Spolo\u010dnos\u0165 STERK v\u00e1s zbav\u00ed v\u0161etk\u00fdch starost\u00ed. Ke\u010f\u017ee pracujeme v Drechtsteden a okolit\u00fdch lokalit\u00e1ch, dok\u00e1\u017eeme v\u00e1m vy\u010disti\u0165 izbu v kr\u00e1tkom \u010dase a za slu\u0161n\u00fa cenu.<\/p>\n\n\n\n<h3 class=\"wp-block-heading\">Z\u00fa\u010dtovanie po smrti<\/h3>\n\n\n\n<p>Ke\u010f v\u00e1m zomrie bl\u00edzka osoba, posledn\u00e1 vec, ktorej chcete venova\u0165 pozornos\u0165, je vypratanie jej domu alebo bytu. Spolo\u010dnos\u0165 STERK sa zav\u00e4zuje \u010do najr\u00fdchlej\u0161ie alebo dokonca urgentne vyprata\u0165 dom alebo miestnos\u0165 s \u00factou k majetku a zosnul\u00e9mu. Okrem toho vo va\u0161om mene darujeme v\u0161etky veci, ktor\u00e9 sa u\u017e daj\u00fa preda\u0165, nad\u00e1cii Nov\u00e1 n\u00e1dej, ktor\u00e1 sa okrem in\u00e9ho venuje boju proti osamelosti.<\/p>\n<\/div>\n<\/div>\n\n\n\n<p><\/p>","protected":false},"excerpt":{"rendered":"<p>Woningontruiming Drechtsteden Als ontruimer in de Drechtsteden zijn we altijd in de buurt. Zo werken we vaak aan ontruimingen in Dordrecht, Zwijndrecht, Barendrecht, Sliedrecht, Papendrecht en alle omliggende plaatsen in de Drechtsteden. We proberen u op een klantvriendelijke en professionele manier te helpen door zo snel mogelijk te reageren op uw aanvraag. Vaak wilt u [&hellip;]<\/p>\n","protected":false},"author":1,"featured_media":746,"parent":0,"menu_order":11,"comment_status":"closed","ping_status":"closed","template":"","meta":{"inline_featured_image":false,"footnotes":""},"categories":[14],"tags":[],"class_list":["post-737","page","type-page","status-publish","has-post-thumbnail","hentry","category-landingspaginas"],"blocksy_meta":{"styles_descriptor":{"styles":{"desktop":"","tablet":"","mobile":""},"google_fonts":[],"version":6}},"_links":{"self":[{"href":"https:\/\/sterkontruimingen.nl\/sk\/wp-json\/wp\/v2\/pages\/737","targetHints":{"allow":["GET"]}}],"collection":[{"href":"https:\/\/sterkontruimingen.nl\/sk\/wp-json\/wp\/v2\/pages"}],"about":[{"href":"https:\/\/sterkontruimingen.nl\/sk\/wp-json\/wp\/v2\/types\/page"}],"author":[{"embeddable":true,"href":"https:\/\/sterkontruimingen.nl\/sk\/wp-json\/wp\/v2\/users\/1"}],"replies":[{"embeddable":true,"href":"https:\/\/sterkontruimingen.nl\/sk\/wp-json\/wp\/v2\/comments?post=737"}],"version-history":[{"count":0,"href":"https:\/\/sterkontruimingen.nl\/sk\/wp-json\/wp\/v2\/pages\/737\/revisions"}],"wp:featuredmedia":[{"embeddable":true,"href":"https:\/\/sterkontruimingen.nl\/sk\/wp-json\/wp\/v2\/media\/746"}],"wp:attachment":[{"href":"https:\/\/sterkontruimingen.nl\/sk\/wp-json\/wp\/v2\/media?parent=737"}],"wp:term":[{"taxonomy":"category","embeddable":true,"href":"https:\/\/sterkontruimingen.nl\/sk\/wp-json\/wp\/v2\/categories?post=737"},{"taxonomy":"post_tag","embeddable":true,"href":"https:\/\/sterkontruimingen.nl\/sk\/wp-json\/wp\/v2\/tags?post=737"}],"curies":[{"name":"wp","href":"https:\/\/api.w.org\/{rel}","templated":true}]}}