{"id":675,"date":"2020-04-13T13:47:05","date_gmt":"2020-04-13T11:47:05","guid":{"rendered":"http:\/\/sterkontruimingen.nl\/?page_id=675"},"modified":"2024-05-27T07:47:20","modified_gmt":"2024-05-27T05:47:20","slug":"vystahovanie-dordrecht","status":"publish","type":"page","link":"https:\/\/sterkontruimingen.nl\/sk\/ontruiming-dordrecht\/","title":{"rendered":"Vyprat\u00e1vanie domov Dordrecht"},"content":{"rendered":"<h2 class=\"wp-block-heading\">Vyprat\u00e1vanie domov Dordrecht<\/h2>\n\n\n\n<p>V Dordrechte si v posledn\u00fdch rokoch men\u00ed b\u00fdvanie 1 500 a\u017e 2 000 dom\u00e1cnost\u00ed. Preto je dobr\u00e9, \u017ee existuj\u00fa spolo\u010dnosti ako STERK, ktor\u00e9 v\u00e1m m\u00f4\u017eu poskytn\u00fa\u0165 slu\u017eby vys\u0165ahovania s Ak m\u00e1te dom (dom, byt, opatrovate\u013esk\u00fa izbu alebo dom s opatrovate\u013eskou slu\u017ebou), ktor\u00fd je potrebn\u00e9 v Dordrechte uvo\u013eni\u0165? Ak \u00e1no, spolo\u010dnos\u0165 STERK v\u00e1m m\u00f4\u017ee pom\u00f4c\u0165! Spolo\u010dnos\u0165 STERK m\u00e1 bohat\u00e9 sk\u00fasenosti s vyprat\u00e1van\u00edm domov, opatrovate\u013esk\u00fdch izieb, izieb v domoch s opatrovate\u013eskou slu\u017ebou, bytov a chr\u00e1nen\u00e9ho b\u00fdvania v Dordrechte a okol\u00ed. Vyprat\u00e1vame plne v s\u00falade s po\u017eiadavkami a \u017eelaniami majite\u013ea bytu, bytov\u00e9ho dru\u017estva, realitnej kancel\u00e1rie alebo domova d\u00f4chodcov.<\/p>\n\n\n\n<p>Pre\u010do <\/p>\n\n\n\n<p>Po\u010das <strong>vys\u0165ahovanie v Dordrechte<\/strong> m\u00f4\u017eeme vykon\u00e1va\u0165 v\u0161etky druhy pr\u00e1c, ako je odstra\u0148ovanie kobercov, tapiet alebo skrutiek a klincov. Opravujeme aj diery v sten\u00e1ch. M\u00f4\u017eeme tie\u017e premiestni\u0165 nepotrebn\u00e9, ale st\u00e1le pou\u017eite\u013en\u00e9 predmety <a href=\"http:\/\/sterkontruimingen.nl\/sk\/o-silnych\/\">dobr\u00e9 ciele<\/a> Odpad v\u017edy likvidujeme ekologick\u00fdm sp\u00f4sobom. Skvel\u00e9 je, \u017ee sme \u010dasto v pr\u00e1ci vo va\u0161ej oblasti Dordrechtu, tak\u017ee sa m\u00f4\u017eeme r\u00fdchlo pusti\u0165 do pr\u00e1ce. <\/p>\n\n\n\n<h2 class=\"wp-block-heading\">Ko\u013eko stoj\u00ed vypratanie domu v Dordrechte?<\/h2>\n\n\n\n<p>N\u00e1klady z\u00e1visia v\u00fdlu\u010dne od typu vec\u00ed a po\u017eiadaviek na doru\u010denie nehnute\u013enosti. Pre predstavu uv\u00e1dzame <a href=\"http:\/\/sterkontruimingen.nl\/sk\/kolko-stoji-vystahovanie\/\" data-type=\"post\" data-id=\"1593\">urobil preh\u013ead n\u00e1kladov tu<\/a> Na vypratanie domu v Dordrechte.<\/p>\n\n\n\n<div class=\"wp-block-columns is-layout-flex wp-container-core-columns-is-layout-28f84493 wp-block-columns-is-layout-flex\">\n<div class=\"wp-block-column is-layout-flow wp-block-column-is-layout-flow\">\n<h3 class=\"wp-block-heading\">Evaku\u00e1cia o\u0161etrovne v Dordrechte<\/h3>\n\n\n\n<p>H\u013ead\u00e1te v Dordrechte a okol\u00ed firmu, ktor\u00e1 by vypratala va\u0161u opatrovate\u013esk\u00fa izbu alebo opatrovate\u013esk\u00fa izbu va\u0161ich rodi\u010dov. Potom n\u00e1s kontaktujte a vy\u017eiadajte si nez\u00e1v\u00e4zn\u00fa cenov\u00fa ponuku.<\/p>\n\n\n\n<h3 class=\"wp-block-heading\">Vyprat\u00e1vanie z\u00e1hrad alebo pr\u00edstre\u0161kov v Dordrechte<\/h3>\n\n\n\n<p>Niekedy pre stromy nevid\u00edte drevo. Vtedy v\u00e1m pr\u00edde vhod pomoc odborn\u00edka na upratovanie v Dordrechte. Pr\u00eddeme a pohrabeme cel\u00fa va\u0161u z\u00e1hradu alebo pr\u00edstre\u0161ok, takpovediac na hrabli\u010dky. Samozrejme, po konzult\u00e1cii, \u010do si e\u0161te chcete alebo nechcete necha\u0165.<\/p>\n\n\n\n<h3 class=\"wp-block-heading\">Sebahodnotenie v Dordrechte<\/h3>\n\n\n\n<p>Ak by ste chceli za\u010da\u0165 s vlastn\u00fdm vyprat\u00e1van\u00edm domu v Dordrechte, ale neviete, kde za\u010da\u0165. Radi v\u00e1m pom\u00f4\u017eeme tipmi a radami. Okrem toho v\u00e1m potom m\u00f4\u017eeme pom\u00f4c\u0165 pri \u010fal\u0161om vyprat\u00e1van\u00ed v\u00e1\u0161ho domu v Dordrechte.<\/p>\n\n\n\n<h3 class=\"wp-block-heading\">Vy\u010distenie domu v Dordrechte<\/h3>\n\n\n\n<p>Chceli by ste si necha\u0165 uvo\u013eni\u0165 dom v Dordrechte? Potom ste na spr\u00e1vnom mieste. V na\u0161ej pobo\u010dke v Dordrechte v\u00e1m pom\u00f4\u017eeme jednoducho a r\u00fdchlo vyprata\u0165 v\u00e1\u0161 dom v kr\u00e1tkom \u010dase.<\/p>\n<\/div>\n\n\n\n<div class=\"wp-block-column is-layout-flow wp-block-column-is-layout-flow\">\n<h3 class=\"wp-block-heading\">Vyprat\u00e1vanie izby v domove d\u00f4chodcov v Dordrechte<\/h3>\n\n\n\n<p>Spolo\u010dnos\u0165 STERK v\u00e1s zbav\u00ed v\u0161etk\u00fdch starost\u00ed. Ke\u010f\u017ee \u010dasto pracujeme v Dordrechte, m\u00f4\u017eeme ve\u013emi r\u00fdchlo doda\u0165 vy\u010distenie izby v domove d\u00f4chodcov alebo opatrovate\u013eskej miestnosti za slu\u0161n\u00fa cenu.<\/p>\n\n\n\n<h3 class=\"wp-block-heading\">Upratovanie o\u0161etrovate\u013eskej miestnosti v Dordrechte<\/h3>\n\n\n\n<p>Spolo\u010dnos\u0165 STERK v\u00e1s zbav\u00ed v\u0161etk\u00fdch starost\u00ed. Preto\u017ee pracujeme v bl\u00edzkosti Dordrechtu. Za slu\u0161n\u00fa cenu v\u00e1m v kr\u00e1tkom \u010dase dod\u00e1me vytret\u00fa miestnos\u0165.<\/p>\n\n\n\n<h3 class=\"wp-block-heading\">Vys\u0165ahovanie po smrti v Dordrechte<\/h3>\n\n\n\n<p>Ke\u010f v\u00e1m zomrie bl\u00edzka osoba, posledn\u00e1 vec, ktorej chcete venova\u0165 pozornos\u0165, je upratovanie jej domu alebo bytu. Spolo\u010dnos\u0165 STERK sa zav\u00e4zuje vyprata\u0165 dom alebo miestnos\u0165 v Dordrechte \u010do najr\u00fdchlej\u0161ie alebo dokonca urgentne, s \u00factou k majetku a zosnul\u00e9mu. Okrem toho veci, ktor\u00e9 sa u\u017e daj\u00fa preda\u0165, venujeme vo va\u0161om mene nad\u00e1cii Nieuwe Hoop, ktor\u00e1 sa okrem in\u00e9ho venuje boju proti osamelosti.<\/p>\n<\/div>\n<\/div>","protected":false},"excerpt":{"rendered":"<p>Woningontruiming Dordrecht In Dordrecht wisselen de afgelopen jaren tussen de 1500 en 2000 huishoudens van huis. Daarom is het fijn dat er bedrijven zijn als STERK die u, indien u het nodig heeft, gebruik kan maken van een ontruimingdienst met Heeft u een woning (huis, appartement, zorgkamer of aanleunwoning) die ontruimt moet worden in Dordrecht? [&hellip;]<\/p>\n","protected":false},"author":1,"featured_media":678,"parent":0,"menu_order":10,"comment_status":"closed","ping_status":"closed","template":"","meta":{"inline_featured_image":false,"footnotes":""},"categories":[14],"tags":[],"class_list":["post-675","page","type-page","status-publish","has-post-thumbnail","hentry","category-landingspaginas"],"blocksy_meta":{"styles_descriptor":{"styles":{"desktop":"","tablet":"","mobile":""},"google_fonts":[],"version":6}},"_links":{"self":[{"href":"https:\/\/sterkontruimingen.nl\/sk\/wp-json\/wp\/v2\/pages\/675","targetHints":{"allow":["GET"]}}],"collection":[{"href":"https:\/\/sterkontruimingen.nl\/sk\/wp-json\/wp\/v2\/pages"}],"about":[{"href":"https:\/\/sterkontruimingen.nl\/sk\/wp-json\/wp\/v2\/types\/page"}],"author":[{"embeddable":true,"href":"https:\/\/sterkontruimingen.nl\/sk\/wp-json\/wp\/v2\/users\/1"}],"replies":[{"embeddable":true,"href":"https:\/\/sterkontruimingen.nl\/sk\/wp-json\/wp\/v2\/comments?post=675"}],"version-history":[{"count":2,"href":"https:\/\/sterkontruimingen.nl\/sk\/wp-json\/wp\/v2\/pages\/675\/revisions"}],"predecessor-version":[{"id":3086,"href":"https:\/\/sterkontruimingen.nl\/sk\/wp-json\/wp\/v2\/pages\/675\/revisions\/3086"}],"wp:featuredmedia":[{"embeddable":true,"href":"https:\/\/sterkontruimingen.nl\/sk\/wp-json\/wp\/v2\/media\/678"}],"wp:attachment":[{"href":"https:\/\/sterkontruimingen.nl\/sk\/wp-json\/wp\/v2\/media?parent=675"}],"wp:term":[{"taxonomy":"category","embeddable":true,"href":"https:\/\/sterkontruimingen.nl\/sk\/wp-json\/wp\/v2\/categories?post=675"},{"taxonomy":"post_tag","embeddable":true,"href":"https:\/\/sterkontruimingen.nl\/sk\/wp-json\/wp\/v2\/tags?post=675"}],"curies":[{"name":"wp","href":"https:\/\/api.w.org\/{rel}","templated":true}]}}