{"id":4389,"date":"2023-08-07T21:13:59","date_gmt":"2023-08-07T19:13:59","guid":{"rendered":"http:\/\/sterkontruimingen.nl\/?page_id=4389"},"modified":"2024-05-27T08:48:12","modified_gmt":"2024-05-27T06:48:12","slug":"vystahovanie-poortugaal","status":"publish","type":"page","link":"https:\/\/sterkontruimingen.nl\/sk\/ontruiming-poortugaal\/","title":{"rendered":"Vyprat\u00e1vanie domov v Poortugaal"},"content":{"rendered":"<h2 class=\"wp-block-heading\">STERK Vyprat\u00e1vanie domov v Poortugaal<\/h2>\n\n\n\n<p>STERK Evictions Poortugaal alebo Rhoon: v\u00e1\u0161 spo\u013eahliv\u00fd partner pri vys\u0165ahovan\u00ed Vypratanie domu je \u00faloha, ktor\u00e1 \u010dasto zost\u00e1va nedocenen\u00e1. Vypratanie nehnute\u013enosti m\u00f4\u017ee by\u0165 \u010dasovo n\u00e1ro\u010dn\u00fd a pofid\u00e9rny proces. Najm\u00e4 v Poortugaal, kde je ve\u013ek\u00fd z\u00e1ujem o pren\u00e1jom nehnute\u013enost\u00ed a nehnute\u013enosti, je profesion\u00e1lne vypratanie domu ve\u013emi d\u00f4le\u017eit\u00e9. V spolo\u010dnosti STERK Evictions Poortugaal rozumieme zlo\u017eitosti vys\u0165ahovania a pon\u00fakame stabiln\u00e9 slu\u017eby, ktor\u00e9 v\u00e1m pom\u00f4\u017eu vyprata\u0165 va\u0161u nehnute\u013enos\u0165 efekt\u00edvne a starostlivo.<\/p>\n\n\n\n<h2 class=\"wp-block-heading\">Vys\u0165ahovanie domov v Poortugaal: pre\u010do je potrebn\u00e9?<\/h2>\n\n\n\n<p>Pre\u010do by ste mali nehnute\u013enos\u0165 opusti\u0165? Existuje nieko\u013eko situ\u00e1ci\u00ed, ke\u010f je potrebn\u00e9 opusti\u0165 nehnute\u013enos\u0165. Napr\u00edklad po smrti bl\u00edzkej osoby, ke\u010f sa pres\u0165ahujete do domova d\u00f4chodcov alebo ke\u010f opust\u00edte prenajat\u00fa nehnute\u013enos\u0165. V t\u00fdchto pr\u00edpadoch je nevyhnutn\u00e9 dodr\u017ea\u0165 po\u017eiadavky prenaj\u00edmate\u013ea a zmluvu, ktor\u00fa ste podp\u00edsali.<\/p>\n\n\n\n<h2 class=\"wp-block-heading\">V\u00fdhody vyu\u017e\u00edvania profesion\u00e1lnej evakua\u010dnej spolo\u010dnosti <\/h2>\n\n\n\n<p>Zapojenie profesion\u00e1lnej spolo\u010dnosti na vys\u0165ahovanie, akou je STERK Evictions, prin\u00e1\u0161a mnoho pozit\u00edv. Po prv\u00e9, poskytuje v\u00e1m pokoj a zbavuje v\u00e1s stresu spojen\u00e9ho s vyprat\u00e1van\u00edm v\u00e1\u0161ho domova. Na\u0161i in\u0161pirat\u00edvni profesion\u00e1li prevezm\u00fa cel\u00fa zodpovednos\u0165 za proces vypratania, v\u010faka \u010domu sa budete m\u00f4c\u0165 s\u00fastredi\u0165 na in\u00e9 d\u00f4le\u017eit\u00e9 z\u00e1le\u017eitosti.<\/p>\n\n\n\n<p>\u010eal\u0161ou v\u00fdhodou je n\u00e1\u0161 efekt\u00edvny pr\u00edstup. Na\u0161e t\u00edmy s\u00fa odborne organizovan\u00e9 a pracuj\u00fa pod\u013ea pr\u00edsneho harmonogramu, aby zabezpe\u010dili r\u00fdchle a bezodkladn\u00e9 vypratanie va\u0161ich priestorov. Pozn\u00e1me v\u00e1\u0161 obsah a zaobch\u00e1dzame s n\u00edm s maxim\u00e1lnou starostlivos\u0165ou a pozornos\u0165ou.<\/p>\n\n\n\n<p>Okrem pohodlia a efekt\u00edvnosti vyu\u017e\u00edvania profesion\u00e1lov m\u00f4\u017ee by\u0165 aj n\u00e1kladovo efekt\u00edvne. Spolo\u010dnos\u0165 STERK Evictions v\u00e1m m\u00f4\u017ee pon\u00faknu\u0165 cenn\u00e9 rie\u0161enia, ako napr\u00edklad odk\u00fapenie obsahu va\u0161ej dom\u00e1cnosti, \u010do v\u00e1m umo\u017en\u00ed u\u0161etri\u0165 financie na vys\u0165ahovanie.<\/p>\n\n\n\n<p>\u017diados\u0165 o nez\u00e1v\u00e4zn\u00fa cenov\u00fa ponuku Chcete si necha\u0165 vy\u010disti\u0165 svoj pozemok alebo m\u00e1te ot\u00e1zky a chceli by ste z\u00edska\u0165 viac inform\u00e1ci\u00ed? Potom n\u00e1s nev\u00e1hajte kontaktova\u0165. M\u00f4\u017eete tak urobi\u0165 vyplnen\u00edm n\u00e1\u0161ho kontaktn\u00e9ho formul\u00e1ra alebo telefonicky na \u010d\u00edsle 085 130 06 85. M\u00f4\u017eete n\u00e1m tie\u017e posla\u0165 e-mail na adresu: <a href=\"mailto:info@sterkontruimingen.nl\">info@sterkontruimingen.nl<\/a>. Na v\u00e1\u0161 dotaz potom \u010do najsk\u00f4r odpovieme.<\/p>\n\n\n\n<div class=\"wp-block-columns is-layout-flex wp-container-core-columns-is-layout-28f84493 wp-block-columns-is-layout-flex\">\n<div class=\"wp-block-column is-layout-flow wp-block-column-is-layout-flow\">\n<h3 class=\"wp-block-heading\">EVAKU\u00c1CIA O\u0160ETROVNE<\/h3>\n\n\n\n<p>H\u013ead\u00e1te niekoho, kto by vypratal va\u0161u opatrovate\u013esk\u00fa izbu alebo opatrovate\u013esk\u00fa izbu va\u0161ich rodi\u010dov v Poortugaal, Rhoon alebo Rotterdam Charlois. Potom n\u00e1s kontaktujte pre nez\u00e1v\u00e4zn\u00fa cenov\u00fa ponuku.<\/p>\n\n\n\n<h3 class=\"wp-block-heading\">VY\u010cISTENIE Z\u00c1HRADY ALEBO PR\u00cdSTRE\u0160KU<\/h3>\n\n\n\n<p>Niekedy u\u017e pre stromy nevid\u00edte drevo. Vtedy v\u00e1m pr\u00edde vhod pomoc odborn\u00edka na upratovanie v Alblasserdam alebo Alblasserwaard. Zastav\u00edme sa u v\u00e1s a, pr\u00edslove\u010dne povedan\u00e9, pohrabeme cel\u00fa va\u0161u z\u00e1hradu alebo pr\u00edstre\u0161ok. Samozrejme, po konzult\u00e1cii, \u010do si e\u0161te chcete alebo nechcete ponecha\u0165.<\/p>\n<\/div>\n\n\n\n<div class=\"wp-block-column is-layout-flow wp-block-column-is-layout-flow\">\n<h3 class=\"wp-block-heading\">odbavenie izieb v domove d\u00f4chodcov<\/h3>\n\n\n\n<p>Spolo\u010dnos\u0165 STERK v\u00e1s zbav\u00ed v\u0161etk\u00fdch starost\u00ed. Preto\u017ee pracujeme v bl\u00edzkosti v Alblasserdam a Alblasserwaard. Za slu\u0161n\u00fa cenu v\u00e1m v kr\u00e1tkom \u010dase doru\u010d\u00edme vytret\u00fa izbu.<\/p>\n\n\n\n<h3 class=\"wp-block-heading\">Z\u00da\u010cTOVANIE PO SMRTI<\/h3>\n\n\n\n<p>Ke\u010f v\u00e1m zomrie bl\u00edzka osoba, posledn\u00e1 vec, ktorej chcete venova\u0165 pozornos\u0165, je vypratanie jej domu alebo bytu. Spolo\u010dnos\u0165 STERK sa zav\u00e4zuje \u010do najr\u00fdchlej\u0161ie alebo dokonca urgentne vyprata\u0165 dom alebo miestnos\u0165 s \u00factou k majetku a zosnul\u00e9mu. Okrem toho vo va\u0161om mene darujeme v\u0161etky veci, ktor\u00e9 sa u\u017e daj\u00fa preda\u0165, nad\u00e1cii Nov\u00e1 n\u00e1dej, ktor\u00e1 sa okrem in\u00e9ho venuje boju proti osamelosti.<\/p>\n<\/div>\n<\/div>","protected":false},"excerpt":{"rendered":"<p>STERK Woningontruiming in Poortugaal STERK Ontruimingen Poortugaal of Rhoon: uw betrouwbare partner bij ontruimingen Huisontruiming is een taak die vaak niet op waarde wordt geschat. Het leeghalen van een woning kan een tijdrovend en aangrijpend uitdagend proces zijn. Vooral in Poortugaal, waar huurwoningen en vastgoed in veel vraag zijn, is een professionele woningontruiming cruciaal. Bij [&hellip;]<\/p>\n","protected":false},"author":1,"featured_media":0,"parent":0,"menu_order":9,"comment_status":"closed","ping_status":"closed","template":"","meta":{"inline_featured_image":false,"footnotes":""},"categories":[14],"tags":[],"class_list":["post-4389","page","type-page","status-publish","hentry","category-landingspaginas"],"blocksy_meta":{"styles_descriptor":{"styles":{"desktop":"","tablet":"","mobile":""},"google_fonts":[],"version":6}},"_links":{"self":[{"href":"https:\/\/sterkontruimingen.nl\/sk\/wp-json\/wp\/v2\/pages\/4389","targetHints":{"allow":["GET"]}}],"collection":[{"href":"https:\/\/sterkontruimingen.nl\/sk\/wp-json\/wp\/v2\/pages"}],"about":[{"href":"https:\/\/sterkontruimingen.nl\/sk\/wp-json\/wp\/v2\/types\/page"}],"author":[{"embeddable":true,"href":"https:\/\/sterkontruimingen.nl\/sk\/wp-json\/wp\/v2\/users\/1"}],"replies":[{"embeddable":true,"href":"https:\/\/sterkontruimingen.nl\/sk\/wp-json\/wp\/v2\/comments?post=4389"}],"version-history":[{"count":4,"href":"https:\/\/sterkontruimingen.nl\/sk\/wp-json\/wp\/v2\/pages\/4389\/revisions"}],"predecessor-version":[{"id":4402,"href":"https:\/\/sterkontruimingen.nl\/sk\/wp-json\/wp\/v2\/pages\/4389\/revisions\/4402"}],"wp:attachment":[{"href":"https:\/\/sterkontruimingen.nl\/sk\/wp-json\/wp\/v2\/media?parent=4389"}],"wp:term":[{"taxonomy":"category","embeddable":true,"href":"https:\/\/sterkontruimingen.nl\/sk\/wp-json\/wp\/v2\/categories?post=4389"},{"taxonomy":"post_tag","embeddable":true,"href":"https:\/\/sterkontruimingen.nl\/sk\/wp-json\/wp\/v2\/tags?post=4389"}],"curies":[{"name":"wp","href":"https:\/\/api.w.org\/{rel}","templated":true}]}}