{"id":4099,"date":"2023-05-17T21:14:26","date_gmt":"2023-05-17T19:14:26","guid":{"rendered":"http:\/\/sterkontruimingen.nl\/rx-schedule-email-unsubscribe\/"},"modified":"2023-05-17T21:14:26","modified_gmt":"2023-05-17T19:14:26","slug":"odhlasenie-z-odberu-e-mailu-s-planom-rx","status":"publish","type":"page","link":"https:\/\/sterkontruimingen.nl\/sk\/rx-schedule-email-unsubscribe\/","title":{"rendered":"Odhl\u00e1senie z odberu e-mailu ReviewX Schedule"},"content":{"rendered":"<h1>Boli ste odhl\u00e1sen\u00ed.<\/h1>\n<p>Odhl\u00e1sili sme v\u00e1s z odberu t\u00fdchto e-mailov a je n\u00e1m \u013e\u00fato, \u017ee odch\u00e1dzate.<\/p>","protected":false},"excerpt":{"rendered":"<p>Boli ste odhl\u00e1sen\u00ed. Boli ste odhl\u00e1sen\u00ed z odberu t\u00fdchto e-mailov a je n\u00e1m \u013e\u00fato, \u017ee odch\u00e1dzate.<\/p>","protected":false},"author":1,"featured_media":0,"parent":0,"menu_order":0,"comment_status":"closed","ping_status":"closed","template":"rx-schedule-email-unsubscribe-template.php","meta":{"inline_featured_image":false,"footnotes":""},"categories":[],"tags":[],"class_list":["post-4099","page","type-page","status-publish","hentry"],"blocksy_meta":[],"_links":{"self":[{"href":"https:\/\/sterkontruimingen.nl\/sk\/wp-json\/wp\/v2\/pages\/4099","targetHints":{"allow":["GET"]}}],"collection":[{"href":"https:\/\/sterkontruimingen.nl\/sk\/wp-json\/wp\/v2\/pages"}],"about":[{"href":"https:\/\/sterkontruimingen.nl\/sk\/wp-json\/wp\/v2\/types\/page"}],"author":[{"embeddable":true,"href":"https:\/\/sterkontruimingen.nl\/sk\/wp-json\/wp\/v2\/users\/1"}],"replies":[{"embeddable":true,"href":"https:\/\/sterkontruimingen.nl\/sk\/wp-json\/wp\/v2\/comments?post=4099"}],"version-history":[{"count":0,"href":"https:\/\/sterkontruimingen.nl\/sk\/wp-json\/wp\/v2\/pages\/4099\/revisions"}],"wp:attachment":[{"href":"https:\/\/sterkontruimingen.nl\/sk\/wp-json\/wp\/v2\/media?parent=4099"}],"wp:term":[{"taxonomy":"category","embeddable":true,"href":"https:\/\/sterkontruimingen.nl\/sk\/wp-json\/wp\/v2\/categories?post=4099"},{"taxonomy":"post_tag","embeddable":true,"href":"https:\/\/sterkontruimingen.nl\/sk\/wp-json\/wp\/v2\/tags?post=4099"}],"curies":[{"name":"wp","href":"https:\/\/api.w.org\/{rel}","templated":true}]}}