{"id":362,"date":"2020-01-02T09:54:12","date_gmt":"2020-01-02T09:54:12","guid":{"rendered":"http:\/\/sterkontruimingen.nl\/?page_id=362"},"modified":"2020-04-18T17:52:43","modified_gmt":"2020-04-18T15:52:43","slug":"podmienky-a-ustanovenia","status":"publish","type":"page","link":"https:\/\/sterkontruimingen.nl\/sk\/algemene-voorwaarden\/","title":{"rendered":"V\u0161eobecn\u00e9 podmienky"},"content":{"rendered":"<div data-elementor-type=\"wp-page\" data-elementor-id=\"362\" class=\"elementor elementor-362\" data-elementor-post-type=\"page\">\n\t\t\t\t\t\t<section class=\"elementor-section elementor-top-section elementor-element elementor-element-3e74dba elementor-section-boxed elementor-section-height-default elementor-section-height-default\" data-id=\"3e74dba\" data-element_type=\"section\" data-e-type=\"section\">\n\t\t\t\t\t\t<div class=\"elementor-container elementor-column-gap-default\">\n\t\t\t\t\t<div class=\"elementor-column elementor-col-100 elementor-top-column elementor-element elementor-element-2015ac3\" data-id=\"2015ac3\" data-element_type=\"column\" data-e-type=\"column\">\n\t\t\t<div class=\"elementor-widget-wrap elementor-element-populated\">\n\t\t\t\t\t\t<div class=\"elementor-element elementor-element-cb86f5a elementor-widget elementor-widget-text-editor\" data-id=\"cb86f5a\" data-element_type=\"widget\" data-e-type=\"widget\" data-widget_type=\"text-editor.default\">\n\t\t\t\t<div class=\"elementor-widget-container\">\n\t\t\t\t\t\t\t\t\t<h1>V\u0161eobecn\u00e9 podmienky<\/h1><p>Od:<\/p><p>\"STERK Inboedels\", so s\u00eddlom a kancel\u00e1riou na \"Nijverheidsweg 46c v Hendrik-Ido-Ambacht, \u010falej len \"dod\u00e1vate\u013e\", zap\u00edsan\u00e1 v obchodnej komore pod registra\u010dn\u00fdm \u010d\u00edslom.<\/p><h3>\u010cl\u00e1nok 1. Defin\u00edcie<\/h3><p>V t\u00fdchto v\u0161eobecn\u00fdch podmienkach sa pod pojmom \"dod\u00e1vate\u013e\" rozumie spolo\u010dnos\u0165 STERK Inboedel so s\u00eddlom na adrese Nijverheidsweg 46c v Hendrik-Ido-Ambacht.<\/p><h3>\u010cl\u00e1nok 2. Uplatnite\u013enos\u0165 t\u00fdchto podmienok<\/h3><p>Tieto podmienky sa vz\u0165ahuj\u00fa na ka\u017ed\u00fa ponuku a ka\u017ed\u00fa dohodu medzi zhotovite\u013eom a objedn\u00e1vate\u013eom, na ktor\u00fa zhotovite\u013e vyhl\u00e1sil, \u017ee sa tieto podmienky vz\u0165ahuj\u00fa. Tieto podmienky sa neuplat\u0148uj\u00fa, ak sa od nich zhotovite\u013e v\u00fdslovne p\u00edsomne odch\u00fdlil.<\/p><h3>\u010cl\u00e1nok 3. Cit\u00e1cie<\/h3><p><strong>3.1.<\/strong> V\u0161etky na\u0161e cenov\u00e9 ponuky s\u00fa poskytovan\u00e9 bezplatne a s\u00fa \u00faplne nez\u00e1v\u00e4zn\u00e9. Cenov\u00e9 ponuky s\u00fa platn\u00e9 tridsa\u0165 dn\u00ed. Ak je v cenovej ponuke uveden\u00fd d\u00e1tum prijatia, vydan\u00e1 cenov\u00e1 ponuka je platn\u00e1 do tohto d\u00e1tumu.<\/p><p><strong>3.2.<\/strong> Zhotovite\u013e je viazan\u00fd predlo\u017eenou ponukou, ak ju druh\u00e1 strana p\u00edsomne potvrd\u00ed do 30 dn\u00ed.<\/p><p><strong>3.3.<\/strong> Ceny uveden\u00e9 v uveden\u00fdch cenov\u00fdch ponuk\u00e1ch s\u00fa bez dane z predaja a bez poplatkov za skl\u00e1dkovanie, ktor\u00e9 m\u00e1 dod\u00e1vate\u013e zaplati\u0165 za likvid\u00e1ciu tovaru, ktor\u00fd sa m\u00e1 zlikvidova\u0165.<\/p><h3>\u010cl\u00e1nok 4. Vykon\u00e1vanie dohody<\/h3><p><strong>4.1.<\/strong> Zhotovite\u013e vykon\u00e1 pr\u00e1ce pod\u013ea prijat\u00fdch opatren\u00ed.<\/p><p><strong>4.2.<\/strong> Ak je to potrebn\u00e9 na riadne plnenie zmluvy, zhotovite\u013e m\u00e1 pr\u00e1vo da\u0165 vykona\u0165 pr\u00e1ce, ktor\u00e9 si vy\u017eaduj\u00fa \u0161pecifick\u00e9 odborn\u00e9 znalosti, tret\u00edm osob\u00e1m.<\/p><p><strong>4.3.<\/strong> Objedn\u00e1vate\u013e zabezpe\u010d\u00ed, aby v\u0161etky \u00fadaje a predmety, ktor\u00e9 spolo\u010dnos\u0165 STERK Inboedel ozna\u010d\u00ed za potrebn\u00e9 alebo ktor\u00e9 by mal objedn\u00e1vate\u013e rozumne ch\u00e1pa\u0165 ako potrebn\u00e9 na plnenie zmluvy, boli zhotovite\u013eovi poskytnut\u00e9 a pos\u00faden\u00e9 v\u010das. Ak objedn\u00e1vate\u013e neposkytne zhotovite\u013eovi \u00fadaje a predmety potrebn\u00e9 na plnenie zmluvy v\u010das, zhotovite\u013e m\u00e1 pr\u00e1vo pozastavi\u0165 plnenie zmluvy a\/alebo \u00fa\u010dtova\u0165 objedn\u00e1vate\u013eovi dodato\u010dn\u00e9 n\u00e1klady vzniknut\u00e9 v d\u00f4sledku ome\u0161kania pod\u013ea obvykl\u00fdch sadzieb.<\/p><p><strong>4.4.<\/strong> Ak bolo dohodnut\u00e9, \u017ee zmluva sa bude plni\u0165 po etap\u00e1ch, zhotovite\u013e m\u00f4\u017ee pozastavi\u0165 plnenie \u010dast\u00ed patriacich do nasleduj\u00facej etapy, k\u00fdm objedn\u00e1vate\u013e p\u00edsomne neschv\u00e1li v\u00fdsledky predch\u00e1dzaj\u00facej etapy.<\/p><h3>\u010cl\u00e1nok 5. Trvanie zmluvy; doba plnenia<\/h3><p><strong>5.1.<\/strong> Zmluva sa uzatv\u00e1ra na dohodnut\u00fd projekt, pokia\u013e sa zmluvn\u00e9 strany v\u00fdslovne p\u00edsomne nedohodn\u00fa inak.<\/p><p><strong>5.2.<\/strong> Ak je v zmluve dohodnut\u00fd term\u00edn dokon\u010denia ur\u010dit\u00fdch pr\u00e1c, nikdy nejde o striktn\u00fd term\u00edn. To znamen\u00e1, \u017ee ak objedn\u00e1vate\u013e zhotovite\u013ea nem\u00f4\u017ee splni\u0165 dohodu v\u010das z d\u00f4vodu vy\u0161\u0161ej moci, nevznik\u00e1 mu n\u00e1rok na n\u00e1hradu \u0161kody.<\/p><h3>\u010cl\u00e1nok 6. Zmena dohody<\/h3><p><strong>6.1.<\/strong> Ak sa po\u010das plnenia zmluvy uk\u00e1\u017ee, \u017ee pre riadne plnenie je potrebn\u00e9 zmeni\u0165 alebo doplni\u0165 pr\u00e1ce, ktor\u00e9 sa maj\u00fa vykona\u0165, strany maj\u00fa pr\u00e1vo upravi\u0165 zmluvu po vz\u00e1jomnej dohode.<\/p><p><strong>6.2.<\/strong> Ak sa zmluvn\u00e9 strany dohodn\u00fa, \u017ee zmluva bude zmenen\u00e1 alebo doplnen\u00e1, m\u00f4\u017ee to ma\u0165 vplyv na \u010das ukon\u010denia plnenia. zhotovite\u013e bude \u010do najsk\u00f4r informova\u0165 objedn\u00e1vate\u013ea.<\/p><p><strong>6.3.<\/strong> Ak m\u00e1 zmena alebo doplnenie zmluvy finan\u010dn\u00e9 a\/alebo kvalitat\u00edvne d\u00f4sledky, zhotovite\u013e o tom vopred informuje objedn\u00e1vate\u013ea.<\/p><h3>\u010cl\u00e1nok 7. D\u00f4vernos\u0165<\/h3><p>Obe strany s\u00fa povinn\u00e9 zachov\u00e1va\u0165 ml\u010danlivos\u0165 o v\u0161etk\u00fdch d\u00f4vern\u00fdch inform\u00e1ci\u00e1ch, ktor\u00e9 z\u00edskali jedna od druhej alebo z in\u00fdch zdrojov v s\u00favislosti s ich dohodou. Inform\u00e1cie sa pova\u017euj\u00fa za d\u00f4vern\u00e9, ak ich ozn\u00e1mila druh\u00e1 strana alebo ak to vypl\u00fdva z povahy inform\u00e1ci\u00ed.<\/p><h3>\u010cl\u00e1nok 8. Du\u0161evn\u00e9 vlastn\u00edctvo<\/h3><p>Zhotovite\u013e si tie\u017e vyhradzuje pr\u00e1vo pou\u017ei\u0165 poznatky z\u00edskan\u00e9 pri vykon\u00e1van\u00ed pr\u00e1c na in\u00e9 \u00fa\u010dely, ak sa v priebehu procesu neposkytn\u00fa tret\u00edm stran\u00e1m \u017eiadne d\u00f4vern\u00e9 inform\u00e1cie.<\/p><h3>\u010cl\u00e1nok 9. Ukon\u010denie zmluvy<\/h3><p>Ktor\u00e1ko\u013evek zo str\u00e1n m\u00f4\u017ee t\u00fato dohodu kedyko\u013evek p\u00edsomne vypoveda\u0165. V takom pr\u00edpade musia strany dodr\u017ea\u0165 v\u00fdpovedn\u00fa lehotu v trvan\u00ed najmenej jedn\u00e9ho cel\u00e9ho kalend\u00e1rneho mesiaca.<\/p><h3>\u010cl\u00e1nok 10. Vypovedanie dohody<\/h3><p><strong>10.1.<\/strong> Poh\u013ead\u00e1vky Zhotovite\u013ea vo\u010di Objedn\u00e1vate\u013eovi s\u00fa okam\u017eite splatn\u00e9 v pr\u00edpadoch, ke\u010f:<\/p><p><strong>Sub a.<\/strong> Po uzavret\u00ed zmluvy sa zhotovite\u013e dozvie o okolnostiach, na z\u00e1klade ktor\u00fdch sa ob\u00e1va, \u017ee objedn\u00e1vate\u013e nespln\u00ed svoje z\u00e1v\u00e4zky.<\/p><p><strong>Sub b.<\/strong> Zhotovite\u013e pri uzatv\u00e1ran\u00ed zmluvy po\u017eiadal objedn\u00e1vate\u013ea o poskytnutie z\u00e1bezpeky na splnenie z\u00e1v\u00e4zkov a t\u00e1to z\u00e1bezpeka nebola poskytnut\u00e1 alebo je nedostato\u010dn\u00e1.<\/p><p>\u00a0<\/p><p><strong>10.2.<\/strong> V pr\u00edpadoch uveden\u00fdch v odseku 1 p\u00edsm. a) a b) tohto \u010dl\u00e1nku je zhotovite\u013e opr\u00e1vnen\u00fd pozastavi\u0165 plnenie zmluvy alebo prist\u00fapi\u0165 k zru\u0161eniu zmluvy, to v\u0161etko bez toho, aby bolo dotknut\u00e9 pr\u00e1vo zhotovite\u013ea po\u017eadova\u0165 n\u00e1hradu \u0161kody a n\u00e1hradu u\u0161l\u00e9ho zisku.<\/p><p><strong>10.3.<\/strong> Ak sa zmluva zru\u0161\u00ed pred vykonan\u00edm pr\u00e1c, objedn\u00e1vate\u013e je povinn\u00fd zaplati\u0165 tridsa\u0165 percent dohodnutej sumy za vykonan\u00e9 pr\u00e1ce vr\u00e1tane dane z obratu.<\/p><h3>\u010cl\u00e1nok 11. Z\u00e1vady; reklama\u010dn\u00e9 lehoty<\/h3><p><strong>11.1.<\/strong> Reklam\u00e1ciu vykonanej pr\u00e1ce mus\u00ed objedn\u00e1vate\u013e p\u00edsomne ozn\u00e1mi\u0165 zhotovite\u013eovi do \u00f4smich dn\u00ed od jej zistenia, najnesk\u00f4r v\u0161ak do 14 dn\u00ed od ukon\u010denia dohodnutej pr\u00e1ce.<\/p><p><strong>11.2.<\/strong> Ak je reklam\u00e1cia opr\u00e1vnen\u00e1, zhotovite\u013e vykon\u00e1 pr\u00e1ce pod\u013ea predch\u00e1dzaj\u00facej dohody, pokia\u013e sa medzit\u00fdm nestali pre objedn\u00e1vate\u013ea preuk\u00e1zate\u013ene zbyto\u010dn\u00fdmi.<\/p><h3>\u010cl\u00e1nok 12. Poplatok<\/h3><p><strong>12.1.<\/strong> Na ponuky za pevn\u00fd poplatok a na dohody, v ktor\u00fdch bol dohodnut\u00fd pevn\u00fd poplatok, sa vz\u0165ahuj\u00fa odseky 2, 5 a 6 tohto \u010dl\u00e1nku. Ak nie je dohodnut\u00fd pevn\u00fd poplatok, uplat\u0148uj\u00fa sa odseky 3, 4, 5 a 6 tohto \u010dl\u00e1nku.<\/p><p><strong>12.2.<\/strong> Zhotovite\u013e a objedn\u00e1vate\u013e sa m\u00f4\u017eu pri uzatv\u00e1ran\u00ed zmluvy dohodn\u00fa\u0165 na pevnej odmene. Pevn\u00e1 odmena je bez dane z obratu.<\/p><p><strong>12.3.<\/strong> Ak nie je dohodnut\u00e1 pevn\u00e1 odmena, odmena sa ur\u010d\u00ed na z\u00e1klade skuto\u010dne odpracovan\u00fdch hod\u00edn a pr\u00edspevku na kilometre pou\u017eit\u00e9ho slu\u017eobn\u00e9ho vozidla (vozidiel). Poplatok sa vypo\u010d\u00edta v s\u00falade s obvykl\u00fdmi hodinov\u00fdmi sadzbami dod\u00e1vate\u013ea a pr\u00edspevkami na kilometre platn\u00fdmi pre obdobie, v ktorom sa pr\u00e1ca vykon\u00e1va, pokia\u013e nebola dohodnut\u00e1 in\u00e1 hodinov\u00e1 sadzba alebo pr\u00edspevok na kilometre.<\/p><p><strong>12.4.<\/strong> V\u0161etky odhady n\u00e1kladov s\u00fa v\u017edy bez dane z predaja.<\/p><p><strong>12.5.<\/strong> V pr\u00edpade \u00faloh, ktor\u00e9 trvaj\u00fa dlh\u0161ie ako dva mesiace, sa splatn\u00e9 poplatky \u00fa\u010dtuj\u00fa pravidelne.<\/p><p><strong>12.6.<\/strong> Ak sa zhotovite\u013e dohodne s objedn\u00e1vate\u013eom na pevnej odmene alebo hodinovej sadzbe, je zhotovite\u013e opr\u00e1vnen\u00fd t\u00fato odmenu alebo sadzbu zv\u00fd\u0161i\u0165, ak preuk\u00e1\u017ee, \u017ee v \u010dase od predlo\u017eenia ponuky do dodania do\u0161lo k v\u00fdznamn\u00fdm cenov\u00fdm zmen\u00e1m, pokia\u013e ide o mzdy alebo v\u00fddavky na auto.<\/p><h3>\u010cl\u00e1nok 13. Platba<\/h3><p><strong>13.1.<\/strong> Platba sa mus\u00ed uskuto\u010dni\u0165 do \u0161trn\u00e1stich dn\u00ed od d\u00e1tumu vystavenia fakt\u00fary sp\u00f4sobom, ktor\u00fd ur\u010d\u00ed dod\u00e1vate\u013e, a vo fakturovanej mene.<\/p><p><strong>13.2.<\/strong> Po uplynut\u00ed \u0161trn\u00e1stich dn\u00ed od d\u00e1tumu vystavenia fakt\u00fary je klient v ome\u0161kan\u00ed. Klient je povinn\u00fd zaplati\u0165 \u00farok z ome\u0161kania vo v\u00fd\u0161ke 1% mesa\u010dne z dl\u017enej sumy, ak z\u00e1konn\u00e1 \u00farokov\u00e1 sadzba nie je vy\u0161\u0161ia. V takom pr\u00edpade sa uplatn\u00ed z\u00e1konn\u00e1 \u00farokov\u00e1 sadzba.<\/p><p><strong>13.3.<\/strong> Platby uskuto\u010dnen\u00e9 klientom sl\u00fa\u017eia jednak na \u00fahradu v\u0161etk\u00fdch splatn\u00fdch \u00farokov a n\u00e1kladov a jednak na \u00fahradu fakt\u00far, ktor\u00e9 boli neuhraden\u00e9 najdlh\u0161ie, a to aj v pr\u00edpade, \u017ee klient uvedie, \u017ee platba sa t\u00fdka neskor\u0161ej fakt\u00fary.<\/p><h3>\u010cl\u00e1nok 14. N\u00e1klady na vym\u00e1hanie poh\u013ead\u00e1vok<\/h3><p><strong>14.1.<\/strong> Ak klient nespln\u00ed alebo poru\u0161\u00ed jednu alebo viacero svojich povinnost\u00ed, v\u0161etky primeran\u00e9 n\u00e1klady vynalo\u017een\u00e9 na dosiahnutie mimos\u00fadneho uspokojenia zn\u00e1\u0161a klient. V ka\u017edom pr\u00edpade je klient povinn\u00fd uhradi\u0165 dvadsa\u0165 percent z prv\u00fdch 2 500 EUR a desa\u0165 percent z prevy\u0161uj\u00facej sumy a\u017e do v\u00fd\u0161ky 6 000 EUR.<\/p><p><strong>14.2.<\/strong> Ak zhotovite\u013e preuk\u00e1\u017ee, \u017ee mu od\u00f4vodnene vznikli vy\u0161\u0161ie n\u00e1klady, aj tieto n\u00e1klady s\u00fa opr\u00e1vnen\u00e9 na \u00fahradu. Tieto n\u00e1klady zv\u00fd\u0161ia sumu vypo\u010d\u00edtan\u00fa na z\u00e1klade odseku 1 vy\u0161\u0161ie.<\/p><h3>\u010cl\u00e1nok 15. Zodpovednos\u0165<\/h3><p>Ak je zhotovite\u013e zodpovedn\u00fd za sp\u00f4soben\u00fa \u0161kodu, je t\u00e1to zodpovednos\u0165 obmedzen\u00e1 takto:<\/p><p><strong>15.1.<\/strong> Zodpovednos\u0165 zhotovite\u013ea v rozsahu, v akom je kryt\u00e1 jeho poisten\u00edm zodpovednosti za \u0161kodu, je obmedzen\u00e1 v\u00fd\u0161kou platby, ktor\u00fa vyplatil jeho pois\u0165ovate\u013e.<\/p><p><strong>15.2.<\/strong> Ak pois\u0165ovate\u013e v danom pr\u00edpade nevyplat\u00ed poistn\u00e9 plnenie alebo ak \u0161koda nie je kryt\u00e1 poisten\u00edm, zodpovednos\u0165 zhotovite\u013ea je obmedzen\u00e1 na jeden a pol n\u00e1sobok fakturovanej hodnoty z\u00e1kazky bez dane z obratu, a to aspo\u0148 tej \u010dasti z\u00e1kazky, na ktor\u00fa sa zodpovednos\u0165 vz\u0165ahuje.<\/p><p><strong>15.3.<\/strong> Na rozdiel od ustanoven\u00ed odseku 2 tohto \u010dl\u00e1nku je zodpovednos\u0165 za post\u00fapenie, ktor\u00e9 trv\u00e1 dlh\u0161ie ako \u0161es\u0165 mesiacov, \u010falej obmedzen\u00e1 na \u010das\u0165 poplatku splatn\u00e9ho za posledn\u00fd mesiac.<\/p><p><strong>15.4.<\/strong> Obmedzenia zodpovednosti uveden\u00e9 v t\u00fdchto podmienkach neplatia, ak \u0161koda vznikla v d\u00f4sledku \u00famyslu alebo hrubej nedbanlivosti zhotovite\u013ea alebo jeho podriaden\u00fdch.<\/p><p><strong>15.5.<\/strong> Zhotovite\u013e nikdy nezodpoved\u00e1 za n\u00e1sledn\u00e9 \u0161kody.<\/p><h3>\u010cl\u00e1nok 16. Predaj a dod\u00e1vka tovaru<\/h3><p><strong>16.1.<\/strong> Pred\u00e1van\u00fd tovar bude dodan\u00fd v stave, v akom je zobrazen\u00fd na mieste alebo na vizu\u00e1lnom materi\u00e1li.<\/p><p><strong>16.2.<\/strong> Na pred\u00e1van\u00fd tovar sa neposkytuje \u017eiadna z\u00e1ruka.<\/p><p><strong>16.3.<\/strong> Doru\u010den\u00fd tovar nebude prijat\u00fd sp\u00e4\u0165.<\/p><p><strong>16.4.<\/strong> V\u00fdmena dodan\u00e9ho tovaru je mo\u017en\u00e1 len so s\u00fahlasom spolo\u010dnosti STERK Inboedels.<\/p><p><strong>16.5.<\/strong> N\u00e1klady na doru\u010denie tovaru zo spolo\u010dnosti Havelte zn\u00e1\u0161a kupuj\u00faci, pokia\u013e sa nedohodli inak.<\/p><h3>\u010cl\u00e1nok 17. Vy\u0161\u0161ia moc<\/h3><p><strong>17.1.<\/strong> V t\u00fdchto v\u0161eobecn\u00fdch podmienkach sa pod vy\u0161\u0161ou mocou okrem toho, \u010do sa ch\u00e1pe v z\u00e1kone a judikat\u00fare, rozumej\u00fa v\u0161etky vonkaj\u0161ie pr\u00ed\u010diny, predv\u00eddate\u013en\u00e9 alebo nepredv\u00eddate\u013en\u00e9, ktor\u00e9 pou\u017e\u00edvate\u013e nem\u00f4\u017ee ovplyvni\u0165, ale ktor\u00e9 mu br\u00e1nia v plnen\u00ed jeho z\u00e1v\u00e4zkov. Patria sem aj \u0161trajky v podniku dod\u00e1vate\u013ea.<\/p><p><strong>17.2.<\/strong> Zhotovite\u013e je opr\u00e1vnen\u00fd odvola\u0165 sa na vy\u0161\u0161iu moc, ak okolnos\u0165 br\u00e1niaca (\u010fal\u0161iemu) plneniu nastane po tom, ako mal zhotovite\u013e splni\u0165 svoj z\u00e1v\u00e4zok.<\/p><p><strong>17.3.<\/strong> Po\u010das p\u00f4sobenia vy\u0161\u0161ej moci sa plnenie povinnost\u00ed zhotovite\u013ea pozastavuje. Ak obdobie, po\u010das ktor\u00e9ho nie je mo\u017en\u00e9 plnenie z\u00e1v\u00e4zkov zhotovite\u013ea z d\u00f4vodu vy\u0161\u0161ej moci, trv\u00e1 dlh\u0161ie ako 2 mesiace, obe strany s\u00fa opr\u00e1vnen\u00e9 odst\u00fapi\u0165 od zmluvy bez povinnosti zhotovite\u013ea uhradi\u0165 v takom pr\u00edpade \u0161kodu.<\/p><p><strong>17.4.<\/strong> Ak zhotovite\u013e v \u010dase vzniku vy\u0161\u0161ej moci u\u017e \u010das\u0165 svojich z\u00e1v\u00e4zkov splnil alebo ich m\u00f4\u017ee splni\u0165 len \u010diasto\u010dne, je opr\u00e1vnen\u00fd fakturova\u0165 u\u017e splnen\u00fa alebo vykonate\u013en\u00fa \u010das\u0165 samostatne. V takom pr\u00edpade je zhotovite\u013e povinn\u00fd t\u00fato fakt\u00faru uhradi\u0165, akoby i\u0161lo o samostatn\u00fa zmluvu. To v\u0161ak neplat\u00ed, ak u\u017e vykonan\u00e1 alebo vykonate\u013en\u00e1 \u010das\u0165 nem\u00e1 samostatn\u00fa hodnotu.<\/p><h3>\u010cl\u00e1nok 18. Rie\u0161enie sporov<\/h3><p>Ak nie je pr\u00edslu\u0161n\u00fd kanton\u00e1lny s\u00fad, je na rozhodovanie sporov pr\u00edslu\u0161n\u00fd v\u00fdlu\u010dne s\u00fad v mieste bydliska zhotovite\u013ea. Zhotovite\u013e je v\u0161ak opr\u00e1vnen\u00fd \u017ealova\u0165 svoju protistranu na s\u00fade, ktor\u00fd je pr\u00edslu\u0161n\u00fd pod\u013ea z\u00e1kona.<\/p><h3>\u010cl\u00e1nok 19. Uplatnite\u013en\u00e9 pr\u00e1vo<\/h3><p>Ka\u017ed\u00e1 dohoda medzi dod\u00e1vate\u013eom a objedn\u00e1vate\u013eom sa riadi holandsk\u00fdm pr\u00e1vom.<\/p><h3>\u010cl\u00e1nok 20. Zmena a umiestnenie podmienok<\/h3><p>V\u017edy plat\u00ed posledn\u00e1 podan\u00e1 verzia alebo verzia platn\u00e1 v \u010dase uzavretia tejto zmluvy.<\/p><p><em>Posledn\u00e9 zmeny v Hendrik-Ido-Ambacht 1. septembra 2019.<\/em><\/p>\t\t\t\t\t\t\t\t<\/div>\n\t\t\t\t<\/div>\n\t\t\t\t\t<\/div>\n\t\t<\/div>\n\t\t\t\t\t<\/div>\n\t\t<\/section>\n\t\t\t\t<\/div>","protected":false},"excerpt":{"rendered":"<p>Algemene voorwaarden van: \u2018STERK Inboedels\u2019, gevestigd en kantoorhoudende aan de &#8216;Nijverheidsweg 46c in Hendrik-Ido-Ambacht hierna te noemen de opdrachtnemer, ingeschreven bij de Kamer van Koophandel onder inschrijvingsnummer. Artikel 1. Definities In deze algemene voorwaarden wordt onder \u2019opdrachtnemer\u2019 verstaan &#8216;STERK Inboedel&#8217;, gevestigd aan de Nijverheidsweg 46c te Hendrik-Ido-Ambacht. Artikel 2. Toepasselijkheid van deze voorwaarden Deze voorwaarden [&hellip;]<\/p>\n","protected":false},"author":1,"featured_media":0,"parent":0,"menu_order":3,"comment_status":"closed","ping_status":"closed","template":"","meta":{"inline_featured_image":false,"footnotes":""},"categories":[15],"tags":[],"class_list":["post-362","page","type-page","status-publish","hentry","category-administratief"],"blocksy_meta":{"styles_descriptor":{"styles":{"desktop":"","tablet":"","mobile":""},"google_fonts":[],"version":6}},"_links":{"self":[{"href":"https:\/\/sterkontruimingen.nl\/sk\/wp-json\/wp\/v2\/pages\/362","targetHints":{"allow":["GET"]}}],"collection":[{"href":"https:\/\/sterkontruimingen.nl\/sk\/wp-json\/wp\/v2\/pages"}],"about":[{"href":"https:\/\/sterkontruimingen.nl\/sk\/wp-json\/wp\/v2\/types\/page"}],"author":[{"embeddable":true,"href":"https:\/\/sterkontruimingen.nl\/sk\/wp-json\/wp\/v2\/users\/1"}],"replies":[{"embeddable":true,"href":"https:\/\/sterkontruimingen.nl\/sk\/wp-json\/wp\/v2\/comments?post=362"}],"version-history":[{"count":0,"href":"https:\/\/sterkontruimingen.nl\/sk\/wp-json\/wp\/v2\/pages\/362\/revisions"}],"wp:attachment":[{"href":"https:\/\/sterkontruimingen.nl\/sk\/wp-json\/wp\/v2\/media?parent=362"}],"wp:term":[{"taxonomy":"category","embeddable":true,"href":"https:\/\/sterkontruimingen.nl\/sk\/wp-json\/wp\/v2\/categories?post=362"},{"taxonomy":"post_tag","embeddable":true,"href":"https:\/\/sterkontruimingen.nl\/sk\/wp-json\/wp\/v2\/tags?post=362"}],"curies":[{"name":"wp","href":"https:\/\/api.w.org\/{rel}","templated":true}]}}