{"id":335,"date":"2020-01-02T08:31:17","date_gmt":"2020-01-02T08:31:17","guid":{"rendered":"http:\/\/sterkontruimingen.nl\/?page_id=335"},"modified":"2020-04-18T17:52:14","modified_gmt":"2020-04-18T15:52:14","slug":"nudzove-povolenia","status":"publish","type":"page","link":"https:\/\/sterkontruimingen.nl\/sk\/spoedontruimingen\/","title":{"rendered":"N\u00fadzov\u00e9 povolenia"},"content":{"rendered":"<div data-elementor-type=\"wp-page\" data-elementor-id=\"335\" class=\"elementor elementor-335\" data-elementor-post-type=\"page\">\n\t\t\t\t\t\t<section class=\"elementor-section elementor-top-section elementor-element elementor-element-2cc527d elementor-section-boxed elementor-section-height-default elementor-section-height-default\" data-id=\"2cc527d\" data-element_type=\"section\" data-e-type=\"section\">\n\t\t\t\t\t\t<div class=\"elementor-container elementor-column-gap-default\">\n\t\t\t\t\t<div class=\"elementor-column elementor-col-50 elementor-top-column elementor-element elementor-element-72877fe\" data-id=\"72877fe\" data-element_type=\"column\" data-e-type=\"column\">\n\t\t\t<div class=\"elementor-widget-wrap elementor-element-populated\">\n\t\t\t\t\t\t<div class=\"elementor-element elementor-element-05470eb elementor-widget elementor-widget-heading\" data-id=\"05470eb\" data-element_type=\"widget\" data-e-type=\"widget\" data-widget_type=\"heading.default\">\n\t\t\t\t<div class=\"elementor-widget-container\">\n\t\t\t\t\t<h1 class=\"elementor-heading-title elementor-size-default\">N\u00fadzov\u00e9 odbavenie<\/h1>\t\t\t\t<\/div>\n\t\t\t\t<\/div>\n\t\t\t\t<div class=\"elementor-element elementor-element-e61a5d2 elementor-widget elementor-widget-text-editor\" data-id=\"e61a5d2\" data-element_type=\"widget\" data-e-type=\"widget\" data-widget_type=\"text-editor.default\">\n\t\t\t\t<div class=\"elementor-widget-container\">\n\t\t\t\t\t\t\t\t\t<p>V niektor\u00fdch pr\u00edpadoch <a href=\"http:\/\/sterkontruimingen.nl\/sk\/ontruiming\/vypratanie-domu\/\">vypratanie domu<\/a> nehnute\u013enos\u0165 mus\u00ed by\u0165 pr\u00e1zdna do 24 - 48 hod\u00edn. A <b>urgentn\u00e9 vypratanie domu<\/b> je pre be\u017en\u00fa dom\u00e1cnos\u0165 \u010dasto nerealizovate\u013en\u00e1. Tu v\u00e1m m\u00f4\u017ee pom\u00f4c\u0165 spolo\u010dnos\u0165 STERK.<\/p>\t\t\t\t\t\t\t\t<\/div>\n\t\t\t\t<\/div>\n\t\t\t\t<div class=\"elementor-element elementor-element-3491a03 elementor-widget elementor-widget-text-editor\" data-id=\"3491a03\" data-element_type=\"widget\" data-e-type=\"widget\" data-widget_type=\"text-editor.default\">\n\t\t\t\t<div class=\"elementor-widget-container\">\n\t\t\t\t\t\t\t\t\t<p>N\u00fadzov\u00e9 vyprat\u00e1vanie domu si vy\u017eaduje d\u00f4kladn\u00e9 pl\u00e1novanie, fyzick\u00e9 v\u00fdzvy a profesion\u00e1lne materi\u00e1ly na r\u00fdchle a presn\u00e9 vypratanie v\u00e1\u0161ho domu alebo opatrovate\u013eskej miestnosti s presnos\u0165ou a \u00fa\u010dinnos\u0165ou \"be\u017en\u00e9ho\" vyprat\u00e1vania domu.<\/p>\t\t\t\t\t\t\t\t<\/div>\n\t\t\t\t<\/div>\n\t\t\t\t<div class=\"elementor-element elementor-element-cf21846 elementor-widget elementor-widget-text-editor\" data-id=\"cf21846\" data-element_type=\"widget\" data-e-type=\"widget\" data-widget_type=\"text-editor.default\">\n\t\t\t\t<div class=\"elementor-widget-container\">\n\t\t\t\t\t\t\t\t\t<p>V spolo\u010dnosti STERK sme v\u017edy pripraven\u00ed na najv\u00e4\u010d\u0161ie v\u00fdzvy, preto\u017ee nikdy neviete, s \u010d\u00edm sa stretnete. V ka\u017edom pr\u00edpade sme urobili v\u0161etky pr\u00edpravy, aby sme v\u00e1m zaru\u010dili, \u017ee v\u00e1\u0161 dom bude odovzdan\u00fd pr\u00e1zdny a upratan\u00fd na\u010das.<\/p>\t\t\t\t\t\t\t\t<\/div>\n\t\t\t\t<\/div>\n\t\t\t\t<div class=\"elementor-element elementor-element-721bc72 elementor-widget elementor-widget-text-editor\" data-id=\"721bc72\" data-element_type=\"widget\" data-e-type=\"widget\" data-widget_type=\"text-editor.default\">\n\t\t\t\t<div class=\"elementor-widget-container\">\n\t\t\t\t\t\t\t\t\t<div class=\"homepage-content\">\n<p>Vynaklad\u00e1me ve\u013ek\u00e9 \u00fasilie, aby sme zistili, \u010di m\u00f4\u017eeme da\u0165 va\u0161im veciam druh\u00fd \u017eivot. Pon\u00fakame ich na&nbsp;<a href=\"http:\/\/sterkontruimingen.nl\/sk\/o-silnych\/mvo\/\" target=\"_blank\">obchod s \u00fasporami<\/a>&nbsp;s ktor\u00fdmi spolupracujeme.<\/p>\n<\/div>\t\t\t\t\t\t\t\t<\/div>\n\t\t\t\t<\/div>\n\t\t\t\t<div class=\"elementor-element elementor-element-18b55d1 elementor-widget elementor-widget-button\" data-id=\"18b55d1\" data-element_type=\"widget\" data-e-type=\"widget\" data-widget_type=\"button.default\">\n\t\t\t\t<div class=\"elementor-widget-container\">\n\t\t\t\t\t\t\t\t\t<div class=\"elementor-button-wrapper\">\n\t\t\t\t\t<a class=\"elementor-button elementor-button-link elementor-size-md\" href=\"#elementor-action%3Aaction%3Dpopup%3Aopen%26settings%3DeyJpZCI6IjMyNSIsInRvZ2dsZSI6ZmFsc2V9\">\n\t\t\t\t\t\t<span class=\"elementor-button-content-wrapper\">\n\t\t\t\t\t\t\t\t\t<span class=\"elementor-button-text\">Dohodnite si pohotovostn\u00fa sch\u00f4dzku<\/span>\n\t\t\t\t\t<\/span>\n\t\t\t\t\t<\/a>\n\t\t\t\t<\/div>\n\t\t\t\t\t\t\t\t<\/div>\n\t\t\t\t<\/div>\n\t\t\t\t\t<\/div>\n\t\t<\/div>\n\t\t\t\t<div class=\"elementor-column elementor-col-50 elementor-top-column elementor-element elementor-element-4fbc364\" data-id=\"4fbc364\" data-element_type=\"column\" data-e-type=\"column\">\n\t\t\t<div class=\"elementor-widget-wrap elementor-element-populated\">\n\t\t\t\t\t\t<div class=\"elementor-element elementor-element-c380e32 elementor-widget elementor-widget-image\" data-id=\"c380e32\" data-element_type=\"widget\" data-e-type=\"widget\" data-widget_type=\"image.default\">\n\t\t\t\t<div class=\"elementor-widget-container\">\n\t\t\t\t\t\t\t\t\t\t\t\t\t\t\t<img fetchpriority=\"high\" decoding=\"async\" width=\"1024\" height=\"1024\" src=\"https:\/\/sterkontruimingen.nl\/wp-content\/uploads\/2020\/01\/plaatje-spoedontruiming-1024x1024.png\" class=\"attachment-large size-large wp-image-393\" alt=\"obr\u00e1zok n\u00fadzov\u00e9ho odbavenia\" srcset=\"https:\/\/sterkontruimingen.nl\/wp-content\/uploads\/2020\/01\/plaatje-spoedontruiming-1024x1024.png 1024w, https:\/\/sterkontruimingen.nl\/wp-content\/uploads\/2020\/01\/plaatje-spoedontruiming-300x300.png 300w, https:\/\/sterkontruimingen.nl\/wp-content\/uploads\/2020\/01\/plaatje-spoedontruiming-150x150.png 150w, https:\/\/sterkontruimingen.nl\/wp-content\/uploads\/2020\/01\/plaatje-spoedontruiming-768x768.png 768w, https:\/\/sterkontruimingen.nl\/wp-content\/uploads\/2020\/01\/plaatje-spoedontruiming.png 1280w\" sizes=\"(max-width: 1024px) 100vw, 1024px\" \/>\t\t\t\t\t\t\t\t\t\t\t\t\t\t\t<\/div>\n\t\t\t\t<\/div>\n\t\t\t\t\t<\/div>\n\t\t<\/div>\n\t\t\t\t\t<\/div>\n\t\t<\/section>\n\t\t\t\t<\/div>","protected":false},"excerpt":{"rendered":"<p>Spoedontruiming In sommige gevallen van woningontruiming moet het pand binnen 24 &#8211; 48 uur leeg zijn. Een woningontruiming met spoed is vaak niet haalbaar voor een gemiddeld huishouden. Hier kan STERK bij helpen. Woningontruiming met spoed vergt een strakke planning, fysieke uitdagingen en professionele materialen om snel \u00e9n nauwkeurig je woning of zorgkamer te ontruimen, [&hellip;]<\/p>\n","protected":false},"author":1,"featured_media":0,"parent":0,"menu_order":17,"comment_status":"closed","ping_status":"closed","template":"","meta":{"inline_featured_image":false,"footnotes":""},"categories":[1],"tags":[],"class_list":["post-335","page","type-page","status-publish","hentry","category-website"],"blocksy_meta":{"styles_descriptor":{"styles":{"desktop":"","tablet":"","mobile":""},"google_fonts":[],"version":6}},"_links":{"self":[{"href":"https:\/\/sterkontruimingen.nl\/sk\/wp-json\/wp\/v2\/pages\/335","targetHints":{"allow":["GET"]}}],"collection":[{"href":"https:\/\/sterkontruimingen.nl\/sk\/wp-json\/wp\/v2\/pages"}],"about":[{"href":"https:\/\/sterkontruimingen.nl\/sk\/wp-json\/wp\/v2\/types\/page"}],"author":[{"embeddable":true,"href":"https:\/\/sterkontruimingen.nl\/sk\/wp-json\/wp\/v2\/users\/1"}],"replies":[{"embeddable":true,"href":"https:\/\/sterkontruimingen.nl\/sk\/wp-json\/wp\/v2\/comments?post=335"}],"version-history":[{"count":0,"href":"https:\/\/sterkontruimingen.nl\/sk\/wp-json\/wp\/v2\/pages\/335\/revisions"}],"wp:attachment":[{"href":"https:\/\/sterkontruimingen.nl\/sk\/wp-json\/wp\/v2\/media?parent=335"}],"wp:term":[{"taxonomy":"category","embeddable":true,"href":"https:\/\/sterkontruimingen.nl\/sk\/wp-json\/wp\/v2\/categories?post=335"},{"taxonomy":"post_tag","embeddable":true,"href":"https:\/\/sterkontruimingen.nl\/sk\/wp-json\/wp\/v2\/tags?post=335"}],"curies":[{"name":"wp","href":"https:\/\/api.w.org\/{rel}","templated":true}]}}