{"id":3094,"date":"2022-06-26T10:55:58","date_gmt":"2022-06-26T08:55:58","guid":{"rendered":"http:\/\/sterkontruimingen.nl\/?page_id=3094"},"modified":"2024-05-27T07:17:15","modified_gmt":"2024-05-27T05:17:15","slug":"expatriantske-sluzby","status":"publish","type":"page","link":"https:\/\/sterkontruimingen.nl\/sk\/expats-service\/","title":{"rendered":"Slu\u017eby pre cudzincov"},"content":{"rendered":"<h2 class=\"wp-block-heading\">Vy\u00fa\u010dtovanie expatov<\/h2>\n\n\n\n<p>\u0160peci\u00e1lne slu\u017eby pre expatov poskytuje STERK ontruimingen. T\u00e1to spolo\u010dnos\u0165, ktor\u00e1 sa nach\u00e1dza v centre Randstadu medzi ve\u013ek\u00fdmi mestami Dordrecht a Rotterdam, vyprat\u00e1va domy, byty, apartm\u00e1ny, domy pri kan\u00e1loch, vily, mestsk\u00e9 domy, rodinn\u00e9 domy pre expatov.<\/p>\n\n\n\n<h2 class=\"wp-block-heading\">Emigrujte bez ob\u00e1v<\/h2>\n\n\n\n<p>Pre cudzincov vypratanie znamen\u00e1, \u017ee sa odstr\u00e1nia a zlikviduj\u00fa zvy\u0161n\u00e9 veci z dom\u00e1cnosti a dom sa odovzd\u00e1 \u010dist\u00fd v s\u00falade s po\u017eiadavkami prenaj\u00edmate\u013ea alebo kupuj\u00faceho. Expatrianti m\u00f4\u017eu vyu\u017ei\u0165 aj komplexn\u00e9 slu\u017eby, ktor\u00e9 STERK House Clearance poskytuje, ako napr\u00edklad odstr\u00e1nenie kobercov, z\u00e1clon a sie\u0165ov\u00fdch z\u00e1vesov. V pr\u00edpade potreby spolo\u010dnos\u0165 STERK Vys\u0165ahovanie vykon\u00e1 pre expatov aj drobn\u00e9 opravy, ako napr\u00edklad vyplnenie dier v sten\u00e1ch, odstr\u00e1nenie lamin\u00e1tu alebo parkiet, pr\u00edpadne in\u00e9 opravn\u00e9 pr\u00e1ce.<\/p>\n\n\n\n<blockquote class=\"wp-block-quote is-layout-flow wp-block-quote-is-layout-flow\"><p>S man\u017eelom sme sa museli do mesiaca pres\u0165ahova\u0165 do Dubaja. Ke\u010f n\u00e1m to povedali, nevedeli sme, ko\u013eko neporiadku mus\u00edme za ten \u010das, \u010do tam budeme \u017ei\u0165, vy\u010disti\u0165. Zavolali sme strong a oni pri\u0161li do jedn\u00e9ho d\u0148a. Pritom n\u00e1m dali praktick\u00fd zoznam vec\u00ed, na ktor\u00e9 treba myslie\u0165 pri s\u0165ahovan\u00ed a trieden\u00ed na\u0161ich vec\u00ed. Super praktick\u00e9 (tajne som si ho vzala so sebou, ke\u010f sa budeme musie\u0165 znova s\u0165ahova\u0165). Cenov\u00e1 ponuka bola ve\u013emi dobr\u00e1 (nakoniec ju dostal zamestn\u00e1vate\u013e). Do 1 t\u00fd\u017ed\u0148a pri\u0161li s 5-\u010dlenn\u00fdm t\u00edmom a v\u0161etko nalo\u017eili. Za p\u00e1r hod\u00edn bolo v\u0161etko pre\u010d a v ten ist\u00fd de\u0148 bol dom presne tak\u00fd, ako ke\u010f sme sa nas\u0165ahovali. Na na\u0161e prekvapenie nechali super upratan\u00fd aj balk\u00f3n.<\/p><p><\/p><cite>Patricia Kleijne<\/cite><\/blockquote>","protected":false},"excerpt":{"rendered":"<p>House clearance expats Een speciale service voor expats wordt geleverd door STERK ontruimingen. Dit bedrijf, centraal gevestigd in de Randstad tussen de grote steden Dordrecht &amp; Rotterdam, ontruimt woningen, flats, appartementen, grachtenpanden, villa\u2019s, herenhuizen, eengezinswoningen voor expats. Emigreren zonder zorgen Bezemschoon\u00a0ontruimen betekent voor expats dat de overgebleven inboedel wordt opgeruimd en afgevoerd en de woning [&hellip;]<\/p>\n","protected":false},"author":1,"featured_media":3095,"parent":0,"menu_order":0,"comment_status":"closed","ping_status":"closed","template":"","meta":{"inline_featured_image":false,"footnotes":""},"categories":[14],"tags":[],"class_list":["post-3094","page","type-page","status-publish","has-post-thumbnail","hentry","category-landingspaginas"],"blocksy_meta":{"styles_descriptor":{"styles":{"desktop":"","tablet":"","mobile":""},"google_fonts":[],"version":6}},"_links":{"self":[{"href":"https:\/\/sterkontruimingen.nl\/sk\/wp-json\/wp\/v2\/pages\/3094","targetHints":{"allow":["GET"]}}],"collection":[{"href":"https:\/\/sterkontruimingen.nl\/sk\/wp-json\/wp\/v2\/pages"}],"about":[{"href":"https:\/\/sterkontruimingen.nl\/sk\/wp-json\/wp\/v2\/types\/page"}],"author":[{"embeddable":true,"href":"https:\/\/sterkontruimingen.nl\/sk\/wp-json\/wp\/v2\/users\/1"}],"replies":[{"embeddable":true,"href":"https:\/\/sterkontruimingen.nl\/sk\/wp-json\/wp\/v2\/comments?post=3094"}],"version-history":[{"count":1,"href":"https:\/\/sterkontruimingen.nl\/sk\/wp-json\/wp\/v2\/pages\/3094\/revisions"}],"predecessor-version":[{"id":3096,"href":"https:\/\/sterkontruimingen.nl\/sk\/wp-json\/wp\/v2\/pages\/3094\/revisions\/3096"}],"wp:featuredmedia":[{"embeddable":true,"href":"https:\/\/sterkontruimingen.nl\/sk\/wp-json\/wp\/v2\/media\/3095"}],"wp:attachment":[{"href":"https:\/\/sterkontruimingen.nl\/sk\/wp-json\/wp\/v2\/media?parent=3094"}],"wp:term":[{"taxonomy":"category","embeddable":true,"href":"https:\/\/sterkontruimingen.nl\/sk\/wp-json\/wp\/v2\/categories?post=3094"},{"taxonomy":"post_tag","embeddable":true,"href":"https:\/\/sterkontruimingen.nl\/sk\/wp-json\/wp\/v2\/tags?post=3094"}],"curies":[{"name":"wp","href":"https:\/\/api.w.org\/{rel}","templated":true}]}}