{"id":2468,"date":"2021-12-14T11:38:00","date_gmt":"2021-12-14T10:38:00","guid":{"rendered":"http:\/\/sterkontruimingen.nl\/?page_id=2468"},"modified":"2024-05-27T07:45:39","modified_gmt":"2024-05-27T05:45:39","slug":"stretnutie","status":"publish","type":"page","link":"https:\/\/sterkontruimingen.nl\/sk\/ontmoeting\/","title":{"rendered":"Stretnutie"},"content":{"rendered":"<h2 class=\"wp-block-heading\">STERK Evacuations je partnerom pre evaku\u00e1ciu na stretnut\u00ed<\/h2>\n\n\n\n<p>Po smrti bl\u00edzkej osoby s\u00fa za ukon\u010denie \u017eivota zodpovedn\u00ed najbli\u017e\u0161\u00ed pr\u00edbuzn\u00ed. Po\u010das \u0165a\u017ek\u00e9ho obdobia je potrebn\u00e9 v kr\u00e1tkom \u010dase vyrie\u0161i\u0165 nielen pohreb, ale aj evaku\u00e1ciu opatrovate\u013eskej miestnosti. Zvl\u00e1dnutie tejto situ\u00e1cie je pre pozostal\u00e9 rodiny zvy\u010dajne nechcen\u00fdm emocion\u00e1lnym koloto\u010dom (zdrvuj\u00face spomienky) s prek\u00e1\u017ekami(nedostatok \u010dasu alebo dopravy). Na po\u017eiadanie m\u00f4\u017ee starostlivos\u0165 o to prevzia\u0165 spolo\u010dnos\u0165 STERK vys\u0165ahovanie.<\/p>\n\n\n\n<p>Spolo\u010dnos\u0165 STERK Evacuations je partnerom spolo\u010dnosti Stichting Ontmoeting v oblasti evaku\u00e1cie a \u0161pecializuje sa na adekv\u00e1tnu evaku\u00e1ciu miestnost\u00ed ur\u010den\u00fdch na starostlivos\u0165. Ak n\u00e1s po\u017eiadate o vypratanie miestnosti na starostlivos\u0165, m\u00e1te tieto z\u00e1ruky:<\/p>\n\n\n\n<ul class=\"wp-block-list\"><li>\u010cist\u00edme v s\u00falade s po\u017eiadavkami stretnutia.<\/li><li>Predmety z izieb\/apartm\u00e1nov spracov\u00e1vame \u0161etrne a udr\u017eate\u013ene.<\/li><li>Izby starostlivosti uvo\u013e\u0148ujeme 7 dn\u00ed v t\u00fd\u017edni do 48 hod\u00edn.<\/li><li>Za vypratanie izby \u00fa\u010dtujeme pevn\u00fa cenu od 347,50 \u20ac vr\u00e1tane DPH.<\/li><li>Doru\u010dujeme veci z izieb (za pr\u00edplatok) v celom Holandsku.<\/li><li>Darovanie predmetov pre Kruh novej n\u00e1deje<\/li><li>Cena zah\u0155\u0148a pr\u00edpadn\u00fd odvoz na skl\u00e1dku odpadu<\/li><\/ul>\n\n\n\n<p><\/p>","protected":false},"excerpt":{"rendered":"<p>STERK Ontruimingen is ontruimingspartner bij ontmoeting Na het overlijden van een dierbare zijn de nabestaanden verantwoordelijk voor het afronden van het voltooide leven. Tijdens een moeilijke periode moet op korte termijn niet alleen de uitvaart, maar ook de ontruiming van de zorgkamer worden afgehandeld. Het afhandelen hiervan is voor nabestaanden meestal een ongewenste emotionele achtbaan [&hellip;]<\/p>\n","protected":false},"author":1,"featured_media":2470,"parent":0,"menu_order":0,"comment_status":"closed","ping_status":"closed","template":"","meta":{"inline_featured_image":false,"footnotes":""},"categories":[14],"tags":[],"class_list":["post-2468","page","type-page","status-publish","has-post-thumbnail","hentry","category-landingspaginas"],"blocksy_meta":{"styles_descriptor":{"styles":{"desktop":"","tablet":"","mobile":""},"google_fonts":[],"version":6}},"_links":{"self":[{"href":"https:\/\/sterkontruimingen.nl\/sk\/wp-json\/wp\/v2\/pages\/2468","targetHints":{"allow":["GET"]}}],"collection":[{"href":"https:\/\/sterkontruimingen.nl\/sk\/wp-json\/wp\/v2\/pages"}],"about":[{"href":"https:\/\/sterkontruimingen.nl\/sk\/wp-json\/wp\/v2\/types\/page"}],"author":[{"embeddable":true,"href":"https:\/\/sterkontruimingen.nl\/sk\/wp-json\/wp\/v2\/users\/1"}],"replies":[{"embeddable":true,"href":"https:\/\/sterkontruimingen.nl\/sk\/wp-json\/wp\/v2\/comments?post=2468"}],"version-history":[{"count":1,"href":"https:\/\/sterkontruimingen.nl\/sk\/wp-json\/wp\/v2\/pages\/2468\/revisions"}],"predecessor-version":[{"id":4789,"href":"https:\/\/sterkontruimingen.nl\/sk\/wp-json\/wp\/v2\/pages\/2468\/revisions\/4789"}],"wp:featuredmedia":[{"embeddable":true,"href":"https:\/\/sterkontruimingen.nl\/sk\/wp-json\/wp\/v2\/media\/2470"}],"wp:attachment":[{"href":"https:\/\/sterkontruimingen.nl\/sk\/wp-json\/wp\/v2\/media?parent=2468"}],"wp:term":[{"taxonomy":"category","embeddable":true,"href":"https:\/\/sterkontruimingen.nl\/sk\/wp-json\/wp\/v2\/categories?post=2468"},{"taxonomy":"post_tag","embeddable":true,"href":"https:\/\/sterkontruimingen.nl\/sk\/wp-json\/wp\/v2\/tags?post=2468"}],"curies":[{"name":"wp","href":"https:\/\/api.w.org\/{rel}","templated":true}]}}