{"id":227,"date":"2019-12-24T11:44:28","date_gmt":"2019-12-24T11:44:28","guid":{"rendered":"http:\/\/sterkontruimingen.nl\/?page_id=227"},"modified":"2022-05-29T11:26:23","modified_gmt":"2022-05-29T09:26:23","slug":"opravy","status":"publish","type":"page","link":"https:\/\/sterkontruimingen.nl\/sk\/woningontruiming\/herstelwerkzaamheden\/","title":{"rendered":"Opravy"},"content":{"rendered":"<h2 class=\"wp-block-heading\">Od dier v sten\u00e1ch a\u017e po opravu drobn\u00fdch por\u00fach<\/h2>\n\n\n\n<p>Na\u0161e slu\u017eby presahuj\u00fa r\u00e1mec jednoduch\u00e9ho vypratania v\u00e1\u0161ho domu, bytu alebo obchodn\u00fdch priestorov. Pr\u00e1ve pri vyprat\u00e1van\u00ed s\u00fa z\u00e1vady skuto\u010dne vidite\u013en\u00e9. Preto je po vys\u0165ahovan\u00ed takmer v\u017edy potrebn\u00e9 vykona\u0165 opravy.<\/p>\n\n\n\n<p>Ako n\u00e1jomca ste \u010dasto zodpovedn\u00ed za chyby a \u00fapravy, ktor\u00e9 sa vyskytli po\u010das v\u00e1\u0161ho pobytu. Potom mus\u00edte svoj majetok vr\u00e1ti\u0165 do stavu, ktor\u00fd bol stanoven\u00fd pri va\u0161om nas\u0165ahovan\u00ed. Niekedy mus\u00edte nehnute\u013enos\u0165 uvies\u0165 do p\u00f4vodn\u00e9ho stavu. V pr\u00edpade domu ur\u010den\u00e9ho na predaj m\u00f4\u017ee by\u0165 potrebn\u00e9 vykona\u0165 opravy, aby bol pripraven\u00fd na predaj alebo aby bol odovzdan\u00fd pod\u013ea dohody s nov\u00fdm kupuj\u00facim.<\/p>\n\n\n\n<p>Opravy by mali zah\u0155\u0148a\u0165: <\/p>\n\n\n\n<ul class=\"wp-block-list\"><li>Oprava dier v sten\u00e1ch a podlah\u00e1ch<\/li><li>Odstr\u00e1nenie kobercov<\/li><li>N\u00e1tery stien a stropov<\/li><li>Odstr\u00e1nenie tapiet<\/li><li>Oprava (drobn\u00fdch) ch\u00fdb<\/li><li>\u0160peci\u00e1lne po\u017eiadavky z predaja<\/li><\/ul>\n\n\n\n<p>Toto je len n\u00e1znak mo\u017enost\u00ed. Spolo\u010dnos\u0165 STERK v\u00e1m od za\u010diatku pom\u00f4\u017ee odborn\u00fdm poradenstvom a n\u00e1sledne v\u00e1m dod\u00e1 dom \u00faplne pod\u013ea dohody. Ste zvedav\u00ed, \u010do pre v\u00e1s m\u00f4\u017ee urobi\u0165 spolo\u010dnos\u0165 STERK vykl\u00edzenie? Potom n\u00e1s kontaktujte!<\/p>","protected":false},"excerpt":{"rendered":"<p>Van gaten in de muren tot repareren van kleine gebreken Onze diensten gaan verder dan enkel het leegruimen van uw woning, appartement of bedrijfsruimte. Bij het ontruimen worden gebreken pas echt goed zichtbaar. Daarom is het na een ontruiming vrijwel altijd nodig herstelwerkzaamheden uit te voeren. Als huurder bent u vaak verantwoordelijk voor gebreken en [&hellip;]<\/p>\n","protected":false},"author":1,"featured_media":781,"parent":128,"menu_order":0,"comment_status":"closed","ping_status":"closed","template":"","meta":{"inline_featured_image":false,"footnotes":""},"categories":[14],"tags":[],"class_list":["post-227","page","type-page","status-publish","has-post-thumbnail","hentry","category-landingspaginas"],"blocksy_meta":{"styles_descriptor":{"styles":{"desktop":"","tablet":"","mobile":""},"google_fonts":[],"version":6}},"_links":{"self":[{"href":"https:\/\/sterkontruimingen.nl\/sk\/wp-json\/wp\/v2\/pages\/227","targetHints":{"allow":["GET"]}}],"collection":[{"href":"https:\/\/sterkontruimingen.nl\/sk\/wp-json\/wp\/v2\/pages"}],"about":[{"href":"https:\/\/sterkontruimingen.nl\/sk\/wp-json\/wp\/v2\/types\/page"}],"author":[{"embeddable":true,"href":"https:\/\/sterkontruimingen.nl\/sk\/wp-json\/wp\/v2\/users\/1"}],"replies":[{"embeddable":true,"href":"https:\/\/sterkontruimingen.nl\/sk\/wp-json\/wp\/v2\/comments?post=227"}],"version-history":[{"count":1,"href":"https:\/\/sterkontruimingen.nl\/sk\/wp-json\/wp\/v2\/pages\/227\/revisions"}],"predecessor-version":[{"id":2818,"href":"https:\/\/sterkontruimingen.nl\/sk\/wp-json\/wp\/v2\/pages\/227\/revisions\/2818"}],"up":[{"embeddable":true,"href":"https:\/\/sterkontruimingen.nl\/sk\/wp-json\/wp\/v2\/pages\/128"}],"wp:featuredmedia":[{"embeddable":true,"href":"https:\/\/sterkontruimingen.nl\/sk\/wp-json\/wp\/v2\/media\/781"}],"wp:attachment":[{"href":"https:\/\/sterkontruimingen.nl\/sk\/wp-json\/wp\/v2\/media?parent=227"}],"wp:term":[{"taxonomy":"category","embeddable":true,"href":"https:\/\/sterkontruimingen.nl\/sk\/wp-json\/wp\/v2\/categories?post=227"},{"taxonomy":"post_tag","embeddable":true,"href":"https:\/\/sterkontruimingen.nl\/sk\/wp-json\/wp\/v2\/tags?post=227"}],"curies":[{"name":"wp","href":"https:\/\/api.w.org\/{rel}","templated":true}]}}