{"id":2072,"date":"2021-05-08T09:40:31","date_gmt":"2021-05-08T07:40:31","guid":{"rendered":"http:\/\/sterkontruimingen.nl\/?page_id=2072"},"modified":"2021-08-08T13:12:36","modified_gmt":"2021-08-08T11:12:36","slug":"vypratavanie-domu-hendrik-ido-ambacht","status":"publish","type":"page","link":"https:\/\/sterkontruimingen.nl\/sk\/woningontruiming-hendrik-ido-ambacht\/","title":{"rendered":"\u010cistenie domu Hendrik-Ido-Ambacht"},"content":{"rendered":"<h2 class=\"wp-block-heading\">Vyprat\u00e1vanie domu v Hendrik-Ido-Ambacht<\/h2>\n\n\n\n<p>Hendrik-Ido-Ambacht je domovskou z\u00e1klad\u0148ou spolo\u010dnosti STERK House Clearance. Od roku 2019 tu za\u010d\u00edname pom\u00e1ha\u0165 \u013eu\u010fom vyprat\u00e1va\u0165, vypr\u00e1zd\u0148ova\u0165 a rozobera\u0165 domy, byty, opatrovate\u013esk\u00e9 miestnosti, podkrovia a k\u00f4lne. Preto je fajn, \u017ee existuj\u00fa spolo\u010dnosti ako STERK, kde m\u00f4\u017eete v pr\u00edpade potreby vyu\u017ei\u0165 na\u0161e slu\u017eby vyprat\u00e1vania. M\u00e1te nehnute\u013enos\u0165 (dom, byt, opatrovate\u013esk\u00fa izbu alebo dom s opatrovate\u013eskou slu\u017ebou), ktor\u00fa potrebujete vyprata\u0165 v Ambachte? Potom v\u00e1m STERK m\u00f4\u017ee pom\u00f4c\u0165! Spolo\u010dnos\u0165 STERK m\u00e1 bohat\u00e9 sk\u00fasenosti s vyprat\u00e1van\u00edm domov v Hendrik-Ido-Ambacht vr\u00e1tane izieb pre opatrovate\u013eky, izieb v domoch s opatrovate\u013eskou slu\u017ebou, bytov a chr\u00e1nen\u00fdch bytov v Hendrik-Ido-Ambacht a okol\u00ed. Vyprat\u00e1vame \u00faplne pod\u013ea po\u017eiadaviek a \u017eelan\u00ed majite\u013ea bytu, bytov\u00e9ho dru\u017estva, realitnej kancel\u00e1rie alebo domova d\u00f4chodcov.<\/p>\n\n\n\n<p>Po\u010das <strong>Vyprat\u00e1vanie domu v Hendrik-Ido-Ambacht<\/strong> m\u00f4\u017eeme vykon\u00e1va\u0165 v\u0161etky druhy pr\u00e1c, ako je odstra\u0148ovanie kobercov, tapiet alebo skrutiek a klincov. Opravujeme aj diery v sten\u00e1ch. M\u00f4\u017eeme tie\u017e premiestni\u0165 nepotrebn\u00e9, ale st\u00e1le pou\u017eite\u013en\u00e9 predmety <a href=\"http:\/\/sterkontruimingen.nl\/sk\/o-silnych\/\">dobr\u00e9 ciele<\/a> prinies\u0165 na op\u00e4tovn\u00e9 pou\u017eitie a odpad v\u017edy likvidujeme ekologicky zodpovedn\u00fdm sp\u00f4sobom. Skvel\u00e9 je, \u017ee \u010dasto pracujeme vo va\u0161ej oblasti Ambachtu, tak\u017ee sa m\u00f4\u017eeme r\u00fdchlo pusti\u0165 do pr\u00e1ce. <\/p>\n\n\n\n<div class=\"wp-block-columns is-layout-flex wp-container-core-columns-is-layout-28f84493 wp-block-columns-is-layout-flex\">\n<div class=\"wp-block-column is-layout-flow wp-block-column-is-layout-flow\">\n<h3 class=\"wp-block-heading\">STAROSTLIVOS\u0164 v Hendrik-Ido-Ambacht ROZVINUT\u00c9<\/h3>\n\n\n\n<p>H\u013ead\u00e1te v HENDRIK-IDO-AMBACHT a v okol\u00ed subjekt, ktor\u00fd by vypratal va\u0161u opatrovate\u013esk\u00fa izbu alebo opatrovate\u013esk\u00fa izbu va\u0161ich rodi\u010dov. Potom n\u00e1s kontaktujte a vy\u017eiadajte si nez\u00e1v\u00e4zn\u00fa cenov\u00fa ponuku.<\/p>\n\n\n\n<h3 class=\"wp-block-heading\">Vy\u010distenie z\u00e1hrady alebo pr\u00edstre\u0161ku v HENDRIK-IDO-AMBACHT<\/h3>\n\n\n\n<p>Niekedy pre stromy nevid\u00edte drevo. Vtedy v\u00e1m pr\u00edde vhod pomoc odborn\u00edka na upratovanie v Hendrik-Ido-Ambacht. Pr\u00eddeme a, pr\u00edslove\u010dne povedan\u00e9, pohrabeme cel\u00fa va\u0161u z\u00e1hradu alebo k\u00f4l\u0148u. Samozrejme, po konzult\u00e1cii, \u010do si e\u0161te chcete alebo nechcete necha\u0165.<\/p>\n\n\n\n<h3 class=\"wp-block-heading\">SAMO\u010cISTENIE V HENDRIK-IDO-AMBACHT<\/h3>\n\n\n\n<p>Ak by ste chceli za\u010da\u0165 s vlastn\u00fdm vyprat\u00e1van\u00edm domu v Hendrik-Ido-Ambacht, ale neviete, kde za\u010da\u0165. Radi v\u00e1m pom\u00f4\u017eeme tipmi a radami. Okrem toho v\u00e1m potom m\u00f4\u017eeme pom\u00f4c\u0165 pri \u010fal\u0161om vyprat\u00e1van\u00ed v\u00e1\u0161ho domu v Ambachte.<\/p>\n\n\n\n<h3 class=\"wp-block-heading\">Vy\u00fa\u010dtovanie nehnute\u013enost\u00ed v meste HENDRIK-IDO-AMBACHT<\/h3>\n\n\n\n<p>Chceli by ste sa postara\u0165 o vypratanie domu v Hendrik-Ido-Ambacht? Potom ste na spr\u00e1vnom mieste. Z na\u0161ej pobo\u010dky STERK House Clearance Hendrik-Ido-Ambacht v\u00e1m \u013eahko a r\u00fdchlo pom\u00f4\u017eeme vyprata\u0165 v\u00e1\u0161 dom v kr\u00e1tkom \u010dase.<\/p>\n<\/div>\n\n\n\n<div class=\"wp-block-column is-layout-flow wp-block-column-is-layout-flow\">\n<h3 class=\"wp-block-heading\">Upratovanie izby v domove d\u00f4chodcov v HENDRIK-IDO-AMBACHT<\/h3>\n\n\n\n<p>Spolo\u010dnos\u0165 STERK v\u00e1s zbav\u00ed v\u0161etk\u00fdch starost\u00ed. Ke\u010f\u017ee \u010dasto pracujeme v Ambachte, m\u00f4\u017eeme ve\u013emi r\u00fdchlo <a href=\"http:\/\/sterkontruimingen.nl\/sk\/evakuacia-osetrovne\/\" class=\"rank-math-link\">va\u0161a izba v domove d\u00f4chodcov alebo opatrovate\u013esk\u00e1 izba<\/a> doda\u0165 \u010dist\u00fa utierku za slu\u0161n\u00fa cenu.<\/p>\n\n\n\n<h3 class=\"wp-block-heading\">Upratovanie o\u0161etrovate\u013eskej miestnosti v HENDRIK-IDO-AMBACHT<\/h3>\n\n\n\n<p>Spolo\u010dnos\u0165 STERK v\u00e1s zbav\u00ed v\u0161etk\u00fdch starost\u00ed. Preto\u017ee pracujeme bl\u00edzko v Hendrik-Ido-Ambacht. Za slu\u0161n\u00fa cenu v\u00e1m v kr\u00e1tkom \u010dase dod\u00e1me vytret\u00fa izbu.<\/p>\n\n\n\n<h3 class=\"wp-block-heading\">Z\u00fa\u010dtovanie po smrti v hendrik-ido-ambacht<\/h3>\n\n\n\n<p>Ke\u010f v\u00e1m zomrie bl\u00edzka osoba, posledn\u00e1 vec, ktorej chcete venova\u0165 pozornos\u0165, je vyprat\u00e1vanie alebo vyprat\u00e1vanie bytu va\u0161ej bl\u00edzkej osoby. Spolo\u010dnos\u0165 STERK sa zav\u00e4zuje \u010do najr\u00fdchlej\u0161ie alebo dokonca urgentne vyprata\u0165 dom alebo miestnos\u0165 s \u00factou k majetku a zosnul\u00e9mu. Okrem toho vo va\u0161om mene darujeme v\u0161etky veci, ktor\u00e9 sa u\u017e daj\u00fa preda\u0165, nad\u00e1cii Nov\u00e1 n\u00e1dej, ktor\u00e1 sa okrem in\u00e9ho venuje boju proti osamelosti.<\/p>\n<\/div>\n<\/div>","protected":false},"excerpt":{"rendered":"<p>Woning ontruiming in Hendrik-Ido-Ambacht Hendrik-Ido-Ambacht is de thuisbasis van STERK Woningontruiming. Sinds 2019 zijn we hier begonnen om mensen te helpen met het ontruimen, leeghalen en strippen van woningen, appartementen, zorgkamers, zolders en schuren. Daarom is het fijn dat er bedrijven zijn als STERK waar u, indien u het nodig heeft, gebruik kan maken van [&hellip;]<\/p>\n","protected":false},"author":1,"featured_media":2078,"parent":0,"menu_order":10,"comment_status":"closed","ping_status":"closed","template":"","meta":{"inline_featured_image":false,"footnotes":""},"categories":[14],"tags":[],"class_list":["post-2072","page","type-page","status-publish","has-post-thumbnail","hentry","category-landingspaginas"],"blocksy_meta":{"styles_descriptor":{"styles":{"desktop":"","tablet":"","mobile":""},"google_fonts":[],"version":6}},"_links":{"self":[{"href":"https:\/\/sterkontruimingen.nl\/sk\/wp-json\/wp\/v2\/pages\/2072","targetHints":{"allow":["GET"]}}],"collection":[{"href":"https:\/\/sterkontruimingen.nl\/sk\/wp-json\/wp\/v2\/pages"}],"about":[{"href":"https:\/\/sterkontruimingen.nl\/sk\/wp-json\/wp\/v2\/types\/page"}],"author":[{"embeddable":true,"href":"https:\/\/sterkontruimingen.nl\/sk\/wp-json\/wp\/v2\/users\/1"}],"replies":[{"embeddable":true,"href":"https:\/\/sterkontruimingen.nl\/sk\/wp-json\/wp\/v2\/comments?post=2072"}],"version-history":[{"count":0,"href":"https:\/\/sterkontruimingen.nl\/sk\/wp-json\/wp\/v2\/pages\/2072\/revisions"}],"wp:featuredmedia":[{"embeddable":true,"href":"https:\/\/sterkontruimingen.nl\/sk\/wp-json\/wp\/v2\/media\/2078"}],"wp:attachment":[{"href":"https:\/\/sterkontruimingen.nl\/sk\/wp-json\/wp\/v2\/media?parent=2072"}],"wp:term":[{"taxonomy":"category","embeddable":true,"href":"https:\/\/sterkontruimingen.nl\/sk\/wp-json\/wp\/v2\/categories?post=2072"},{"taxonomy":"post_tag","embeddable":true,"href":"https:\/\/sterkontruimingen.nl\/sk\/wp-json\/wp\/v2\/tags?post=2072"}],"curies":[{"name":"wp","href":"https:\/\/api.w.org\/{rel}","templated":true}]}}