{"id":207,"date":"2019-12-24T11:43:06","date_gmt":"2019-12-24T11:43:06","guid":{"rendered":"http:\/\/sterkontruimingen.nl\/?page_id=207"},"modified":"2022-05-27T10:54:36","modified_gmt":"2022-05-27T08:54:36","slug":"vystahovanie-konopnej-farmy","status":"publish","type":"page","link":"https:\/\/sterkontruimingen.nl\/sk\/woningontruiming\/hennepkwekerij-ontruiming\/","title":{"rendered":"Vy\u010distenie konopnej \u0161k\u00f4lky"},"content":{"rendered":"<div data-elementor-type=\"wp-page\" data-elementor-id=\"207\" class=\"elementor elementor-207\" data-elementor-post-type=\"page\">\n\t\t\t\t\t\t<section class=\"elementor-section elementor-top-section elementor-element elementor-element-c3fb0fc elementor-section-height-min-height elementor-section-boxed elementor-section-height-default elementor-section-items-middle\" data-id=\"c3fb0fc\" data-element_type=\"section\" data-e-type=\"section\" data-settings=\"{&quot;background_background&quot;:&quot;classic&quot;,&quot;shape_divider_bottom&quot;:&quot;tilt&quot;}\">\n\t\t\t\t\t\t\t<div class=\"elementor-background-overlay\"><\/div>\n\t\t\t\t\t\t<div class=\"elementor-shape elementor-shape-bottom\" aria-hidden=\"true\" data-negative=\"false\">\n\t\t\t<svg xmlns=\"http:\/\/www.w3.org\/2000\/svg\" viewbox=\"0 0 1000 100\" preserveaspectratio=\"none\">\n\t<path class=\"elementor-shape-fill\" d=\"M0,6V0h1000v100L0,6z\"\/>\n<\/svg>\t\t<\/div>\n\t\t\t\t\t<div class=\"elementor-container elementor-column-gap-no\">\n\t\t\t\t\t<div class=\"elementor-column elementor-col-100 elementor-top-column elementor-element elementor-element-5765b9d\" data-id=\"5765b9d\" data-element_type=\"column\" data-e-type=\"column\">\n\t\t\t<div class=\"elementor-widget-wrap elementor-element-populated\">\n\t\t\t\t\t\t<div class=\"elementor-element elementor-element-bda7600 elementor-widget elementor-widget-heading\" data-id=\"bda7600\" data-element_type=\"widget\" data-e-type=\"widget\" data-widget_type=\"heading.default\">\n\t\t\t\t<div class=\"elementor-widget-container\">\n\t\t\t\t\t<h1 class=\"elementor-heading-title elementor-size-default\">Odstra\u0148ovanie konopn\u00fdch plant\u00e1\u017e\u00ed<\/h1>\t\t\t\t<\/div>\n\t\t\t\t<\/div>\n\t\t\t\t\t<\/div>\n\t\t<\/div>\n\t\t\t\t\t<\/div>\n\t\t<\/section>\n\t\t\t\t<section class=\"elementor-section elementor-top-section elementor-element elementor-element-b056022 elementor-section-boxed elementor-section-height-default elementor-section-height-default\" data-id=\"b056022\" data-element_type=\"section\" data-e-type=\"section\">\n\t\t\t\t\t\t<div class=\"elementor-container elementor-column-gap-no\">\n\t\t\t\t\t<div class=\"elementor-column elementor-col-66 elementor-top-column elementor-element elementor-element-fb484de\" data-id=\"fb484de\" data-element_type=\"column\" data-e-type=\"column\">\n\t\t\t<div class=\"elementor-widget-wrap elementor-element-populated\">\n\t\t\t\t\t\t<div class=\"elementor-element elementor-element-83436c9 elementor-widget elementor-widget-image\" data-id=\"83436c9\" data-element_type=\"widget\" data-e-type=\"widget\" data-widget_type=\"image.default\">\n\t\t\t\t<div class=\"elementor-widget-container\">\n\t\t\t\t\t\t\t\t\t\t\t\t\t\t\t<img fetchpriority=\"high\" decoding=\"async\" width=\"800\" height=\"250\" src=\"https:\/\/sterkontruimingen.nl\/wp-content\/uploads\/2019\/12\/STERK-wiet-plantage.jpg\" class=\"attachment-large size-large wp-image-258\" alt=\"V\u00fdsadba silnej buriny\" srcset=\"https:\/\/sterkontruimingen.nl\/wp-content\/uploads\/2019\/12\/STERK-wiet-plantage.jpg 800w, https:\/\/sterkontruimingen.nl\/wp-content\/uploads\/2019\/12\/STERK-wiet-plantage-300x94.jpg 300w, https:\/\/sterkontruimingen.nl\/wp-content\/uploads\/2019\/12\/STERK-wiet-plantage-768x240.jpg 768w\" sizes=\"(max-width: 800px) 100vw, 800px\" \/>\t\t\t\t\t\t\t\t\t\t\t\t\t\t\t<\/div>\n\t\t\t\t<\/div>\n\t\t\t\t<div class=\"elementor-element elementor-element-6d84fa0 elementor-widget elementor-widget-text-editor\" data-id=\"6d84fa0\" data-element_type=\"widget\" data-e-type=\"widget\" data-widget_type=\"text-editor.default\">\n\t\t\t\t<div class=\"elementor-widget-container\">\n\t\t\t\t\t\t\t\t\t<p>V s\u00fa\u010dasnosti sa v Holandsku a susedn\u00fdch krajin\u00e1ch st\u00e1le denne likviduj\u00fa konopn\u00e9 plant\u00e1\u017ee, a to v s\u00fakromnom aj podnikate\u013eskom sektore. M\u00f4\u017ee sa sta\u0165, \u017ee ste sa pr\u00e1ve vy stali obe\u0165ou zlo\u010dineckej organiz\u00e1cie, ktor\u00e1 zneu\u017eila v\u00e1\u0161 prenajat\u00fd dom \/ k\u00fapu alebo obchodn\u00e9 priestory na plant\u00e1\u017e konope \/ buriny. Ak ste objavili konopn\u00fa farmu, prv\u00e9, \u010do mus\u00edte urobi\u0165, je zavola\u0165 pol\u00edciu. Pol\u00edcia sa pr\u00edde pozrie\u0165 a zabezpe\u010d\u00ed odstr\u00e1nenie a zni\u010denie v\u0161etk\u00fdch predmetov s\u00favisiacich s materi\u00e1lom na pestovanie.<\/p>\n<p><br><\/p>\n<p>Neporiadok a haraburdy, ktor\u00e9 po sebe zanechali, s\u00fa \u010dasto tak\u00e9 obrovsk\u00e9 a neusporiadan\u00e9, \u017ee pravdepodobne nem\u00e1te \u017eiadnu \u0161ancu da\u0165 v\u0161etko do poriadku. S t\u00fdm v\u00e1m m\u00f4\u017ee pom\u00f4c\u0165 spolo\u010dnos\u0165 Heijmans House Clearance. Zabezpe\u010d\u00edme, aby sa dom alebo pozemok vr\u00e1til do dobr\u00e9ho stavu a aby sa v\u0161etky zvy\u0161n\u00e9 materi\u00e1ly zlikvidovali zodpovedne a \u010do naj\u0161etrnej\u0161ie k \u017eivotn\u00e9mu prostrediu.<\/p>\n<p><br><\/p>\n<p>Spolo\u010dnos\u0165 STERK sa s rados\u0165ou postar\u00e1 o vy\u010distenie konopn\u00fdch plant\u00e1\u017e\u00ed \/ vy\u010distenie plant\u00e1\u017e\u00ed od buriny. Skvel\u00e9 slu\u017eby a konkurencieschopn\u00e9 ceny!<\/p>\n<p>Ak chcete z\u00edska\u0165 viac inform\u00e1ci\u00ed o odstra\u0148ovan\u00ed zvy\u0161kov konopnej plant\u00e1\u017ee, nev\u00e1hajte n\u00e1s kontaktova\u0165.Na\u0161i \u013eudia sa s vami radi porozpr\u00e1vaj\u00fa a odpovedia na v\u00e4\u010d\u0161inu ot\u00e1zok.<\/p>\t\t\t\t\t\t\t\t<\/div>\n\t\t\t\t<\/div>\n\t\t\t\t<section class=\"elementor-section elementor-inner-section elementor-element elementor-element-2fc6cfa elementor-section-boxed elementor-section-height-default elementor-section-height-default\" data-id=\"2fc6cfa\" data-element_type=\"section\" data-e-type=\"section\">\n\t\t\t\t\t\t<div class=\"elementor-container elementor-column-gap-default\">\n\t\t\t\t\t<div class=\"elementor-column elementor-col-50 elementor-inner-column elementor-element elementor-element-fd8b23f\" data-id=\"fd8b23f\" data-element_type=\"column\" data-e-type=\"column\">\n\t\t\t<div class=\"elementor-widget-wrap elementor-element-populated\">\n\t\t\t\t\t\t<div class=\"elementor-element elementor-element-08185ee elementor-widget elementor-widget-image\" data-id=\"08185ee\" data-element_type=\"widget\" data-e-type=\"widget\" data-widget_type=\"image.default\">\n\t\t\t\t<div class=\"elementor-widget-container\">\n\t\t\t\t\t\t\t\t\t\t\t\t\t\t\t\t<a href=\"http:\/\/sterkontruimingen.nl\/sk\/poziadat-o-cenovu-ponuku\/\">\n\t\t\t\t\t\t\t<img decoding=\"async\" width=\"600\" height=\"175\" src=\"https:\/\/sterkontruimingen.nl\/wp-content\/uploads\/2020\/04\/sidebar-banners-offerte-aanvraag.jpg\" class=\"attachment-large size-large wp-image-1289\" alt=\"\u017eiados\u0165 o cenov\u00fa ponuku na bo\u010dn\u00fd panel\" srcset=\"https:\/\/sterkontruimingen.nl\/wp-content\/uploads\/2020\/04\/sidebar-banners-offerte-aanvraag.jpg 600w, https:\/\/sterkontruimingen.nl\/wp-content\/uploads\/2020\/04\/sidebar-banners-offerte-aanvraag-300x88.jpg 300w\" sizes=\"(max-width: 600px) 100vw, 600px\" \/>\t\t\t\t\t\t\t\t<\/a>\n\t\t\t\t\t\t\t\t\t\t\t\t\t\t\t<\/div>\n\t\t\t\t<\/div>\n\t\t\t\t\t<\/div>\n\t\t<\/div>\n\t\t\t\t<div class=\"elementor-column elementor-col-50 elementor-inner-column elementor-element elementor-element-fdea305\" data-id=\"fdea305\" data-element_type=\"column\" data-e-type=\"column\">\n\t\t\t<div class=\"elementor-widget-wrap elementor-element-populated\">\n\t\t\t\t\t\t<div class=\"elementor-element elementor-element-5571728 elementor-widget elementor-widget-image\" data-id=\"5571728\" data-element_type=\"widget\" data-e-type=\"widget\" data-widget_type=\"image.default\">\n\t\t\t\t<div class=\"elementor-widget-container\">\n\t\t\t\t\t\t\t\t\t\t\t\t\t\t\t\t<a href=\"tel:+31851300685\">\n\t\t\t\t\t\t\t<img decoding=\"async\" width=\"600\" height=\"175\" src=\"https:\/\/sterkontruimingen.nl\/wp-content\/uploads\/2020\/04\/sidebar-banners-bel-ons.jpg\" class=\"attachment-large size-large wp-image-1288\" alt=\"bannery na bo\u010dnom paneli zavolajte n\u00e1m\" srcset=\"https:\/\/sterkontruimingen.nl\/wp-content\/uploads\/2020\/04\/sidebar-banners-bel-ons.jpg 600w, https:\/\/sterkontruimingen.nl\/wp-content\/uploads\/2020\/04\/sidebar-banners-bel-ons-300x88.jpg 300w\" sizes=\"(max-width: 600px) 100vw, 600px\" \/>\t\t\t\t\t\t\t\t<\/a>\n\t\t\t\t\t\t\t\t\t\t\t\t\t\t\t<\/div>\n\t\t\t\t<\/div>\n\t\t\t\t\t<\/div>\n\t\t<\/div>\n\t\t\t\t\t<\/div>\n\t\t<\/section>\n\t\t\t\t\t<\/div>\n\t\t<\/div>\n\t\t\t\t<div class=\"elementor-column elementor-col-33 elementor-top-column elementor-element elementor-element-b8f3e32\" data-id=\"b8f3e32\" data-element_type=\"column\" data-e-type=\"column\" data-settings=\"{&quot;background_background&quot;:&quot;classic&quot;}\">\n\t\t\t<div class=\"elementor-widget-wrap elementor-element-populated\">\n\t\t\t\t\t\t<div class=\"elementor-element elementor-element-f68c836 elementor-widget elementor-widget-heading\" data-id=\"f68c836\" data-element_type=\"widget\" data-e-type=\"widget\" data-widget_type=\"heading.default\">\n\t\t\t\t<div class=\"elementor-widget-container\">\n\t\t\t\t\t<span class=\"elementor-heading-title elementor-size-default\">\u010co pre v\u00e1s m\u00f4\u017eeme urobi\u0165:<\/span>\t\t\t\t<\/div>\n\t\t\t\t<\/div>\n\t\t\t\t<div class=\"elementor-element elementor-element-21cbb3c elementor-icon-list--layout-traditional elementor-list-item-link-full_width elementor-widget elementor-widget-icon-list\" data-id=\"21cbb3c\" data-element_type=\"widget\" data-e-type=\"widget\" data-widget_type=\"icon-list.default\">\n\t\t\t\t<div class=\"elementor-widget-container\">\n\t\t\t\t\t\t\t<ul class=\"elementor-icon-list-items\">\n\t\t\t\t\t\t\t<li class=\"elementor-icon-list-item\">\n\t\t\t\t\t\t\t\t\t\t\t<span class=\"elementor-icon-list-icon\">\n\t\t\t\t\t\t\t<svg aria-hidden=\"true\" class=\"e-font-icon-svg e-fas-check\" viewbox=\"0 0 512 512\" xmlns=\"http:\/\/www.w3.org\/2000\/svg\"><path d=\"M173.898 439.404l-166.4-166.4c-9.997-9.997-9.997-26.206 0-36.204l36.203-36.204c9.997-9.998 26.207-9.998 36.204 0L192 312.69 432.095 72.596c9.997-9.997 26.207-9.997 36.204 0l36.203 36.204c9.997 9.997 9.997 26.206 0 36.204l-294.4 294.401c-9.998 9.997-26.207 9.997-36.204-.001z\"><\/path><\/svg>\t\t\t\t\t\t<\/span>\n\t\t\t\t\t\t\t\t\t\t<span class=\"elementor-icon-list-text\">demont\u00e1\u017e a odstr\u00e1nenie nebezpe\u010dn\u00fdch elektrick\u00fdch rozvodov a in\u0161tal\u00e1ci\u00ed a ich uvedenie do p\u00f4vodn\u00e9ho stavu<\/span>\n\t\t\t\t\t\t\t\t\t<\/li>\n\t\t\t\t\t\t\t\t<li class=\"elementor-icon-list-item\">\n\t\t\t\t\t\t\t\t\t\t\t<span class=\"elementor-icon-list-icon\">\n\t\t\t\t\t\t\t<svg aria-hidden=\"true\" class=\"e-font-icon-svg e-fas-check\" viewbox=\"0 0 512 512\" xmlns=\"http:\/\/www.w3.org\/2000\/svg\"><path d=\"M173.898 439.404l-166.4-166.4c-9.997-9.997-9.997-26.206 0-36.204l36.203-36.204c9.997-9.998 26.207-9.998 36.204 0L192 312.69 432.095 72.596c9.997-9.997 26.207-9.997 36.204 0l36.203 36.204c9.997 9.997 9.997 26.206 0 36.204l-294.4 294.401c-9.998 9.997-26.207 9.997-36.204-.001z\"><\/path><\/svg>\t\t\t\t\t\t<\/span>\n\t\t\t\t\t\t\t\t\t\t<span class=\"elementor-icon-list-text\">zodpovedne a profesion\u00e1lne demontova\u0165 \"podom\u00e1cky vyroben\u00e9, \u010dasto ve\u013emi nebezpe\u010dn\u00e9 le\u0161enie, \u010d\u00edm sa obmedz\u00ed po\u0161kodenie miestnost\u00ed.<\/span>\n\t\t\t\t\t\t\t\t\t<\/li>\n\t\t\t\t\t\t\t\t<li class=\"elementor-icon-list-item\">\n\t\t\t\t\t\t\t\t\t\t\t<span class=\"elementor-icon-list-icon\">\n\t\t\t\t\t\t\t<svg aria-hidden=\"true\" class=\"e-font-icon-svg e-fas-check\" viewbox=\"0 0 512 512\" xmlns=\"http:\/\/www.w3.org\/2000\/svg\"><path d=\"M173.898 439.404l-166.4-166.4c-9.997-9.997-9.997-26.206 0-36.204l36.203-36.204c9.997-9.998 26.207-9.998 36.204 0L192 312.69 432.095 72.596c9.997-9.997 26.207-9.997 36.204 0l36.203 36.204c9.997 9.997 9.997 26.206 0 36.204l-294.4 294.401c-9.998 9.997-26.207 9.997-36.204-.001z\"><\/path><\/svg>\t\t\t\t\t\t<\/span>\n\t\t\t\t\t\t\t\t\t\t<span class=\"elementor-icon-list-text\">demont\u00e1\u017e a demont\u00e1\u017e svietidiel, v\u00fdfukov\u00fdch, uhl\u00edkov\u00fdch filtrov a in\u00fdch perif\u00e9rnych zariaden\u00ed.<\/span>\n\t\t\t\t\t\t\t\t\t<\/li>\n\t\t\t\t\t\t\t\t<li class=\"elementor-icon-list-item\">\n\t\t\t\t\t\t\t\t\t\t\t<span class=\"elementor-icon-list-icon\">\n\t\t\t\t\t\t\t<svg aria-hidden=\"true\" class=\"e-font-icon-svg e-fas-check\" viewbox=\"0 0 512 512\" xmlns=\"http:\/\/www.w3.org\/2000\/svg\"><path d=\"M173.898 439.404l-166.4-166.4c-9.997-9.997-9.997-26.206 0-36.204l36.203-36.204c9.997-9.998 26.207-9.998 36.204 0L192 312.69 432.095 72.596c9.997-9.997 26.207-9.997 36.204 0l36.203 36.204c9.997 9.997 9.997 26.206 0 36.204l-294.4 294.401c-9.998 9.997-26.207 9.997-36.204-.001z\"><\/path><\/svg>\t\t\t\t\t\t<\/span>\n\t\t\t\t\t\t\t\t\t\t<span class=\"elementor-icon-list-text\">vyplnenie dier alebo vyplnenie stien a podl\u00e1h<\/span>\n\t\t\t\t\t\t\t\t\t<\/li>\n\t\t\t\t\t\t<\/ul>\n\t\t\t\t\t\t<\/div>\n\t\t\t\t<\/div>\n\t\t\t\t<div class=\"elementor-element elementor-element-88d66d2 elementor-icon-list--layout-traditional elementor-list-item-link-full_width elementor-widget elementor-widget-icon-list\" data-id=\"88d66d2\" data-element_type=\"widget\" data-e-type=\"widget\" data-widget_type=\"icon-list.default\">\n\t\t\t\t<div class=\"elementor-widget-container\">\n\t\t\t\t\t\t\t<ul class=\"elementor-icon-list-items\">\n\t\t\t\t\t\t\t<li class=\"elementor-icon-list-item\">\n\t\t\t\t\t\t\t\t\t\t\t<span class=\"elementor-icon-list-icon\">\n\t\t\t\t\t\t\t<svg aria-hidden=\"true\" class=\"e-font-icon-svg e-fas-check\" viewbox=\"0 0 512 512\" xmlns=\"http:\/\/www.w3.org\/2000\/svg\"><path d=\"M173.898 439.404l-166.4-166.4c-9.997-9.997-9.997-26.206 0-36.204l36.203-36.204c9.997-9.998 26.207-9.998 36.204 0L192 312.69 432.095 72.596c9.997-9.997 26.207-9.997 36.204 0l36.203 36.204c9.997 9.997 9.997 26.206 0 36.204l-294.4 294.401c-9.998 9.997-26.207 9.997-36.204-.001z\"><\/path><\/svg>\t\t\t\t\t\t<\/span>\n\t\t\t\t\t\t\t\t\t\t<span class=\"elementor-icon-list-text\">utesnenie pivn\u00edc a podzemn\u00fdch konopn\u00fdch porastov a ich vyplnenie priamou injekciou bet\u00f3nov\u00fdch gran\u00fal <\/span>\n\t\t\t\t\t\t\t\t\t<\/li>\n\t\t\t\t\t\t\t\t<li class=\"elementor-icon-list-item\">\n\t\t\t\t\t\t\t\t\t\t\t<span class=\"elementor-icon-list-icon\">\n\t\t\t\t\t\t\t<svg aria-hidden=\"true\" class=\"e-font-icon-svg e-fas-check\" viewbox=\"0 0 512 512\" xmlns=\"http:\/\/www.w3.org\/2000\/svg\"><path d=\"M173.898 439.404l-166.4-166.4c-9.997-9.997-9.997-26.206 0-36.204l36.203-36.204c9.997-9.998 26.207-9.998 36.204 0L192 312.69 432.095 72.596c9.997-9.997 26.207-9.997 36.204 0l36.203 36.204c9.997 9.997 9.997 26.206 0 36.204l-294.4 294.401c-9.998 9.997-26.207 9.997-36.204-.001z\"><\/path><\/svg>\t\t\t\t\t\t<\/span>\n\t\t\t\t\t\t\t\t\t\t<span class=\"elementor-icon-list-text\">v\u0161etky po\u0161kodenia a z\u00e1vady na dome alebo miestnostiach sp\u00f4soben\u00e9 v\u00fdsadbou sa m\u00f4\u017eu opravi\u0165.<\/span>\n\t\t\t\t\t\t\t\t\t<\/li>\n\t\t\t\t\t\t\t\t<li class=\"elementor-icon-list-item\">\n\t\t\t\t\t\t\t\t\t\t\t<span class=\"elementor-icon-list-icon\">\n\t\t\t\t\t\t\t<svg aria-hidden=\"true\" class=\"e-font-icon-svg e-fas-check\" viewbox=\"0 0 512 512\" xmlns=\"http:\/\/www.w3.org\/2000\/svg\"><path d=\"M173.898 439.404l-166.4-166.4c-9.997-9.997-9.997-26.206 0-36.204l36.203-36.204c9.997-9.998 26.207-9.998 36.204 0L192 312.69 432.095 72.596c9.997-9.997 26.207-9.997 36.204 0l36.203 36.204c9.997 9.997 9.997 26.206 0 36.204l-294.4 294.401c-9.998 9.997-26.207 9.997-36.204-.001z\"><\/path><\/svg>\t\t\t\t\t\t<\/span>\n\t\t\t\t\t\t\t\t\t\t<span class=\"elementor-icon-list-text\">ak je to mo\u017en\u00e9, v\u0161etok odpad sa likviduje oddelene, aby sa z\u00e1kazn\u00edkovi u\u0161etrili n\u00e1klady.<\/span>\n\t\t\t\t\t\t\t\t\t<\/li>\n\t\t\t\t\t\t\t\t<li class=\"elementor-icon-list-item\">\n\t\t\t\t\t\t\t\t\t\t\t<span class=\"elementor-icon-list-icon\">\n\t\t\t\t\t\t\t<svg aria-hidden=\"true\" class=\"e-font-icon-svg e-fas-check\" viewbox=\"0 0 512 512\" xmlns=\"http:\/\/www.w3.org\/2000\/svg\"><path d=\"M173.898 439.404l-166.4-166.4c-9.997-9.997-9.997-26.206 0-36.204l36.203-36.204c9.997-9.998 26.207-9.998 36.204 0L192 312.69 432.095 72.596c9.997-9.997 26.207-9.997 36.204 0l36.203 36.204c9.997 9.997 9.997 26.206 0 36.204l-294.4 294.401c-9.998 9.997-26.207 9.997-36.204-.001z\"><\/path><\/svg>\t\t\t\t\t\t<\/span>\n\t\t\t\t\t\t\t\t\t\t<span class=\"elementor-icon-list-text\">postar\u00e1me sa o likvid\u00e1ciu v\u0161etk\u00fdch nebezpe\u010dn\u00fdch l\u00e1tok pou\u017e\u00edvan\u00fdch pri pestovan\u00ed konope.<\/span>\n\t\t\t\t\t\t\t\t\t<\/li>\n\t\t\t\t\t\t<\/ul>\n\t\t\t\t\t\t<\/div>\n\t\t\t\t<\/div>\n\t\t\t\t\t<\/div>\n\t\t<\/div>\n\t\t\t\t\t<\/div>\n\t\t<\/section>\n\t\t\t\t<\/div>","protected":false},"excerpt":{"rendered":"<p>Hennepplantage ontruiming Momenteel vinden&nbsp;er nog dagelijks nog&nbsp;Hennepplantage Ontruimingen plaats in Nederland en onze buiten buurlanden zowel in de particuliere en zakelijke sector. Het zou zomaar kunnen dat u slachtoffer bent geworden van een criminele organisatie die uw verhuurde huis \/ koop of bedrijfspand misbruikt heeft voor een&nbsp;Hennepplantage \/ wietplantage. Mocht u een hennepplantage hebben ontdekt [&hellip;]<\/p>\n","protected":false},"author":1,"featured_media":0,"parent":128,"menu_order":0,"comment_status":"closed","ping_status":"closed","template":"elementor_header_footer","meta":{"inline_featured_image":false,"footnotes":""},"categories":[1],"tags":[],"class_list":["post-207","page","type-page","status-publish","hentry","category-website"],"blocksy_meta":{"styles_descriptor":{"styles":{"desktop":"","tablet":"","mobile":""},"google_fonts":[],"version":6}},"_links":{"self":[{"href":"https:\/\/sterkontruimingen.nl\/sk\/wp-json\/wp\/v2\/pages\/207","targetHints":{"allow":["GET"]}}],"collection":[{"href":"https:\/\/sterkontruimingen.nl\/sk\/wp-json\/wp\/v2\/pages"}],"about":[{"href":"https:\/\/sterkontruimingen.nl\/sk\/wp-json\/wp\/v2\/types\/page"}],"author":[{"embeddable":true,"href":"https:\/\/sterkontruimingen.nl\/sk\/wp-json\/wp\/v2\/users\/1"}],"replies":[{"embeddable":true,"href":"https:\/\/sterkontruimingen.nl\/sk\/wp-json\/wp\/v2\/comments?post=207"}],"version-history":[{"count":1,"href":"https:\/\/sterkontruimingen.nl\/sk\/wp-json\/wp\/v2\/pages\/207\/revisions"}],"predecessor-version":[{"id":2809,"href":"https:\/\/sterkontruimingen.nl\/sk\/wp-json\/wp\/v2\/pages\/207\/revisions\/2809"}],"up":[{"embeddable":true,"href":"https:\/\/sterkontruimingen.nl\/sk\/wp-json\/wp\/v2\/pages\/128"}],"wp:attachment":[{"href":"https:\/\/sterkontruimingen.nl\/sk\/wp-json\/wp\/v2\/media?parent=207"}],"wp:term":[{"taxonomy":"category","embeddable":true,"href":"https:\/\/sterkontruimingen.nl\/sk\/wp-json\/wp\/v2\/categories?post=207"},{"taxonomy":"post_tag","embeddable":true,"href":"https:\/\/sterkontruimingen.nl\/sk\/wp-json\/wp\/v2\/tags?post=207"}],"curies":[{"name":"wp","href":"https:\/\/api.w.org\/{rel}","templated":true}]}}