{"id":2067,"date":"2021-05-08T09:35:14","date_gmt":"2021-05-08T07:35:14","guid":{"rendered":"http:\/\/sterkontruimingen.nl\/?page_id=2067"},"modified":"2021-05-08T09:35:17","modified_gmt":"2021-05-08T07:35:17","slug":"dodavat-produkty-pripravene-na-predaj","status":"publish","type":"page","link":"https:\/\/sterkontruimingen.nl\/sk\/verkoop-klaar-opleveren\/","title":{"rendered":"Dod\u00e1va\u0165 produkty pripraven\u00e9 na predaj"},"content":{"rendered":"<h2 class=\"wp-block-heading\">Dom pripraven\u00fd na predaj<\/h2>\n\n\n\n<p>Predali ste dom a mus\u00edte ho odovzda\u0165 pripraven\u00fd na predaj \u010fal\u0161iemu n\u00e1jomn\u00edkovi? Spolo\u010dnos\u0165 STERK House Clearance v\u00e1m s t\u00fdm pom\u00f4\u017ee a odovzd\u00e1 dom pripraven\u00fd na predaj. Odovzdanie domu pripraven\u00e9ho na predaj je odborn\u00e1 pr\u00e1ca, ktor\u00e1 m\u00f4\u017ee by\u0165 \u010dasovo n\u00e1ro\u010dn\u00e1. V dome \u010dasto zost\u00e1vaj\u00fa r\u00f4zne predmety, ktor\u00e9 je potrebn\u00e9 vyprata\u0165. Patr\u00ed medzi ne star\u00fd n\u00e1bytok, z\u00e1clony a z\u00e1vesy. \u010casto sa tie\u017e st\u00e1va, \u017ee nov\u00fd n\u00e1jomn\u00edk m\u00e1 r\u00e1d <a href=\"http:\/\/sterkontruimingen.nl\/sk\/odstranenie-podlahy\/\" class=\"rank-math-link\">star\u00e1 podlaha<\/a> je potrebn\u00e9 odstr\u00e1ni\u0165 alebo odstr\u00e1ni\u0165 koberec zo schodov.<\/p>\n\n\n\n<p>Vyprat\u00e1vanie domu \u010dasto zah\u0155\u0148a viac, ne\u017e sa p\u00f4vodne predpokladalo. Po\u017eiadavky kupuj\u00facej strany m\u00f4\u017eu trva\u0165 pomerne dlho. Spolo\u010dnos\u0165 STERK Evacuations v\u00e1m rada pom\u00f4\u017ee. V\u010faka na\u0161im bohat\u00fdm sk\u00fasenostiam s pl\u00e1novan\u00edm a realiz\u00e1ciou vyprat\u00e1vania domov sa na n\u00e1s m\u00f4\u017eete spo\u013eahn\u00fa\u0165.<\/p>\n\n\n\n<h2 class=\"wp-block-heading\">Ako budeme postupova\u0165?<\/h2>\n\n\n\n<p>Ako v\u017edy, r\u00fdchlos\u0165 a presnos\u0165 s\u00fa d\u00f4vodom, pre\u010do si \u013eudia vyberaj\u00fa spolo\u010dnos\u0165 STERK House Clearances. Hne\u010f ako zavol\u00e1te do spolo\u010dnosti STERK, nav\u0161t\u00edvime v\u00e1s \u010do najsk\u00f4r. Potom dostanete ponuku a ak budete s\u00fahlasi\u0165, urob\u00edme presn\u00fd harmonogram pr\u00edpravy domu na predaj. Od tohto momentu budete vedie\u0165 presn\u00fd d\u00e1tum, kedy bude dom pripraven\u00fd na predaj. U\u017e sa nemus\u00edte o ni\u010d stara\u0165. O v\u0161etko sa postar\u00e1me za v\u00e1s. \u00a0<\/p>\n\n\n\n<p>Po dohode budeme pokra\u010dova\u0165 s mal\u00fdm t\u00edmom, efekt\u00edvne v celom dome. <\/p>","protected":false},"excerpt":{"rendered":"<p>Woning verkoop klaar opleveren Heeft u een woning verkocht en moet deze verkoop-klaar worden opgeleverd voor de volgende bewoner? STERK Woningontruiming kan u hiermee van dienst zijn en voor u de woning verkoop-klaar opleveren. Het verkoop-klaar oftewel bezemschoon opleveren van een woning is specialistisch werk wat vaak behoorlijk tijdrovend kan zijn. Vaak blijven er in [&hellip;]<\/p>\n","protected":false},"author":1,"featured_media":0,"parent":0,"menu_order":0,"comment_status":"closed","ping_status":"closed","template":"","meta":{"inline_featured_image":false,"footnotes":""},"categories":[],"tags":[],"class_list":["post-2067","page","type-page","status-publish","hentry"],"blocksy_meta":{"styles_descriptor":{"styles":{"desktop":"","tablet":"","mobile":""},"google_fonts":[],"version":6}},"_links":{"self":[{"href":"https:\/\/sterkontruimingen.nl\/sk\/wp-json\/wp\/v2\/pages\/2067","targetHints":{"allow":["GET"]}}],"collection":[{"href":"https:\/\/sterkontruimingen.nl\/sk\/wp-json\/wp\/v2\/pages"}],"about":[{"href":"https:\/\/sterkontruimingen.nl\/sk\/wp-json\/wp\/v2\/types\/page"}],"author":[{"embeddable":true,"href":"https:\/\/sterkontruimingen.nl\/sk\/wp-json\/wp\/v2\/users\/1"}],"replies":[{"embeddable":true,"href":"https:\/\/sterkontruimingen.nl\/sk\/wp-json\/wp\/v2\/comments?post=2067"}],"version-history":[{"count":0,"href":"https:\/\/sterkontruimingen.nl\/sk\/wp-json\/wp\/v2\/pages\/2067\/revisions"}],"wp:attachment":[{"href":"https:\/\/sterkontruimingen.nl\/sk\/wp-json\/wp\/v2\/media?parent=2067"}],"wp:term":[{"taxonomy":"category","embeddable":true,"href":"https:\/\/sterkontruimingen.nl\/sk\/wp-json\/wp\/v2\/categories?post=2067"},{"taxonomy":"post_tag","embeddable":true,"href":"https:\/\/sterkontruimingen.nl\/sk\/wp-json\/wp\/v2\/tags?post=2067"}],"curies":[{"name":"wp","href":"https:\/\/api.w.org\/{rel}","templated":true}]}}