{"id":1909,"date":"2021-03-14T12:00:25","date_gmt":"2021-03-14T11:00:25","guid":{"rendered":"http:\/\/sterkontruimingen.nl\/?page_id=1909"},"modified":"2024-05-27T08:07:21","modified_gmt":"2024-05-27T06:07:21","slug":"docasne-uskladnenie","status":"publish","type":"page","link":"https:\/\/sterkontruimingen.nl\/sk\/tijdelijkeopslag\/","title":{"rendered":"Do\u010dasn\u00e9 skladovanie"},"content":{"rendered":"<h2 class=\"wp-block-heading\">Spolo\u010dnos\u0165 STERK pon\u00faka svojim z\u00e1kazn\u00edkom do\u010dasn\u00e9 skladovanie.<\/h2>\n\n\n\n<p>Ned\u00e1vno za\u010dala spolo\u010dnos\u0165 STERK pon\u00faka\u0165 nov\u00fa slu\u017ebu v r\u00e1mci dom\u00e1ceho vy\u00fa\u010dtovania, a to do\u010dasn\u00e9 uskladnenie. K vys\u0165ahovaniu \u010dasto doch\u00e1dza z r\u00f4znych d\u00f4vodov. Niekedy sa st\u00e1va, \u017ee klient sa e\u0161te nem\u00f4\u017ee rozl\u00fa\u010di\u0165 s niektor\u00fdmi vecami. Spolo\u010dnos\u0165 STERK pon\u00faka do\u010dasn\u00e9 uskladnenie, aby ste si mohli premyslie\u0165, \u010do chcete so svojimi vecami urobi\u0165. Okrem toho v\u00e1m ich doru\u010d\u00edme na vypratanie domu v s\u00falade s po\u017eiadavkami na doru\u010denie.<\/p>\n\n\n\n<p>STERK t\u00fdm trochu viac odbreme\u0148uje svojich klientov. STERK sa sna\u017e\u00ed svojich klientov zaka\u017ed\u00fdm o nie\u010do viac odbremeni\u0165 a pon\u00faknu\u0165 im kompletn\u00e9 slu\u017eby, na ktor\u00e9 ostatn\u00ed e\u0161te nepomysleli. \u010co napr\u00edklad na\u0161a slu\u017eba zapo\u017ei\u010diavania \u0161kat\u00fa\u013e na s\u0165ahovanie, ke\u010f m\u00e1te objedn\u00e1vku. Alebo ve\u013ek\u00e9 z\u013eavy, ak si chcete krabice k\u00fapi\u0165.<\/p>\n\n\n\n<p>Chcete vedie\u0165, ko\u013eko stoj\u00ed do\u010dasn\u00e9 uskladnenie? <a href=\"http:\/\/sterkontruimingen.nl\/sk\/kontakt\/\" class=\"rank-math-link\">Potom n\u00e1s kontaktujte.<\/a> Potom v\u00e1m m\u00f4\u017eeme ve\u013emi jednoducho odpoveda\u0165 na nieko\u013eko ot\u00e1zok. Vedeli ste, \u017ee tovar vraciame aj vtedy, ke\u010f ho chcete vr\u00e1ti\u0165?<\/p>","protected":false},"excerpt":{"rendered":"<p>STERK biedt tijdelijke opslag voor zijn klanten. Sinds kort biedt STERK een nieuwe dienst aan bij het ontruimen van woningen, namelijk tijdelijke opslag. Een ontruiming gebeurt vaak om zeer uiteenlopende redenen. Daarbij is het weleens het geval dat de opdrachtgever van sommige spullen nog geen afstand kan doen. Hierbij biedt STERK tijdelijke opslag zodat nog [&hellip;]<\/p>\n","protected":false},"author":1,"featured_media":1915,"parent":0,"menu_order":0,"comment_status":"closed","ping_status":"closed","template":"","meta":{"inline_featured_image":false,"footnotes":""},"categories":[14],"tags":[],"class_list":["post-1909","page","type-page","status-publish","has-post-thumbnail","hentry","category-landingspaginas"],"blocksy_meta":{"styles_descriptor":{"styles":{"desktop":"","tablet":"","mobile":""},"google_fonts":[],"version":6}},"_links":{"self":[{"href":"https:\/\/sterkontruimingen.nl\/sk\/wp-json\/wp\/v2\/pages\/1909","targetHints":{"allow":["GET"]}}],"collection":[{"href":"https:\/\/sterkontruimingen.nl\/sk\/wp-json\/wp\/v2\/pages"}],"about":[{"href":"https:\/\/sterkontruimingen.nl\/sk\/wp-json\/wp\/v2\/types\/page"}],"author":[{"embeddable":true,"href":"https:\/\/sterkontruimingen.nl\/sk\/wp-json\/wp\/v2\/users\/1"}],"replies":[{"embeddable":true,"href":"https:\/\/sterkontruimingen.nl\/sk\/wp-json\/wp\/v2\/comments?post=1909"}],"version-history":[{"count":1,"href":"https:\/\/sterkontruimingen.nl\/sk\/wp-json\/wp\/v2\/pages\/1909\/revisions"}],"predecessor-version":[{"id":4790,"href":"https:\/\/sterkontruimingen.nl\/sk\/wp-json\/wp\/v2\/pages\/1909\/revisions\/4790"}],"wp:featuredmedia":[{"embeddable":true,"href":"https:\/\/sterkontruimingen.nl\/sk\/wp-json\/wp\/v2\/media\/1915"}],"wp:attachment":[{"href":"https:\/\/sterkontruimingen.nl\/sk\/wp-json\/wp\/v2\/media?parent=1909"}],"wp:term":[{"taxonomy":"category","embeddable":true,"href":"https:\/\/sterkontruimingen.nl\/sk\/wp-json\/wp\/v2\/categories?post=1909"},{"taxonomy":"post_tag","embeddable":true,"href":"https:\/\/sterkontruimingen.nl\/sk\/wp-json\/wp\/v2\/tags?post=1909"}],"curies":[{"name":"wp","href":"https:\/\/api.w.org\/{rel}","templated":true}]}}