{"id":1830,"date":"2021-03-10T13:13:43","date_gmt":"2021-03-10T12:13:43","guid":{"rendered":"http:\/\/sterkontruimingen.nl\/?page_id=1830"},"modified":"2024-05-27T07:33:22","modified_gmt":"2024-05-27T05:33:22","slug":"interne-zariadenie-na-starostlivost-o-premiestnenie","status":"publish","type":"page","link":"https:\/\/sterkontruimingen.nl\/sk\/interne-verhuizing-zorginstelling\/","title":{"rendered":"Intern\u00e9 zariadenie na starostlivos\u0165 o premiestnenie"},"content":{"rendered":"<p>STERK podporuje jednotlivcov a organiz\u00e1cie pri bezpe\u010dnom s\u0165ahovan\u00ed vec\u00ed v zariadeniach opatrovate\u013eskej slu\u017eby alebo v domovoch d\u00f4chodcov. Na\u0161e bohat\u00e9 sk\u00fasenosti v oblasti s\u0165ahovania mal\u00e9ho rozsahu n\u00e1m umo\u017e\u0148uj\u00fa venova\u0165 s\u0165ahovaniu e\u0161te v\u00e4\u010d\u0161iu pozornos\u0165. Patr\u00ed sem aj zrkadlenie bytov, aby sa predi\u0161lo stresu alebo nepriazniv\u00fdm psychick\u00fdm \u00fa\u010dinkom na star\u0161\u00edch \u013eud\u00ed trpiacich demenciou. Naz\u00fdvame to <a href=\"http:\/\/sterkontruimingen.nl\/sk\/stahovanie-pri-demencii\/\" class=\"rank-math-link\">premiestnenie pri demencii<\/a>.<\/p>\n\n\n\n<p>S nami m\u00f4\u017eete o\u010dak\u00e1va\u0165, \u017ee v\u00e1\u0161 byt alebo opatrovate\u013esk\u00fa izbu pres\u0165ahujeme do jedn\u00e9ho d\u0148a. \u010ci u\u017e o 2 dvere ni\u017e\u0161ie alebo o nieko\u013eko poschod\u00ed vy\u0161\u0161ie alebo ni\u017e\u0161ie. <\/p>\n\n\n\n<p>Pre seniorov alebo osoby so zdravotn\u00fdm postihnut\u00edm je s\u0165ahovanie \u010dasto ve\u013emi stresuj\u00face. Vynaklad\u00e1me maxim\u00e1lne \u00fasilie, aby sme tento proces vykonali \u010do najopatrnej\u0161ie, najpokojnej\u0161ie a najpozornej\u0161ie, aby bol stres pred s\u0165ahovan\u00edm, po\u010das neho aj po \u0148om \u010do najmen\u0161\u00ed.<\/p>\n\n\n\n<h2 class=\"wp-block-heading\">V\u00fdhody intern\u00e9ho s\u0165ahovania:<\/h2>\n\n\n\n<ul class=\"wp-block-list\"><li>\u017diadne nepriazniv\u00e9 psychologick\u00e9 \u00fa\u010dinky<\/li><li>Zn\u00e1me b\u00fdvanie, akoby sa v dome ni\u010d nezmenilo<\/li><li>Presn\u00e1 k\u00f3pia domu alebo miestnosti<\/li><li>Obrazy, skrine a usporiadanie ako v starom dome<\/li><li>\u010clovek sa okam\u017eite c\u00edti ako doma<\/li><li>Mo\u017eno budete musie\u0165 dvakr\u00e1t skontrolova\u0165, \u010di ste sa v\u00f4bec pohli.<\/li><\/ul>","protected":false},"excerpt":{"rendered":"<p>STERK ondersteund particulieren en organisaties bij het veilig verhuizen van spullen in een zorginstelling of verzorgingstehuis. Door onze ruime ervaring op het gebied van kleinschalige verhuizing kunnen wij net de extra aandacht geven aan de verhuizing. Denk hierbij aan het spiegelen van appartementen om voor dementerende ouderen stress of nadelige psychische effecten te voorkomen. Wij [&hellip;]<\/p>\n","protected":false},"author":1,"featured_media":1058,"parent":0,"menu_order":0,"comment_status":"closed","ping_status":"closed","template":"","meta":{"inline_featured_image":false,"footnotes":""},"categories":[14],"tags":[],"class_list":["post-1830","page","type-page","status-publish","has-post-thumbnail","hentry","category-landingspaginas"],"blocksy_meta":{"styles_descriptor":{"styles":{"desktop":"","tablet":"","mobile":""},"google_fonts":[],"version":6}},"_links":{"self":[{"href":"https:\/\/sterkontruimingen.nl\/sk\/wp-json\/wp\/v2\/pages\/1830","targetHints":{"allow":["GET"]}}],"collection":[{"href":"https:\/\/sterkontruimingen.nl\/sk\/wp-json\/wp\/v2\/pages"}],"about":[{"href":"https:\/\/sterkontruimingen.nl\/sk\/wp-json\/wp\/v2\/types\/page"}],"author":[{"embeddable":true,"href":"https:\/\/sterkontruimingen.nl\/sk\/wp-json\/wp\/v2\/users\/1"}],"replies":[{"embeddable":true,"href":"https:\/\/sterkontruimingen.nl\/sk\/wp-json\/wp\/v2\/comments?post=1830"}],"version-history":[{"count":1,"href":"https:\/\/sterkontruimingen.nl\/sk\/wp-json\/wp\/v2\/pages\/1830\/revisions"}],"predecessor-version":[{"id":2815,"href":"https:\/\/sterkontruimingen.nl\/sk\/wp-json\/wp\/v2\/pages\/1830\/revisions\/2815"}],"wp:featuredmedia":[{"embeddable":true,"href":"https:\/\/sterkontruimingen.nl\/sk\/wp-json\/wp\/v2\/media\/1058"}],"wp:attachment":[{"href":"https:\/\/sterkontruimingen.nl\/sk\/wp-json\/wp\/v2\/media?parent=1830"}],"wp:term":[{"taxonomy":"category","embeddable":true,"href":"https:\/\/sterkontruimingen.nl\/sk\/wp-json\/wp\/v2\/categories?post=1830"},{"taxonomy":"post_tag","embeddable":true,"href":"https:\/\/sterkontruimingen.nl\/sk\/wp-json\/wp\/v2\/tags?post=1830"}],"curies":[{"name":"wp","href":"https:\/\/api.w.org\/{rel}","templated":true}]}}