{"id":1826,"date":"2021-03-10T13:05:53","date_gmt":"2021-03-10T12:05:53","guid":{"rendered":"http:\/\/sterkontruimingen.nl\/?page_id=1826"},"modified":"2022-05-29T11:26:39","modified_gmt":"2022-05-29T09:26:39","slug":"stahovanie-pri-demencii","status":"publish","type":"page","link":"https:\/\/sterkontruimingen.nl\/sk\/verhuizen-met-dementie\/","title":{"rendered":"S\u0165ahovanie s demenciou"},"content":{"rendered":"<h2 class=\"wp-block-heading\">STERK h\u00fdbe \u013eu\u010fmi s demenciou<\/h2>\n\n\n\n<p><strong>S\u0165ahovanie s demenciou?<\/strong> Po\u010das takej ve\u013ekej zmeny, akou je s\u0165ahovanie, je pre seniorov s demenciou nesmierne d\u00f4le\u017eit\u00fd pocit zn\u00e1mosti a bezpe\u010dia. Nov\u00fd domov kop\u00edrujeme presne ako ten star\u00fd, \u010do \u010dasto znamen\u00e1, \u017ee si \u013eudia ani nev\u0161imn\u00fa, \u017ee sa pres\u0165ahovali. V\u0161etok n\u00e1bytok ulo\u017e\u00edme v rovnakom porad\u00ed a proporci\u00e1ch, dokonca zaves\u00edme obrazy a r\u00e1my.<\/p>\n\n\n\n<blockquote class=\"wp-block-quote is-layout-flow wp-block-quote-is-layout-flow\"><p>Zrkadlenie novej miestnosti so starou je pre \u013eud\u00ed s demenciou bezpe\u010dn\u00e9 a zn\u00e1me. V\u0161etko je umiestnen\u00e9 a zavesen\u00e9 na presne rovnakom mieste. V d\u00f4sledku toho si \u010dasto neuvedomuj\u00fa, \u017ee sa pres\u0165ahovali.<\/p><\/blockquote>\n\n\n\n<p>Spolo\u010dnos\u0165 STERK v\u00e1m rada pom\u00f4\u017ee, aby bolo s\u0165ahovanie \u010do najmenej stresuj\u00face. \u013dudia s akouko\u013evek formou demencie to maj\u00fa pri zmen\u00e1ch dos\u0165 \u0165a\u017ek\u00e9. <\/p>\n\n\n\n<h2 class=\"wp-block-heading\">Pre\u010do sa s\u0165ahova\u0165 s demenciou:<\/h2>\n\n\n\n<ul class=\"wp-block-list\"><li>\u017diadne nepriazniv\u00e9 psychologick\u00e9 \u00fa\u010dinky<\/li><li>Zn\u00e1me b\u00fdvanie, akoby sa v dome ni\u010d nezmenilo<\/li><li>Presn\u00e1 k\u00f3pia domu alebo miestnosti<\/li><li>Ma\u013eovan\u00e9 skrinky a usporiadanie rovnak\u00e9 ako v starom dome<\/li><li>\u010clovek sa okam\u017eite c\u00edti ako doma<\/li><li>\u013dudia si \u010dasto ani neuvedomuj\u00fa, \u017ee sa pres\u0165ahovali.<\/li><\/ul>","protected":false},"excerpt":{"rendered":"<p>STERK verhuisd mensen met dementie Verhuizen met dementie? Tijdens een grote verandering als een verhuizing is een vertrouwd en veilig gevoel voor dementerende senioren ontzettend belangrijk. We kopi\u00ebren de nieuwe woning exact als de oude, waardoor men vaak niet eens merkt dat hij of zij is verhuisd. We zetten alle meubels in de zelfde volgorde [&hellip;]<\/p>\n","protected":false},"author":1,"featured_media":1839,"parent":0,"menu_order":0,"comment_status":"closed","ping_status":"closed","template":"","meta":{"inline_featured_image":false,"footnotes":""},"categories":[14],"tags":[],"class_list":["post-1826","page","type-page","status-publish","has-post-thumbnail","hentry","category-landingspaginas"],"blocksy_meta":{"styles_descriptor":{"styles":{"desktop":"","tablet":"","mobile":""},"google_fonts":[],"version":6}},"_links":{"self":[{"href":"https:\/\/sterkontruimingen.nl\/sk\/wp-json\/wp\/v2\/pages\/1826","targetHints":{"allow":["GET"]}}],"collection":[{"href":"https:\/\/sterkontruimingen.nl\/sk\/wp-json\/wp\/v2\/pages"}],"about":[{"href":"https:\/\/sterkontruimingen.nl\/sk\/wp-json\/wp\/v2\/types\/page"}],"author":[{"embeddable":true,"href":"https:\/\/sterkontruimingen.nl\/sk\/wp-json\/wp\/v2\/users\/1"}],"replies":[{"embeddable":true,"href":"https:\/\/sterkontruimingen.nl\/sk\/wp-json\/wp\/v2\/comments?post=1826"}],"version-history":[{"count":2,"href":"https:\/\/sterkontruimingen.nl\/sk\/wp-json\/wp\/v2\/pages\/1826\/revisions"}],"predecessor-version":[{"id":2831,"href":"https:\/\/sterkontruimingen.nl\/sk\/wp-json\/wp\/v2\/pages\/1826\/revisions\/2831"}],"wp:featuredmedia":[{"embeddable":true,"href":"https:\/\/sterkontruimingen.nl\/sk\/wp-json\/wp\/v2\/media\/1839"}],"wp:attachment":[{"href":"https:\/\/sterkontruimingen.nl\/sk\/wp-json\/wp\/v2\/media?parent=1826"}],"wp:term":[{"taxonomy":"category","embeddable":true,"href":"https:\/\/sterkontruimingen.nl\/sk\/wp-json\/wp\/v2\/categories?post=1826"},{"taxonomy":"post_tag","embeddable":true,"href":"https:\/\/sterkontruimingen.nl\/sk\/wp-json\/wp\/v2\/tags?post=1826"}],"curies":[{"name":"wp","href":"https:\/\/api.w.org\/{rel}","templated":true}]}}