{"id":1825,"date":"2021-03-10T13:06:00","date_gmt":"2021-03-10T12:06:00","guid":{"rendered":"http:\/\/sterkontruimingen.nl\/?page_id=1825"},"modified":"2024-05-27T08:06:20","modified_gmt":"2024-05-27T06:06:20","slug":"premiestnenie-seniorov","status":"publish","type":"page","link":"https:\/\/sterkontruimingen.nl\/sk\/seniorenverhuizing\/","title":{"rendered":"Premiestnenie seniorov"},"content":{"rendered":"<h2 class=\"wp-block-heading\">H\u013ead\u00e1 sa star\u0161\u00ed pracovn\u00edk?<\/h2>\n\n\n\n<p>Spolo\u010dnos\u0165 STERK Evictions sa zaober\u00e1 aj s\u0165ahovan\u00edm a vys\u0165ahovan\u00edm men\u0161ieho rozsahu pre \u013eud\u00ed, ktor\u00ed sa s\u0165ahuj\u00fa do men\u0161\u00edch bytov, napr\u00edklad do domovov s opatrovate\u013eskou slu\u017ebou alebo domovov d\u00f4chodcov. <\/p>\n\n\n\n<p>Pl\u00e1nujete pres\u0165ahovanie seniora? S\u0165ahovanie seniorov je \u010dasto intenz\u00edvna pr\u00e1ca, ktor\u00e1 si vy\u017eaduje pozornos\u0165 a riadenie. Spolo\u010dnos\u0165 STERK v\u00e1m rada pom\u00f4\u017ee pres\u0165ahova\u0165 v\u00e1\u0161ho otca, matku, dedka alebo babi\u010dku. Rob\u00edme to tak, aby s\u0165ahovanie seniorov bolo \u010do najmenej stresuj\u00face. Zabezpe\u010denie hladk\u00e9ho a bezprobl\u00e9mov\u00e9ho priebehu s\u0165ahovania seniorov si od n\u00e1s ako s\u0165ahovate\u013eov vy\u017eaduje zv\u00fd\u0161en\u00fa pozornos\u0165. <em>Koniec koncov, pre seniorov je s\u0165ahovanie dos\u0165 stresuj\u00face.<\/em> V spolo\u010dnosti STERK v\u00e1m preto venujeme zv\u00fd\u0161en\u00fa pozornos\u0165. V\u010faka pokojnej\u0161iemu pr\u00edstupu, v\u00e4\u010d\u0161ej starostlivosti o v\u00e1s a v\u00e1\u0161 majetok a doplnkov\u00fdm slu\u017eb\u00e1m (ako napr. <a href=\"http:\/\/sterkontruimingen.nl\/sk\/stahovanie-pri-demencii\/\" class=\"rank-math-link\">premiestnenie pri demencii<\/a> alebo do\u010dasn\u00e9 uskladnenie) zabezpe\u010d\u00edme bezprobl\u00e9mov\u00e9 s\u0165ahovanie.<\/p>\n\n\n\n<p>Doplnkovou slu\u017ebou je napr\u00edklad ulo\u017eenie v\u0161etk\u00fdch va\u0161ich vec\u00ed na spr\u00e1vne miesto, op\u00e4tovn\u00e9 zapojenie spotrebi\u010dov a na po\u017eiadanie aj vyma\u013eovanie stien, polo\u017eenie novej podlahy a dokonca aj ustlanie postele. V\u010faka tomu sa budete vo svojom novom domove c\u00edti\u0165 ako doma a vieme, \u017ee t\u00fato slu\u017ebu u priemern\u00fdch s\u0165ahov\u00e1kov nen\u00e1jdete. STERK sa preto v tejto oblasti odli\u0161uje.<\/p>\n\n\n\n<p>Najsk\u00f4r v\u00e1s nav\u0161t\u00edvime, aby sme sa zozn\u00e1mili. Okrem toho s vami v\u0161etko prejdeme. \u010co je potrebn\u00e9 urobi\u0165? \u010co je potrebn\u00e9 odstr\u00e1ni\u0165 a \u010do nie? Kedy sa budete s\u0165ahova\u0165? S\u00fa e\u0161te nejak\u00e9 \u010fal\u0161ie veci, ktor\u00e9 s\u00fa pre v\u00e1s d\u00f4le\u017eit\u00e9? Takto m\u00f4\u017eeme \u010do najlep\u0161ie vyhovie\u0165 va\u0161im potreb\u00e1m. Okrem toho budete ma\u0165 pred s\u0165ahovan\u00edm, po\u010das neho aj po \u0148om jednu pevne stanoven\u00fa kontaktn\u00fa osobu, ktor\u00e1 v\u00e1m bude kedyko\u013evek k dispoz\u00edcii v pr\u00edpade ot\u00e1zok. <\/p>\n\n\n\n<p>Na\u0161i s\u0165ahov\u00e1ci s\u00fa \u0161peci\u00e1lne vy\u0161kolen\u00ed na to, aby zvl\u00e1dli v\u0161etko, \u010do je spojen\u00e9 so s\u0165ahovan\u00edm seniorov. Samozrejme, v\u0161etko \u00fah\u013eadne zabal\u00edme do krab\u00edc alebo do s\u0165ahovac\u00edch prikr\u00fdvok s f\u00f3liou, aby sa ni\u010d nepo\u0161kodilo, ale radi sa s vami aj porozpr\u00e1vame a informujeme v\u00e1s. Zost\u00e1vate pod kontrolou. My sme tu, aby sme v\u00e1m pomohli.<\/p>\n\n\n\n<div class=\"wp-block-columns is-layout-flex wp-container-core-columns-is-layout-28f84493 wp-block-columns-is-layout-flex\">\n<div class=\"wp-block-column is-layout-flow wp-block-column-is-layout-flow\">\n<h3 class=\"wp-block-heading\">Smr\u0165<\/h3>\n\n\n\n<p>Pri vyprat\u00e1van\u00ed domu po smrti partnera, \u010dlena rodiny alebo priate\u013ea je potrebn\u00e9 zorganizova\u0165 ve\u013ea vec\u00ed. My v\u00e1s m\u00f4\u017eeme zbavi\u0165 starost\u00ed so s\u0165ahovan\u00edm.<\/p>\n\n\n\n<p><a href=\"http:\/\/sterkontruimingen.nl\/sk\/vyprazdnenie-domu-po-smrti\/\" class=\"rank-math-link\">Pre\u010d\u00edtajte si viac o o\u010disten\u00ed po smrti<\/a><\/p>\n<\/div>\n\n\n\n<div class=\"wp-block-column is-layout-flow wp-block-column-is-layout-flow\">\n<h3 class=\"wp-block-heading\">DEMENTION<\/h3>\n\n\n\n<p>\u010eal\u0161ou slu\u017ebou je na\u0161a \u0161peci\u00e1lna slu\u017eba premiest\u0148ovania os\u00f4b s demenciou. Aby sme seniorom s demenciou u\u013eah\u010dili s\u0165ahovanie, zrkadl\u00edme nov\u00fd domov presne tak, ako bol ten star\u00fd. Dokonca aj obrazy bud\u00fa na rovnakom mieste.<\/p>\n\n\n\n<p><a href=\"http:\/\/sterkontruimingen.nl\/sk\/stahovanie-pri-demencii\/\" class=\"rank-math-link\">Pre\u010d\u00edtajte si viac o s\u0165ahovan\u00ed s demenciou<\/a><\/p>\n<\/div>\n<\/div>\n\n\n\n<div class=\"wp-block-columns is-layout-flex wp-container-core-columns-is-layout-28f84493 wp-block-columns-is-layout-flex\">\n<div class=\"wp-block-column is-layout-flow wp-block-column-is-layout-flow\">\n<h3 class=\"wp-block-heading\">VN\u00daTORN\u00c9 PREMIESTNENIE<\/h3>\n\n\n\n<p>STERK podporuje aj bezpe\u010dn\u00e9 premiest\u0148ovanie vec\u00ed v zariadeniach opatrovate\u013eskej slu\u017eby alebo v domovoch d\u00f4chodcov. Na\u0161e bohat\u00e9 sk\u00fasenosti v oblasti s\u0165ahovania men\u0161ieho rozsahu n\u00e1m umo\u017e\u0148uj\u00fa venova\u0165 s\u0165ahovaniu e\u0161te v\u00e4\u010d\u0161iu pozornos\u0165.<\/p>\n\n\n\n<p><a class=\"rank-math-link\" href=\"http:\/\/sterkontruimingen.nl\/sk\/interne-zariadenie-na-starostlivost-o-premiestnenie\/\">Viac inform\u00e1ci\u00ed o internom premiestnen\u00ed<\/a><\/p>\n<\/div>\n\n\n\n<div class=\"wp-block-column is-layout-flow wp-block-column-is-layout-flow\">\n<h3 class=\"wp-block-heading\">do\u010dasn\u00e9 skladovanie<\/h3>\n\n\n\n<p>E\u0161te neviete, \u010do urobi\u0165 so zvy\u0161n\u00fdmi vecami po s\u0165ahovan\u00ed? Potom ich pre v\u00e1s m\u00f4\u017eeme do\u010dasne uskladni\u0165. Z\u00edskate tak dostatok \u010dasu na premyslenie.<\/p>\n<\/div>\n<\/div>\n\n\n\n<div class=\"wp-block-columns is-layout-flex wp-container-core-columns-is-layout-28f84493 wp-block-columns-is-layout-flex\">\n<div class=\"wp-block-column is-layout-flow wp-block-column-is-layout-flow\"><\/div>\n\n\n\n<div class=\"wp-block-column is-layout-flow wp-block-column-is-layout-flow\"><\/div>\n<\/div>","protected":false},"excerpt":{"rendered":"<p>Senioren verhuizer gezocht? STERK Ontruimingen verzorgd ook kleinschalige verhuizingen en ontruimingen voor mensen die kleiner gaan wonen in bijvoorbeeld een aanleunwoning of een verzorgingstehuis. Staat er een seniorenverhuizing op de planning? Het verhuizen van senioren is vaak een intensieve klus die aandacht en beleid vraagt. STERK helpt graag om uw vader, moeder, opa of oma [&hellip;]<\/p>\n","protected":false},"author":1,"featured_media":1838,"parent":0,"menu_order":0,"comment_status":"closed","ping_status":"closed","template":"","meta":{"inline_featured_image":false,"footnotes":""},"categories":[14],"tags":[],"class_list":["post-1825","page","type-page","status-publish","has-post-thumbnail","hentry","category-landingspaginas"],"blocksy_meta":{"styles_descriptor":{"styles":{"desktop":"","tablet":"","mobile":""},"google_fonts":[],"version":6}},"_links":{"self":[{"href":"https:\/\/sterkontruimingen.nl\/sk\/wp-json\/wp\/v2\/pages\/1825","targetHints":{"allow":["GET"]}}],"collection":[{"href":"https:\/\/sterkontruimingen.nl\/sk\/wp-json\/wp\/v2\/pages"}],"about":[{"href":"https:\/\/sterkontruimingen.nl\/sk\/wp-json\/wp\/v2\/types\/page"}],"author":[{"embeddable":true,"href":"https:\/\/sterkontruimingen.nl\/sk\/wp-json\/wp\/v2\/users\/1"}],"replies":[{"embeddable":true,"href":"https:\/\/sterkontruimingen.nl\/sk\/wp-json\/wp\/v2\/comments?post=1825"}],"version-history":[{"count":2,"href":"https:\/\/sterkontruimingen.nl\/sk\/wp-json\/wp\/v2\/pages\/1825\/revisions"}],"predecessor-version":[{"id":2832,"href":"https:\/\/sterkontruimingen.nl\/sk\/wp-json\/wp\/v2\/pages\/1825\/revisions\/2832"}],"wp:featuredmedia":[{"embeddable":true,"href":"https:\/\/sterkontruimingen.nl\/sk\/wp-json\/wp\/v2\/media\/1838"}],"wp:attachment":[{"href":"https:\/\/sterkontruimingen.nl\/sk\/wp-json\/wp\/v2\/media?parent=1825"}],"wp:term":[{"taxonomy":"category","embeddable":true,"href":"https:\/\/sterkontruimingen.nl\/sk\/wp-json\/wp\/v2\/categories?post=1825"},{"taxonomy":"post_tag","embeddable":true,"href":"https:\/\/sterkontruimingen.nl\/sk\/wp-json\/wp\/v2\/tags?post=1825"}],"curies":[{"name":"wp","href":"https:\/\/api.w.org\/{rel}","templated":true}]}}