{"id":1235,"date":"2020-07-02T14:21:44","date_gmt":"2020-07-02T12:21:44","guid":{"rendered":"http:\/\/sterkontruimingen.nl\/?page_id=1235"},"modified":"2022-05-29T11:26:27","modified_gmt":"2022-05-29T09:26:27","slug":"demolacne-prace","status":"publish","type":"page","link":"https:\/\/sterkontruimingen.nl\/sk\/sloopwerkzaamheden\/","title":{"rendered":"Demola\u010dn\u00e9 pr\u00e1ce"},"content":{"rendered":"<h2 class=\"wp-block-heading\">Demola\u010dn\u00e9 pr\u00e1ce spolo\u010dnosti STERK Evacuations<\/h2>\n\n\n\n<p>Pred dokon\u010den\u00edm v\u00e1\u0161ho domu alebo firemn\u00fdch priestorov je \u010dasto potrebn\u00e9 uvies\u0165 v\u0161etko do p\u00f4vodn\u00e9ho stavu. Prestavali ste nehnute\u013enos\u0165 alebo ste postavili prie\u010dky na vytvorenie kancel\u00e1ri\u00ed alebo kuchyne. Bolo to potrebn\u00e9 pre va\u0161e vyu\u017eitie, ale v\u00e1\u0161 prenaj\u00edmate\u013e alebo majite\u013e nehnute\u013enosti sa s vami vopred dohodol, \u017ee po dokon\u010den\u00ed uvediete v\u0161etko do p\u00f4vodn\u00e9ho stavu.<\/p>\n\n\n\n<p>Spolo\u010dnos\u0165 STERK Evictions v\u00e1m s t\u00fdm pom\u00f4\u017ee. Je potrebn\u00e9 odstr\u00e1ni\u0165, demontova\u0165 alebo zb\u00fara\u0165 predmety. Radi v\u00e1m pom\u00f4\u017eeme.<\/p>\n\n\n\n<h3 class=\"wp-block-heading\">Pracovn\u00e1 met\u00f3da STERK Evaku\u00e1cie<\/h3>\n\n\n\n<h3 class=\"wp-block-heading\">NA\u0160A PRACOVN\u00c1 MET\u00d3DA<\/h3>\n\n\n\n<p>Predt\u00fdm, ako v\u00e1m pom\u00f4\u017eeme s vypratan\u00edm, rodina dostane pr\u00edle\u017eitos\u0165 najprv odstr\u00e1ni\u0165 v\u0161etky cenn\u00e9 veci z domu. Potom sa postar\u00e1me o kompletn\u00e9 vypratanie a doru\u010denie v priebehu nieko\u013ek\u00fdch dn\u00ed. Je to naliehav\u00e9? Potom sa o vypratanie m\u00f4\u017eeme postara\u0165 aj do 48 hod\u00edn.<\/p>\n\n\n\n<ul class=\"wp-block-list\"><li>Lamin\u00e1tov\u00e9 podlahy, koberce, dla\u017edice a plachty sa odstra\u0148uj\u00fa starostlivo a profesion\u00e1lne.<\/li><li>V\u0161etky steny a stropy s\u00fa zbaven\u00e9 skrutiek, klincov a hmo\u017ediniek a ich otvory s\u00fa d\u00f4kladne utesnen\u00e9.<\/li><li>Spolo\u010dnos\u0165 STERK sa postar\u00e1 o v\u0161etky pr\u00e1ce potrebn\u00e9 na odovzdanie nehnute\u013enosti k va\u0161ej spokojnosti.<\/li><\/ul>\n\n\n\n<p>Pracujeme so z\u00e1rukou dokon\u010denia. Platba sa uskuto\u010d\u0148uje a\u017e po dodan\u00ed. St\u00e1le nie ste spokojn\u00ed? Potom to v\u017edy m\u00f4\u017eeme vyrie\u0161i\u0165 po konzult\u00e1cii. <\/p>","protected":false},"excerpt":{"rendered":"<p>Sloopwerkzaamheden door STERK Ontruimingen Vaak moeten er voor oplevering van uw woning of bedrijfspand alles teruggebracht worden naar oorspronkelijke staat. U heeft het pand verbouwd of scheidingswanden aangebracht om kantoren of een keuken te maken. Voor uw gebruik was dit nodig, maar uw verhuurder of eigenaar van het pand heeft met u van te voren [&hellip;]<\/p>\n","protected":false},"author":1,"featured_media":1247,"parent":0,"menu_order":0,"comment_status":"closed","ping_status":"closed","template":"","meta":{"inline_featured_image":false,"footnotes":""},"categories":[14],"tags":[],"class_list":["post-1235","page","type-page","status-publish","has-post-thumbnail","hentry","category-landingspaginas"],"blocksy_meta":{"styles_descriptor":{"styles":{"desktop":"","tablet":"","mobile":""},"google_fonts":[],"version":6}},"_links":{"self":[{"href":"https:\/\/sterkontruimingen.nl\/sk\/wp-json\/wp\/v2\/pages\/1235","targetHints":{"allow":["GET"]}}],"collection":[{"href":"https:\/\/sterkontruimingen.nl\/sk\/wp-json\/wp\/v2\/pages"}],"about":[{"href":"https:\/\/sterkontruimingen.nl\/sk\/wp-json\/wp\/v2\/types\/page"}],"author":[{"embeddable":true,"href":"https:\/\/sterkontruimingen.nl\/sk\/wp-json\/wp\/v2\/users\/1"}],"replies":[{"embeddable":true,"href":"https:\/\/sterkontruimingen.nl\/sk\/wp-json\/wp\/v2\/comments?post=1235"}],"version-history":[{"count":1,"href":"https:\/\/sterkontruimingen.nl\/sk\/wp-json\/wp\/v2\/pages\/1235\/revisions"}],"predecessor-version":[{"id":2817,"href":"https:\/\/sterkontruimingen.nl\/sk\/wp-json\/wp\/v2\/pages\/1235\/revisions\/2817"}],"wp:featuredmedia":[{"embeddable":true,"href":"https:\/\/sterkontruimingen.nl\/sk\/wp-json\/wp\/v2\/media\/1247"}],"wp:attachment":[{"href":"https:\/\/sterkontruimingen.nl\/sk\/wp-json\/wp\/v2\/media?parent=1235"}],"wp:term":[{"taxonomy":"category","embeddable":true,"href":"https:\/\/sterkontruimingen.nl\/sk\/wp-json\/wp\/v2\/categories?post=1235"},{"taxonomy":"post_tag","embeddable":true,"href":"https:\/\/sterkontruimingen.nl\/sk\/wp-json\/wp\/v2\/tags?post=1235"}],"curies":[{"name":"wp","href":"https:\/\/api.w.org\/{rel}","templated":true}]}}