{"id":1230,"date":"2020-07-02T09:16:42","date_gmt":"2020-07-02T07:16:42","guid":{"rendered":"http:\/\/sterkontruimingen.nl\/?page_id=1230"},"modified":"2024-05-27T07:50:03","modified_gmt":"2024-05-27T05:50:03","slug":"cistenie","status":"publish","type":"page","link":"https:\/\/sterkontruimingen.nl\/sk\/schoonmaakwerkzaamheden\/","title":{"rendered":"\u010cistenie"},"content":{"rendered":"<h2 class=\"wp-block-heading\">STERK obnov\u00ed v\u00e1\u0161 domov do p\u00f4vodn\u00e9ho stavu <\/h2>\n\n\n\n<p>Je mo\u017en\u00e9 vymenova\u0165 nieko\u013eko situ\u00e1ci\u00ed, v ktor\u00fdch sa nach\u00e1dza extr\u00e9mne zne\u010disten\u00fd dom. St\u00e1va sa to \u010dastej\u0161ie, ako si mysl\u00edte, a to najm\u00e4 preto, \u017ee v tom hr\u00e1 (zbyto\u010dn\u00fa!) \u00falohu hanba. Hanba, preto\u017ee STERK dok\u00e1\u017ee v kr\u00e1tkom \u010dase uvies\u0165 ka\u017ed\u00fd dom do p\u00f4vodn\u00e9ho stavu. Naozaj sme u\u017e mali v\u0161etko na dosah ruky&nbsp;<\/p>\n\n\n\n<p><strong>Zne\u010disten\u00fd domov je \u010dasto v\u00fdsledkom<\/strong>:<\/p>\n\n\n\n<ul class=\"wp-block-list\"><li>Siln\u00e9 nutkanie zbiera\u0165 (zberatelia)<\/li><li>Z\u00e1va\u017en\u00e9 zanedb\u00e1vanie<\/li><li>Miesto \u010dinu<\/li><li>Miesto n\u00e1lezu tela (krv, telesn\u00e9 tekutiny, intenz\u00edvny z\u00e1pach)<\/li><li>Zvierat\u00e1, \u0161kodcovia at\u010f.<\/li><\/ul>\n\n\n\n<h3 class=\"wp-block-heading\">Diskr\u00e9tne a \u00factiv\u00e9 z\u00fa\u010dtovanie<\/h3>\n\n\n\n<p>V mnoh\u00fdch pr\u00edpadoch sa obyvatelia alebo zainteresovan\u00e9 strany ocitn\u00fa v situ\u00e1cii, ke\u010f s\u00fa rozpa\u010dit\u00ed zo stavu nehnute\u013enosti. Je to pochopite\u013en\u00e9, ale zbyto\u010dn\u00e9. Spolo\u010dnos\u0165 STERK sa s t\u00fdm v\u0161etk\u00fdm u\u017e stretla a vieme (bohu\u017eia\u013e), ak\u00e9 pr\u00ed\u010diny sa m\u00f4\u017eu skr\u00fdva\u0165 za v\u00e1\u017ene zne\u010disten\u00fdm domom.&nbsp;<\/p>\n\n\n\n<p>STERK Eviction pon\u00faka pr\u00edstupn\u00e9, praktick\u00e9 a hum\u00e1nne rie\u0161enie. Spolo\u010dne s vami vypracujeme pl\u00e1n opatren\u00ed na uvedenie zne\u010disten\u00e9ho domu do p\u00f4vodn\u00e9ho stavu.&nbsp;<\/p>\n\n\n\n<p>To v\u0161etko s maxim\u00e1lnou diskr\u00e9tnos\u0165ou. V pr\u00edpade potreby jazd\u00edme v bielej dod\u00e1vke bez loga a textov, \u0161truktur\u00e1lne zakazujeme pr\u00edstup nepovolan\u00fdm osob\u00e1m a opatrne zaobch\u00e1dzame s ak\u00fdmiko\u013evek osobn\u00fdmi vecami n\u00e1jden\u00fdmi v obsahu.&nbsp;<\/p>\n\n\n\n<h3 class=\"wp-block-heading\">Vys\u0165ahovanie spolo\u010dnosti STERK m\u00f4\u017ee zah\u0155\u0148a\u0165:<\/h3>\n\n\n\n<ul class=\"wp-block-list\"><li>Vedenie procesu od A po Z<\/li><li>Jasn\u00e9<\/li><li>\u010cistenie<\/li><li>Dezinfekcia<\/li><li>Odstr\u00e1nenie z\u00e1pachu<\/li><li>Ekologick\u00e1 a n\u00e1kladovo efekt\u00edvna likvid\u00e1cia zvy\u0161kov<\/li><li><a href=\"http:\/\/sterkontruimingen.nl\/sk\/vypratanie-domu\/opravy\/\">Opravy<\/a>&nbsp;vykona\u0165<\/li><li>at\u010f.<\/li><\/ul>\n\n\n\n<h3 class=\"wp-block-heading\">Pracovn\u00e1 met\u00f3da STERK<\/h3>\n\n\n\n<p>Radi v\u00e1s v kr\u00e1tkom \u010dase nav\u0161t\u00edvime, aby sme s vami prediskutovali pr\u00e1cu a nez\u00e1v\u00e4zne v\u00e1m poskytli cenov\u00fa ponuku a harmonogram. Po dohode za\u010dneme spolupracova\u0165. V\u017edy m\u00e1te jednu kontaktn\u00fa osobu a pon\u00fakame z\u00e1ruku spokojnosti 100%. Plat\u00edte a\u017e po dohode o dod\u00e1vke.<\/p>","protected":false},"excerpt":{"rendered":"<p>STERK brengt uw woning in oorspronkelijke staat terug Er zijn verschillende situaties op te noemen waarin een extreem vervuilde woning wordt aangetroffen. Het gebeurt vaker dan u denkt, veelal omdat schaamte een (onnodige!) rol speelt. Zonde, want STERK kan elke woning in korte tijd in originele staat terug brengen. Wij hebben werkelijk alles al eens [&hellip;]<\/p>\n","protected":false},"author":1,"featured_media":1058,"parent":0,"menu_order":0,"comment_status":"closed","ping_status":"closed","template":"","meta":{"inline_featured_image":false,"footnotes":""},"categories":[14],"tags":[],"class_list":["post-1230","page","type-page","status-publish","has-post-thumbnail","hentry","category-landingspaginas"],"blocksy_meta":{"styles_descriptor":{"styles":{"desktop":"","tablet":"","mobile":""},"google_fonts":[],"version":6}},"_links":{"self":[{"href":"https:\/\/sterkontruimingen.nl\/sk\/wp-json\/wp\/v2\/pages\/1230","targetHints":{"allow":["GET"]}}],"collection":[{"href":"https:\/\/sterkontruimingen.nl\/sk\/wp-json\/wp\/v2\/pages"}],"about":[{"href":"https:\/\/sterkontruimingen.nl\/sk\/wp-json\/wp\/v2\/types\/page"}],"author":[{"embeddable":true,"href":"https:\/\/sterkontruimingen.nl\/sk\/wp-json\/wp\/v2\/users\/1"}],"replies":[{"embeddable":true,"href":"https:\/\/sterkontruimingen.nl\/sk\/wp-json\/wp\/v2\/comments?post=1230"}],"version-history":[{"count":1,"href":"https:\/\/sterkontruimingen.nl\/sk\/wp-json\/wp\/v2\/pages\/1230\/revisions"}],"predecessor-version":[{"id":2820,"href":"https:\/\/sterkontruimingen.nl\/sk\/wp-json\/wp\/v2\/pages\/1230\/revisions\/2820"}],"wp:featuredmedia":[{"embeddable":true,"href":"https:\/\/sterkontruimingen.nl\/sk\/wp-json\/wp\/v2\/media\/1058"}],"wp:attachment":[{"href":"https:\/\/sterkontruimingen.nl\/sk\/wp-json\/wp\/v2\/media?parent=1230"}],"wp:term":[{"taxonomy":"category","embeddable":true,"href":"https:\/\/sterkontruimingen.nl\/sk\/wp-json\/wp\/v2\/categories?post=1230"},{"taxonomy":"post_tag","embeddable":true,"href":"https:\/\/sterkontruimingen.nl\/sk\/wp-json\/wp\/v2\/tags?post=1230"}],"curies":[{"name":"wp","href":"https:\/\/api.w.org\/{rel}","templated":true}]}}