{"id":1224,"date":"2020-07-02T08:52:35","date_gmt":"2020-07-02T06:52:35","guid":{"rendered":"http:\/\/sterkontruimingen.nl\/?page_id=1224"},"modified":"2024-05-27T07:25:30","modified_gmt":"2024-05-27T05:25:30","slug":"dobre-ciele","status":"publish","type":"page","link":"https:\/\/sterkontruimingen.nl\/sk\/goede-doelen\/","title":{"rendered":"Dobr\u00e9 d\u00f4vody"},"content":{"rendered":"<h2 class=\"wp-block-heading\">STERK podporuje Nov\u00fa n\u00e1dej<\/h2>\n\n\n\n<p>STERK podporuje zber tovaru <a rel=\"noreferrer noopener\" href=\"https:\/\/nieuwehoop.nl\" target=\"_blank\">Kruh novej n\u00e1deje<\/a>. Darovan\u00edm tovaru, na ktor\u00fd naraz\u00edme pri v\u00fdpredajoch a ktor\u00fd je st\u00e1le predajn\u00fd, spolo\u010dnosti Nieuwe Hoop zabezpe\u010d\u00edme, \u017ee sa in\u00fdm \u013eu\u010fom pom\u00f4\u017ee pekn\u00fdmi vecami, ale spolo\u010dnos\u0165 Nieuwe Hoop tie\u017e zabezpe\u010d\u00ed, \u017ee \u013eudia, ktor\u00ed maj\u00fa probl\u00e9my, dostan\u00fa praktick\u00fa pomoc, finan\u010dn\u00fa podporu a vypo\u010dutie.<\/p>\n\n\n\n<p>Ak n\u00e1m zad\u00e1te z\u00e1kazku, m\u00f4\u017eete si by\u0165 ist\u00ed, \u017ee urob\u00edme v\u0161etko pre to, aby sme 1. zn\u00ed\u017eili mno\u017estvo odpadu 2. dali hodnotn\u00fdm predmetom druh\u00fd \u017eivot 3. Spolo\u010dne s obchodom s tovarom triedi\u0165 a vytriedi\u0165 veci na predaj a recykl\u00e1ciu, ako najlep\u0161ie vieme.<\/p>","protected":false},"excerpt":{"rendered":"<p>STERK steunt Nieuwe Hoop STERK steunt met het ophalen van goederen Nieuwe Hoop Kringloop. Door goederen die wij uit een ontruiming tegenkomen die nog verkoopbaar zijn te doneren aan Nieuwe Hoop zorgen we ervoor dat andere mensen geholpen zijn aan mooie spullen maar zorgt Nieuwe Hoop er ook voor dat mensen die het moeilijk hebben [&hellip;]<\/p>\n","protected":false},"author":1,"featured_media":1058,"parent":0,"menu_order":0,"comment_status":"closed","ping_status":"closed","template":"","meta":{"inline_featured_image":false,"footnotes":""},"categories":[14],"tags":[],"class_list":["post-1224","page","type-page","status-publish","has-post-thumbnail","hentry","category-landingspaginas"],"blocksy_meta":{"styles_descriptor":{"styles":{"desktop":"","tablet":"","mobile":""},"google_fonts":[],"version":6}},"_links":{"self":[{"href":"https:\/\/sterkontruimingen.nl\/sk\/wp-json\/wp\/v2\/pages\/1224","targetHints":{"allow":["GET"]}}],"collection":[{"href":"https:\/\/sterkontruimingen.nl\/sk\/wp-json\/wp\/v2\/pages"}],"about":[{"href":"https:\/\/sterkontruimingen.nl\/sk\/wp-json\/wp\/v2\/types\/page"}],"author":[{"embeddable":true,"href":"https:\/\/sterkontruimingen.nl\/sk\/wp-json\/wp\/v2\/users\/1"}],"replies":[{"embeddable":true,"href":"https:\/\/sterkontruimingen.nl\/sk\/wp-json\/wp\/v2\/comments?post=1224"}],"version-history":[{"count":1,"href":"https:\/\/sterkontruimingen.nl\/sk\/wp-json\/wp\/v2\/pages\/1224\/revisions"}],"predecessor-version":[{"id":2803,"href":"https:\/\/sterkontruimingen.nl\/sk\/wp-json\/wp\/v2\/pages\/1224\/revisions\/2803"}],"wp:featuredmedia":[{"embeddable":true,"href":"https:\/\/sterkontruimingen.nl\/sk\/wp-json\/wp\/v2\/media\/1058"}],"wp:attachment":[{"href":"https:\/\/sterkontruimingen.nl\/sk\/wp-json\/wp\/v2\/media?parent=1224"}],"wp:term":[{"taxonomy":"category","embeddable":true,"href":"https:\/\/sterkontruimingen.nl\/sk\/wp-json\/wp\/v2\/categories?post=1224"},{"taxonomy":"post_tag","embeddable":true,"href":"https:\/\/sterkontruimingen.nl\/sk\/wp-json\/wp\/v2\/tags?post=1224"}],"curies":[{"name":"wp","href":"https:\/\/api.w.org\/{rel}","templated":true}]}}