{"id":1213,"date":"2020-07-02T08:46:07","date_gmt":"2020-07-02T06:46:07","guid":{"rendered":"http:\/\/sterkontruimingen.nl\/?page_id=1213"},"modified":"2022-05-29T11:27:57","modified_gmt":"2022-05-29T09:27:57","slug":"reintegracia","status":"publish","type":"page","link":"https:\/\/sterkontruimingen.nl\/sk\/re-integratie\/","title":{"rendered":"Reintegr\u00e1cia v STERK Evictions"},"content":{"rendered":"<h2 class=\"wp-block-heading\">Reintegr\u00e1cia v STERK Evictions<\/h2>\n\n\n\n<p>V spolo\u010dnosti STERK Evictions chceme da\u0165 \u0161ancu pracova\u0165 \u010do najv\u00e4\u010d\u0161iemu po\u010dtu \u013eud\u00ed. Preto radi pom\u00e1hame \u013eu\u010fom pri op\u00e4tovnom za\u010dle\u0148ovan\u00ed. T\u00fdm, \u017ee pon\u00fakame dobr\u00e9 vedenie a \u0161trukt\u00faru, pom\u00e1hame \u013eu\u010fom vr\u00e1ti\u0165 sa do pracovn\u00e9ho rytmu. Okrem toho pracujeme s pr\u00edjemn\u00fdm t\u00edmom a ka\u017ed\u00fd de\u0148 sa usilujeme, aby boli \u013eudia s na\u0161imi slu\u017ebami spokojn\u00ed.<\/p>\n\n\n\n<p>Sme presved\u010den\u00ed, \u017ee ak m\u00e1 \u010dlovek mo\u017enos\u0165, mala by by\u0165 ponuka reintegr\u00e1cie s\u00fa\u010das\u0165ou jeho \u010dinnosti. Spolupr\u00e1cou s reintegra\u010dn\u00fdmi agent\u00farami z\u00edskavame do n\u00e1\u0161ho t\u00edmu \u013eud\u00ed, ktor\u00ed maj\u00fa potenci\u00e1l pozdvihn\u00fa\u0165 sa \u010faleko nad seba. Nedosahujeme to zvy\u0161ovan\u00edm tlaku, ale sk\u00f4r t\u00fdm, \u017ee zamestn\u00e1vame \u013eud\u00ed pod\u013ea ich schopnost\u00ed, neust\u00e1le ich pos\u00favame o nie\u010do vy\u0161\u0161ie a pozorne sledujeme zdravie na\u0161ich zamestnancov.<\/p>\n\n\n\n<p>M\u00e1te z\u00e1ujem o op\u00e4tovn\u00e9 za\u010dlenenie sa k n\u00e1m? <a href=\"http:\/\/sterkontruimingen.nl\/sk\/kontakt\/\">Potom n\u00e1s kontaktujte<\/a>.<\/p>","protected":false},"excerpt":{"rendered":"<p>Re-integreren bij STERK Ontruimingen Bij STERK Ontruimingen willen we zoveel mogelijk mensen een kans geven op werk. Daarom helpen we mensen graag re-integreren. Door goede begeleiding en structuur te bieden helpen we op die manier mensen weer in een arbeidsritme te krijgen. Daarnaast werken we met een leuk team en werken we elke dag hard [&hellip;]<\/p>\n","protected":false},"author":1,"featured_media":905,"parent":0,"menu_order":0,"comment_status":"closed","ping_status":"closed","template":"","meta":{"inline_featured_image":false,"footnotes":""},"categories":[14],"tags":[],"class_list":["post-1213","page","type-page","status-publish","has-post-thumbnail","hentry","category-landingspaginas"],"blocksy_meta":{"styles_descriptor":{"styles":{"desktop":"","tablet":"","mobile":""},"google_fonts":[],"version":6}},"_links":{"self":[{"href":"https:\/\/sterkontruimingen.nl\/sk\/wp-json\/wp\/v2\/pages\/1213","targetHints":{"allow":["GET"]}}],"collection":[{"href":"https:\/\/sterkontruimingen.nl\/sk\/wp-json\/wp\/v2\/pages"}],"about":[{"href":"https:\/\/sterkontruimingen.nl\/sk\/wp-json\/wp\/v2\/types\/page"}],"author":[{"embeddable":true,"href":"https:\/\/sterkontruimingen.nl\/sk\/wp-json\/wp\/v2\/users\/1"}],"replies":[{"embeddable":true,"href":"https:\/\/sterkontruimingen.nl\/sk\/wp-json\/wp\/v2\/comments?post=1213"}],"version-history":[{"count":1,"href":"https:\/\/sterkontruimingen.nl\/sk\/wp-json\/wp\/v2\/pages\/1213\/revisions"}],"predecessor-version":[{"id":2808,"href":"https:\/\/sterkontruimingen.nl\/sk\/wp-json\/wp\/v2\/pages\/1213\/revisions\/2808"}],"wp:featuredmedia":[{"embeddable":true,"href":"https:\/\/sterkontruimingen.nl\/sk\/wp-json\/wp\/v2\/media\/905"}],"wp:attachment":[{"href":"https:\/\/sterkontruimingen.nl\/sk\/wp-json\/wp\/v2\/media?parent=1213"}],"wp:term":[{"taxonomy":"category","embeddable":true,"href":"https:\/\/sterkontruimingen.nl\/sk\/wp-json\/wp\/v2\/categories?post=1213"},{"taxonomy":"post_tag","embeddable":true,"href":"https:\/\/sterkontruimingen.nl\/sk\/wp-json\/wp\/v2\/tags?post=1213"}],"curies":[{"name":"wp","href":"https:\/\/api.w.org\/{rel}","templated":true}]}}