{"id":1199,"date":"2020-07-01T14:07:41","date_gmt":"2020-07-01T12:07:41","guid":{"rendered":"http:\/\/sterkontruimingen.nl\/?page_id=1199"},"modified":"2024-05-27T08:44:24","modified_gmt":"2024-05-27T06:44:24","slug":"realitne-kancelarie","status":"publish","type":"page","link":"https:\/\/sterkontruimingen.nl\/sk\/makelaars\/","title":{"rendered":"Z\u00fa\u010dtovanie pre realitn\u00e9 kancel\u00e1rie"},"content":{"rendered":"<h2 class=\"wp-block-heading\">Rie\u0161enie Realitn\u00e9 kancel\u00e1rie a in\u00ed prenaj\u00edmatelia<\/h2>\n\n\n\n<p>Upratujeme dom\u00e1cnosti a komer\u010dn\u00e9 priestory, poskytujeme (\u0161peci\u00e1lne) upratovanie a pr\u00e1ce&nbsp;<a href=\"http:\/\/sterkontruimingen.nl\/sk\/vypratanie-domu\/\">&nbsp;pri vyprat\u00e1van\u00ed domu.<\/a><br>Preto je STERK House Clearances ide\u00e1lny pre realitn\u00e9 kancel\u00e1rie, majite\u013eov nehnute\u013enost\u00ed, prenaj\u00edmate\u013eov v s\u00fakromnom sektore a m\u00f4\u017ee by\u0165 vykonan\u00fd za&nbsp;<em>vy\u010distenie domu prin\u00e1\u0161a ve\u013ek\u00fa pridan\u00fa hodnotu<\/em>. Zabezpe\u010d\u00edte v\u0161etky pr\u00e1ce naraz, bez hluku a z\u00e1sahov, \u010do v\u00e1m u\u0161etr\u00ed ve\u013ea \u010dasu, odbremen\u00edme v\u00e1s od r\u00f4znych \u00faloh, aby ste sa mohli na\u010falej venova\u0165 svojmu podnikaniu.<\/p>\n\n\n\n<p>Okrem toho, ak vyu\u017eijete slu\u017eby STERK House Clearances na r\u00f4zne \u010dinnosti, m\u00f4\u017eete zvy\u010dajne z\u00edska\u0165 v\u00fdhodnej\u0161iu cenu. V\u00fdhodnej\u0161iu cenu, ako keby ste museli oslovi\u0165 r\u00f4zne spolo\u010dnosti na v\u0161etky r\u00f4zne \u010dinnosti, ako s\u00fa pr\u00e1ce a upratovanie po\u010das vyprat\u00e1vania.<\/p>\n\n\n\n<p>Okrem toho, ak je to potrebn\u00e9, m\u00f4\u017eeme tieto \u00falohy vykona\u0165 v kombin\u00e1cii s <strong><em><a href=\"http:\/\/sterkontruimingen.nl\/sk\/nudzove-povolenia\/\">n\u00fadzov\u00e9 vypratanie domu<\/a><\/em><\/strong>. V ka\u017edom pr\u00edpade sa v\u017edy jasne dohodneme a ak sa vyskytne nepredv\u00eddate\u013en\u00e1 okolnos\u0165, jasne v\u00e1m to ozn\u00e1mime a v\u017edy navrhneme rie\u0161enie, s ktor\u00fdm z\u00e1kazn\u00edk s\u00fahlas\u00ed.<\/p>\n\n\n\n<p>Na<strong>&nbsp;vypratanie domu<\/strong>&nbsp;V pr\u00edpade potreby odstr\u00e1nime (prilepen\u00fa) podlahov\u00fa krytinu, z\u00e1clony, zvy\u0161ky lepidla, klince, skrutky, svetl\u00e1 at\u010f. M\u00f4\u017eeme vykon\u00e1va\u0165 aj odborn\u00e9 \u010distiace pr\u00e1ce. M\u00f4\u017eete napr\u00edklad uva\u017eova\u0165 o kompletnej dezinfekcii budovy. V t\u00fdchto situ\u00e1ci\u00e1ch n\u00e1s \u010dasto \u017eiadaj\u00fa o&nbsp;<strong>vy\u010distenie domu:<\/strong><\/p>\n\n\n\n<ul class=\"wp-block-list\"><li>Vypratanie domu v konkurze<\/li><li>nedoplatky na n\u00e1jomnom<\/li><li>smr\u0165<\/li><li>emigr\u00e1cia<\/li><li>verejn\u00e1 dra\u017eba<\/li><li>premiestnenie<\/li><li>opatrovate\u013esk\u00e9 izby \/ chr\u00e1nen\u00e9 b\u00fdvanie<\/li><li>rozvod<\/li><\/ul>\n\n\n\n<p>STERK m\u00e1 jasn\u00fd a \u00faprimn\u00fd pr\u00edstup. V\u017edy si s vami dohodneme nez\u00e1v\u00e4zn\u00fa cenov\u00fa ponuku, obhliadneme dom a prediskutujeme s vami pr\u00e1cu. Pracujeme na z\u00e1klade celkovej ceny, tak\u017ee presne viete, na \u010dom ste, a bez n\u00e1sledn\u00fdch probl\u00e9mov.<\/p>\n\n\n\n<p><strong><em>Uvo\u013e\u0148ujeme v s\u00falade s podmienkami bytov\u00e9ho dru\u017estva&nbsp;<\/em><\/strong><\/p>","protected":false},"excerpt":{"rendered":"<p>D\u00e9 oplossing Makelaars en andere verhuurders Wij ontruimen woningen en bedrijfspanden, verzorgen een (speciale) schoonmaak, en klussen&nbsp;&nbsp;bij een woningontruiming.Daarom is&nbsp;STERK Woningontruimingen ideaal voor Makelaars, vastgoedeigenaren verhuurders in de particuliere sector en kan dit bij een&nbsp;woningontruiming&nbsp;veel meerwaarde geven. U regelt alle te verrichtten werkzaamheden in \u00e9\u00e9n keer, zonder ruis of tussenkomende partijen, dit scheelt u veel [&hellip;]<\/p>\n","protected":false},"author":1,"featured_media":746,"parent":0,"menu_order":0,"comment_status":"closed","ping_status":"closed","template":"","meta":{"inline_featured_image":false,"footnotes":""},"categories":[14],"tags":[],"class_list":["post-1199","page","type-page","status-publish","has-post-thumbnail","hentry","category-landingspaginas"],"blocksy_meta":{"styles_descriptor":{"styles":{"desktop":"","tablet":"","mobile":""},"google_fonts":[],"version":6}},"_links":{"self":[{"href":"https:\/\/sterkontruimingen.nl\/sk\/wp-json\/wp\/v2\/pages\/1199","targetHints":{"allow":["GET"]}}],"collection":[{"href":"https:\/\/sterkontruimingen.nl\/sk\/wp-json\/wp\/v2\/pages"}],"about":[{"href":"https:\/\/sterkontruimingen.nl\/sk\/wp-json\/wp\/v2\/types\/page"}],"author":[{"embeddable":true,"href":"https:\/\/sterkontruimingen.nl\/sk\/wp-json\/wp\/v2\/users\/1"}],"replies":[{"embeddable":true,"href":"https:\/\/sterkontruimingen.nl\/sk\/wp-json\/wp\/v2\/comments?post=1199"}],"version-history":[{"count":1,"href":"https:\/\/sterkontruimingen.nl\/sk\/wp-json\/wp\/v2\/pages\/1199\/revisions"}],"predecessor-version":[{"id":2812,"href":"https:\/\/sterkontruimingen.nl\/sk\/wp-json\/wp\/v2\/pages\/1199\/revisions\/2812"}],"wp:featuredmedia":[{"embeddable":true,"href":"https:\/\/sterkontruimingen.nl\/sk\/wp-json\/wp\/v2\/media\/746"}],"wp:attachment":[{"href":"https:\/\/sterkontruimingen.nl\/sk\/wp-json\/wp\/v2\/media?parent=1199"}],"wp:term":[{"taxonomy":"category","embeddable":true,"href":"https:\/\/sterkontruimingen.nl\/sk\/wp-json\/wp\/v2\/categories?post=1199"},{"taxonomy":"post_tag","embeddable":true,"href":"https:\/\/sterkontruimingen.nl\/sk\/wp-json\/wp\/v2\/tags?post=1199"}],"curies":[{"name":"wp","href":"https:\/\/api.w.org\/{rel}","templated":true}]}}