{"id":1184,"date":"2020-07-01T13:54:26","date_gmt":"2020-07-01T11:54:26","guid":{"rendered":"http:\/\/sterkontruimingen.nl\/?page_id=1184"},"modified":"2022-05-29T11:27:00","modified_gmt":"2022-05-29T09:27:00","slug":"bytova-nadacia-alebo-bytove-druzstvo","status":"publish","type":"page","link":"https:\/\/sterkontruimingen.nl\/sk\/woningstichting-of-woningbouwvereniging\/","title":{"rendered":"Nad\u00e1cia na b\u00fdvanie alebo bytov\u00e9 dru\u017estvo"},"content":{"rendered":"<h2 class=\"wp-block-heading\">povolenie v s\u00falade s va\u0161imi podmienkami<\/h2>\n\n\n\n<p>Existuj\u00fa r\u00f4zne okolnosti, za ktor\u00fdch nemus\u00edte by\u0165 schopn\u00ed vy\u010disti\u0165 alebo odovzda\u0165 \u010dist\u00fa nehnute\u013enos\u0165 sami. Spolo\u010dnos\u0165 STERK House Clearances v\u00e1m rada pom\u00f4\u017ee pri vyprat\u00e1van\u00ed, \u010disten\u00ed a pr\u00edprave domov, opatrovate\u013esk\u00fdch miestnost\u00ed alebo obchodn\u00fdch priestorov na odovzdanie.<\/p>\n\n\n\n<figure class=\"wp-block-pullquote\"><blockquote><p>VYKL\u00cdZ\u00cdME V S\u00daLADE S PODMIENKAMI BYTOV\u00c9HO DRU\u017dSTVA ALEBO BYTOVEJ SPOLO\u010cNOSTI <\/p><cite><em>\u010cO ZNAMEN\u00c1, \u017dE NEHNUTE\u013dNOS\u0164 JE V\u017dDY ODOVZDAN\u00c1 \u010cISTO A BEZ AK\u00ddCHKO\u013dVEK STAROST\u00cd V DOHODNUTOM TERM\u00cdNE.<\/em><\/cite><\/blockquote><\/figure>\n\n\n\n<p>Nez\u00e1v\u00e4zne v\u00e1s nav\u0161t\u00edvime a vypracujeme p\u00edsomn\u00fa cenov\u00fa ponuku, v ktorej bude v\u0161etko podrobne zaznamenan\u00e9.<br>STERK House Clearance priklad\u00e1 ve\u013ek\u00fd v\u00fdznam op\u00e4tovn\u00e9mu pou\u017eitiu tovaru, v spolupr\u00e1ci s na\u0161\u00edm recykla\u010dn\u00fdm partnerom Renewi a Nad\u00e1ciou Nov\u00e1 n\u00e1dej poskytujeme \u010doraz viac <a href=\"http:\/\/sterkontruimingen.nl\/sk\/o-silnych\/#mvo\">Postup pri CSR<\/a>. <\/p>\n\n\n\n<p>S nami m\u00e1te jedin\u00e9 kontaktn\u00e9 miesto pre v\u0161etky pr\u00e1ce a vopred viete, na \u010dom ste. V\u010faka na\u0161im sk\u00fasenostiam je va\u0161a z\u00e1kazka s firmou STERK House Clearance v bezpe\u010dn\u00fdch ruk\u00e1ch.<\/p>\n\n\n\n<h3 class=\"wp-block-heading\">Na\u0161a pracovn\u00e1 met\u00f3da<\/h3>\n\n\n\n<p>Predt\u00fdm, ako v\u00e1m pom\u00f4\u017eeme s vypratan\u00edm, rodina dostane pr\u00edle\u017eitos\u0165 najprv odstr\u00e1ni\u0165 v\u0161etky cenn\u00e9 veci z domu. Potom sa postar\u00e1me o kompletn\u00e9 vypratanie a doru\u010denie v priebehu nieko\u013ek\u00fdch dn\u00ed. Je to naliehav\u00e9? Potom sa o vypratanie m\u00f4\u017eeme postara\u0165 aj do 48 hod\u00edn.<\/p>\n\n\n\n<ul class=\"wp-block-list\"><li>Lamin\u00e1tov\u00e9 podlahy, koberce, dla\u017edice a plachty sa odstra\u0148uj\u00fa starostlivo a profesion\u00e1lne.<\/li><li>V\u0161etky steny a stropy s\u00fa zbaven\u00e9 skrutiek, klincov a hmo\u017ediniek a ich otvory s\u00fa d\u00f4kladne utesnen\u00e9.<\/li><li>Spolo\u010dnos\u0165 STERK sa postar\u00e1 o v\u0161etky pr\u00e1ce potrebn\u00e9 na odovzdanie nehnute\u013enosti k va\u0161ej spokojnosti.<\/li><\/ul>","protected":false},"excerpt":{"rendered":"<p>ontruiming conform uw voorwaarden Er zijn verschillende omstandigheden waarbij u zelf niet in staat bent tot het ontruimen of het bezemschoon opleveren van een woning. STERK Woningontruimingen is u graag van dienst bij het ontruimen, schoonmaken en oplevering klaar maken van woningen, zorgkamers of bedrijfspanden. WIJ ONTRUIMEN CONFORM DE VOORWAARDEN VAN WONINGBOUWVERENIGING OF WONINGCORPORATIE DAT [&hellip;]<\/p>\n","protected":false},"author":1,"featured_media":746,"parent":0,"menu_order":0,"comment_status":"closed","ping_status":"closed","template":"","meta":{"inline_featured_image":false,"footnotes":""},"categories":[14],"tags":[],"class_list":["post-1184","page","type-page","status-publish","has-post-thumbnail","hentry","category-landingspaginas"],"blocksy_meta":{"styles_descriptor":{"styles":{"desktop":"","tablet":"","mobile":""},"google_fonts":[],"version":6}},"_links":{"self":[{"href":"https:\/\/sterkontruimingen.nl\/sk\/wp-json\/wp\/v2\/pages\/1184","targetHints":{"allow":["GET"]}}],"collection":[{"href":"https:\/\/sterkontruimingen.nl\/sk\/wp-json\/wp\/v2\/pages"}],"about":[{"href":"https:\/\/sterkontruimingen.nl\/sk\/wp-json\/wp\/v2\/types\/page"}],"author":[{"embeddable":true,"href":"https:\/\/sterkontruimingen.nl\/sk\/wp-json\/wp\/v2\/users\/1"}],"replies":[{"embeddable":true,"href":"https:\/\/sterkontruimingen.nl\/sk\/wp-json\/wp\/v2\/comments?post=1184"}],"version-history":[{"count":1,"href":"https:\/\/sterkontruimingen.nl\/sk\/wp-json\/wp\/v2\/pages\/1184\/revisions"}],"predecessor-version":[{"id":2811,"href":"https:\/\/sterkontruimingen.nl\/sk\/wp-json\/wp\/v2\/pages\/1184\/revisions\/2811"}],"wp:featuredmedia":[{"embeddable":true,"href":"https:\/\/sterkontruimingen.nl\/sk\/wp-json\/wp\/v2\/media\/746"}],"wp:attachment":[{"href":"https:\/\/sterkontruimingen.nl\/sk\/wp-json\/wp\/v2\/media?parent=1184"}],"wp:term":[{"taxonomy":"category","embeddable":true,"href":"https:\/\/sterkontruimingen.nl\/sk\/wp-json\/wp\/v2\/categories?post=1184"},{"taxonomy":"post_tag","embeddable":true,"href":"https:\/\/sterkontruimingen.nl\/sk\/wp-json\/wp\/v2\/tags?post=1184"}],"curies":[{"name":"wp","href":"https:\/\/api.w.org\/{rel}","templated":true}]}}