{"id":1174,"date":"2020-07-01T10:33:39","date_gmt":"2020-07-01T08:33:39","guid":{"rendered":"http:\/\/sterkontruimingen.nl\/?page_id=1174"},"modified":"2022-05-29T11:26:43","modified_gmt":"2022-05-29T09:26:43","slug":"notar-alebo-spravca","status":"publish","type":"page","link":"https:\/\/sterkontruimingen.nl\/sk\/notaris-of-bewindvoerder\/","title":{"rendered":"Not\u00e1r alebo spr\u00e1vca"},"content":{"rendered":"<h2 class=\"wp-block-heading\">STERK pracuje pre not\u00e1ra alebo spr\u00e1vcu<\/h2>\n\n\n\n<p>\u010coraz \u010dastej\u0161ie sa stret\u00e1vame s t\u00fdm, \u017ee sa \u013eudia rozhodn\u00fa, aby not\u00e1r do z\u00e1vetu zap\u00edsal, \u010do sa m\u00e1 sta\u0165 s majetkom ich dom\u00e1cnosti po ich smrti. Rozdelenie cenn\u00fdch pamiatok, ale aj vypratanie alebo darovanie obsahu dom\u00e1cnosti. Nezriedka sa v\u00fdslovne uv\u00e1dza, \u017ee \u010dlovek nechce, aby najbli\u017e\u0161\u00ed pr\u00edbuzn\u00ed museli vy\u010disti\u0165 a vypr\u00e1zdni\u0165 obsah dom\u00e1cnosti. Niekto sa m\u00f4\u017ee rozhodn\u00fa\u0165, \u017ee to urob\u00ed, ak nem\u00e1 najbli\u017e\u0161\u00edch pr\u00edbuzn\u00fdch, ale napr\u00edklad aj vtedy, ak m\u00e1 pocit, \u017ee toto bremeno je pre najbli\u017e\u0161\u00edch pr\u00edbuzn\u00fdch pr\u00edli\u0161 ve\u013ek\u00e9, alebo ak by sa chcel zbavi\u0165 tejto starosti.<\/p>\n\n\n\n<p>V oboch pr\u00edpadoch je spolo\u010dnos\u0165 STERK Ontruimingen pripraven\u00e1 vyhrn\u00fa\u0165 si ruk\u00e1vy. Preto radi \u00fazko spolupracujeme aj s not\u00e1rskou kancel\u00e1riou alebo spr\u00e1vcom konkurznej podstaty na dokon\u010den\u00ed vyrovnania. S profesion\u00e1lnym t\u00edmom zabezpe\u010d\u00edme diskr\u00e9tnu a \u00factiv\u00fa likvid\u00e1ciu majetku dom\u00e1cnosti. Veci, ktor\u00e9 e\u0161te maj\u00fa hodnotu, bud\u00fa v mene majite\u013ea darovan\u00e9 nad\u00e1cii Nov\u00e1 n\u00e1dej.<\/p>\n\n\n\n<p>St\u00e1va sa tie\u017e, \u017ee not\u00e1r je poveren\u00fd vybavovan\u00edm z\u00e1le\u017eitost\u00ed po smrti osoby, ktor\u00e1 nem\u00e1 \u017eiadnych bl\u00edzkych pr\u00edbuzn\u00fdch a ktor\u00e1 si sama nenechala ni\u010d zap\u00edsa\u0165. Not\u00e1r potom kon\u00e1 ako exek\u00fator (predt\u00fdm; vykon\u00e1vate\u013e z\u00e1vetu) a zariadi vys\u0165ahovanie.<\/p>\n\n\n\n<h3 class=\"wp-block-heading\">Zobrazenie na odhad pr\u00e1ce<\/h3>\n\n\n\n<p>V takomto pr\u00edpade n\u00e1s not\u00e1r m\u00f4\u017ee kontaktova\u0165 po smrti svojho klienta. Telefonicky s n\u00edm preberieme mo\u017enosti a dohodneme si term\u00edn obhliadky nehnute\u013enosti. Ke\u010f\u017ee v tomto odbore ide v\u017edy o pr\u00e1cu na mieru, je ve\u013emi d\u00f4le\u017eit\u00e9, aby ste nehnute\u013enos\u0165 videli na vlastn\u00e9 o\u010di. N\u00e1sledne jasne preberieme, ktor\u00e9 pr\u00e1ce bud\u00fa vykonan\u00e9 a ako bude dom odovzdan\u00fd. To z\u00e1vis\u00ed aj od typu nehnute\u013enosti; ak je nehnute\u013enos\u0165 ur\u010den\u00e1 na predaj, \u010dasto je rozumn\u00e9 ponecha\u0165 koberce a lampy na mieste. Ak ide o nehnute\u013enos\u0165 ur\u010den\u00fa na pren\u00e1jom, prenaj\u00edmate\u013e \u010dasto vy\u017eaduje, aby bola nehnute\u013enos\u0165 po dokon\u010den\u00ed \u00faplne hol\u00e1. V takom pr\u00edpade m\u00f4\u017eeme okrem in\u00e9ho odstr\u00e1ni\u0165 star\u00e9 tapety a podlahov\u00fa krytinu a vyplni\u0165 diery v sten\u00e1ch. V\u0161etko k va\u0161ej spokojnosti.<\/p>\n\n\n\n<h3 class=\"wp-block-heading\">Prevod majetku na not\u00e1ra<\/h3>\n\n\n\n<p>M\u00f4\u017eeme zabezpe\u010di\u0165, aby bola nehnute\u013enos\u0165 po dokon\u010den\u00ed pripraven\u00e1 na predaj alebo pren\u00e1jom. V pr\u00edpade pren\u00e1jmu nehnute\u013enosti sa m\u00f4\u017eeme postara\u0165 aj o z\u00e1vere\u010dn\u00e9 odovzdanie nehnute\u013enosti prenaj\u00edmate\u013eovi vr\u00e1tane odpo\u010dtov mera\u010dov a podobne.<\/p>\n\n\n\n<p>V pr\u00edpade domu na predaj m\u00f4\u017eeme s realitnou kancel\u00e1riou prediskutova\u0165 najlep\u0161\u00ed stav dokon\u010denia danej nehnute\u013enosti.<\/p>\n\n\n\n<p><strong>Ste not\u00e1r a m\u00e1te z\u00e1ujem o na\u0161u pr\u00e1cu?<\/strong> <strong><a href=\"http:\/\/sterkontruimingen.nl\/sk\/kontakt\/\">Potom n\u00e1s kontaktujte.<\/a><\/strong><\/p>","protected":false},"excerpt":{"rendered":"<p>STERK werkt voor notaris of bewindvoerder Men ziet steeds vaker dat mensen besluiten om in een testament bij een notaris vast te laten leggen wat er na hun overlijden met de inboedel moet gebeuren. Het verdelen van waardevolle erfstukken maar ook laten ontruimen of doneren van een inboedel. Niet zelden wordt daar specifiek in opgenomen [&hellip;]<\/p>\n","protected":false},"author":1,"featured_media":1176,"parent":0,"menu_order":0,"comment_status":"closed","ping_status":"closed","template":"","meta":{"inline_featured_image":false,"footnotes":""},"categories":[14],"tags":[],"class_list":["post-1174","page","type-page","status-publish","has-post-thumbnail","hentry","category-landingspaginas"],"blocksy_meta":{"styles_descriptor":{"styles":{"desktop":"","tablet":"","mobile":""},"google_fonts":[],"version":6}},"_links":{"self":[{"href":"https:\/\/sterkontruimingen.nl\/sk\/wp-json\/wp\/v2\/pages\/1174","targetHints":{"allow":["GET"]}}],"collection":[{"href":"https:\/\/sterkontruimingen.nl\/sk\/wp-json\/wp\/v2\/pages"}],"about":[{"href":"https:\/\/sterkontruimingen.nl\/sk\/wp-json\/wp\/v2\/types\/page"}],"author":[{"embeddable":true,"href":"https:\/\/sterkontruimingen.nl\/sk\/wp-json\/wp\/v2\/users\/1"}],"replies":[{"embeddable":true,"href":"https:\/\/sterkontruimingen.nl\/sk\/wp-json\/wp\/v2\/comments?post=1174"}],"version-history":[{"count":1,"href":"https:\/\/sterkontruimingen.nl\/sk\/wp-json\/wp\/v2\/pages\/1174\/revisions"}],"predecessor-version":[{"id":2813,"href":"https:\/\/sterkontruimingen.nl\/sk\/wp-json\/wp\/v2\/pages\/1174\/revisions\/2813"}],"wp:featuredmedia":[{"embeddable":true,"href":"https:\/\/sterkontruimingen.nl\/sk\/wp-json\/wp\/v2\/media\/1176"}],"wp:attachment":[{"href":"https:\/\/sterkontruimingen.nl\/sk\/wp-json\/wp\/v2\/media?parent=1174"}],"wp:term":[{"taxonomy":"category","embeddable":true,"href":"https:\/\/sterkontruimingen.nl\/sk\/wp-json\/wp\/v2\/categories?post=1174"},{"taxonomy":"post_tag","embeddable":true,"href":"https:\/\/sterkontruimingen.nl\/sk\/wp-json\/wp\/v2\/tags?post=1174"}],"curies":[{"name":"wp","href":"https:\/\/api.w.org\/{rel}","templated":true}]}}