{"id":1159,"date":"2020-06-30T11:52:15","date_gmt":"2020-06-30T09:52:15","guid":{"rendered":"http:\/\/sterkontruimingen.nl\/?page_id=1159"},"modified":"2024-05-27T07:32:31","modified_gmt":"2024-05-27T05:32:31","slug":"vyprazdnenie-domu-po-smrti","status":"publish","type":"page","link":"https:\/\/sterkontruimingen.nl\/sk\/huis-leeghalen-na-overlijden\/","title":{"rendered":"Vypr\u00e1zdnenie domu po smrti"},"content":{"rendered":"<p><strong>Vypr\u00e1zdnenie domu po smrti<\/strong> milovanej osoby je \u010dasto \u0165a\u017ek\u00fdm bremenom. Po smrti bl\u00edzkej osoby pozostal\u00ed \u010dasto \u010delia mnoh\u00fdm regula\u010dn\u00fdm probl\u00e9mom. Ak je do toho zapojen\u00e9 aj dedi\u010dsk\u00e9 konanie, je \u010dasto takmer nemo\u017en\u00e9 ho dohliada\u0165. Veci je potrebn\u00e9 usporiada\u0165, veci je potrebn\u00e9 vyrie\u0161i\u0165 a usporiada\u0165. Kto si \u010do ponech\u00e1 a \u010do m\u00f4\u017ee \u00eds\u0165 pre\u010d? Zost\u00e1vaj\u00face polo\u017eky s\u00fa \u010dasto zdrvuj\u00face. Star\u00e9 dubov\u00e9 skrine, ktor\u00e9 sa nedaj\u00fa preda\u0165, sta\u010d\u00ed nie\u010do tak\u00e9 znies\u0165 o nieko\u013eko poschod\u00ed ni\u017e\u0161ie. <\/p>\n\n\n\n<h3 class=\"wp-block-heading\">STERK pom\u00e1ha rodin\u00e1m pozostal\u00fdch pri evaku\u00e1cii.<\/h3>\n\n\n\n<p>STERK vys\u0165ahovanie m\u00e1 ve\u013ea sk\u00fasenost\u00ed vo va\u0161ej dom\u00e1cnosti \u00faplne <strong>vypr\u00e1zdnenie po smrti<\/strong>. Zav\u00e4zujeme sa diskr\u00e9tne a s \u00factou zbavova\u0165 majetku a to, \u010do sa e\u0161te d\u00e1 preda\u0165, darova\u0165 na charitu. T\u00fdmto sp\u00f4sobom nem\u00e1te \u010fal\u0161\u00ed stres z vys\u0165ahovania a viete, \u017ee ste u n\u00e1s v dobr\u00fdch ruk\u00e1ch. Nemus\u00edte sa doslova ni\u010doho ob\u00e1va\u0165. Ak n\u00e1jdeme nejak\u00e9 \u0161perky alebo in\u00e9 cenn\u00e9 predmety, samozrejme to s vami preberieme.<\/p>\n\n\n\n<h3 class=\"wp-block-heading\">Ako prebieha STERK?<\/h3>\n\n\n\n<p>V\u017edy v\u00e1s nav\u0161t\u00edvime ako prv\u00e9. Ke\u010f si od n\u00e1s vy\u017eiadate cenov\u00fa ponuku, prezrieme si s vami dom. Cenov\u00fa ponuku v\u00e1m potom vypracujeme do 48 hod\u00edn od va\u0161ej \u017eiadosti (\u010dasto sa to d\u00e1 urobi\u0165 aj sk\u00f4r). Pon\u00e1h\u013eate sa s dokon\u010den\u00edm svojho domu? V tom pr\u00edpade m\u00f4\u017eeme do 48 hod\u00edn aj vyprata\u0165!<\/p>\n\n\n\n<p>STERK po smrti kompletne upratuje dom. V\u0161etky zost\u00e1vaj\u00face veci z dom\u00e1cnosti s\u00fa profesion\u00e1lne odstr\u00e1nen\u00e9 z domu. V\u0161etky veci z dom\u00e1cnosti, ktor\u00e9 s\u00fa e\u0161te pou\u017eite\u013en\u00e9, sa odvez\u00fa do obchodu s pou\u017eit\u00fdm tovarom. V\u0161etky cenn\u00e9 predmety dom\u00e1cnosti, ako napr\u00edklad staro\u017eitn\u00fd n\u00e1bytok, sa odvez\u00fa do auk\u010dn\u00e9ho domu. Ostatn\u00e9 nepou\u017eite\u013en\u00e9 veci sa odvez\u00fa na skl\u00e1dku.<\/p>\n\n\n\n<h3 class=\"wp-block-heading\">\u010co sa stane po opusten\u00ed nehnute\u013enosti?<\/h3>\n\n\n\n<p>Po odstr\u00e1nen\u00ed v\u0161etk\u00fdch vec\u00ed z domu spolo\u010dnos\u0165 STERK dom dokon\u010d\u00ed. Odstr\u00e1nia sa okenn\u00e9 a podlahov\u00e9 krytiny a utesnia sa otvory v sten\u00e1ch. STERK odovzd\u00e1 dom k va\u0161ej spokojnosti.<\/p>\n\n\n\n<h3 class=\"wp-block-heading\">Dod\u00e1va spolo\u010dnos\u0165 STERK dom?<\/h3>\n\n\n\n<p>\u017dijete pr\u00edli\u0161 \u010faleko? Alebo nie ste schopn\u00ed vypr\u00e1zdni\u0165 dom sami? Potom to pre v\u00e1s STERK r\u00e1d zariadi! Odovzd\u00e1me v\u00e1m v\u0161etky k\u013e\u00fa\u010de a vykon\u00e1me posledn\u00e9 odpo\u010dty mera\u010dov. Tie v\u00e1m za\u0161leme e-mailom, aby ste ich mohli odovzda\u0165 pr\u00edslu\u0161n\u00fdm energetick\u00fdm spolo\u010dnostiam.<\/p>\n\n\n\n<h3 class=\"wp-block-heading\">ak\u00e9 s\u00fa N\u00c1KLADY pri vyprat\u00e1van\u00ed domu po smrti?<\/h3>\n\n\n\n<p>Ke\u010f chcete necha\u0165 vyprata\u0165 dom po smrti, s\u00fa s t\u00fdm spojen\u00e9 n\u00e1klady. N\u00e1klady na vypratanie domu s\u00fa ve\u013emi variabiln\u00e9. Cena za vypratanie domu z\u00e1vis\u00ed od mnoh\u00fdch faktorov. Na ve\u013ekosti domu, mno\u017estve vec\u00ed, mno\u017estve odpadu a r\u00f4znych \u010dinnostiach, ako s\u00fa: vyplnenie dier, odstr\u00e1nenie z\u00e1clon a z\u00e1vesov, \u00faprava stien, podl\u00e1h, schodov. Spolo\u010dnos\u0165 STERK Evictions zoh\u013ead\u0148uje v\u0161etky faktory pre va\u0161e&nbsp;<a href=\"http:\/\/sterkontruimingen.nl\/sk\/poziadat-o-cenovu-ponuku\/\">osobn\u00e1 ponuka<\/a>. <\/p>\n\n\n\n<h3 class=\"wp-block-heading\">Z\u00e1ruka dokon\u010denia STERK<\/h3>\n\n\n\n<p>Ak nie\u010do s\u013e\u00fabime. Potom to dodr\u017e\u00edme. Zabezpe\u010d\u00edme, aby bol v\u00e1\u0161 projekt dodan\u00fd k va\u0161ej spokojnosti. Pritom vynaklad\u00e1me maxim\u00e1lne \u00fasilie, aby sme v\u00e1m poskytli vynikaj\u00face slu\u017eby. To je siln\u00fd s\u013eub!<\/p>","protected":false},"excerpt":{"rendered":"<p>Huis leeghalen na overlijden van een dierbare is vaak een zware belasting. Na het overlijden van een dierbare zit de nabestaande vaak met een hoop regelzaken. Komt daar ook nog een ontruiming bij kijken, dan is dat vaak bijna niet te overzien. Er moet gesorteerd worden, spullen moeten uitgezocht en gesorteerd worden. Wie houdt wat [&hellip;]<\/p>\n","protected":false},"author":1,"featured_media":1058,"parent":0,"menu_order":0,"comment_status":"closed","ping_status":"closed","template":"","meta":{"inline_featured_image":false,"footnotes":""},"categories":[14],"tags":[],"class_list":["post-1159","page","type-page","status-publish","has-post-thumbnail","hentry","category-landingspaginas"],"blocksy_meta":{"styles_descriptor":{"styles":{"desktop":"","tablet":"","mobile":""},"google_fonts":[],"version":6}},"_links":{"self":[{"href":"https:\/\/sterkontruimingen.nl\/sk\/wp-json\/wp\/v2\/pages\/1159","targetHints":{"allow":["GET"]}}],"collection":[{"href":"https:\/\/sterkontruimingen.nl\/sk\/wp-json\/wp\/v2\/pages"}],"about":[{"href":"https:\/\/sterkontruimingen.nl\/sk\/wp-json\/wp\/v2\/types\/page"}],"author":[{"embeddable":true,"href":"https:\/\/sterkontruimingen.nl\/sk\/wp-json\/wp\/v2\/users\/1"}],"replies":[{"embeddable":true,"href":"https:\/\/sterkontruimingen.nl\/sk\/wp-json\/wp\/v2\/comments?post=1159"}],"version-history":[{"count":1,"href":"https:\/\/sterkontruimingen.nl\/sk\/wp-json\/wp\/v2\/pages\/1159\/revisions"}],"predecessor-version":[{"id":2770,"href":"https:\/\/sterkontruimingen.nl\/sk\/wp-json\/wp\/v2\/pages\/1159\/revisions\/2770"}],"wp:featuredmedia":[{"embeddable":true,"href":"https:\/\/sterkontruimingen.nl\/sk\/wp-json\/wp\/v2\/media\/1058"}],"wp:attachment":[{"href":"https:\/\/sterkontruimingen.nl\/sk\/wp-json\/wp\/v2\/media?parent=1159"}],"wp:term":[{"taxonomy":"category","embeddable":true,"href":"https:\/\/sterkontruimingen.nl\/sk\/wp-json\/wp\/v2\/categories?post=1159"},{"taxonomy":"post_tag","embeddable":true,"href":"https:\/\/sterkontruimingen.nl\/sk\/wp-json\/wp\/v2\/tags?post=1159"}],"curies":[{"name":"wp","href":"https:\/\/api.w.org\/{rel}","templated":true}]}}