{"id":913,"date":"2020-05-16T21:58:07","date_gmt":"2020-05-16T19:58:07","guid":{"rendered":"http:\/\/sterkontruimingen.nl\/?page_id=913"},"modified":"2020-05-16T22:02:11","modified_gmt":"2020-05-16T20:02:11","slug":"polityka-prywatnosci","status":"publish","type":"page","link":"https:\/\/sterkontruimingen.nl\/pl\/privacy-beleid\/","title":{"rendered":"Polityka prywatno\u015bci"},"content":{"rendered":"<p>Zdajemy sobie spraw\u0119, \u017ce u\u017cytkownicy obdarzaj\u0105 nas zaufaniem. Dlatego uwa\u017camy, \u017ce naszym obowi\u0105zkiem jest ochrona prywatno\u015bci u\u017cytkownik\u00f3w. Na tej stronie informujemy, jakie dane gromadzimy, gdy odwiedzasz nasz\u0105 witryn\u0119, dlaczego je gromadzimy i jak je wykorzystujemy, aby poprawi\u0107 komfort u\u017cytkowania. W ten spos\u00f3b dok\u0142adnie zrozumiesz, jak dzia\u0142amy. Niniejsza polityka prywatno\u015bci dotyczy us\u0142ug STERK Ontruimingen. Nale\u017cy pami\u0119ta\u0107, \u017ce STERK Ontruimingen nie ponosi odpowiedzialno\u015bci za polityk\u0119 prywatno\u015bci innych witryn i \u017ar\u00f3de\u0142. Korzystanie z tej witryny oznacza akceptacj\u0119 polityki prywatno\u015bci. STERK Ontruimingen szanuje prywatno\u015b\u0107 wszystkich u\u017cytkownik\u00f3w swojej witryny i zapewnia poufno\u015b\u0107 przekazywanych nam danych osobowych.<\/p>\n\n\n\n<h2 class=\"wp-block-heading\">Wykorzystywanie przez nas zebranych danych<\/h2>\n\n\n\n<h3 class=\"wp-block-heading\">Korzystanie z naszych us\u0142ug<\/h3>\n\n\n\n<p>Podczas rejestracji w jednej z naszych us\u0142ug prosimy o podanie danych osobowych. Dane te zostan\u0105 wykorzystane do wykonania us\u0142ugi. Dane te b\u0119d\u0105 przechowywane na bezpiecznych serwerach STERK Ontruimingen lub os\u00f3b trzecich. Nie b\u0119dziemy \u0142\u0105czy\u0107 tych danych z innymi danymi osobowymi b\u0119d\u0105cymi w naszym posiadaniu.<\/p>\n\n\n\n<h3 class=\"wp-block-heading\">Komunikacja<\/h3>\n\n\n\n<p>Gdy u\u017cytkownik wysy\u0142a do nas wiadomo\u015bci e-mail lub inne wiadomo\u015bci, mo\u017cemy je zachowa\u0107. Czasami poprosimy u\u017cytkownika o podanie danych osobowych zwi\u0105zanych z dan\u0105 sytuacj\u0105. Umo\u017cliwia nam to przetwarzanie pyta\u0144 i odpowiadanie na pro\u015bby. Dane te b\u0119d\u0105 przechowywane na bezpiecznych serwerach STERK Ontruimingen lub os\u00f3b trzecich. Nie b\u0119dziemy \u0142\u0105czy\u0107 tych danych z innymi danymi osobowymi b\u0119d\u0105cymi w naszym posiadaniu.<\/p>\n\n\n\n<h3 class=\"wp-block-heading\">Pliki cookie<\/h3>\n\n\n\n<p>Gromadzimy dane do cel\u00f3w badawczych, aby lepiej zrozumie\u0107 naszych klient\u00f3w i odpowiednio dostosowa\u0107 nasze us\u0142ugi. Niniejsza witryna internetowa wykorzystuje pliki \"cookie\" (pliki tekstowe umieszczane na komputerze u\u017cytkownika), aby pom\u00f3c witrynie analizowa\u0107 spos\u00f3b korzystania z niej przez odwiedzaj\u0105cych. Informacje generowane przez pliki cookie na temat korzystania z witryny przez u\u017cytkownika mog\u0105 by\u0107 przesy\u0142ane na bezpieczne serwery firmy STERK Ontruimingen lub os\u00f3b trzecich. U\u017cywamy tych informacji do \u015bledzenia sposobu korzystania z witryny, tworzenia raport\u00f3w dotycz\u0105cych aktywno\u015bci w witrynie oraz oferowania innych us\u0142ug zwi\u0105zanych z aktywno\u015bci\u0105 w witrynie i korzystaniem z Internetu.<\/p>\n\n\n\n<h3 class=\"wp-block-heading\">Cele<\/h3>\n\n\n\n<p>Nie gromadzimy ani nie wykorzystujemy informacji do cel\u00f3w innych ni\u017c opisane w niniejszej polityce prywatno\u015bci, chyba \u017ce uzyskamy uprzedni\u0105 zgod\u0119 u\u017cytkownika.<\/p>\n\n\n\n<h3 class=\"wp-block-heading\">Strony trzecie<\/h3>\n\n\n\n<p>Informacje te nie s\u0105 udost\u0119pniane stronom trzecim. W niekt\u00f3rych przypadkach informacje mog\u0105 by\u0107 udost\u0119pniane wewn\u0119trznie. Nasi pracownicy s\u0105 zobowi\u0105zani do zachowania poufno\u015bci danych u\u017cytkownika.<\/p>\n\n\n\n<h3 class=\"wp-block-heading\">Zmiany<\/h3>\n\n\n\n<p>Niniejsze o\u015bwiadczenie o ochronie prywatno\u015bci jest dostosowane do korzystania z tej witryny i jej funkcji. Wszelkie dostosowania i\/lub zmiany na tej stronie mog\u0105 skutkowa\u0107 zmianami w niniejszym o\u015bwiadczeniu o ochronie prywatno\u015bci. Dlatego zaleca si\u0119 regularne sprawdzanie niniejszego o\u015bwiadczenia o ochronie prywatno\u015bci.<\/p>\n\n\n\n<h3 class=\"wp-block-heading\">Wyb\u00f3r danych osobowych<\/h3>\n\n\n\n<p>Wszystkim odwiedzaj\u0105cym oferujemy mo\u017cliwo\u015b\u0107 przegl\u0105dania, zmiany lub usuni\u0119cia wszelkich danych osobowych aktualnie nam przekazanych.<\/p>\n\n\n\n<h3 class=\"wp-block-heading\">Dostosuj\/wyrejestruj us\u0142ug\u0119 newslettera<\/h3>\n\n\n\n<p>Na dole ka\u017cdego mailingu znajduje si\u0119 opcja edycji danych lub rezygnacji z subskrypcji.<\/p>\n\n\n\n<h3 class=\"wp-block-heading\">Dostosuj\/wyrejestruj komunikacj\u0119<\/h3>\n\n\n\n<p>Je\u015bli chcesz zmieni\u0107 lub usun\u0105\u0107 swoje dane z naszych plik\u00f3w, skontaktuj si\u0119 z nami. Dane kontaktowe znajduj\u0105 si\u0119 poni\u017cej.<\/p>\n\n\n\n<h3 class=\"wp-block-heading\">Wy\u0142\u0105cz pliki cookie<\/h3>\n\n\n\n<p>Wi\u0119kszo\u015b\u0107 przegl\u0105darek jest domy\u015blnie ustawiona na akceptowanie plik\u00f3w cookie, ale mo\u017cna zresetowa\u0107 przegl\u0105dark\u0119, aby odrzuca\u0142a wszystkie pliki cookie lub wskazywa\u0142a, kiedy plik cookie jest wysy\u0142any. Jednak niekt\u00f3re funkcje i us\u0142ugi na naszej i innych stronach internetowych mog\u0105 nie dzia\u0142a\u0107 poprawnie, je\u015bli pliki cookie s\u0105 wy\u0142\u0105czone w przegl\u0105darce.<\/p>\n\n\n\n<h3 class=\"wp-block-heading\">Pytania i opinie<\/h3>\n\n\n\n<p>Regularnie sprawdzamy zgodno\u015b\u0107 z niniejsz\u0105 polityk\u0105 prywatno\u015bci. W przypadku jakichkolwiek pyta\u0144 dotycz\u0105cych niniejszej polityki prywatno\u015bci prosimy o kontakt: STERK Ontruimingen Nijverheidsweg 46c Antoniapolder 3341 LJ Hendrik-Ido-Ambacht<\/p>","protected":false},"excerpt":{"rendered":"<p>Wij zijn ons er van bewust dat u vertrouwen stelt in ons. Wij zien het dan ook als onze verantwoordelijkheid om uw privacy te beschermen. Op deze pagina laten we u weten welke gegevens we verzamelen als u onze website bezoekt, waarom we deze gegevens verzamelen en hoe we hiermee uw gebruikservaring verbeteren. Zo snapt [&hellip;]<\/p>\n","protected":false},"author":1,"featured_media":0,"parent":0,"menu_order":0,"comment_status":"closed","ping_status":"closed","template":"","meta":{"inline_featured_image":false,"footnotes":""},"categories":[],"tags":[],"class_list":["post-913","page","type-page","status-publish","hentry"],"blocksy_meta":{"styles_descriptor":{"styles":{"desktop":"","tablet":"","mobile":""},"google_fonts":[],"version":6}},"_links":{"self":[{"href":"https:\/\/sterkontruimingen.nl\/pl\/wp-json\/wp\/v2\/pages\/913","targetHints":{"allow":["GET"]}}],"collection":[{"href":"https:\/\/sterkontruimingen.nl\/pl\/wp-json\/wp\/v2\/pages"}],"about":[{"href":"https:\/\/sterkontruimingen.nl\/pl\/wp-json\/wp\/v2\/types\/page"}],"author":[{"embeddable":true,"href":"https:\/\/sterkontruimingen.nl\/pl\/wp-json\/wp\/v2\/users\/1"}],"replies":[{"embeddable":true,"href":"https:\/\/sterkontruimingen.nl\/pl\/wp-json\/wp\/v2\/comments?post=913"}],"version-history":[{"count":0,"href":"https:\/\/sterkontruimingen.nl\/pl\/wp-json\/wp\/v2\/pages\/913\/revisions"}],"wp:attachment":[{"href":"https:\/\/sterkontruimingen.nl\/pl\/wp-json\/wp\/v2\/media?parent=913"}],"wp:term":[{"taxonomy":"category","embeddable":true,"href":"https:\/\/sterkontruimingen.nl\/pl\/wp-json\/wp\/v2\/categories?post=913"},{"taxonomy":"post_tag","embeddable":true,"href":"https:\/\/sterkontruimingen.nl\/pl\/wp-json\/wp\/v2\/tags?post=913"}],"curies":[{"name":"wp","href":"https:\/\/api.w.org\/{rel}","templated":true}]}}