{"id":891,"date":"2020-05-16T12:48:31","date_gmt":"2020-05-16T10:48:31","guid":{"rendered":"http:\/\/sterkontruimingen.nl\/?page_id=891"},"modified":"2020-05-16T12:51:00","modified_gmt":"2020-05-16T10:51:00","slug":"korona","status":"publish","type":"page","link":"https:\/\/sterkontruimingen.nl\/pl\/corona\/","title":{"rendered":"Aktualizacja Corona (16 maja 2020 r.)"},"content":{"rendered":"<h2 class=\"wp-block-heading\">Pytania dotycz\u0105ce Corony<\/h2>\n\n\n\n<p>Aby zapewni\u0107, \u017ce nasze us\u0142ugi s\u0105 bezpieczne dla u\u017cytkownik\u00f3w i naszych pracownik\u00f3w, ustanowili\u015bmy protok\u00f3\u0142, kt\u00f3rego przestrzegamy. <\/p>\n\n\n\n<p>W tych niepewnych czasach chcemy zapewni\u0107, \u017ce ca\u0142y nasz zesp\u00f3\u0142 jest do Pa\u0144stwa dyspozycji, aby zapewni\u0107 zwyk\u0142\u0105 jako\u015b\u0107 naszych us\u0142ug i ci\u0105g\u0142o\u015b\u0107 dzia\u0142ania. Podejmujemy wszelkie \u015brodki zapobiegawcze, aby chroni\u0107 naszych pracownik\u00f3w i klient\u00f3w przed koronawirusem. W zwi\u0105zku z tym stosujemy \u015brodki zalecane przez rz\u0105d i przestrzegamy wszystkich ogranicze\u0144.<\/p>\n\n\n\n<p>W domach opieki unikamy wszelkiego kontaktu z osobami starszymi, a (awaryjna) ewakuacja odbywa si\u0119 wy\u0142\u0105cznie w porozumieniu z domem opieki.<\/p>\n\n\n\n<h3 class=\"wp-block-heading\">Pytania dotycz\u0105ce Corony<\/h3>\n\n\n\n<p><strong>Czy rozliczasz si\u0119 w czasie Corona?<\/strong><\/p>\n\n\n\n<p>Tak, nadal rozliczamy si\u0119 w czasie Corona. Jako pierwsi zapewniamy bezpiecze\u0144stwo Tobie i naszym pracownikom. Robimy to zgodnie ze \u015brodkami na\u0142o\u017conymi przez rz\u0105d.<\/p>\n\n\n\n<p><strong>Czy nadal przychodzisz po wycen\u0119?<\/strong><\/p>\n\n\n\n<p>Oczywi\u015bcie, bez obejrzenia domu i jego zawarto\u015bci, jest to dla nas praca mokrym palcem. Dlatego konieczne jest, aby\u015bmy odwiedzili nieruchomo\u015b\u0107 w celu przeprowadzenia inwentaryzacji. Podczas ogl\u0105dania obecny b\u0119dzie tylko 1 pracownik. Ponadto uprzejmie prosimy o przybycie w pojedynk\u0119 i zachowanie odleg\u0142o\u015bci p\u00f3\u0142tora metra.<\/p>\n\n\n\n<p><strong>Czy powinienem by\u0107 obecny przy eksmisji?<\/strong><\/p>\n\n\n\n<p>Tak jak w normalnych okoliczno\u015bciach, nie musisz by\u0107 obecny podczas odprawy. W przypadku dostawy mamy kilka opcji. Po konsultacji wszystko jest mo\u017cliwe.<\/p>\n\n\n\n<h3 class=\"wp-block-heading\">POPRO\u015a O BEZP\u0141ATN\u0104 WYCEN\u0118 JU\u017b DZI\u015a<\/h3>\n\n\n\n<p>Chcesz otrzyma\u0107 wi\u0119cej informacji o naszych us\u0142ugach, takich jak&nbsp;<a href=\"http:\/\/sterkontruimingen.nl\/pl\/zezwolenia-awaryjne\/\">odprawa awaryjna<\/a>? Zadzwo\u0144 pod nasz numer regionalny: 085 130 06 85. Mo\u017cesz r\u00f3wnie\u017c wys\u0142a\u0107&nbsp;<a href=\"http:\/\/sterkontruimingen.nl\/pl\/prosba-o-wycene\/\">Popro\u015b o wycen\u0119 za po\u015brednictwem naszego formularza wyceny<\/a>.<\/p>\n\n\n\n<div class=\"wp-block-buttons is-layout-flex wp-block-buttons-is-layout-flex\">\n<div class=\"wp-block-button\"><a class=\"wp-block-button__link\" href=\"http:\/\/sterkontruimingen.nl\/pl\/kontakt\/\">Zadaj pytanie<\/a><\/div>\n\n\n\n<div class=\"wp-block-button\"><a class=\"wp-block-button__link has-background\" href=\"http:\/\/sterkontruimingen.nl\/pl\/prosba-o-wycene\/\" style=\"background-color:#e30613\">Popro\u015b o wycen\u0119<\/a><\/div>\n<\/div>","protected":false},"excerpt":{"rendered":"<p>Vragen omtrent Corona Om er zeker van te zijn dat onze dienstverlening veilig is voor u en onze medewerkers hebben wij een protocol opgesteld waar, wanneer we ons eraan houden. In deze onzekere tijden willen we u verzekeren dat ons hele team voor u klaar staat om de gebruikelijke kwaliteit van onze dienstverlening te garanderen [&hellip;]<\/p>\n","protected":false},"author":1,"featured_media":897,"parent":0,"menu_order":0,"comment_status":"closed","ping_status":"closed","template":"","meta":{"inline_featured_image":false,"footnotes":""},"categories":[14],"tags":[],"class_list":["post-891","page","type-page","status-publish","has-post-thumbnail","hentry","category-landingspaginas"],"blocksy_meta":{"styles_descriptor":{"styles":{"desktop":"","tablet":"","mobile":""},"google_fonts":[],"version":6}},"_links":{"self":[{"href":"https:\/\/sterkontruimingen.nl\/pl\/wp-json\/wp\/v2\/pages\/891","targetHints":{"allow":["GET"]}}],"collection":[{"href":"https:\/\/sterkontruimingen.nl\/pl\/wp-json\/wp\/v2\/pages"}],"about":[{"href":"https:\/\/sterkontruimingen.nl\/pl\/wp-json\/wp\/v2\/types\/page"}],"author":[{"embeddable":true,"href":"https:\/\/sterkontruimingen.nl\/pl\/wp-json\/wp\/v2\/users\/1"}],"replies":[{"embeddable":true,"href":"https:\/\/sterkontruimingen.nl\/pl\/wp-json\/wp\/v2\/comments?post=891"}],"version-history":[{"count":0,"href":"https:\/\/sterkontruimingen.nl\/pl\/wp-json\/wp\/v2\/pages\/891\/revisions"}],"wp:featuredmedia":[{"embeddable":true,"href":"https:\/\/sterkontruimingen.nl\/pl\/wp-json\/wp\/v2\/media\/897"}],"wp:attachment":[{"href":"https:\/\/sterkontruimingen.nl\/pl\/wp-json\/wp\/v2\/media?parent=891"}],"wp:term":[{"taxonomy":"category","embeddable":true,"href":"https:\/\/sterkontruimingen.nl\/pl\/wp-json\/wp\/v2\/categories?post=891"},{"taxonomy":"post_tag","embeddable":true,"href":"https:\/\/sterkontruimingen.nl\/pl\/wp-json\/wp\/v2\/tags?post=891"}],"curies":[{"name":"wp","href":"https:\/\/api.w.org\/{rel}","templated":true}]}}