{"id":830,"date":"2020-04-29T00:01:27","date_gmt":"2020-04-28T22:01:27","guid":{"rendered":"http:\/\/sterkontruimingen.nl\/?page_id=830"},"modified":"2024-05-27T08:38:29","modified_gmt":"2024-05-27T06:38:29","slug":"usuwanie-domow-zwijndrecht","status":"publish","type":"page","link":"https:\/\/sterkontruimingen.nl\/pl\/woning-leeghalen-zwijndrecht\/","title":{"rendered":"Opr\u00f3\u017cnianie domu zwijndrecht"},"content":{"rendered":"<h2 class=\"wp-block-heading\">Opr\u00f3\u017cnianie domu w Zwijndrecht<\/h2>\n\n\n\n<p>Opr\u00f3\u017cnianie domu w Zwijndrecht mo\u017ce by\u0107 sporym wyzwaniem. Ludzie cz\u0119sto przychodz\u0105 do nas, aby opr\u00f3\u017cni\u0107 wynajmowany dom, mieszkanie lub dom jednorodzinny, poniewa\u017c zamierzaj\u0105 si\u0119 przeprowadzi\u0107 lub nawet musz\u0105 si\u0119 wyprowadzi\u0107. Rozumiemy, \u017ce mo\u017ce to by\u0107 drastyczne lub stresuj\u0105ce wydarzenie lub \u017ce po prostu nie mo\u017cesz tego zrobi\u0107 sam. <\/p>\n\n\n\n<p>STERK Zwijndrecht dok\u0142ada wszelkich stara\u0144, aby ca\u0142kowicie odci\u0105\u017cy\u0107 mieszka\u0144c\u00f3w Zwijndrecht, kt\u00f3rzy chc\u0105 opr\u00f3\u017cni\u0107 swoje domy. Dzi\u0119ki naszemu profesjonalnemu podej\u015bciu i bogatemu do\u015bwiadczeniu w usuwaniu odpad\u00f3w z dom\u00f3w, trafi\u0142e\u015b we w\u0142a\u015bciwe miejsce. Wszystko zaczyna si\u0119 od zapytania o wycen\u0119. Odwiedzimy Ci\u0119 bezpo\u015brednio w Zwijndrecht i przejdziemy z Tob\u0105 przez dom. Po zatwierdzeniu oferty cz\u0119sto mo\u017cemy bardzo szybko rozpocz\u0105\u0107 przygotowania i ostatecznie oczy\u015bci\u0107 dom.<\/p>\n\n\n\n<p>Czy jest po\u015bpiech? Nie ma problemu. Dzi\u0119ki naszemu usuwaniu awarii STERK mo\u017cemy dostarczy\u0107 nieruchomo\u015b\u0107 zgodnie z wytycznymi w\u0142a\u015bciciela lub strony kupuj\u0105cej w ci\u0105gu zaledwie 48 godzin.<\/p>","protected":false},"excerpt":{"rendered":"<p>Woning leeghalen in Zwijndrecht Een woning leeghalen in Zwijndrecht kan een aardige klus zijn. Vaak komen mensen bij ons om een huurwoning, appartement of eengezinswoning leeg te halen omdat men gaat verhuizen of zelfs gedwongen moeten verhuizen. Wij begrijpen dat dit een ingrijpende of stressvolle gebeurtenis kan zijn of dat je het gewoon niet alleen [&hellip;]<\/p>\n","protected":false},"author":1,"featured_media":699,"parent":0,"menu_order":0,"comment_status":"closed","ping_status":"closed","template":"","meta":{"inline_featured_image":false,"footnotes":""},"categories":[14],"tags":[],"class_list":["post-830","page","type-page","status-publish","has-post-thumbnail","hentry","category-landingspaginas"],"blocksy_meta":{"styles_descriptor":{"styles":{"desktop":"","tablet":"","mobile":""},"google_fonts":[],"version":6}},"_links":{"self":[{"href":"https:\/\/sterkontruimingen.nl\/pl\/wp-json\/wp\/v2\/pages\/830","targetHints":{"allow":["GET"]}}],"collection":[{"href":"https:\/\/sterkontruimingen.nl\/pl\/wp-json\/wp\/v2\/pages"}],"about":[{"href":"https:\/\/sterkontruimingen.nl\/pl\/wp-json\/wp\/v2\/types\/page"}],"author":[{"embeddable":true,"href":"https:\/\/sterkontruimingen.nl\/pl\/wp-json\/wp\/v2\/users\/1"}],"replies":[{"embeddable":true,"href":"https:\/\/sterkontruimingen.nl\/pl\/wp-json\/wp\/v2\/comments?post=830"}],"version-history":[{"count":1,"href":"https:\/\/sterkontruimingen.nl\/pl\/wp-json\/wp\/v2\/pages\/830\/revisions"}],"predecessor-version":[{"id":4792,"href":"https:\/\/sterkontruimingen.nl\/pl\/wp-json\/wp\/v2\/pages\/830\/revisions\/4792"}],"wp:featuredmedia":[{"embeddable":true,"href":"https:\/\/sterkontruimingen.nl\/pl\/wp-json\/wp\/v2\/media\/699"}],"wp:attachment":[{"href":"https:\/\/sterkontruimingen.nl\/pl\/wp-json\/wp\/v2\/media?parent=830"}],"wp:term":[{"taxonomy":"category","embeddable":true,"href":"https:\/\/sterkontruimingen.nl\/pl\/wp-json\/wp\/v2\/categories?post=830"},{"taxonomy":"post_tag","embeddable":true,"href":"https:\/\/sterkontruimingen.nl\/pl\/wp-json\/wp\/v2\/tags?post=830"}],"curies":[{"name":"wp","href":"https:\/\/api.w.org\/{rel}","templated":true}]}}