{"id":805,"date":"2021-05-08T09:27:19","date_gmt":"2021-05-08T07:27:19","guid":{"rendered":"http:\/\/sterkontruimingen.nl\/?page_id=805"},"modified":"2024-05-27T08:09:02","modified_gmt":"2024-05-27T06:09:02","slug":"usuwanie-podlogi","status":"publish","type":"page","link":"https:\/\/sterkontruimingen.nl\/pl\/vloerverwijdering\/","title":{"rendered":"Usuwanie pod\u0142ogi"},"content":{"rendered":"<p>Czy chcesz usun\u0105\u0107 wyk\u0142adzin\u0119 pod\u0142ogow\u0105 ze schod\u00f3w lub pod\u0142ogi przed przekazaniem jej w\u0142a\u015bcicielowi lub zainstalowaniem nowej pod\u0142ogi? Cz\u0119sto wyk\u0142adziny na pod\u0142odze \/ schodach s\u0105 przyklejone lub przybite gwo\u017adziami. Z tego powodu ludzie cz\u0119sto nie mog\u0105 si\u0119 tego doczeka\u0107. Jest to r\u00f3wnie\u017c ogromna praca do usuni\u0119cia. STERK woningontruiming z przyjemno\u015bci\u0105 pomo\u017ce Ci wykona\u0107 t\u0119 prac\u0119 za Ciebie. Dysponujemy wszystkimi materia\u0142ami, kt\u00f3re pomog\u0105 w kompetentnym usuni\u0119ciu go, zar\u00f3wno na pod\u0142ogach, jak i schodach. Dostarczamy je ca\u0142kowicie nagie i zapewniamy w\u0142a\u015bciwy rezultat. <\/p>","protected":false},"excerpt":{"rendered":"<p>Wilt u de vloerbedekking van de trap of vloer verwijderen voor het opleveren aan de verhuurder of voor het plaatsen van nieuwe vloerbedekking? Vaak zijn de bedekkingen van de vloer\/trap verlijmd of vastgespijkerd. Hierdoor zien mensen er vaak tegenop. Het is ook een enorme klus om te verwijderen.STERK woningontruiming helpt u graag om deze klus [&hellip;]<\/p>\n","protected":false},"author":1,"featured_media":807,"parent":0,"menu_order":0,"comment_status":"closed","ping_status":"closed","template":"","meta":{"inline_featured_image":false,"footnotes":""},"categories":[14],"tags":[],"class_list":["post-805","page","type-page","status-publish","has-post-thumbnail","hentry","category-landingspaginas"],"blocksy_meta":{"styles_descriptor":{"styles":{"desktop":"","tablet":"","mobile":""},"google_fonts":[],"version":6}},"_links":{"self":[{"href":"https:\/\/sterkontruimingen.nl\/pl\/wp-json\/wp\/v2\/pages\/805","targetHints":{"allow":["GET"]}}],"collection":[{"href":"https:\/\/sterkontruimingen.nl\/pl\/wp-json\/wp\/v2\/pages"}],"about":[{"href":"https:\/\/sterkontruimingen.nl\/pl\/wp-json\/wp\/v2\/types\/page"}],"author":[{"embeddable":true,"href":"https:\/\/sterkontruimingen.nl\/pl\/wp-json\/wp\/v2\/users\/1"}],"replies":[{"embeddable":true,"href":"https:\/\/sterkontruimingen.nl\/pl\/wp-json\/wp\/v2\/comments?post=805"}],"version-history":[{"count":1,"href":"https:\/\/sterkontruimingen.nl\/pl\/wp-json\/wp\/v2\/pages\/805\/revisions"}],"predecessor-version":[{"id":4791,"href":"https:\/\/sterkontruimingen.nl\/pl\/wp-json\/wp\/v2\/pages\/805\/revisions\/4791"}],"wp:featuredmedia":[{"embeddable":true,"href":"https:\/\/sterkontruimingen.nl\/pl\/wp-json\/wp\/v2\/media\/807"}],"wp:attachment":[{"href":"https:\/\/sterkontruimingen.nl\/pl\/wp-json\/wp\/v2\/media?parent=805"}],"wp:term":[{"taxonomy":"category","embeddable":true,"href":"https:\/\/sterkontruimingen.nl\/pl\/wp-json\/wp\/v2\/categories?post=805"},{"taxonomy":"post_tag","embeddable":true,"href":"https:\/\/sterkontruimingen.nl\/pl\/wp-json\/wp\/v2\/tags?post=805"}],"curies":[{"name":"wp","href":"https:\/\/api.w.org\/{rel}","templated":true}]}}