{"id":792,"date":"2020-04-20T13:39:08","date_gmt":"2020-04-20T11:39:08","guid":{"rendered":"http:\/\/sterkontruimingen.nl\/?page_id=792"},"modified":"2020-04-20T14:02:10","modified_gmt":"2020-04-20T12:02:10","slug":"ewakuacja-pomieszczenia-opieki","status":"publish","type":"page","link":"https:\/\/sterkontruimingen.nl\/pl\/zorgkamer-ontruimen\/","title":{"rendered":"Ewakuacja pomieszczenia opieki"},"content":{"rendered":"<p>Potrzebujesz pilnie posprz\u0105ta\u0107 pok\u00f3j w domu opieki lub domu seniora? STERK ch\u0119tnie pomo\u017ce! W przypadku pilnego zlecenia mo\u017cemy rozpocz\u0105\u0107 prac\u0119 natychmiast. Mo\u017cemy dostarczy\u0107 pok\u00f3j zgodnie z \u017cyczeniem domu opieki w ci\u0105gu dw\u00f3ch dni. <\/p>\n\n\n\n<h2 class=\"wp-block-heading\">Niech pomieszczenie opieki zostanie oczyszczone przez silnego<\/h2>\n\n\n\n<p>STERK odci\u0105\u017cy Ci\u0119 od wszelkich zmartwie\u0144 a\u017c do ca\u0142kowitego oddania pokoju opieki. Chcia\u0142by\u015b, aby wszystko zosta\u0142o odpowiednio zorganizowane, ale nie masz czasu, aby zrobi\u0107 to samemu? Ch\u0119tnie pomo\u017cemy Ci w sprz\u0105taniu domu lub pokoju w domu opieki. Wiemy, \u017ce<strong>\u00a0Pomieszczenie cz\u0119sto musi zosta\u0107 opr\u00f3\u017cnione w ci\u0105gu kilku dni. Wiemy, \u017ce nale\u017cy to zrobi\u0107 ostro\u017cnie. Dzi\u0119ki naszemu sposobowi pracy mo\u017cesz mie\u0107 pewno\u015b\u0107, \u017ce sprz\u0105tanie domu zostanie wykonane perfekcyjnie.<\/strong><\/p>\n\n\n\n<p>W ten spos\u00f3b mo\u017cesz zaj\u0105\u0107 si\u0119 innymi sprawami i wiedzie\u0107, \u017ce jeste\u015b w dobrych r\u0119kach!<\/p>","protected":false},"excerpt":{"rendered":"<p>Moet u met spoed een kamer in verzorgingstehuis of een seniorenwoning netjes en schoon op te leveren? STERK helpt u graag! Bij een spoedontruiming kunnen we direct beginnen. Wij kunnen binnen 2 dagen de zorgkamer opleveren naar de wensen van het verzorgingstehuis. Zorgkamer laten ontruimen door sterk STERK ontzorgt u volledig tot de complete oplevering [&hellip;]<\/p>\n","protected":false},"author":1,"featured_media":790,"parent":0,"menu_order":0,"comment_status":"closed","ping_status":"closed","template":"","meta":{"inline_featured_image":false,"footnotes":""},"categories":[14],"tags":[],"class_list":["post-792","page","type-page","status-publish","has-post-thumbnail","hentry","category-landingspaginas"],"blocksy_meta":{"styles_descriptor":{"styles":{"desktop":"","tablet":"","mobile":""},"google_fonts":[],"version":6}},"_links":{"self":[{"href":"https:\/\/sterkontruimingen.nl\/pl\/wp-json\/wp\/v2\/pages\/792","targetHints":{"allow":["GET"]}}],"collection":[{"href":"https:\/\/sterkontruimingen.nl\/pl\/wp-json\/wp\/v2\/pages"}],"about":[{"href":"https:\/\/sterkontruimingen.nl\/pl\/wp-json\/wp\/v2\/types\/page"}],"author":[{"embeddable":true,"href":"https:\/\/sterkontruimingen.nl\/pl\/wp-json\/wp\/v2\/users\/1"}],"replies":[{"embeddable":true,"href":"https:\/\/sterkontruimingen.nl\/pl\/wp-json\/wp\/v2\/comments?post=792"}],"version-history":[{"count":0,"href":"https:\/\/sterkontruimingen.nl\/pl\/wp-json\/wp\/v2\/pages\/792\/revisions"}],"wp:featuredmedia":[{"embeddable":true,"href":"https:\/\/sterkontruimingen.nl\/pl\/wp-json\/wp\/v2\/media\/790"}],"wp:attachment":[{"href":"https:\/\/sterkontruimingen.nl\/pl\/wp-json\/wp\/v2\/media?parent=792"}],"wp:term":[{"taxonomy":"category","embeddable":true,"href":"https:\/\/sterkontruimingen.nl\/pl\/wp-json\/wp\/v2\/categories?post=792"},{"taxonomy":"post_tag","embeddable":true,"href":"https:\/\/sterkontruimingen.nl\/pl\/wp-json\/wp\/v2\/tags?post=792"}],"curies":[{"name":"wp","href":"https:\/\/api.w.org\/{rel}","templated":true}]}}