{"id":751,"date":"2020-04-18T18:55:11","date_gmt":"2020-04-18T16:55:11","guid":{"rendered":"http:\/\/sterkontruimingen.nl\/?page_id=751"},"modified":"2023-04-29T20:14:51","modified_gmt":"2023-04-29T18:14:51","slug":"ewakuacja-rotterdam","status":"publish","type":"page","link":"https:\/\/sterkontruimingen.nl\/pl\/ontruiming-rotterdam\/","title":{"rendered":"Oczyszczanie domu Rotterdam"},"content":{"rendered":"<h2 class=\"wp-block-heading\">Oczyszczanie domu Rotterdam<\/h2>\n\n\n\n<p>W Rotterdamie sprz\u0105tanie dom\u00f3w to codzienno\u015b\u0107. By\u0107 mo\u017ce widzia\u0142e\u015b nas ju\u017c w akcji z nasz\u0105 furgonetk\u0105 STERK w Rotterdamie. Nasz wyspecjalizowany zesp\u00f3\u0142 w Rotterdamie (i z Rotterdamu) jest gotowy zaj\u0105\u0107 si\u0119 ka\u017cd\u0105 eksmisj\u0105 starannie i skutecznie. Co sprawia, \u017ce STERK Evictions jest tak wyj\u0105tkowa w Rotterdamie? Wsp\u00f3\u0142pracujemy ze Stichting Nieuwe Hoop i Stichting Ontmoeting, kt\u00f3re oferuj\u0105 by\u0142ym bezdomnym now\u0105 szans\u0119 w \u017cyciu, umo\u017cliwiaj\u0105c im zdobycie do\u015bwiadczenia zawodowego w Nieuwe Hoop. Gdy b\u0119d\u0105 gotowi do podj\u0119cia p\u0142atnej pracy, mog\u0105 r\u00f3wnie\u017c zg\u0142osi\u0107 si\u0119 do STERK. Anga\u017cuj\u0105c nas do oczyszczenia domu w Rotterdamie, przyczyniasz si\u0119 do nowego startu by\u0142ych klient\u00f3w Fundacji Ontmoeting i pracownik\u00f3w reintegracyjnych Nieuwe Hoop.<\/p>\n\n\n\n<div class=\"wp-block-columns is-layout-flex wp-container-core-columns-is-layout-28f84493 wp-block-columns-is-layout-flex\">\n<div class=\"wp-block-column is-layout-flow wp-block-column-is-layout-flow\">\n<figure class=\"wp-block-image size-full is-resized\"><img fetchpriority=\"high\" decoding=\"async\" src=\"http:\/\/sterkontruimingen.nl\/wp-content\/uploads\/2023\/04\/Woning-Ontruiming-Rotterdam.jpg\" alt=\"Oczyszczanie domu Rotterdam\" class=\"wp-image-3829\" width=\"614\" height=\"307\" srcset=\"https:\/\/sterkontruimingen.nl\/wp-content\/uploads\/2023\/04\/Woning-Ontruiming-Rotterdam.jpg 800w, https:\/\/sterkontruimingen.nl\/wp-content\/uploads\/2023\/04\/Woning-Ontruiming-Rotterdam-300x150.jpg 300w, https:\/\/sterkontruimingen.nl\/wp-content\/uploads\/2023\/04\/Woning-Ontruiming-Rotterdam-768x384.jpg 768w\" sizes=\"(max-width: 614px) 100vw, 614px\" \/><\/figure>\n<\/div>\n\n\n\n<div class=\"wp-block-column is-layout-flow wp-block-column-is-layout-flow\">\n<p>Nasze us\u0142ugi oczyszczania obejmuj\u0105 r\u00f3\u017cne prace, takie jak usuwanie dywan\u00f3w, tapet, \u015brub i gwo\u017adzi oraz naprawianie dziur w \u015bcianach. Zabieramy r\u00f3wnie\u017c u\u017cyteczne przedmioty do organizacji charytatywnych w celu ich ponownego wykorzystania i utylizujemy odpady w spos\u00f3b przyjazny dla \u015brodowiska. Nasza lokalna obecno\u015b\u0107 w Rotterdamie gwarantuje, \u017ce mo\u017cemy szybko przyst\u0105pi\u0107 do pracy nad Twoj\u0105 eksmisj\u0105.<\/p>\n<\/div>\n<\/div>\n\n\n\n<h3 class=\"wp-block-heading\">Dodatkowe wsparcie dla ewakuacji w Rotterdamie przez STERK Evacuation Company<\/h3>\n\n\n\n<p>W dynamicznym Rotterdamie mo\u017ce by\u0107 konieczne zapewnienie dodatkowego wsparcia w przypadku eksmisji z domu. Firma STERK Eviction Company rozumie specyficzne wyzwania zwi\u0105zane z eksmisjami w \u015brodowisku miejskim i dlatego jest idealnym partnerem do pomocy w takich sytuacjach.<\/p>\n\n\n\n<p>Niezale\u017cnie od tego, czy masz do czynienia z przeprowadzk\u0105, opuszczeniem siedziby firmy, czy z\u0142o\u017con\u0105 sytuacj\u0105, tak\u0105 jak bankructwo lub \u015bmier\u0107, nasz zesp\u00f3\u0142 w Rotterdamie oferuje profesjonalne i empatyczne wsparcie w ca\u0142ym procesie. Zapewniamy, \u017ce eksmisja przebiega sprawnie, z szacunkiem i dyskretnie, bior\u0105c pod uwag\u0119 szczeg\u00f3lne okoliczno\u015bci i wszelkie dra\u017cliwe kwestie.<\/p>\n\n\n\n<p>W Rotterdamie istnieje wiele mo\u017cliwo\u015bci, aby da\u0107 nieu\u017cytecznym lub zb\u0119dnym przedmiotom nowe \u017cycie. STERK Clearing Company wsp\u00f3\u0142pracuje z r\u00f3\u017cnymi lokalnymi organizacjami charytatywnymi i punktami recyklingu, aby zapewni\u0107, \u017ce przedmioty u\u017cytkowe otrzymaj\u0105 drug\u0105 szans\u0119. W ten spos\u00f3b przyczyniamy si\u0119 do tworzenia zr\u00f3wnowa\u017conej i spo\u0142ecznie zaanga\u017cowanej spo\u0142eczno\u015bci w Rotterdamie.<\/p>\n\n\n\n<p>Ponadto zdajemy sobie spraw\u0119 z sytuacji w zakresie parkowania i ruchu drogowego w Rotterdamie i bierzemy to pod uwag\u0119 podczas planowania naszych dzia\u0142a\u0144 ewakuacyjnych. W razie potrzeby informujemy r\u00f3wnie\u017c s\u0105siad\u00f3w, aby ewakuacja by\u0142a dla nich jak najmniej uci\u0105\u017cliwa. Nasz zesp\u00f3\u0142 jest elastyczny i potrafi dostosowa\u0107 si\u0119 do wszelkich ogranicze\u0144, aby ewakuacja przebieg\u0142a tak sprawnie, jak to tylko mo\u017cliwe.<\/p>\n\n\n\n<p>Kr\u00f3tko m\u00f3wi\u0105c, STERK, Twoja Firma Eksmisyjna jest niezawodnym partnerem w zakresie eksmisji w Rotterdamie. Zapewniamy bezproblemowy proces, dzi\u0119ki czemu mo\u017cesz skupi\u0107 si\u0119 na rzeczach, kt\u00f3re s\u0105 dla Ciebie wa\u017cne. Skontaktuj si\u0119 z nami ju\u017c dzi\u015b, aby om\u00f3wi\u0107, w jaki spos\u00f3b mo\u017cemy pom\u00f3c w Twojej eksmisji w Rotterdamie.<\/p>\n\n\n\n<div class=\"wp-block-columns is-layout-flex wp-container-core-columns-is-layout-28f84493 wp-block-columns-is-layout-flex\">\n<div class=\"wp-block-column is-layout-flow wp-block-column-is-layout-flow\">\n<h3 class=\"wp-block-heading\">Oczyszczanie pokoju opieki w Rotterdamie<\/h3>\n\n\n\n<p>Szukasz niezawodnej firmy, kt\u00f3ra posprz\u0105ta pok\u00f3j do opieki nad Tob\u0105 lub Twoimi rodzicami w Rotterdamie i okolicach? Skontaktuj si\u0119 z nami, aby uzyska\u0107 niezobowi\u0105zuj\u0105c\u0105 wycen\u0119.<\/p>\n\n\n\n<h3 class=\"wp-block-heading\">Oczyszczanie ogrodu lub szopy w Rotterdamie<\/h3>\n\n\n\n<p>Ekspert ds. sprz\u0105tania w Rotterdamie mo\u017ce Ci pom\u00f3c, gdy nie widzisz ju\u017c drzew. W porozumieniu z Tob\u0105 sprawimy, \u017ce Tw\u00f3j ogr\u00f3d lub szopa zn\u00f3w b\u0119d\u0105 czyste i uporz\u0105dkowane.<\/p>\n<\/div>\n\n\n\n<div class=\"wp-block-column is-layout-flow wp-block-column-is-layout-flow\">\n<h3 class=\"wp-block-heading\">Oczyszczanie pokoi w domach opieki w Rotterdamie<\/h3>\n\n\n\n<p>STERK zdejmuje z Ciebie wszystkie zmartwienia i zapewnia czyszczenie pomieszcze\u0144 w konkurencyjnej cenie, dzi\u0119ki naszej lokalnej obecno\u015bci w Rotterdamie.<\/p>\n\n\n\n<h3 class=\"wp-block-heading\">Sprz\u0105tanie pokoju piel\u0119gniarskiego w Rotterdamie<\/h3>\n\n\n\n<p>STERK to w\u0142a\u015bciwe miejsce do szybkiej i starannej ewakuacji pokoj\u00f3w opieki w Rotterdamie za uczciw\u0105 cen\u0119.<\/p>\n\n\n\n<h3 class=\"wp-block-heading\">Czyszczenie po \u015bmierci<\/h3>\n\n\n\n<p>Po \u015bmierci bliskiej osoby nie chcesz zajmowa\u0107 si\u0119 sprz\u0105taniem jej domu lub mieszkania. STERK zadba o szybkie i pe\u0142ne szacunku uprz\u0105tni\u0119cie i przeka\u017ce przedmioty nadaj\u0105ce si\u0119 do sprzeda\u017cy w Twoim imieniu na rzecz Fundacji Nowa Nadzieja, kt\u00f3ra dzia\u0142a mi\u0119dzy innymi na rzecz walki z ub\u00f3stwem i samotno\u015bci\u0105.<\/p>\n<\/div>\n<\/div>\n\n\n\n<div class=\"wp-block-uagb-faq uagb-faq__outer-wrap uagb-block-1bd39460 uagb-faq-icon-row uagb-faq-layout-accordion uagb-faq-expand-first-true uagb-faq-inactive-other-true uagb-faq__wrap uagb-buttons-layout-wrap uagb-faq-equal-height\" data-faqtoggle=\"true\" role=\"tablist\">\n<div class=\"wp-block-uagb-faq-child uagb-faq-child__outer-wrap uagb-faq-item uagb-block-a51d1dec\" role=\"tab\" tabindex=\"0\"><div class=\"uagb-faq-questions-button uagb-faq-questions\"><span class=\"uagb-icon uagb-faq-icon-wrap\"><svg xmlns=\"https:\/\/www.w3.org\/2000\/svg\" viewbox=\"0 0 448 512\"><path d=\"M432 256c0 17.69-14.33 32.01-32 32.01H256v144c0 17.69-14.33 31.99-32 31.99s-32-14.3-32-31.99v-144H48c-17.67 0-32-14.32-32-32.01s14.33-31.99 32-31.99H192v-144c0-17.69 14.33-32.01 32-32.01s32 14.32 32 32.01v144h144C417.7 224 432 238.3 432 256z\"><\/path><\/svg><\/span><span class=\"uagb-icon-active uagb-faq-icon-wrap\"><svg xmlns=\"https:\/\/www.w3.org\/2000\/svg\" viewbox=\"0 0 448 512\"><path d=\"M400 288h-352c-17.69 0-32-14.32-32-32.01s14.31-31.99 32-31.99h352c17.69 0 32 14.3 32 31.99S417.7 288 400 288z\"><\/path><\/svg><\/span><span class=\"uagb-question\">Jaki jest koszt rozliczenia domu?<\/span><\/div><p class=\"uagb-faq-content\">Koszt sprz\u0105tania domu r\u00f3\u017cni si\u0119 w zale\u017cno\u015bci od wielko\u015bci domu, ilo\u015bci zawarto\u015bci i wymaganej pracy. Wskazane jest, aby poprosi\u0107 o wycen\u0119 od firmy zajmuj\u0105cej si\u0119 sprz\u0105taniem dom\u00f3w w celu uzyskania konkretnej wyceny. Zawsze odwiedzimy Ci\u0119 w celu uzyskania BEZP\u0141ATNEJ, niezobowi\u0105zuj\u0105cej wyceny.<\/p><\/div>\n\n\n\n<div class=\"wp-block-uagb-faq-child uagb-faq-child__outer-wrap uagb-faq-item uagb-block-cbe6073f\" role=\"tab\" tabindex=\"0\"><div class=\"uagb-faq-questions-button uagb-faq-questions\"><span class=\"uagb-icon uagb-faq-icon-wrap\"><svg xmlns=\"https:\/\/www.w3.org\/2000\/svg\" viewbox=\"0 0 448 512\"><path d=\"M432 256c0 17.69-14.33 32.01-32 32.01H256v144c0 17.69-14.33 31.99-32 31.99s-32-14.3-32-31.99v-144H48c-17.67 0-32-14.32-32-32.01s14.33-31.99 32-31.99H192v-144c0-17.69 14.33-32.01 32-32.01s32 14.32 32 32.01v144h144C417.7 224 432 238.3 432 256z\"><\/path><\/svg><\/span><span class=\"uagb-icon-active uagb-faq-icon-wrap\"><svg xmlns=\"https:\/\/www.w3.org\/2000\/svg\" viewbox=\"0 0 448 512\"><path d=\"M400 288h-352c-17.69 0-32-14.32-32-32.01s14.31-31.99 32-31.99h352c17.69 0 32 14.3 32 31.99S417.7 288 400 288z\"><\/path><\/svg><\/span><span class=\"uagb-question\">Jak d\u0142ugo trwa sprz\u0105tanie domu?<\/span><\/div><p class=\"uagb-faq-content\">Czas trwania sprz\u0105tania domu zale\u017cy od wielko\u015bci sprz\u0105tania i ilo\u015bci wymaganej pracy. Przeci\u0119tne sprz\u0105tanie domu mo\u017ce trwa\u0107 od jednego do trzech dni.<\/p><\/div>\n\n\n\n<div class=\"wp-block-uagb-faq-child uagb-faq-child__outer-wrap uagb-faq-item uagb-block-f0520038\" role=\"tab\" tabindex=\"0\"><div class=\"uagb-faq-questions-button uagb-faq-questions\"><span class=\"uagb-icon uagb-faq-icon-wrap\"><svg xmlns=\"https:\/\/www.w3.org\/2000\/svg\" viewbox=\"0 0 448 512\"><path d=\"M432 256c0 17.69-14.33 32.01-32 32.01H256v144c0 17.69-14.33 31.99-32 31.99s-32-14.3-32-31.99v-144H48c-17.67 0-32-14.32-32-32.01s14.33-31.99 32-31.99H192v-144c0-17.69 14.33-32.01 32-32.01s32 14.32 32 32.01v144h144C417.7 224 432 238.3 432 256z\"><\/path><\/svg><\/span><span class=\"uagb-icon-active uagb-faq-icon-wrap\"><svg xmlns=\"https:\/\/www.w3.org\/2000\/svg\" viewbox=\"0 0 448 512\"><path d=\"M400 288h-352c-17.69 0-32-14.32-32-32.01s14.31-31.99 32-31.99h352c17.69 0 32 14.3 32 31.99S417.7 288 400 288z\"><\/path><\/svg><\/span><span class=\"uagb-question\">Co dzieje si\u0119 z moim mieniem podczas eksmisji?<\/span><\/div><p class=\"uagb-faq-content\">U\u017cyteczne przedmioty s\u0105 cz\u0119sto przekazywane organizacjom charytatywnym, takim jak New Hope Foundation. Odpady s\u0105 utylizowane w spos\u00f3b przyjazny dla \u015brodowiska. Rzeczy osobiste, je\u015bli s\u0105 potrzebne, s\u0105 przechowywane w bezpiecznym miejscu lub przekazywane klientowi.<\/p><\/div>\n\n\n\n<div class=\"wp-block-uagb-faq-child uagb-faq-child__outer-wrap uagb-faq-item uagb-block-4cf54d4e\" role=\"tab\" tabindex=\"0\"><div class=\"uagb-faq-questions-button uagb-faq-questions\"><span class=\"uagb-icon uagb-faq-icon-wrap\"><svg xmlns=\"https:\/\/www.w3.org\/2000\/svg\" viewbox=\"0 0 448 512\"><path d=\"M432 256c0 17.69-14.33 32.01-32 32.01H256v144c0 17.69-14.33 31.99-32 31.99s-32-14.3-32-31.99v-144H48c-17.67 0-32-14.32-32-32.01s14.33-31.99 32-31.99H192v-144c0-17.69 14.33-32.01 32-32.01s32 14.32 32 32.01v144h144C417.7 224 432 238.3 432 256z\"><\/path><\/svg><\/span><span class=\"uagb-icon-active uagb-faq-icon-wrap\"><svg xmlns=\"https:\/\/www.w3.org\/2000\/svg\" viewbox=\"0 0 448 512\"><path d=\"M400 288h-352c-17.69 0-32-14.32-32-32.01s14.31-31.99 32-31.99h352c17.69 0 32 14.3 32 31.99S417.7 288 400 288z\"><\/path><\/svg><\/span><span class=\"uagb-question\">Czy mog\u0119 zdecydowa\u0107, kt\u00f3re przedmioty zatrzyma\u0107?<\/span><\/div><p class=\"uagb-faq-content\">Tak, mo\u017cesz om\u00f3wi\u0107 z nasz\u0105 firm\u0105 zajmuj\u0105c\u0105 si\u0119 usuwaniem odpad\u00f3w, kt\u00f3re przedmioty chcesz zatrzyma\u0107, aby mogli to uwzgl\u0119dni\u0107 podczas usuwania odpad\u00f3w. Ponadto, je\u015bli znajdziemy cenne lub osobiste przedmioty. Zawsze om\u00f3wimy to z Tob\u0105.<\/p><\/div>\n\n\n\n<div class=\"wp-block-uagb-faq-child uagb-faq-child__outer-wrap uagb-faq-item uagb-block-4c6b0137\" role=\"tab\" tabindex=\"0\"><div class=\"uagb-faq-questions-button uagb-faq-questions\"><span class=\"uagb-icon uagb-faq-icon-wrap\"><svg xmlns=\"https:\/\/www.w3.org\/2000\/svg\" viewbox=\"0 0 448 512\"><path d=\"M432 256c0 17.69-14.33 32.01-32 32.01H256v144c0 17.69-14.33 31.99-32 31.99s-32-14.3-32-31.99v-144H48c-17.67 0-32-14.32-32-32.01s14.33-31.99 32-31.99H192v-144c0-17.69 14.33-32.01 32-32.01s32 14.32 32 32.01v144h144C417.7 224 432 238.3 432 256z\"><\/path><\/svg><\/span><span class=\"uagb-icon-active uagb-faq-icon-wrap\"><svg xmlns=\"https:\/\/www.w3.org\/2000\/svg\" viewbox=\"0 0 448 512\"><path d=\"M400 288h-352c-17.69 0-32-14.32-32-32.01s14.31-31.99 32-31.99h352c17.69 0 32 14.3 32 31.99S417.7 288 400 288z\"><\/path><\/svg><\/span><span class=\"uagb-question\">Co dzieje si\u0119 z przedmiotami warto\u015bciowymi znalezionymi podczas eksmisji?<\/span><\/div><p class=\"uagb-faq-content\">Cenne przedmioty znalezione podczas usuwania s\u0105 zwykle przekazywane klientowi lub przetwarzane w porozumieniu z nim.<\/p><\/div>\n\n\n\n<div class=\"wp-block-uagb-faq-child uagb-faq-child__outer-wrap uagb-faq-item uagb-block-9fdf3672\" role=\"tab\" tabindex=\"0\"><div class=\"uagb-faq-questions-button uagb-faq-questions\"><span class=\"uagb-icon uagb-faq-icon-wrap\"><svg xmlns=\"https:\/\/www.w3.org\/2000\/svg\" viewbox=\"0 0 448 512\"><path d=\"M432 256c0 17.69-14.33 32.01-32 32.01H256v144c0 17.69-14.33 31.99-32 31.99s-32-14.3-32-31.99v-144H48c-17.67 0-32-14.32-32-32.01s14.33-31.99 32-31.99H192v-144c0-17.69 14.33-32.01 32-32.01s32 14.32 32 32.01v144h144C417.7 224 432 238.3 432 256z\"><\/path><\/svg><\/span><span class=\"uagb-icon-active uagb-faq-icon-wrap\"><svg xmlns=\"https:\/\/www.w3.org\/2000\/svg\" viewbox=\"0 0 448 512\"><path d=\"M400 288h-352c-17.69 0-32-14.32-32-32.01s14.31-31.99 32-31.99h352c17.69 0 32 14.3 32 31.99S417.7 288 400 288z\"><\/path><\/svg><\/span><span class=\"uagb-question\">Czy mo\u017cna zorganizowa\u0107 piln\u0105 odpraw\u0119 domow\u0105?<\/span><\/div><p class=\"uagb-faq-content\">Tak, oferujemy eksmisje awaryjne. Skontaktuj si\u0119 z firm\u0105, aby om\u00f3wi\u0107 opcje i wszelkie dodatkowe koszty.<\/p><\/div>\n\n\n\n<div class=\"wp-block-uagb-faq-child uagb-faq-child__outer-wrap uagb-faq-item uagb-block-e60147bc\" role=\"tab\" tabindex=\"0\"><div class=\"uagb-faq-questions-button uagb-faq-questions\"><span class=\"uagb-icon uagb-faq-icon-wrap\"><svg xmlns=\"https:\/\/www.w3.org\/2000\/svg\" viewbox=\"0 0 448 512\"><path d=\"M432 256c0 17.69-14.33 32.01-32 32.01H256v144c0 17.69-14.33 31.99-32 31.99s-32-14.3-32-31.99v-144H48c-17.67 0-32-14.32-32-32.01s14.33-31.99 32-31.99H192v-144c0-17.69 14.33-32.01 32-32.01s32 14.32 32 32.01v144h144C417.7 224 432 238.3 432 256z\"><\/path><\/svg><\/span><span class=\"uagb-icon-active uagb-faq-icon-wrap\"><svg xmlns=\"https:\/\/www.w3.org\/2000\/svg\" viewbox=\"0 0 448 512\"><path d=\"M400 288h-352c-17.69 0-32-14.32-32-32.01s14.31-31.99 32-31.99h352c17.69 0 32 14.3 32 31.99S417.7 288 400 288z\"><\/path><\/svg><\/span><span class=\"uagb-question\">W jaki spos\u00f3b nieruchomo\u015b\u0107 zostanie przekazana po eksmisji?<\/span><\/div><p class=\"uagb-faq-content\">Nieruchomo\u015b\u0107 jest dostarczana czysta, z usuni\u0119t\u0105 ca\u0142\u0105 zawarto\u015bci\u0105 i wszelkimi naprawami, je\u015bli s\u0105 wymagane. Ponadto mo\u017cemy r\u00f3wnie\u017c dostarczy\u0107 nieruchomo\u015b\u0107 na podstawie umowy uzgodnionej z najemc\u0105 lub kupuj\u0105cym.<\/p><\/div>\n\n\n\n<div class=\"wp-block-uagb-faq-child uagb-faq-child__outer-wrap uagb-faq-item uagb-block-e2b0c592\" role=\"tab\" tabindex=\"0\"><div class=\"uagb-faq-questions-button uagb-faq-questions\"><span class=\"uagb-icon uagb-faq-icon-wrap\"><svg xmlns=\"https:\/\/www.w3.org\/2000\/svg\" viewbox=\"0 0 448 512\"><path d=\"M432 256c0 17.69-14.33 32.01-32 32.01H256v144c0 17.69-14.33 31.99-32 31.99s-32-14.3-32-31.99v-144H48c-17.67 0-32-14.32-32-32.01s14.33-31.99 32-31.99H192v-144c0-17.69 14.33-32.01 32-32.01s32 14.32 32 32.01v144h144C417.7 224 432 238.3 432 256z\"><\/path><\/svg><\/span><span class=\"uagb-icon-active uagb-faq-icon-wrap\"><svg xmlns=\"https:\/\/www.w3.org\/2000\/svg\" viewbox=\"0 0 448 512\"><path d=\"M400 288h-352c-17.69 0-32-14.32-32-32.01s14.31-31.99 32-31.99h352c17.69 0 32 14.3 32 31.99S417.7 288 400 288z\"><\/path><\/svg><\/span><span class=\"uagb-question\">Czy firma eksmisyjna mo\u017ce r\u00f3wnie\u017c wykonywa\u0107 prace naprawcze?<\/span><\/div><p class=\"uagb-faq-content\">Tak, wiele firm zajmuj\u0105cych si\u0119 eksmisj\u0105 mo\u017ce r\u00f3wnie\u017c wykonywa\u0107 prace naprawcze, takie jak naprawa dziur w \u015bcianach, usuwanie dywan\u00f3w i malowanie \u015bcian.<\/p><\/div>\n\n\n\n<div class=\"wp-block-uagb-faq-child uagb-faq-child__outer-wrap uagb-faq-item uagb-block-3c389c01\" role=\"tab\" tabindex=\"0\"><div class=\"uagb-faq-questions-button uagb-faq-questions\"><span class=\"uagb-icon uagb-faq-icon-wrap\"><svg xmlns=\"https:\/\/www.w3.org\/2000\/svg\" viewbox=\"0 0 448 512\"><path d=\"M432 256c0 17.69-14.33 32.01-32 32.01H256v144c0 17.69-14.33 31.99-32 31.99s-32-14.3-32-31.99v-144H48c-17.67 0-32-14.32-32-32.01s14.33-31.99 32-31.99H192v-144c0-17.69 14.33-32.01 32-32.01s32 14.32 32 32.01v144h144C417.7 224 432 238.3 432 256z\"><\/path><\/svg><\/span><span class=\"uagb-icon-active uagb-faq-icon-wrap\"><svg xmlns=\"https:\/\/www.w3.org\/2000\/svg\" viewbox=\"0 0 448 512\"><path d=\"M400 288h-352c-17.69 0-32-14.32-32-32.01s14.31-31.99 32-31.99h352c17.69 0 32 14.3 32 31.99S417.7 288 400 288z\"><\/path><\/svg><\/span><span class=\"uagb-question\">Czy firma zajmuj\u0105ca si\u0119 eksmisj\u0105 mo\u017ce r\u00f3wnie\u017c opr\u00f3\u017cnia\u0107 lokale u\u017cytkowe?<\/span><\/div><p class=\"uagb-faq-content\">Tak, STERK oferuje r\u00f3wnie\u017c <a href=\"http:\/\/sterkontruimingen.nl\/pl\/odprawa-handlowa\/\" data-type=\"page\" data-id=\"132\">eksmisje do lokali u\u017cytkowych<\/a> do.<\/p><\/div>\n\n\n\n<div class=\"wp-block-uagb-faq-child uagb-faq-child__outer-wrap uagb-faq-item uagb-block-3b4f13c1\" role=\"tab\" tabindex=\"0\"><div class=\"uagb-faq-questions-button uagb-faq-questions\"><span class=\"uagb-icon uagb-faq-icon-wrap\"><svg xmlns=\"https:\/\/www.w3.org\/2000\/svg\" viewbox=\"0 0 448 512\"><path d=\"M432 256c0 17.69-14.33 32.01-32 32.01H256v144c0 17.69-14.33 31.99-32 31.99s-32-14.3-32-31.99v-144H48c-17.67 0-32-14.32-32-32.01s14.33-31.99 32-31.99H192v-144c0-17.69 14.33-32.01 32-32.01s32 14.32 32 32.01v144h144C417.7 224 432 238.3 432 256z\"><\/path><\/svg><\/span><span class=\"uagb-icon-active uagb-faq-icon-wrap\"><svg xmlns=\"https:\/\/www.w3.org\/2000\/svg\" viewbox=\"0 0 448 512\"><path d=\"M400 288h-352c-17.69 0-32-14.32-32-32.01s14.31-31.99 32-31.99h352c17.69 0 32 14.3 32 31.99S417.7 288 400 288z\"><\/path><\/svg><\/span><span class=\"uagb-question\">Co z prywatno\u015bci\u0105 moich danych podczas sprz\u0105tania domu?<\/span><\/div><p class=\"uagb-faq-content\">Godne zaufania firmy zajmuj\u0105ce si\u0119 usuwaniem odpad\u00f3w traktuj\u0105 Twoje dane i rzeczy osobiste z trosk\u0105 i szacunkiem. Zapytaj o ich polityk\u0119 prywatno\u015bci, aby dowiedzie\u0107 si\u0119, jak sobie z tym radz\u0105<\/p><\/div>\n\n\n\n<div class=\"wp-block-uagb-faq-child uagb-faq-child__outer-wrap uagb-faq-item uagb-block-138e20e8\" role=\"tab\" tabindex=\"0\"><div class=\"uagb-faq-questions-button uagb-faq-questions\"><span class=\"uagb-icon uagb-faq-icon-wrap\"><svg xmlns=\"https:\/\/www.w3.org\/2000\/svg\" viewbox=\"0 0 448 512\"><path d=\"M432 256c0 17.69-14.33 32.01-32 32.01H256v144c0 17.69-14.33 31.99-32 31.99s-32-14.3-32-31.99v-144H48c-17.67 0-32-14.32-32-32.01s14.33-31.99 32-31.99H192v-144c0-17.69 14.33-32.01 32-32.01s32 14.32 32 32.01v144h144C417.7 224 432 238.3 432 256z\"><\/path><\/svg><\/span><span class=\"uagb-icon-active uagb-faq-icon-wrap\"><svg xmlns=\"https:\/\/www.w3.org\/2000\/svg\" viewbox=\"0 0 448 512\"><path d=\"M400 288h-352c-17.69 0-32-14.32-32-32.01s14.31-31.99 32-31.99h352c17.69 0 32 14.3 32 31.99S417.7 288 400 288z\"><\/path><\/svg><\/span><span class=\"uagb-question\">Czy musz\u0119 by\u0107 obecny podczas sprz\u0105tania domu?<\/span><\/div><p class=\"uagb-faq-content\">Obecno\u015b\u0107 podczas eksmisji nie jest obowi\u0105zkowa, ale oczywi\u015bcie mo\u017cna si\u0119 na ni\u0105 zdecydowa\u0107. W wielu przypadkach firma eksmisyjna mo\u017ce przeprowadzi\u0107 eksmisj\u0119 bez Twojej obecno\u015bci, o ile posiada odpowiednie informacje i dost\u0119p do nieruchomo\u015bci.<\/p><\/div>\n\n\n\n<div class=\"wp-block-uagb-faq-child uagb-faq-child__outer-wrap uagb-faq-item uagb-block-92ace289\" role=\"tab\" tabindex=\"0\"><div class=\"uagb-faq-questions-button uagb-faq-questions\"><span class=\"uagb-icon uagb-faq-icon-wrap\"><svg xmlns=\"https:\/\/www.w3.org\/2000\/svg\" viewbox=\"0 0 448 512\"><path d=\"M432 256c0 17.69-14.33 32.01-32 32.01H256v144c0 17.69-14.33 31.99-32 31.99s-32-14.3-32-31.99v-144H48c-17.67 0-32-14.32-32-32.01s14.33-31.99 32-31.99H192v-144c0-17.69 14.33-32.01 32-32.01s32 14.32 32 32.01v144h144C417.7 224 432 238.3 432 256z\"><\/path><\/svg><\/span><span class=\"uagb-icon-active uagb-faq-icon-wrap\"><svg xmlns=\"https:\/\/www.w3.org\/2000\/svg\" viewbox=\"0 0 448 512\"><path d=\"M400 288h-352c-17.69 0-32-14.32-32-32.01s14.31-31.99 32-31.99h352c17.69 0 32 14.3 32 31.99S417.7 288 400 288z\"><\/path><\/svg><\/span><span class=\"uagb-question\">Jak szybko firma eksmisyjna mo\u017ce rozpocz\u0105\u0107 ewakuacj\u0119?<\/span><\/div><p class=\"uagb-faq-content\">Dost\u0119pno\u015b\u0107 naszej us\u0142ugi eksmisji mo\u017ce si\u0119 r\u00f3\u017cni\u0107. Prosimy o kontakt w celu om\u00f3wienia harmonogramu i ewentualnego czasu oczekiwania. Zwykle nasz du\u017cy zesp\u00f3\u0142 pozwala nam rozpocz\u0105\u0107 prac\u0119 w tym samym tygodniu.<\/p><\/div>\n\n\n\n<div class=\"wp-block-uagb-faq-child uagb-faq-child__outer-wrap uagb-faq-item uagb-block-03a9900f\" role=\"tab\" tabindex=\"0\"><div class=\"uagb-faq-questions-button uagb-faq-questions\"><span class=\"uagb-icon uagb-faq-icon-wrap\"><svg xmlns=\"https:\/\/www.w3.org\/2000\/svg\" viewbox=\"0 0 448 512\"><path d=\"M432 256c0 17.69-14.33 32.01-32 32.01H256v144c0 17.69-14.33 31.99-32 31.99s-32-14.3-32-31.99v-144H48c-17.67 0-32-14.32-32-32.01s14.33-31.99 32-31.99H192v-144c0-17.69 14.33-32.01 32-32.01s32 14.32 32 32.01v144h144C417.7 224 432 238.3 432 256z\"><\/path><\/svg><\/span><span class=\"uagb-icon-active uagb-faq-icon-wrap\"><svg xmlns=\"https:\/\/www.w3.org\/2000\/svg\" viewbox=\"0 0 448 512\"><path d=\"M400 288h-352c-17.69 0-32-14.32-32-32.01s14.31-31.99 32-31.99h352c17.69 0 32 14.3 32 31.99S417.7 288 400 288z\"><\/path><\/svg><\/span><span class=\"uagb-question\">Czy firma ewakuacyjna mo\u017ce pom\u00f3c w utylizacji niebezpiecznych odpad\u00f3w, takich jak azbest?<\/span><\/div><p class=\"uagb-faq-content\">STERK ontruimingen posiada wiedz\u0119 specjalistyczn\u0105 w zakresie bezpiecznego i odpowiedzialnego usuwania odpad\u00f3w niebezpiecznych, takich jak azbest. Zapytaj o mo\u017cliwo\u015bci i do\u015bwiadczenie w tej dziedzinie.<\/p><\/div>\n\n\n\n<div class=\"wp-block-uagb-faq-child uagb-faq-child__outer-wrap uagb-faq-item uagb-block-daefb2d2\" role=\"tab\" tabindex=\"0\"><div class=\"uagb-faq-questions-button uagb-faq-questions\"><span class=\"uagb-icon uagb-faq-icon-wrap\"><svg xmlns=\"https:\/\/www.w3.org\/2000\/svg\" viewbox=\"0 0 448 512\"><path d=\"M432 256c0 17.69-14.33 32.01-32 32.01H256v144c0 17.69-14.33 31.99-32 31.99s-32-14.3-32-31.99v-144H48c-17.67 0-32-14.32-32-32.01s14.33-31.99 32-31.99H192v-144c0-17.69 14.33-32.01 32-32.01s32 14.32 32 32.01v144h144C417.7 224 432 238.3 432 256z\"><\/path><\/svg><\/span><span class=\"uagb-icon-active uagb-faq-icon-wrap\"><svg xmlns=\"https:\/\/www.w3.org\/2000\/svg\" viewbox=\"0 0 448 512\"><path d=\"M400 288h-352c-17.69 0-32-14.32-32-32.01s14.31-31.99 32-31.99h352c17.69 0 32 14.3 32 31.99S417.7 288 400 288z\"><\/path><\/svg><\/span><span class=\"uagb-question\">Jak mog\u0119 poprosi\u0107 o wycen\u0119 odprawy domowej?<\/span><\/div><p class=\"uagb-faq-content\">Klikaj\u0105c poni\u017cej na stronie lub tutaj na : '<a href=\"http:\/\/sterkontruimingen.nl\/pl\/prosba-o-wycene\/\" data-type=\"page\" data-id=\"367\">pro\u015bba o wycen\u0119<\/a>\u2018<\/p><\/div>\n<\/div>","protected":false},"excerpt":{"rendered":"<p>Woning Ontruiming Rotterdam In Rotterdam zijn woning ontruimingen een dagelijkse gebeurtenis. U heeft ons mogelijk al eens in actie gezien met onze STERK bus in Rotterdam. Ons gespecialiseerde team in (\u00e9n uit) Rotterdam staat klaar om elke ontruiming zorgvuldig en effici\u00ebnt te verzorgen. Wat maakt STERK Ontruimingen zo uniek in Rotterdam? Wij werken samen met [&hellip;]<\/p>\n","protected":false},"author":1,"featured_media":772,"parent":0,"menu_order":10,"comment_status":"closed","ping_status":"closed","template":"","meta":{"inline_featured_image":false,"footnotes":""},"categories":[14],"tags":[],"class_list":["post-751","page","type-page","status-publish","has-post-thumbnail","hentry","category-landingspaginas"],"blocksy_meta":{"styles_descriptor":{"styles":{"desktop":"","tablet":"","mobile":""},"google_fonts":[],"version":6}},"_links":{"self":[{"href":"https:\/\/sterkontruimingen.nl\/pl\/wp-json\/wp\/v2\/pages\/751","targetHints":{"allow":["GET"]}}],"collection":[{"href":"https:\/\/sterkontruimingen.nl\/pl\/wp-json\/wp\/v2\/pages"}],"about":[{"href":"https:\/\/sterkontruimingen.nl\/pl\/wp-json\/wp\/v2\/types\/page"}],"author":[{"embeddable":true,"href":"https:\/\/sterkontruimingen.nl\/pl\/wp-json\/wp\/v2\/users\/1"}],"replies":[{"embeddable":true,"href":"https:\/\/sterkontruimingen.nl\/pl\/wp-json\/wp\/v2\/comments?post=751"}],"version-history":[{"count":9,"href":"https:\/\/sterkontruimingen.nl\/pl\/wp-json\/wp\/v2\/pages\/751\/revisions"}],"predecessor-version":[{"id":3838,"href":"https:\/\/sterkontruimingen.nl\/pl\/wp-json\/wp\/v2\/pages\/751\/revisions\/3838"}],"wp:featuredmedia":[{"embeddable":true,"href":"https:\/\/sterkontruimingen.nl\/pl\/wp-json\/wp\/v2\/media\/772"}],"wp:attachment":[{"href":"https:\/\/sterkontruimingen.nl\/pl\/wp-json\/wp\/v2\/media?parent=751"}],"wp:term":[{"taxonomy":"category","embeddable":true,"href":"https:\/\/sterkontruimingen.nl\/pl\/wp-json\/wp\/v2\/categories?post=751"},{"taxonomy":"post_tag","embeddable":true,"href":"https:\/\/sterkontruimingen.nl\/pl\/wp-json\/wp\/v2\/tags?post=751"}],"curies":[{"name":"wp","href":"https:\/\/api.w.org\/{rel}","templated":true}]}}