{"id":742,"date":"2020-04-18T18:06:32","date_gmt":"2020-04-18T16:06:32","guid":{"rendered":"http:\/\/sterkontruimingen.nl\/?page_id=742"},"modified":"2025-04-04T11:58:32","modified_gmt":"2025-04-04T09:58:32","slug":"ewakuacja-alblasserwaard","status":"publish","type":"page","link":"https:\/\/sterkontruimingen.nl\/pl\/ontruiming-alblasserwaard\/","title":{"rendered":"Eksmisja Alblasserwaard"},"content":{"rendered":"<h2 class=\"wp-block-heading\">Oczyszczanie dom\u00f3w w Alblasserwaard<\/h2>\n\n\n\n<p>Czy masz nieruchomo\u015b\u0107 (dom, mieszkanie, pok\u00f3j opieki lub mieszkanie chronione), kt\u00f3ra musi zosta\u0107 opr\u00f3\u017cniona w Alblasserwaard? Na przyk\u0142ad eksmisja w Bleskensgraaf, Boven-Hardinxveld, Brandwijk, Giessenbrug, Kinderdijk, Hoogblokland, Oud Alblas, Papendrecht lub Sliedrecht. W takim razie STERK mo\u017ce pom\u00f3c! STERK ma bogate do\u015bwiadczenie w sprz\u0105taniu dom\u00f3w, pokoi opieki, pokoi w domach opieki, mieszka\u0144 i mieszka\u0144 chronionych w ca\u0142ym Alblasserwaard. Dostarczamy wszystko zgodnie z wymaganiami i \u017cyczeniami w\u0142a\u015bciciela, sp\u00f3\u0142dzielni mieszkaniowej, agencji nieruchomo\u015bci lub domu opieki.<\/p>\n\n\n\n<p>Podczas oczyszczania mo\u017cemy wykona\u0107 wszelkiego rodzaju prace, takie jak usuwanie wyk\u0142adzin, tapet czy \u015brub i gwo\u017adzi. Ponadto naprawiamy r\u00f3wnie\u017c dziury w \u015bcianie. Mo\u017cemy r\u00f3wnie\u017c przenie\u015b\u0107 niepotrzebne, ale wci\u0105\u017c u\u017cyteczne przedmioty do <a href=\"http:\/\/sterkontruimingen.nl\/pl\/o-silnym\/\">szczytne cele<\/a> i zawsze utylizujemy odpady w spos\u00f3b przyjazny dla \u015brodowiska. Wspania\u0142\u0105 rzecz\u0105 jest to, \u017ce cz\u0119sto pracujemy w Twojej okolicy w regionie Alblasserwaard, wi\u0119c mo\u017cemy szybko zabra\u0107 si\u0119 do pracy. <\/p>\n\n\n\n<div class=\"wp-block-columns is-layout-flex wp-container-core-columns-is-layout-28f84493 wp-block-columns-is-layout-flex\">\n<div class=\"wp-block-column is-layout-flow wp-block-column-is-layout-flow\">\n<h3 class=\"wp-block-heading\">EWAKUACJA POMIESZCZENIA OPIEKI<\/h3>\n\n\n\n<p>Szukasz firmy, kt\u00f3ra mo\u017ce posprz\u0105ta\u0107 Tw\u00f3j pok\u00f3j opieki lub pok\u00f3j opieki Twoich rodzic\u00f3w w alblasserdam lub alblasserwaard. Skontaktuj si\u0119 z nami, aby uzyska\u0107 niezobowi\u0105zuj\u0105c\u0105 wycen\u0119.<\/p>\n\n\n\n<h3 class=\"wp-block-heading\">OCZYSZCZANIE OGRODU LUB SZOPY<\/h3>\n\n\n\n<p>Czasami nie mo\u017cna ju\u017c dostrzec drzew. Wtedy przydaje si\u0119 pomoc eksperta od sprz\u0105tania w alblasserdam lub alblasserwaard. Przyjedziemy i, m\u00f3wi\u0105c przys\u0142owiowo, zgrabimy ca\u0142y ogr\u00f3d lub szop\u0119. Oczywi\u015bcie w porozumieniu z Tob\u0105, co chcesz zachowa\u0107, a czego nie.<\/p>\n<\/div>\n\n\n\n<div class=\"wp-block-column is-layout-flow wp-block-column-is-layout-flow\">\n<h3 class=\"wp-block-heading\">oczyszczanie pomieszcze\u0144 w domach opieki<\/h3>\n\n\n\n<p>STERK zdejmuje wszystkie zmartwienia z Twoich r\u0105k. Poniewa\u017c pracujemy w pobli\u017cu alblasserdam i alblasserwaard. Mo\u017cemy dostarczy\u0107 czyszczenie pokoju w kr\u00f3tkim czasie za przyzwoit\u0105 cen\u0119.<\/p>\n\n\n\n<h3 class=\"wp-block-heading\">OCZYSZCZANIE PO \u015aMIERCI<\/h3>\n\n\n\n<p>Kiedy odchodzi bliska osoba, ostatni\u0105 rzecz\u0105, na kt\u00f3r\u0105 chcesz zwr\u00f3ci\u0107 uwag\u0119, jest opuszczenie jej domu lub mieszkania. STERK zobowi\u0105zuje si\u0119 do jak najszybszego lub nawet pilnego oczyszczenia domu lub pokoju z szacunkiem dla mienia i zmar\u0142ego. Ponadto w Twoim imieniu przekazujemy wszelkie przedmioty, kt\u00f3re mo\u017cna ju\u017c sprzeda\u0107, Fundacji Nowa Nadzieja, kt\u00f3ra zajmuje si\u0119 mi\u0119dzy innymi zwalczaniem samotno\u015bci.<\/p>\n<\/div>\n<\/div>","protected":false},"excerpt":{"rendered":"<p>Woningontruiming in de Alblasserwaard Heeft u een woning (huis, appartement, zorgkamer of aanleunwoning) die ontruimt moet worden in Alblasserwaard? Denk hierbij aan een ontruiming in Bleskensgraaf, Boven-Hardinxveld, Brandwijk, Giessenbrug, Kinderdijk, Hoogblokland, Oud Alblas, Papendrecht of Sliedrecht. Dan kan STERK hierbij helpen! STERK heeft ruime ervaring met het ontruimen van woningen, zorgkamers verpleeghuiskamers, appartementen en aanleunwoningen [&hellip;]<\/p>\n","protected":false},"author":1,"featured_media":4869,"parent":0,"menu_order":9,"comment_status":"closed","ping_status":"closed","template":"","meta":{"inline_featured_image":false,"footnotes":""},"categories":[14],"tags":[],"class_list":["post-742","page","type-page","status-publish","has-post-thumbnail","hentry","category-landingspaginas"],"blocksy_meta":{"styles_descriptor":{"styles":{"desktop":"","tablet":"","mobile":""},"google_fonts":[],"version":6}},"_links":{"self":[{"href":"https:\/\/sterkontruimingen.nl\/pl\/wp-json\/wp\/v2\/pages\/742","targetHints":{"allow":["GET"]}}],"collection":[{"href":"https:\/\/sterkontruimingen.nl\/pl\/wp-json\/wp\/v2\/pages"}],"about":[{"href":"https:\/\/sterkontruimingen.nl\/pl\/wp-json\/wp\/v2\/types\/page"}],"author":[{"embeddable":true,"href":"https:\/\/sterkontruimingen.nl\/pl\/wp-json\/wp\/v2\/users\/1"}],"replies":[{"embeddable":true,"href":"https:\/\/sterkontruimingen.nl\/pl\/wp-json\/wp\/v2\/comments?post=742"}],"version-history":[{"count":1,"href":"https:\/\/sterkontruimingen.nl\/pl\/wp-json\/wp\/v2\/pages\/742\/revisions"}],"predecessor-version":[{"id":4870,"href":"https:\/\/sterkontruimingen.nl\/pl\/wp-json\/wp\/v2\/pages\/742\/revisions\/4870"}],"wp:featuredmedia":[{"embeddable":true,"href":"https:\/\/sterkontruimingen.nl\/pl\/wp-json\/wp\/v2\/media\/4869"}],"wp:attachment":[{"href":"https:\/\/sterkontruimingen.nl\/pl\/wp-json\/wp\/v2\/media?parent=742"}],"wp:term":[{"taxonomy":"category","embeddable":true,"href":"https:\/\/sterkontruimingen.nl\/pl\/wp-json\/wp\/v2\/categories?post=742"},{"taxonomy":"post_tag","embeddable":true,"href":"https:\/\/sterkontruimingen.nl\/pl\/wp-json\/wp\/v2\/tags?post=742"}],"curies":[{"name":"wp","href":"https:\/\/api.w.org\/{rel}","templated":true}]}}