{"id":737,"date":"2020-04-18T17:54:03","date_gmt":"2020-04-18T15:54:03","guid":{"rendered":"http:\/\/sterkontruimingen.nl\/?page_id=737"},"modified":"2020-04-18T18:13:10","modified_gmt":"2020-04-18T16:13:10","slug":"eksmisja-drechtsteden","status":"publish","type":"page","link":"https:\/\/sterkontruimingen.nl\/pl\/ontruiming-drechtsteden\/","title":{"rendered":"Eksmisja Drechtsteden"},"content":{"rendered":"<h2 class=\"wp-block-heading\">Oczyszczanie domu Drechtsteden<\/h2>\n\n\n\n<p>Jako agent eksmisyjny w Drechtsteden jeste\u015bmy zawsze w pobli\u017cu. Dlatego cz\u0119sto pracujemy nad eksmisjami w Dordrecht, Zwijndrecht, Barendrecht, Sliedrecht, Papendrecht i wszystkich okolicznych miastach w Drechtsteden. Staramy si\u0119 pom\u00f3c Ci w spos\u00f3b przyjazny dla klienta i profesjonalny, odpowiadaj\u0105c na Twoj\u0105 pro\u015bb\u0119 tak szybko, jak to mo\u017cliwe. Cz\u0119sto po prostu chcesz szybko uzyska\u0107 pomoc, a my sprawiamy, \u017ce jest to sport. Niezale\u017cnie od tego, czy jest to sprz\u0105tanie pokoju w Zwijndrecht, czy sprz\u0105tanie ca\u0142ego domu lub mieszkania w Dordrecht. Jeste\u015bmy do Twojej dyspozycji.<\/p>\n\n\n\n<p>Podczas oczyszczania mo\u017cemy wykona\u0107 wszelkiego rodzaju prace, takie jak usuwanie wyk\u0142adzin, tapet czy \u015brub i gwo\u017adzi. Ponadto naprawiamy r\u00f3wnie\u017c dziury w \u015bcianie. Mo\u017cemy r\u00f3wnie\u017c przenie\u015b\u0107 niepotrzebne, ale wci\u0105\u017c u\u017cyteczne przedmioty do <a href=\"http:\/\/sterkontruimingen.nl\/pl\/o-silnym\/\">szczytne cele<\/a> Zawsze utylizujemy odpady w spos\u00f3b przyjazny dla \u015brodowiska. Wspania\u0142\u0105 rzecz\u0105 jest to, \u017ce cz\u0119sto jeste\u015bmy na miejscu, wi\u0119c mo\u017cemy szybko zabra\u0107 si\u0119 do pracy. <\/p>\n\n\n\n<div class=\"wp-block-columns is-layout-flex wp-container-core-columns-is-layout-28f84493 wp-block-columns-is-layout-flex\">\n<div class=\"wp-block-column is-layout-flow wp-block-column-is-layout-flow\">\n<h3 class=\"wp-block-heading\">Mieszkanie w Drechtsteden ONTRUIMEN<\/h3>\n\n\n\n<p>Szukasz firmy, kt\u00f3ra mo\u017ce posprz\u0105ta\u0107 Tw\u00f3j pok\u00f3j opieki lub pok\u00f3j opieki Twoich rodzic\u00f3w w Drechtsteden i okolicach? Skontaktuj si\u0119 z nami, aby uzyska\u0107 niezobowi\u0105zuj\u0105c\u0105 wycen\u0119.<\/p>\n\n\n\n<h3 class=\"wp-block-heading\">Oczyszczanie ogrodu lub szopy w DRECHTSTEDEN<\/h3>\n\n\n\n<p>Czasami nie mo\u017cna dostrzec drzew. Wtedy przydaje si\u0119 pomoc eksperta od sprz\u0105tania w Drechtsteden i okolicach. Odwiedzimy Ci\u0119 i zgrabimy ca\u0142y Tw\u00f3j ogr\u00f3d lub szop\u0119. Oczywi\u015bcie w porozumieniu z Tob\u0105, co chcesz zachowa\u0107, a czego nie.<\/p>\n<\/div>\n\n\n\n<div class=\"wp-block-column is-layout-flow wp-block-column-is-layout-flow\">\n<h3 class=\"wp-block-heading\">DRECHTSTEDEN ewakuuj\u0105 pok\u00f3j w domu opieki<\/h3>\n\n\n\n<p>STERK zdejmuje wszelkie zmartwienia z Twoich r\u0105k. Poniewa\u017c pracujemy w pobli\u017cu Drechtsteden i okolicznych miast, mo\u017cemy dostarczy\u0107 czyszczenie pokoju w kr\u00f3tkim czasie za przyzwoit\u0105 cen\u0119.<\/p>\n\n\n\n<h3 class=\"wp-block-heading\">Dom opieki DRECHTSTEDEN w Dordrechcie<\/h3>\n\n\n\n<p>STERK zdejmuje wszelkie zmartwienia z Twoich r\u0105k. Poniewa\u017c dzia\u0142amy w Drechtsteden i okolicznych miejscowo\u015bciach, mo\u017cemy dostarczy\u0107 czyszczenie pokoju w kr\u00f3tkim czasie za przyzwoit\u0105 cen\u0119.<\/p>\n\n\n\n<h3 class=\"wp-block-heading\">Czyszczenie po \u015bmierci<\/h3>\n\n\n\n<p>Kiedy odchodzi bliska osoba, ostatni\u0105 rzecz\u0105, na kt\u00f3r\u0105 chcesz zwr\u00f3ci\u0107 uwag\u0119, jest opuszczenie jej domu lub mieszkania. STERK zobowi\u0105zuje si\u0119 do jak najszybszego lub nawet pilnego oczyszczenia domu lub pokoju z szacunkiem dla mienia i zmar\u0142ego. Ponadto w Twoim imieniu przekazujemy wszelkie przedmioty, kt\u00f3re mo\u017cna ju\u017c sprzeda\u0107, Fundacji Nowa Nadzieja, kt\u00f3ra zajmuje si\u0119 mi\u0119dzy innymi zwalczaniem samotno\u015bci.<\/p>\n<\/div>\n<\/div>\n\n\n\n<p><\/p>","protected":false},"excerpt":{"rendered":"<p>Woningontruiming Drechtsteden Als ontruimer in de Drechtsteden zijn we altijd in de buurt. Zo werken we vaak aan ontruimingen in Dordrecht, Zwijndrecht, Barendrecht, Sliedrecht, Papendrecht en alle omliggende plaatsen in de Drechtsteden. We proberen u op een klantvriendelijke en professionele manier te helpen door zo snel mogelijk te reageren op uw aanvraag. Vaak wilt u [&hellip;]<\/p>\n","protected":false},"author":1,"featured_media":746,"parent":0,"menu_order":11,"comment_status":"closed","ping_status":"closed","template":"","meta":{"inline_featured_image":false,"footnotes":""},"categories":[14],"tags":[],"class_list":["post-737","page","type-page","status-publish","has-post-thumbnail","hentry","category-landingspaginas"],"blocksy_meta":{"styles_descriptor":{"styles":{"desktop":"","tablet":"","mobile":""},"google_fonts":[],"version":6}},"_links":{"self":[{"href":"https:\/\/sterkontruimingen.nl\/pl\/wp-json\/wp\/v2\/pages\/737","targetHints":{"allow":["GET"]}}],"collection":[{"href":"https:\/\/sterkontruimingen.nl\/pl\/wp-json\/wp\/v2\/pages"}],"about":[{"href":"https:\/\/sterkontruimingen.nl\/pl\/wp-json\/wp\/v2\/types\/page"}],"author":[{"embeddable":true,"href":"https:\/\/sterkontruimingen.nl\/pl\/wp-json\/wp\/v2\/users\/1"}],"replies":[{"embeddable":true,"href":"https:\/\/sterkontruimingen.nl\/pl\/wp-json\/wp\/v2\/comments?post=737"}],"version-history":[{"count":0,"href":"https:\/\/sterkontruimingen.nl\/pl\/wp-json\/wp\/v2\/pages\/737\/revisions"}],"wp:featuredmedia":[{"embeddable":true,"href":"https:\/\/sterkontruimingen.nl\/pl\/wp-json\/wp\/v2\/media\/746"}],"wp:attachment":[{"href":"https:\/\/sterkontruimingen.nl\/pl\/wp-json\/wp\/v2\/media?parent=737"}],"wp:term":[{"taxonomy":"category","embeddable":true,"href":"https:\/\/sterkontruimingen.nl\/pl\/wp-json\/wp\/v2\/categories?post=737"},{"taxonomy":"post_tag","embeddable":true,"href":"https:\/\/sterkontruimingen.nl\/pl\/wp-json\/wp\/v2\/tags?post=737"}],"curies":[{"name":"wp","href":"https:\/\/api.w.org\/{rel}","templated":true}]}}