{"id":675,"date":"2020-04-13T13:47:05","date_gmt":"2020-04-13T11:47:05","guid":{"rendered":"http:\/\/sterkontruimingen.nl\/?page_id=675"},"modified":"2024-05-27T07:47:20","modified_gmt":"2024-05-27T05:47:20","slug":"eksmisja-dordrecht","status":"publish","type":"page","link":"https:\/\/sterkontruimingen.nl\/pl\/ontruiming-dordrecht\/","title":{"rendered":"Oczyszczanie domu Dordrecht"},"content":{"rendered":"<h2 class=\"wp-block-heading\">Oczyszczanie domu Dordrecht<\/h2>\n\n\n\n<p>W Dordrecht od 1,500 do 2,000 gospodarstw domowych zmienia domy w ostatnich latach. Dlatego dobrze, \u017ce istniej\u0105 firmy takie jak STERK, kt\u00f3re mog\u0105 zapewni\u0107 us\u0142ug\u0119 eksmisji z Je\u015bli masz dom (dom, mieszkanie, pok\u00f3j opieki lub dom opieki), kt\u00f3ry musi zosta\u0107 zwolniony w Dordrecht? Je\u015bli tak, STERK mo\u017ce pom\u00f3c! STERK ma bogate do\u015bwiadczenie w usuwaniu dom\u00f3w, pokoi opieki, pokoi w domach opieki, mieszka\u0144 i mieszka\u0144 chronionych w Dordrecht i okolicach. Dostarczamy w pe\u0142ni zgodnie z wymaganiami i \u017cyczeniami w\u0142a\u015bciciela, sp\u00f3\u0142dzielni mieszkaniowej, agenta nieruchomo\u015bci lub domu opieki.<\/p>\n\n\n\n<p>Dlaczego <\/p>\n\n\n\n<p>Podczas <strong>eksmisja w Dordrechcie<\/strong> Mo\u017cemy wykona\u0107 wszelkiego rodzaju prace, takie jak usuwanie dywan\u00f3w, tapet lub \u015brub i gwo\u017adzi. Naprawiamy r\u00f3wnie\u017c dziury w \u015bcianach. Mo\u017cemy r\u00f3wnie\u017c przenie\u015b\u0107 niepotrzebne, ale wci\u0105\u017c u\u017cyteczne przedmioty do <a href=\"http:\/\/sterkontruimingen.nl\/pl\/o-silnym\/\">szczytne cele<\/a> Zawsze utylizujemy odpady w spos\u00f3b przyjazny dla \u015brodowiska. Wspania\u0142\u0105 rzecz\u0105 jest to, \u017ce cz\u0119sto pracujemy w Twojej okolicy w Dordrecht, wi\u0119c mo\u017cemy szybko zabra\u0107 si\u0119 do pracy. <\/p>\n\n\n\n<h2 class=\"wp-block-heading\">Ile kosztuje sprz\u0105tanie domu w Dordrecht?<\/h2>\n\n\n\n<p>Koszty zale\u017c\u0105 ca\u0142kowicie od rodzaju mienia i wymaga\u0144 zwi\u0105zanych z dostarczeniem nieruchomo\u015bci. Aby da\u0107 wskaz\u00f3wk\u0119, mamy <a href=\"http:\/\/sterkontruimingen.nl\/pl\/ile-kosztuje-eksmisja\/\" data-type=\"post\" data-id=\"1593\">podsumowanie koszt\u00f3w tutaj<\/a> Do usuwania dom\u00f3w w Dordrecht.<\/p>\n\n\n\n<div class=\"wp-block-columns is-layout-flex wp-container-core-columns-is-layout-28f84493 wp-block-columns-is-layout-flex\">\n<div class=\"wp-block-column is-layout-flow wp-block-column-is-layout-flow\">\n<h3 class=\"wp-block-heading\">Ewakuacja pokoju opieki w Dordrecht<\/h3>\n\n\n\n<p>Szukasz firmy, kt\u00f3ra mo\u017ce posprz\u0105ta\u0107 Tw\u00f3j pok\u00f3j opieki lub pok\u00f3j opieki Twoich rodzic\u00f3w w Dordrecht i okolicach. Skontaktuj si\u0119 z nami, aby uzyska\u0107 niezobowi\u0105zuj\u0105c\u0105 wycen\u0119.<\/p>\n\n\n\n<h3 class=\"wp-block-heading\">Oczyszczanie ogrodu lub szopy w Dordrecht<\/h3>\n\n\n\n<p>Czasami nie mo\u017cna dostrzec drzew. W\u0142a\u015bnie wtedy przydaje si\u0119 pomoc eksperta od sprz\u0105tania w Dordrecht. Przyjedziemy i zgrabimy ca\u0142y ogr\u00f3d lub szop\u0119. Oczywi\u015bcie w porozumieniu z Tob\u0105, co chcesz zachowa\u0107, a czego nie.<\/p>\n\n\n\n<h3 class=\"wp-block-heading\">Samoewakuacja w Dordrechcie<\/h3>\n\n\n\n<p>Je\u015bli chcia\u0142by\u015b rozpocz\u0105\u0107 w\u0142asne sprz\u0105tanie dom\u00f3w w Dordrecht, ale nie wiesz od czego zacz\u0105\u0107. Ch\u0119tnie udzielimy wskaz\u00f3wek i porad. Ponadto mo\u017cemy pom\u00f3c w dalszym oczyszczaniu domu w Dordrecht.<\/p>\n\n\n\n<h3 class=\"wp-block-heading\">Sprz\u0105tanie dom\u00f3w w Dordrecht<\/h3>\n\n\n\n<p>Czy chcia\u0142by\u015b opr\u00f3\u017cni\u0107 sw\u00f3j dom w Dordrecht? W takim razie trafi\u0142e\u015b we w\u0142a\u015bciwe miejsce. Z naszego oddzia\u0142u w Dordrecht mo\u017cemy pom\u00f3c Ci \u0142atwo i szybko opr\u00f3\u017cni\u0107 dom w kr\u00f3tkim czasie.<\/p>\n<\/div>\n\n\n\n<div class=\"wp-block-column is-layout-flow wp-block-column-is-layout-flow\">\n<h3 class=\"wp-block-heading\">Sprz\u0105tanie pokoju w domu opieki w Dordrecht<\/h3>\n\n\n\n<p>STERK zdejmuje wszelkie zmartwienia z Twoich r\u0105k. Poniewa\u017c cz\u0119sto pracujemy w Dordrecht, mo\u017cemy bardzo szybko dostarczy\u0107 czyszczenie pokoju w domu opieki lub pokoju opieki za przyzwoit\u0105 cen\u0119.<\/p>\n\n\n\n<h3 class=\"wp-block-heading\">Sprz\u0105tanie pokoju piel\u0119gniarskiego w Dordrecht<\/h3>\n\n\n\n<p>STERK zdejmuje wszelkie zmartwienia z Twoich r\u0105k. Poniewa\u017c pracujemy w pobli\u017cu Dordrecht. Mo\u017cemy dostarczy\u0107 czyszczenie pokoju w kr\u00f3tkim czasie za przyzwoit\u0105 cen\u0119.<\/p>\n\n\n\n<h3 class=\"wp-block-heading\">Oczyszczanie po \u015bmierci w Dordrecht<\/h3>\n\n\n\n<p>Kiedy umiera ukochana osoba, ostatni\u0105 rzecz\u0105, na kt\u00f3r\u0105 chcesz zwr\u00f3ci\u0107 uwag\u0119, jest sprz\u0105tanie jej domu lub mieszkania. STERK jest zaanga\u017cowany w sprz\u0105tanie domu lub pokoju w Dordrecht tak szybko, a nawet pilnie, jak to mo\u017cliwe, z szacunkiem dla mienia i zmar\u0142ego. Ponadto przeka\u017cemy przedmioty, kt\u00f3re mo\u017cna ju\u017c sprzeda\u0107 w Twoim imieniu, Fundacji Nieuwe Hoop, kt\u00f3ra zajmuje si\u0119 mi\u0119dzy innymi zwalczaniem samotno\u015bci.<\/p>\n<\/div>\n<\/div>","protected":false},"excerpt":{"rendered":"<p>Woningontruiming Dordrecht In Dordrecht wisselen de afgelopen jaren tussen de 1500 en 2000 huishoudens van huis. Daarom is het fijn dat er bedrijven zijn als STERK die u, indien u het nodig heeft, gebruik kan maken van een ontruimingdienst met Heeft u een woning (huis, appartement, zorgkamer of aanleunwoning) die ontruimt moet worden in Dordrecht? [&hellip;]<\/p>\n","protected":false},"author":1,"featured_media":678,"parent":0,"menu_order":10,"comment_status":"closed","ping_status":"closed","template":"","meta":{"inline_featured_image":false,"footnotes":""},"categories":[14],"tags":[],"class_list":["post-675","page","type-page","status-publish","has-post-thumbnail","hentry","category-landingspaginas"],"blocksy_meta":{"styles_descriptor":{"styles":{"desktop":"","tablet":"","mobile":""},"google_fonts":[],"version":6}},"_links":{"self":[{"href":"https:\/\/sterkontruimingen.nl\/pl\/wp-json\/wp\/v2\/pages\/675","targetHints":{"allow":["GET"]}}],"collection":[{"href":"https:\/\/sterkontruimingen.nl\/pl\/wp-json\/wp\/v2\/pages"}],"about":[{"href":"https:\/\/sterkontruimingen.nl\/pl\/wp-json\/wp\/v2\/types\/page"}],"author":[{"embeddable":true,"href":"https:\/\/sterkontruimingen.nl\/pl\/wp-json\/wp\/v2\/users\/1"}],"replies":[{"embeddable":true,"href":"https:\/\/sterkontruimingen.nl\/pl\/wp-json\/wp\/v2\/comments?post=675"}],"version-history":[{"count":2,"href":"https:\/\/sterkontruimingen.nl\/pl\/wp-json\/wp\/v2\/pages\/675\/revisions"}],"predecessor-version":[{"id":3086,"href":"https:\/\/sterkontruimingen.nl\/pl\/wp-json\/wp\/v2\/pages\/675\/revisions\/3086"}],"wp:featuredmedia":[{"embeddable":true,"href":"https:\/\/sterkontruimingen.nl\/pl\/wp-json\/wp\/v2\/media\/678"}],"wp:attachment":[{"href":"https:\/\/sterkontruimingen.nl\/pl\/wp-json\/wp\/v2\/media?parent=675"}],"wp:term":[{"taxonomy":"category","embeddable":true,"href":"https:\/\/sterkontruimingen.nl\/pl\/wp-json\/wp\/v2\/categories?post=675"},{"taxonomy":"post_tag","embeddable":true,"href":"https:\/\/sterkontruimingen.nl\/pl\/wp-json\/wp\/v2\/tags?post=675"}],"curies":[{"name":"wp","href":"https:\/\/api.w.org\/{rel}","templated":true}]}}