{"id":4389,"date":"2023-08-07T21:13:59","date_gmt":"2023-08-07T19:13:59","guid":{"rendered":"http:\/\/sterkontruimingen.nl\/?page_id=4389"},"modified":"2024-05-27T08:48:12","modified_gmt":"2024-05-27T06:48:12","slug":"eksmisja-poortugaal","status":"publish","type":"page","link":"https:\/\/sterkontruimingen.nl\/pl\/ontruiming-poortugaal\/","title":{"rendered":"Oczyszczanie dom\u00f3w w Poortugaal"},"content":{"rendered":"<h2 class=\"wp-block-heading\">Usuwanie dom\u00f3w STERK w Poortugaal<\/h2>\n\n\n\n<p>STERK Evictions Poortugaal lub Rhoon: Tw\u00f3j niezawodny partner w eksmisjach Oczyszczanie domu to zadanie, kt\u00f3re cz\u0119sto pozostaje niedocenione. Oczyszczanie nieruchomo\u015bci mo\u017ce by\u0107 czasoch\u0142onnym i przejmuj\u0105co trudnym procesem. Zw\u0142aszcza w Poortugaal, gdzie nieruchomo\u015bci na wynajem i nieruchomo\u015bci ciesz\u0105 si\u0119 du\u017cym popytem, profesjonalne usuni\u0119cie domu ma kluczowe znaczenie. W STERK Evictions Poortugaal rozumiemy z\u0142o\u017cono\u015b\u0107 eksmisji i oferujemy niezawodne us\u0142ugi, kt\u00f3re pomog\u0105 Ci skutecznie i ostro\u017cnie opr\u00f3\u017cni\u0107 nieruchomo\u015b\u0107.<\/p>\n\n\n\n<h2 class=\"wp-block-heading\">Eksmisja dom\u00f3w w Poortugaal: dlaczego jest konieczna?<\/h2>\n\n\n\n<p>Dlaczego nale\u017cy opu\u015bci\u0107 nieruchomo\u015b\u0107? Istnieje kilka sytuacji, w kt\u00f3rych konieczne jest opuszczenie nieruchomo\u015bci. Na przyk\u0142ad po \u015bmierci bliskiej osoby, po przeprowadzce do domu opieki lub po opuszczeniu wynajmowanej nieruchomo\u015bci. W takich przypadkach konieczne jest przestrzeganie wymog\u00f3w wynajmuj\u0105cego i podpisanej umowy.<\/p>\n\n\n\n<h2 class=\"wp-block-heading\">Korzy\u015bci z korzystania z us\u0142ug profesjonalnej firmy ewakuacyjnej <\/h2>\n\n\n\n<p>Zaanga\u017cowanie profesjonalnej firmy eksmisyjnej, takiej jak STERK Evictions, przynosi wiele pozytywnych korzy\u015bci. Po pierwsze, zapewnia spok\u00f3j ducha i \u0142agodzi stres zwi\u0105zany z opuszczeniem domu. Nasi zainspirowani profesjonali\u015bci wezm\u0105 na siebie ca\u0142\u0105 odpowiedzialno\u015b\u0107 za proces eksmisji, pozwalaj\u0105c ci skupi\u0107 si\u0119 na innych istotnych sprawach.<\/p>\n\n\n\n<p>Kolejnym plusem jest nasze skuteczne podej\u015bcie. Nasze zespo\u0142y s\u0105 doskonale zorganizowane i dzia\u0142aj\u0105 zgodnie z napi\u0119tym harmonogramem, aby zapewni\u0107 szybkie i bezzw\u0142oczne oczyszczenie pomieszcze\u0144. Rozpoznajemy zawarto\u015b\u0107 i traktujemy j\u0105 z najwy\u017csz\u0105 staranno\u015bci\u0105 i uwag\u0105.<\/p>\n\n\n\n<p>Opr\u00f3cz wygody i skuteczno\u015bci korzystania z us\u0142ug profesjonalist\u00f3w, mo\u017ce to by\u0107 r\u00f3wnie\u017c op\u0142acalne. STERK Evictions mo\u017ce zaoferowa\u0107 cenne rozwi\u0105zania, takie jak wykup zawarto\u015bci gospodarstwa domowego, co pozwala zaoszcz\u0119dzi\u0107 finanse na eksmisji.<\/p>\n\n\n\n<p>Popro\u015b o niezobowi\u0105zuj\u0105c\u0105 wycen\u0119 Chcesz zleci\u0107 oczyszczenie swojej nieruchomo\u015bci lub masz pytania i chcia\u0142by\u015b uzyska\u0107 wi\u0119cej informacji? W takim razie skontaktuj si\u0119 z nami. Mo\u017cesz to zrobi\u0107 wype\u0142niaj\u0105c nasz formularz kontaktowy lub dzwoni\u0105c pod numer 085 130 06 85. Mo\u017cesz r\u00f3wnie\u017c wys\u0142a\u0107 nam wiadomo\u015b\u0107 e-mail na adres: <a href=\"mailto:info@sterkontruimingen.nl\">info@sterkontruimingen.nl<\/a>. Odpowiemy na Twoje zapytanie tak szybko, jak to mo\u017cliwe.<\/p>\n\n\n\n<div class=\"wp-block-columns is-layout-flex wp-container-core-columns-is-layout-28f84493 wp-block-columns-is-layout-flex\">\n<div class=\"wp-block-column is-layout-flow wp-block-column-is-layout-flow\">\n<h3 class=\"wp-block-heading\">EWAKUACJA POMIESZCZENIA OPIEKI<\/h3>\n\n\n\n<p>Szukasz firmy, kt\u00f3ra mo\u017ce posprz\u0105ta\u0107 Tw\u00f3j pok\u00f3j opieki lub pok\u00f3j opieki Twoich rodzic\u00f3w w Poortugaal, Rhoon lub Rotterdam Charlois. Skontaktuj si\u0119 z nami, aby uzyska\u0107 niezobowi\u0105zuj\u0105c\u0105 wycen\u0119.<\/p>\n\n\n\n<h3 class=\"wp-block-heading\">OCZYSZCZANIE OGRODU LUB SZOPY<\/h3>\n\n\n\n<p>Czasami nie mo\u017cna ju\u017c dostrzec drzew. Wtedy przydaje si\u0119 pomoc eksperta od sprz\u0105tania w alblasserdam lub alblasserwaard. Przyjedziemy i, m\u00f3wi\u0105c przys\u0142owiowo, zgrabimy ca\u0142y ogr\u00f3d lub szop\u0119. Oczywi\u015bcie w porozumieniu z Tob\u0105, co chcesz zachowa\u0107, a czego nie.<\/p>\n<\/div>\n\n\n\n<div class=\"wp-block-column is-layout-flow wp-block-column-is-layout-flow\">\n<h3 class=\"wp-block-heading\">oczyszczanie pomieszcze\u0144 w domach opieki<\/h3>\n\n\n\n<p>STERK zdejmuje wszystkie zmartwienia z Twoich r\u0105k. Poniewa\u017c pracujemy w pobli\u017cu alblasserdam i alblasserwaard. Mo\u017cemy dostarczy\u0107 czyszczenie pokoju w kr\u00f3tkim czasie za przyzwoit\u0105 cen\u0119.<\/p>\n\n\n\n<h3 class=\"wp-block-heading\">OCZYSZCZANIE PO \u015aMIERCI<\/h3>\n\n\n\n<p>Kiedy odchodzi bliska osoba, ostatni\u0105 rzecz\u0105, na kt\u00f3r\u0105 chcesz zwr\u00f3ci\u0107 uwag\u0119, jest opuszczenie jej domu lub mieszkania. STERK zobowi\u0105zuje si\u0119 do jak najszybszego lub nawet pilnego oczyszczenia domu lub pokoju z szacunkiem dla mienia i zmar\u0142ego. Ponadto w Twoim imieniu przekazujemy wszelkie przedmioty, kt\u00f3re mo\u017cna ju\u017c sprzeda\u0107, Fundacji Nowa Nadzieja, kt\u00f3ra zajmuje si\u0119 mi\u0119dzy innymi zwalczaniem samotno\u015bci.<\/p>\n<\/div>\n<\/div>","protected":false},"excerpt":{"rendered":"<p>STERK Woningontruiming in Poortugaal STERK Ontruimingen Poortugaal of Rhoon: uw betrouwbare partner bij ontruimingen Huisontruiming is een taak die vaak niet op waarde wordt geschat. Het leeghalen van een woning kan een tijdrovend en aangrijpend uitdagend proces zijn. Vooral in Poortugaal, waar huurwoningen en vastgoed in veel vraag zijn, is een professionele woningontruiming cruciaal. Bij [&hellip;]<\/p>\n","protected":false},"author":1,"featured_media":0,"parent":0,"menu_order":9,"comment_status":"closed","ping_status":"closed","template":"","meta":{"inline_featured_image":false,"footnotes":""},"categories":[14],"tags":[],"class_list":["post-4389","page","type-page","status-publish","hentry","category-landingspaginas"],"blocksy_meta":{"styles_descriptor":{"styles":{"desktop":"","tablet":"","mobile":""},"google_fonts":[],"version":6}},"_links":{"self":[{"href":"https:\/\/sterkontruimingen.nl\/pl\/wp-json\/wp\/v2\/pages\/4389","targetHints":{"allow":["GET"]}}],"collection":[{"href":"https:\/\/sterkontruimingen.nl\/pl\/wp-json\/wp\/v2\/pages"}],"about":[{"href":"https:\/\/sterkontruimingen.nl\/pl\/wp-json\/wp\/v2\/types\/page"}],"author":[{"embeddable":true,"href":"https:\/\/sterkontruimingen.nl\/pl\/wp-json\/wp\/v2\/users\/1"}],"replies":[{"embeddable":true,"href":"https:\/\/sterkontruimingen.nl\/pl\/wp-json\/wp\/v2\/comments?post=4389"}],"version-history":[{"count":4,"href":"https:\/\/sterkontruimingen.nl\/pl\/wp-json\/wp\/v2\/pages\/4389\/revisions"}],"predecessor-version":[{"id":4402,"href":"https:\/\/sterkontruimingen.nl\/pl\/wp-json\/wp\/v2\/pages\/4389\/revisions\/4402"}],"wp:attachment":[{"href":"https:\/\/sterkontruimingen.nl\/pl\/wp-json\/wp\/v2\/media?parent=4389"}],"wp:term":[{"taxonomy":"category","embeddable":true,"href":"https:\/\/sterkontruimingen.nl\/pl\/wp-json\/wp\/v2\/categories?post=4389"},{"taxonomy":"post_tag","embeddable":true,"href":"https:\/\/sterkontruimingen.nl\/pl\/wp-json\/wp\/v2\/tags?post=4389"}],"curies":[{"name":"wp","href":"https:\/\/api.w.org\/{rel}","templated":true}]}}