{"id":362,"date":"2020-01-02T09:54:12","date_gmt":"2020-01-02T09:54:12","guid":{"rendered":"http:\/\/sterkontruimingen.nl\/?page_id=362"},"modified":"2020-04-18T17:52:43","modified_gmt":"2020-04-18T15:52:43","slug":"zasady-i-warunki","status":"publish","type":"page","link":"https:\/\/sterkontruimingen.nl\/pl\/algemene-voorwaarden\/","title":{"rendered":"Og\u00f3lne warunki handlowe"},"content":{"rendered":"<div data-elementor-type=\"wp-page\" data-elementor-id=\"362\" class=\"elementor elementor-362\" data-elementor-post-type=\"page\">\n\t\t\t\t\t\t<section class=\"elementor-section elementor-top-section elementor-element elementor-element-3e74dba elementor-section-boxed elementor-section-height-default elementor-section-height-default\" data-id=\"3e74dba\" data-element_type=\"section\" data-e-type=\"section\">\n\t\t\t\t\t\t<div class=\"elementor-container elementor-column-gap-default\">\n\t\t\t\t\t<div class=\"elementor-column elementor-col-100 elementor-top-column elementor-element elementor-element-2015ac3\" data-id=\"2015ac3\" data-element_type=\"column\" data-e-type=\"column\">\n\t\t\t<div class=\"elementor-widget-wrap elementor-element-populated\">\n\t\t\t\t\t\t<div class=\"elementor-element elementor-element-cb86f5a elementor-widget elementor-widget-text-editor\" data-id=\"cb86f5a\" data-element_type=\"widget\" data-e-type=\"widget\" data-widget_type=\"text-editor.default\">\n\t\t\t\t<div class=\"elementor-widget-container\">\n\t\t\t\t\t\t\t\t\t<h1>Og\u00f3lne warunki handlowe<\/h1><p>Od:<\/p><p>\"STERK Inboedels\" z siedzib\u0105 przy Nijverheidsweg 46c w Hendrik-Ido-Ambacht, zwana dalej wykonawc\u0105, zarejestrowana w Izbie Handlowej pod numerem rejestracyjnym.<\/p><h3>Artyku\u0142 1. Definicje<\/h3><p>W niniejszych og\u00f3lnych warunkach \"wykonawca\" oznacza \"STERK Inboedel\" z siedzib\u0105 przy Nijverheidsweg 46c w Hendrik-Ido-Ambacht.<\/p><h3>Artyku\u0142 2 Zastosowanie niniejszych warunk\u00f3w<\/h3><p>Niniejsze warunki maj\u0105 zastosowanie do ka\u017cdej oferty i ka\u017cdej umowy pomi\u0119dzy wykonawc\u0105 a klientem, do kt\u00f3rej wykonawca zadeklarowa\u0142 zastosowanie niniejszych warunk\u00f3w. Niniejsze warunki nie maj\u0105 zastosowania, je\u015bli kontrahent wyra\u017anie odst\u0105pi\u0142 od nich na pi\u015bmie.<\/p><h3>Artyku\u0142 3 Cytaty<\/h3><p><strong>3.1.<\/strong> Wszystkie nasze oferty s\u0105 bezp\u0142atne i ca\u0142kowicie niewi\u0105\u017c\u0105ce. Oferty s\u0105 wa\u017cne przez trzydzie\u015bci dni. Je\u015bli w ofercie podana jest data akceptacji, wystawiona oferta jest wa\u017cna do tej daty.<\/p><p><strong>3.2.<\/strong> Wykonawca jest zwi\u0105zany z\u0142o\u017con\u0105 ofert\u0105, je\u015bli zostanie ona potwierdzona na pi\u015bmie przez drug\u0105 stron\u0119 w ci\u0105gu 30 dni.<\/p><p><strong>3.3.<\/strong> Ceny podane we wspomnianych ofertach nie zawieraj\u0105 podatku obrotowego ani op\u0142at za sk\u0142adowanie, kt\u00f3re maj\u0105 zosta\u0107 uiszczone przez kontrahenta za utylizacj\u0119 towar\u00f3w przeznaczonych do utylizacji.<\/p><h3>Artyku\u0142 4 Wykonanie umowy<\/h3><p><strong>4.1.<\/strong> Wykonawca wykona prace zgodnie z poczynionymi ustaleniami.<\/p><p><strong>4.2.<\/strong> Je\u017celi jest to niezb\u0119dne do prawid\u0142owego wykonania umowy, wykonawca ma prawo zleci\u0107 wykonanie prac wymagaj\u0105cych specjalistycznej wiedzy osobom trzecim.<\/p><p><strong>4.3.<\/strong> Klient zapewni, \u017ce wszystkie dane i przedmioty, kt\u00f3re \"STERK Inboedel\" wskazuje jako niezb\u0119dne lub kt\u00f3re klient powinien racjonalnie rozumie\u0107 jako niezb\u0119dne do wykonania umowy, zostan\u0105 dostarczone i ocenione przez wykonawc\u0119 w odpowiednim czasie. Je\u015bli klient nie dostarczy wykonawcy danych i przedmiot\u00f3w wymaganych do wykonania umowy w odpowiednim czasie, wykonawca b\u0119dzie mia\u0142 prawo zawiesi\u0107 wykonanie umowy i\/lub obci\u0105\u017cy\u0107 klienta dodatkowymi kosztami wynikaj\u0105cymi z op\u00f3\u017anienia zgodnie ze zwyk\u0142ymi stawkami.<\/p><p><strong>4.4.<\/strong> Je\u017celi uzgodniono, \u017ce umowa b\u0119dzie wykonywana etapami, wykonawca mo\u017ce zawiesi\u0107 wykonywanie cz\u0119\u015bci nale\u017c\u0105cych do kolejnego etapu do czasu pisemnego zatwierdzenia przez klienta wynik\u00f3w poprzedniego etapu.<\/p><h3>Artyku\u0142 5 Okres obowi\u0105zywania umowy; termin wykonania<\/h3><p><strong>5.1.<\/strong> Umowa zostaje zawarta na uzgodniony projekt, chyba \u017ce strony wyra\u017anie uzgodni\u0142y inaczej na pi\u015bmie.<\/p><p><strong>5.2.<\/strong> Je\u017celi w umowie uzgodniono termin zako\u0144czenia okre\u015blonych prac, nigdy nie jest to termin nieprzekraczalny. Oznacza to, \u017ce je\u015bli klient wykonawcy nie jest w stanie wywi\u0105za\u0107 si\u0119 z umowy w terminie z powodu dzia\u0142ania si\u0142y wy\u017cszej, odszkodowanie nie b\u0119dzie nale\u017cne.<\/p><h3>Artyku\u0142 6 Zmiana umowy<\/h3><p><strong>6.1.<\/strong> Je\u017celi w trakcie realizacji umowy oka\u017ce si\u0119, \u017ce dla prawid\u0142owego wykonania konieczna jest zmiana lub uzupe\u0142nienie prac, kt\u00f3re maj\u0105 by\u0107 wykonane, strony maj\u0105 prawo do dostosowania umowy za obop\u00f3ln\u0105 zgod\u0105.<\/p><p><strong>6.2.<\/strong> Je\u015bli strony uzgodni\u0105, \u017ce umowa zostanie zmieniona lub uzupe\u0142niona, mo\u017ce to wp\u0142yn\u0105\u0107 na czas zako\u0144czenia realizacji. wykonawca poinformuje o tym klienta tak szybko, jak to mo\u017cliwe.<\/p><p><strong>6.3.<\/strong> Je\u015bli zmiana lub uzupe\u0142nienie umowy ma konsekwencje finansowe i\/lub jako\u015bciowe, wykonawca poinformuje o tym klienta z wyprzedzeniem.<\/p><h3>Artyku\u0142 7 Poufno\u015b\u0107<\/h3><p>Obie strony s\u0105 zobowi\u0105zane do zachowania w tajemnicy wszelkich poufnych informacji uzyskanych od siebie nawzajem lub z innych \u017ar\u00f3de\u0142 w kontek\u015bcie ich umowy. Informacje uznaje si\u0119 za poufne, je\u015bli zosta\u0142y przekazane przez drug\u0105 stron\u0119 lub je\u015bli wynika to z charakteru informacji.<\/p><h3>Artyku\u0142 8. W\u0142asno\u015b\u0107 intelektualna<\/h3><p>Wykonawca zastrzega sobie r\u00f3wnie\u017c prawo do wykorzystania wiedzy zdobytej podczas wykonywania prac do innych cel\u00f3w, o ile w trakcie procesu nie zostan\u0105 ujawnione osobom trzecim \u017cadne informacje poufne.<\/p><h3>Artyku\u0142 9. Wypowiedzenie<\/h3><p>Ka\u017cda ze stron mo\u017ce wypowiedzie\u0107 umow\u0119 na pi\u015bmie w dowolnym momencie. W takim przypadku strony musz\u0105 przestrzega\u0107 okresu wypowiedzenia wynosz\u0105cego co najmniej jeden pe\u0142ny miesi\u0105c kalendarzowy.<\/p><h3>Artyku\u0142 10. Rozwi\u0105zanie umowy<\/h3><p><strong>10.1.<\/strong> Roszczenia Wykonawcy wobec Klienta s\u0105 natychmiast wymagalne i p\u0142atne w przypadkach, gdy:<\/p><p><strong>Sub a.<\/strong> Po zawarciu umowy wykonawca dowiaduje si\u0119 o okoliczno\u015bciach, na podstawie kt\u00f3rych obawia si\u0119, \u017ce klient nie wywi\u0105\u017ce si\u0119 ze swoich zobowi\u0105za\u0144.<\/p><p><strong>Sub b.<\/strong> Wykonawca zwr\u00f3ci\u0142 si\u0119 do klienta przy zawarciu umowy o zapewnienie zabezpieczenia wykonania zobowi\u0105za\u0144, a zabezpieczenie to nie zosta\u0142o zapewnione lub jest niewystarczaj\u0105ce.<\/p><p>\u00a0<\/p><p><strong>10.2.<\/strong> W przypadkach, o kt\u00f3rych mowa w ust. 1 lit. a i b niniejszego artyku\u0142u, wykonawca ma prawo zawiesi\u0107 wykonywanie umowy lub przyst\u0105pi\u0107 do jej rozwi\u0105zania, bez uszczerbku dla prawa wykonawcy do \u017c\u0105dania odszkodowania i rekompensaty za utracone korzy\u015bci.<\/p><p><strong>10.3.<\/strong> Je\u015bli umowa zostanie rozwi\u0105zana przed wykonaniem pracy, klient b\u0119dzie winien trzydzie\u015bci procent kwoty uzgodnionej za prac\u0119, kt\u00f3ra ma zosta\u0107 wykonana, w tym podatek obrotowy.<\/p><h3>Artyku\u0142 11. Wady; okresy reklamacji<\/h3><p><strong>11.1.<\/strong> Reklamacje dotycz\u0105ce wykonanej pracy musz\u0105 zosta\u0107 zg\u0142oszone wykonawcy na pi\u015bmie przez klienta w ci\u0105gu o\u015bmiu dni od ich wykrycia, ale najp\u00f3\u017aniej w ci\u0105gu 14 dni od zako\u0144czenia uzgodnionej pracy.<\/p><p><strong>11.2.<\/strong> Je\u015bli reklamacja jest uzasadniona, wykonawca nadal b\u0119dzie wykonywa\u0142 prac\u0119 zgodnie z wcze\u015bniejszymi ustaleniami, chyba \u017ce w mi\u0119dzyczasie stanie si\u0119 to ewidentnie bezcelowe dla klienta.<\/p><h3>Artyku\u0142 12. Op\u0142ata<\/h3><p><strong>12.1.<\/strong> W przypadku ofert z ustalon\u0105 op\u0142at\u0105 oraz um\u00f3w, w kt\u00f3rych uzgodniono ustalon\u0105 op\u0142at\u0119, zastosowanie maj\u0105 ust. 2, 5 i 6 niniejszego artyku\u0142u. Je\u017celi nie uzgodniono op\u0142aty sta\u0142ej, zastosowanie maj\u0105 ust\u0119py 3, 4, 5 i 6 niniejszego artyku\u0142u.<\/p><p><strong>12.2.<\/strong> Wykonawca i klient mog\u0105 uzgodni\u0107 sta\u0142\u0105 op\u0142at\u0119 w momencie zawierania umowy. Op\u0142ata sta\u0142a nie obejmuje podatku obrotowego.<\/p><p><strong>12.3.<\/strong> Je\u015bli nie uzgodniono sta\u0142ej op\u0142aty, op\u0142ata zostanie ustalona na podstawie faktycznie przepracowanych godzin i dodatku za przejechane kilometry u\u017cywanym pojazdem s\u0142u\u017cbowym (pojazdami s\u0142u\u017cbowymi). Wynagrodzenie zostanie obliczone zgodnie ze zwyk\u0142ymi stawkami godzinowymi wykonawcy i dodatkami za przejechane kilometry maj\u0105cymi zastosowanie do okresu, w kt\u00f3rym praca jest wykonywana, chyba \u017ce uzgodniono inn\u0105 stawk\u0119 godzinow\u0105 lub dodatek za przejechane kilometry.<\/p><p><strong>12.4.<\/strong> Wszelkie szacunkowe koszty zawsze nie obejmuj\u0105 podatku od sprzeda\u017cy.<\/p><p><strong>12.5.<\/strong> W przypadku zada\u0144 trwaj\u0105cych d\u0142u\u017cej ni\u017c dwa miesi\u0105ce nale\u017cne op\u0142aty b\u0119d\u0105 naliczane okresowo.<\/p><p><strong>12.6.<\/strong> Je\u015bli zleceniobiorca uzgodni ze zleceniodawc\u0105 sta\u0142\u0105 op\u0142at\u0119 lub stawk\u0119 godzinow\u0105, zleceniobiorca b\u0119dzie jednak uprawniony do zwi\u0119kszenia tej op\u0142aty lub stawki, je\u015bli mo\u017ce udowodni\u0107, \u017ce mi\u0119dzy momentem z\u0142o\u017cenia oferty a dostaw\u0105 nast\u0105pi\u0142y znacz\u0105ce zmiany cen w odniesieniu do wynagrodze\u0144 lub wydatk\u00f3w na samoch\u00f3d.<\/p><h3>Artyku\u0142 13. P\u0142atno\u015b\u0107<\/h3><p><strong>13.1.<\/strong> P\u0142atno\u015b\u0107 musi zosta\u0107 dokonana w ci\u0105gu czternastu dni od daty wystawienia faktury, w spos\u00f3b wskazany przez wykonawc\u0119 i w walucie, w jakiej zosta\u0142a zafakturowana.<\/p><p><strong>13.2.<\/strong> Po up\u0142ywie czternastu dni od daty wystawienia faktury klient popada w zw\u0142ok\u0119. Klient b\u0119dzie winien odsetki w wysoko\u015bci 1% miesi\u0119cznie od momentu zw\u0142oki od nale\u017cnej kwoty, chyba \u017ce ustawowa stopa procentowa jest wy\u017csza. W takim przypadku zastosowanie ma ustawowa stopa procentowa.<\/p><p><strong>13.3.<\/strong> P\u0142atno\u015bci dokonywane przez klienta s\u0142u\u017c\u0105 po pierwsze rozliczeniu wszystkich nale\u017cnych odsetek i koszt\u00f3w, a po drugie rozliczeniu faktur, kt\u00f3re by\u0142y najd\u0142u\u017cej nieuregulowane, nawet je\u015bli klient wska\u017ce, \u017ce p\u0142atno\u015b\u0107 dotyczy p\u00f3\u017aniejszej faktury.<\/p><h3>Artyku\u0142 14. Koszty poboru<\/h3><p><strong>14.1.<\/strong> Je\u015bli klient nie wywi\u0105zuje si\u0119 ze swoich zobowi\u0105za\u0144 lub narusza co najmniej jedno ze swoich zobowi\u0105za\u0144, wszelkie uzasadnione koszty poniesione w celu uzyskania pozas\u0105dowego zado\u015b\u0107uczynienia ponosi klient. W ka\u017cdym przypadku klient b\u0119dzie winien dwadzie\u015bcia procent ponad pierwsze 2500 euro i dziesi\u0119\u0107 procent ponad nadwy\u017ck\u0119 do 6000 euro.<\/p><p><strong>14.2.<\/strong> Je\u017celi wykonawca udowodni, \u017ce poni\u00f3s\u0142 uzasadnione wy\u017csze koszty, koszty te r\u00f3wnie\u017c kwalifikuj\u0105 si\u0119 do zwrotu. Koszty te zwi\u0119ksz\u0105 kwot\u0119 obliczon\u0105 na podstawie ust. 1 powy\u017cej.<\/p><h3>Artyku\u0142 15. Odpowiedzialno\u015b\u0107<\/h3><p>Je\u017celi wykonawca ponosi odpowiedzialno\u015b\u0107 za wyrz\u0105dzone szkody, odpowiedzialno\u015b\u0107 ta jest ograniczona w nast\u0119puj\u0105cy spos\u00f3b:<\/p><p><strong>15.1.<\/strong> Odpowiedzialno\u015b\u0107 wykonawcy, w zakresie obj\u0119tym jego ubezpieczeniem od odpowiedzialno\u015bci cywilnej, b\u0119dzie ograniczona do kwoty p\u0142atno\u015bci dokonanej przez jego ubezpieczyciela.<\/p><p><strong>15.2.<\/strong> Je\u017celi ubezpieczyciel nie wyp\u0142aci odszkodowania w danym przypadku lub szkoda nie jest obj\u0119ta ubezpieczeniem, odpowiedzialno\u015b\u0107 wykonawcy jest ograniczona do p\u00f3\u0142torakrotno\u015bci warto\u015bci zam\u00f3wienia wynikaj\u0105cej z faktury, bez podatku obrotowego, przynajmniej tej cz\u0119\u015bci zam\u00f3wienia, kt\u00f3rej dotyczy odpowiedzialno\u015b\u0107.<\/p><p><strong>15.3.<\/strong> W przeciwie\u0144stwie do postanowie\u0144 ust\u0119pu 2 niniejszego artyku\u0142u, odpowiedzialno\u015b\u0107 za zlecenie trwaj\u0105ce d\u0142u\u017cej ni\u017c sze\u015b\u0107 miesi\u0119cy jest ponadto ograniczona do cz\u0119\u015bci op\u0142aty nale\u017cnej za ostatni miesi\u0105c.<\/p><p><strong>15.4.<\/strong> Ograniczenia odpowiedzialno\u015bci okre\u015blone w niniejszych warunkach nie maj\u0105 zastosowania, je\u015bli szkoda wynika z umy\u015blnego dzia\u0142ania lub ra\u017c\u0105cego niedbalstwa wykonawcy lub jego podw\u0142adnych.<\/p><p><strong>15.5.<\/strong> Wykonawca nigdy nie ponosi odpowiedzialno\u015bci za szkody nast\u0119pcze.<\/p><h3>Artyku\u0142 16. Sprzeda\u017c i dostawa towar\u00f3w<\/h3><p><strong>16.1.<\/strong> Sprzedane towary zostan\u0105 dostarczone w stanie, w jakim zosta\u0142y przedstawione na miejscu lub w materia\u0142ach wizualnych.<\/p><p><strong>16.2.<\/strong> Nie udzielamy gwarancji na sprzedawane towary.<\/p><p><strong>16.3.<\/strong> Dostarczone towary nie b\u0119d\u0105 odbierane.<\/p><p><strong>16.4.<\/strong> Wymiana dostarczonych towar\u00f3w jest mo\u017cliwa wy\u0142\u0105cznie za zgod\u0105 STERK Inboedels.<\/p><p><strong>16.5.<\/strong> Koszty dostawy towar\u00f3w z Havelte ponosi kupuj\u0105cy, chyba \u017ce uzgodniono inaczej.<\/p><h3>Artyku\u0142 17. Si\u0142a wy\u017csza<\/h3><p><strong>17.1.<\/strong> W niniejszych og\u00f3lnych warunkach si\u0142a wy\u017csza oznacza, opr\u00f3cz tego, co jest rozumiane w prawie i orzecznictwie, wszystkie przyczyny zewn\u0119trzne, przewidziane lub nieprzewidziane, na kt\u00f3re u\u017cytkownik nie mo\u017ce wywiera\u0107 \u017cadnego wp\u0142ywu, ale kt\u00f3re uniemo\u017cliwiaj\u0105 u\u017cytkownikowi wype\u0142nienie jego zobowi\u0105za\u0144. Obejmuje to strajki w firmie wykonawcy.<\/p><p><strong>17.2.<\/strong> Wykonawca b\u0119dzie uprawniony do powo\u0142ania si\u0119 na si\u0142\u0119 wy\u017csz\u0105, je\u017celi okoliczno\u015b\u0107 uniemo\u017cliwiaj\u0105ca (dalsze) wykonanie umowy wyst\u0105pi po tym, jak wykonawca powinien by\u0142 wype\u0142ni\u0107 swoje zobowi\u0105zanie.<\/p><p><strong>17.3.<\/strong> W czasie dzia\u0142ania si\u0142y wy\u017cszej zobowi\u0105zania wykonawcy zostaj\u0105 zawieszone. Je\u015bli okres, w kt\u00f3rym wype\u0142nienie zobowi\u0105za\u0144 przez wykonawc\u0119 nie jest mo\u017cliwe z powodu si\u0142y wy\u017cszej trwa d\u0142u\u017cej ni\u017c 2 miesi\u0105ce, obie strony s\u0105 upowa\u017cnione do rozwi\u0105zania umowy bez obowi\u0105zku wyp\u0142aty odszkodowania przez wykonawc\u0119 w takim przypadku.<\/p><p><strong>17.4.<\/strong> Je\u015bli wykonawca wype\u0142ni\u0142 ju\u017c cz\u0119\u015b\u0107 swoich zobowi\u0105za\u0144 w momencie wyst\u0105pienia si\u0142y wy\u017cszej lub mo\u017ce tylko cz\u0119\u015bciowo wype\u0142ni\u0107 swoje zobowi\u0105zania, jest on uprawniony do wystawienia faktury za cz\u0119\u015b\u0107 ju\u017c wype\u0142nion\u0105 lub mo\u017cliw\u0105 do wykonania oddzielnie. W takim przypadku wykonawca b\u0119dzie zobowi\u0105zany do zap\u0142aty tej faktury tak, jakby stanowi\u0142a ona odr\u0119bn\u0105 umow\u0119. Nie ma to jednak zastosowania, je\u015bli cz\u0119\u015b\u0107 ju\u017c wykonana lub mo\u017cliwa do wykonania nie ma niezale\u017cnej warto\u015bci.<\/p><h3>Artyku\u0142 18. Rozstrzyganie spor\u00f3w<\/h3><p>S\u0105d w\u0142a\u015bciwy dla miejsca zamieszkania kontrahenta, o ile s\u0105d kantonalny nie jest w\u0142a\u015bciwy, posiada wy\u0142\u0105czn\u0105 jurysdykcj\u0119 do rozpatrywania spor\u00f3w. Kontrahent b\u0119dzie jednak uprawniony do pozwania swojego kontrahenta przed s\u0105dem w\u0142a\u015bciwym zgodnie z prawem.<\/p><h3>Artyku\u0142 19. Prawo w\u0142a\u015bciwe<\/h3><p>Wszelkie umowy pomi\u0119dzy wykonawc\u0105 a klientem podlegaj\u0105 prawu holenderskiemu.<\/p><h3>Artyku\u0142 20. Zmiana i umiejscowienie warunk\u00f3w<\/h3><p>Zastosowanie ma zawsze ostatnia z\u0142o\u017cona wersja lub wersja obowi\u0105zuj\u0105ca w momencie zawarcia niniejszej umowy.<\/p><p><em>Ostatnie zmiany w Hendrik-Ido-Ambacht od 1 wrze\u015bnia 2019.<\/em><\/p>\t\t\t\t\t\t\t\t<\/div>\n\t\t\t\t<\/div>\n\t\t\t\t\t<\/div>\n\t\t<\/div>\n\t\t\t\t\t<\/div>\n\t\t<\/section>\n\t\t\t\t<\/div>","protected":false},"excerpt":{"rendered":"<p>Algemene voorwaarden van: \u2018STERK Inboedels\u2019, gevestigd en kantoorhoudende aan de &#8216;Nijverheidsweg 46c in Hendrik-Ido-Ambacht hierna te noemen de opdrachtnemer, ingeschreven bij de Kamer van Koophandel onder inschrijvingsnummer. Artikel 1. Definities In deze algemene voorwaarden wordt onder \u2019opdrachtnemer\u2019 verstaan &#8216;STERK Inboedel&#8217;, gevestigd aan de Nijverheidsweg 46c te Hendrik-Ido-Ambacht. Artikel 2. Toepasselijkheid van deze voorwaarden Deze voorwaarden [&hellip;]<\/p>\n","protected":false},"author":1,"featured_media":0,"parent":0,"menu_order":3,"comment_status":"closed","ping_status":"closed","template":"","meta":{"inline_featured_image":false,"footnotes":""},"categories":[15],"tags":[],"class_list":["post-362","page","type-page","status-publish","hentry","category-administratief"],"blocksy_meta":{"styles_descriptor":{"styles":{"desktop":"","tablet":"","mobile":""},"google_fonts":[],"version":6}},"_links":{"self":[{"href":"https:\/\/sterkontruimingen.nl\/pl\/wp-json\/wp\/v2\/pages\/362","targetHints":{"allow":["GET"]}}],"collection":[{"href":"https:\/\/sterkontruimingen.nl\/pl\/wp-json\/wp\/v2\/pages"}],"about":[{"href":"https:\/\/sterkontruimingen.nl\/pl\/wp-json\/wp\/v2\/types\/page"}],"author":[{"embeddable":true,"href":"https:\/\/sterkontruimingen.nl\/pl\/wp-json\/wp\/v2\/users\/1"}],"replies":[{"embeddable":true,"href":"https:\/\/sterkontruimingen.nl\/pl\/wp-json\/wp\/v2\/comments?post=362"}],"version-history":[{"count":0,"href":"https:\/\/sterkontruimingen.nl\/pl\/wp-json\/wp\/v2\/pages\/362\/revisions"}],"wp:attachment":[{"href":"https:\/\/sterkontruimingen.nl\/pl\/wp-json\/wp\/v2\/media?parent=362"}],"wp:term":[{"taxonomy":"category","embeddable":true,"href":"https:\/\/sterkontruimingen.nl\/pl\/wp-json\/wp\/v2\/categories?post=362"},{"taxonomy":"post_tag","embeddable":true,"href":"https:\/\/sterkontruimingen.nl\/pl\/wp-json\/wp\/v2\/tags?post=362"}],"curies":[{"name":"wp","href":"https:\/\/api.w.org\/{rel}","templated":true}]}}