{"id":335,"date":"2020-01-02T08:31:17","date_gmt":"2020-01-02T08:31:17","guid":{"rendered":"http:\/\/sterkontruimingen.nl\/?page_id=335"},"modified":"2020-04-18T17:52:14","modified_gmt":"2020-04-18T15:52:14","slug":"zezwolenia-awaryjne","status":"publish","type":"page","link":"https:\/\/sterkontruimingen.nl\/pl\/spoedontruimingen\/","title":{"rendered":"Prze\u015bwity awaryjne"},"content":{"rendered":"<div data-elementor-type=\"wp-page\" data-elementor-id=\"335\" class=\"elementor elementor-335\" data-elementor-post-type=\"page\">\n\t\t\t\t\t\t<section class=\"elementor-section elementor-top-section elementor-element elementor-element-2cc527d elementor-section-boxed elementor-section-height-default elementor-section-height-default\" data-id=\"2cc527d\" data-element_type=\"section\" data-e-type=\"section\">\n\t\t\t\t\t\t<div class=\"elementor-container elementor-column-gap-default\">\n\t\t\t\t\t<div class=\"elementor-column elementor-col-50 elementor-top-column elementor-element elementor-element-72877fe\" data-id=\"72877fe\" data-element_type=\"column\" data-e-type=\"column\">\n\t\t\t<div class=\"elementor-widget-wrap elementor-element-populated\">\n\t\t\t\t\t\t<div class=\"elementor-element elementor-element-05470eb elementor-widget elementor-widget-heading\" data-id=\"05470eb\" data-element_type=\"widget\" data-e-type=\"widget\" data-widget_type=\"heading.default\">\n\t\t\t\t<div class=\"elementor-widget-container\">\n\t\t\t\t\t<h1 class=\"elementor-heading-title elementor-size-default\">Odprawa awaryjna<\/h1>\t\t\t\t<\/div>\n\t\t\t\t<\/div>\n\t\t\t\t<div class=\"elementor-element elementor-element-e61a5d2 elementor-widget elementor-widget-text-editor\" data-id=\"e61a5d2\" data-element_type=\"widget\" data-e-type=\"widget\" data-widget_type=\"text-editor.default\">\n\t\t\t\t<div class=\"elementor-widget-container\">\n\t\t\t\t\t\t\t\t\t<p>W niekt\u00f3rych przypadkach <a href=\"http:\/\/sterkontruimingen.nl\/pl\/ontruiming\/odprawa-mieszkaniowa\/\">odprawa mieszkaniowa<\/a> nieruchomo\u015b\u0107 musi zosta\u0107 opr\u00f3\u017cniona w ci\u0105gu 24 - 48 godzin. A <b>pilna odprawa domowa<\/b> jest cz\u0119sto niewykonalne dla przeci\u0119tnego gospodarstwa domowego. To w\u0142a\u015bnie tutaj STERK mo\u017ce pom\u00f3c.<\/p>\t\t\t\t\t\t\t\t<\/div>\n\t\t\t\t<\/div>\n\t\t\t\t<div class=\"elementor-element elementor-element-3491a03 elementor-widget elementor-widget-text-editor\" data-id=\"3491a03\" data-element_type=\"widget\" data-e-type=\"widget\" data-widget_type=\"text-editor.default\">\n\t\t\t\t<div class=\"elementor-widget-container\">\n\t\t\t\t\t\t\t\t\t<p>Awaryjne usuwanie dom\u00f3w wymaga \u015bcis\u0142ego planowania, wyzwa\u0144 fizycznych i profesjonalnych materia\u0142\u00f3w, aby szybko i dok\u0142adnie oczy\u015bci\u0107 dom lub pomieszczenie opieki, z dok\u0142adno\u015bci\u0105 i wydajno\u015bci\u0105 \"normalnego\" usuwania domu.<\/p>\t\t\t\t\t\t\t\t<\/div>\n\t\t\t\t<\/div>\n\t\t\t\t<div class=\"elementor-element elementor-element-cf21846 elementor-widget elementor-widget-text-editor\" data-id=\"cf21846\" data-element_type=\"widget\" data-e-type=\"widget\" data-widget_type=\"text-editor.default\">\n\t\t\t\t<div class=\"elementor-widget-container\">\n\t\t\t\t\t\t\t\t\t<p>W STERK jeste\u015bmy zawsze przygotowani na najwi\u0119ksze wyzwania, poniewa\u017c nigdy nie wiadomo, co nas spotka. W ka\u017cdym razie poczynili\u015bmy wszelkie przygotowania, aby zagwarantowa\u0107, \u017ce Tw\u00f3j dom zostanie dostarczony pusty i uporz\u0105dkowany na czas.<\/p>\t\t\t\t\t\t\t\t<\/div>\n\t\t\t\t<\/div>\n\t\t\t\t<div class=\"elementor-element elementor-element-721bc72 elementor-widget elementor-widget-text-editor\" data-id=\"721bc72\" data-element_type=\"widget\" data-e-type=\"widget\" data-widget_type=\"text-editor.default\">\n\t\t\t\t<div class=\"elementor-widget-container\">\n\t\t\t\t\t\t\t\t\t<div class=\"homepage-content\">\n<p>Dok\u0142adamy wszelkich stara\u0144, aby sprawdzi\u0107, czy mo\u017cemy da\u0107 Twoim rzeczom drugie \u017cycie. Oferujemy je w cenie&nbsp;<a href=\"http:\/\/sterkontruimingen.nl\/pl\/o-silnym\/mvo\/\" target=\"_blank\">sklep z u\u017cywanymi rzeczami<\/a>&nbsp;z kt\u00f3rymi wsp\u00f3\u0142pracujemy.<\/p>\n<\/div>\t\t\t\t\t\t\t\t<\/div>\n\t\t\t\t<\/div>\n\t\t\t\t<div class=\"elementor-element elementor-element-18b55d1 elementor-widget elementor-widget-button\" data-id=\"18b55d1\" data-element_type=\"widget\" data-e-type=\"widget\" data-widget_type=\"button.default\">\n\t\t\t\t<div class=\"elementor-widget-container\">\n\t\t\t\t\t\t\t\t\t<div class=\"elementor-button-wrapper\">\n\t\t\t\t\t<a class=\"elementor-button elementor-button-link elementor-size-md\" href=\"#elementor-action%3Aaction%3Dpopup%3Aopen%26settings%3DeyJpZCI6IjMyNSIsInRvZ2dsZSI6ZmFsc2V9\">\n\t\t\t\t\t\t<span class=\"elementor-button-content-wrapper\">\n\t\t\t\t\t\t\t\t\t<span class=\"elementor-button-text\">Um\u00f3w si\u0119 na wizyt\u0119 w nag\u0142ym wypadku<\/span>\n\t\t\t\t\t<\/span>\n\t\t\t\t\t<\/a>\n\t\t\t\t<\/div>\n\t\t\t\t\t\t\t\t<\/div>\n\t\t\t\t<\/div>\n\t\t\t\t\t<\/div>\n\t\t<\/div>\n\t\t\t\t<div class=\"elementor-column elementor-col-50 elementor-top-column elementor-element elementor-element-4fbc364\" data-id=\"4fbc364\" data-element_type=\"column\" data-e-type=\"column\">\n\t\t\t<div class=\"elementor-widget-wrap elementor-element-populated\">\n\t\t\t\t\t\t<div class=\"elementor-element elementor-element-c380e32 elementor-widget elementor-widget-image\" data-id=\"c380e32\" data-element_type=\"widget\" data-e-type=\"widget\" data-widget_type=\"image.default\">\n\t\t\t\t<div class=\"elementor-widget-container\">\n\t\t\t\t\t\t\t\t\t\t\t\t\t\t\t<img fetchpriority=\"high\" decoding=\"async\" width=\"1024\" height=\"1024\" src=\"https:\/\/sterkontruimingen.nl\/wp-content\/uploads\/2020\/01\/plaatje-spoedontruiming-1024x1024.png\" class=\"attachment-large size-large wp-image-393\" alt=\"obraz odprawy awaryjnej\" srcset=\"https:\/\/sterkontruimingen.nl\/wp-content\/uploads\/2020\/01\/plaatje-spoedontruiming-1024x1024.png 1024w, https:\/\/sterkontruimingen.nl\/wp-content\/uploads\/2020\/01\/plaatje-spoedontruiming-300x300.png 300w, https:\/\/sterkontruimingen.nl\/wp-content\/uploads\/2020\/01\/plaatje-spoedontruiming-150x150.png 150w, https:\/\/sterkontruimingen.nl\/wp-content\/uploads\/2020\/01\/plaatje-spoedontruiming-768x768.png 768w, https:\/\/sterkontruimingen.nl\/wp-content\/uploads\/2020\/01\/plaatje-spoedontruiming.png 1280w\" sizes=\"(max-width: 1024px) 100vw, 1024px\" \/>\t\t\t\t\t\t\t\t\t\t\t\t\t\t\t<\/div>\n\t\t\t\t<\/div>\n\t\t\t\t\t<\/div>\n\t\t<\/div>\n\t\t\t\t\t<\/div>\n\t\t<\/section>\n\t\t\t\t<\/div>","protected":false},"excerpt":{"rendered":"<p>Spoedontruiming In sommige gevallen van woningontruiming moet het pand binnen 24 &#8211; 48 uur leeg zijn. Een woningontruiming met spoed is vaak niet haalbaar voor een gemiddeld huishouden. Hier kan STERK bij helpen. Woningontruiming met spoed vergt een strakke planning, fysieke uitdagingen en professionele materialen om snel \u00e9n nauwkeurig je woning of zorgkamer te ontruimen, [&hellip;]<\/p>\n","protected":false},"author":1,"featured_media":0,"parent":0,"menu_order":17,"comment_status":"closed","ping_status":"closed","template":"","meta":{"inline_featured_image":false,"footnotes":""},"categories":[1],"tags":[],"class_list":["post-335","page","type-page","status-publish","hentry","category-website"],"blocksy_meta":{"styles_descriptor":{"styles":{"desktop":"","tablet":"","mobile":""},"google_fonts":[],"version":6}},"_links":{"self":[{"href":"https:\/\/sterkontruimingen.nl\/pl\/wp-json\/wp\/v2\/pages\/335","targetHints":{"allow":["GET"]}}],"collection":[{"href":"https:\/\/sterkontruimingen.nl\/pl\/wp-json\/wp\/v2\/pages"}],"about":[{"href":"https:\/\/sterkontruimingen.nl\/pl\/wp-json\/wp\/v2\/types\/page"}],"author":[{"embeddable":true,"href":"https:\/\/sterkontruimingen.nl\/pl\/wp-json\/wp\/v2\/users\/1"}],"replies":[{"embeddable":true,"href":"https:\/\/sterkontruimingen.nl\/pl\/wp-json\/wp\/v2\/comments?post=335"}],"version-history":[{"count":0,"href":"https:\/\/sterkontruimingen.nl\/pl\/wp-json\/wp\/v2\/pages\/335\/revisions"}],"wp:attachment":[{"href":"https:\/\/sterkontruimingen.nl\/pl\/wp-json\/wp\/v2\/media?parent=335"}],"wp:term":[{"taxonomy":"category","embeddable":true,"href":"https:\/\/sterkontruimingen.nl\/pl\/wp-json\/wp\/v2\/categories?post=335"},{"taxonomy":"post_tag","embeddable":true,"href":"https:\/\/sterkontruimingen.nl\/pl\/wp-json\/wp\/v2\/tags?post=335"}],"curies":[{"name":"wp","href":"https:\/\/api.w.org\/{rel}","templated":true}]}}