{"id":3094,"date":"2022-06-26T10:55:58","date_gmt":"2022-06-26T08:55:58","guid":{"rendered":"http:\/\/sterkontruimingen.nl\/?page_id=3094"},"modified":"2024-05-27T07:17:15","modified_gmt":"2024-05-27T05:17:15","slug":"uslugi-dla-emigrantow","status":"publish","type":"page","link":"https:\/\/sterkontruimingen.nl\/pl\/expats-service\/","title":{"rendered":"Obs\u0142uga emigrant\u00f3w"},"content":{"rendered":"<h2 class=\"wp-block-heading\">Odprawa mieszkaniowa dla emigrant\u00f3w<\/h2>\n\n\n\n<p>Specjaln\u0105 us\u0142ug\u0119 dla emigrant\u00f3w \u015bwiadczy STERK ontruimingen. Po\u0142o\u017cona w centrum Randstad, pomi\u0119dzy g\u0142\u00f3wnymi miastami Dordrecht i Rotterdam, firma ta oczyszcza domy, mieszkania, mieszkania, domy nad kana\u0142em, wille, kamienice, domy jednorodzinne dla emigrant\u00f3w.<\/p>\n\n\n\n<h2 class=\"wp-block-heading\">Emigracja bez zmartwie\u0144<\/h2>\n\n\n\n<p>Dla emigrant\u00f3w, czysty dom oznacza, \u017ce pozosta\u0142e przedmioty gospodarstwa domowego s\u0105 usuwane i utylizowane, a dom jest przekazywany w czysto\u015bci zgodnie z wymaganiami w\u0142a\u015bciciela lub kupuj\u0105cego. Ekspaci korzystaj\u0105 r\u00f3wnie\u017c z kompleksowych us\u0142ug \u015bwiadczonych przez STERK House Clearance, takich jak usuwanie dywan\u00f3w, zas\u0142on i firan. W razie potrzeby STERK Evictions wykona r\u00f3wnie\u017c drobne naprawy dla ekspat\u00f3w, takie jak wype\u0142nianie dziur w \u015bcianach, usuwanie laminatu lub parkietu lub inne prace naprawcze.<\/p>\n\n\n\n<blockquote class=\"wp-block-quote is-layout-flow wp-block-quote-is-layout-flow\"><p>M\u00f3j m\u0105\u017c i ja musieli\u015bmy przeprowadzi\u0107 si\u0119 do Dubaju w ci\u0105gu miesi\u0105ca. Kiedy nam powiedziano, nie wiedzieli\u015bmy, ile ba\u0142aganu musimy usun\u0105\u0107 w czasie, w kt\u00f3rym tam mieszkamy. Zadzwonili\u015bmy do firmy Strong i przyjechali w ci\u0105gu jednego dnia. Przy okazji dali nam przydatn\u0105 list\u0119 rzeczy do przemy\u015blenia podczas przeprowadzki i sortowania naszych rzeczy. Bardzo przydatna (potajemnie zabra\u0142em j\u0105 ze sob\u0105 na wypadek kolejnej przeprowadzki). Wycena by\u0142a bardzo dobra (ostatecznie trafi\u0142a do pracodawcy). W ci\u0105gu tygodnia przyjechali z 5-osobow\u0105 ekip\u0105 i wszystko za\u0142adowali. W ci\u0105gu kilku godzin wszystko znikn\u0119\u0142o i tego samego dnia dom by\u0142 dok\u0142adnie taki, jak w momencie przeprowadzki. Ku naszemu zaskoczeniu, zostawili r\u00f3wnie\u017c balkon bardzo uporz\u0105dkowany.<\/p><p><\/p><cite>Patricia Kleijne<\/cite><\/blockquote>","protected":false},"excerpt":{"rendered":"<p>House clearance expats Een speciale service voor expats wordt geleverd door STERK ontruimingen. Dit bedrijf, centraal gevestigd in de Randstad tussen de grote steden Dordrecht &amp; Rotterdam, ontruimt woningen, flats, appartementen, grachtenpanden, villa\u2019s, herenhuizen, eengezinswoningen voor expats. Emigreren zonder zorgen Bezemschoon\u00a0ontruimen betekent voor expats dat de overgebleven inboedel wordt opgeruimd en afgevoerd en de woning [&hellip;]<\/p>\n","protected":false},"author":1,"featured_media":3095,"parent":0,"menu_order":0,"comment_status":"closed","ping_status":"closed","template":"","meta":{"inline_featured_image":false,"footnotes":""},"categories":[14],"tags":[],"class_list":["post-3094","page","type-page","status-publish","has-post-thumbnail","hentry","category-landingspaginas"],"blocksy_meta":{"styles_descriptor":{"styles":{"desktop":"","tablet":"","mobile":""},"google_fonts":[],"version":6}},"_links":{"self":[{"href":"https:\/\/sterkontruimingen.nl\/pl\/wp-json\/wp\/v2\/pages\/3094","targetHints":{"allow":["GET"]}}],"collection":[{"href":"https:\/\/sterkontruimingen.nl\/pl\/wp-json\/wp\/v2\/pages"}],"about":[{"href":"https:\/\/sterkontruimingen.nl\/pl\/wp-json\/wp\/v2\/types\/page"}],"author":[{"embeddable":true,"href":"https:\/\/sterkontruimingen.nl\/pl\/wp-json\/wp\/v2\/users\/1"}],"replies":[{"embeddable":true,"href":"https:\/\/sterkontruimingen.nl\/pl\/wp-json\/wp\/v2\/comments?post=3094"}],"version-history":[{"count":1,"href":"https:\/\/sterkontruimingen.nl\/pl\/wp-json\/wp\/v2\/pages\/3094\/revisions"}],"predecessor-version":[{"id":3096,"href":"https:\/\/sterkontruimingen.nl\/pl\/wp-json\/wp\/v2\/pages\/3094\/revisions\/3096"}],"wp:featuredmedia":[{"embeddable":true,"href":"https:\/\/sterkontruimingen.nl\/pl\/wp-json\/wp\/v2\/media\/3095"}],"wp:attachment":[{"href":"https:\/\/sterkontruimingen.nl\/pl\/wp-json\/wp\/v2\/media?parent=3094"}],"wp:term":[{"taxonomy":"category","embeddable":true,"href":"https:\/\/sterkontruimingen.nl\/pl\/wp-json\/wp\/v2\/categories?post=3094"},{"taxonomy":"post_tag","embeddable":true,"href":"https:\/\/sterkontruimingen.nl\/pl\/wp-json\/wp\/v2\/tags?post=3094"}],"curies":[{"name":"wp","href":"https:\/\/api.w.org\/{rel}","templated":true}]}}