{"id":2461,"date":"2021-12-13T14:47:17","date_gmt":"2021-12-13T13:47:17","guid":{"rendered":"http:\/\/sterkontruimingen.nl\/?page_id=2461"},"modified":"2022-01-24T16:15:26","modified_gmt":"2022-01-24T15:15:26","slug":"humanitas","status":"publish","type":"page","link":"https:\/\/sterkontruimingen.nl\/pl\/humanitas\/","title":{"rendered":"Humanitas"},"content":{"rendered":"<h2 class=\"wp-block-heading\">STERK Evictions jest partnerem w zakresie opieki w Humanitas<\/h2>\n\n\n\n<p>Po \u015bmierci bliskiej osoby, najbli\u017csi krewni s\u0105 odpowiedzialni za sfinalizowanie zako\u0144czonego \u017cycia. W tym trudnym okresie nale\u017cy w kr\u00f3tkim czasie zaj\u0105\u0107 si\u0119 nie tylko pogrzebem, ale tak\u017ce ewakuacj\u0105 pokoju opieki. Obs\u0142uga tego jest zwykle niechcianym emocjonalnym rollercoasterem (przyt\u0142aczaj\u0105ce wspomnienia) z przeszkodami (brak czasu lub transportu) dla pogr\u0105\u017conych w \u017ca\u0142obie rodzin. Na \u017cyczenie, firma STERK evictions mo\u017ce przej\u0105\u0107 opiek\u0119 nad tak\u0105 sytuacj\u0105.<\/p>\n\n\n\n<p>STERK evacuations jest partnerem Humanitas w zakresie opieki i specjalizuje si\u0119 w odpowiedniej ewakuacji pomieszcze\u0144 opieki. Je\u015bli poprosisz nas o opr\u00f3\u017cnienie pokoju opieki, masz nast\u0119puj\u0105ce gwarancje:<\/p>\n\n\n\n<ul class=\"wp-block-list\"><li>Czy\u015bcimy pokoje opieki zgodnie z wymogami Humanitas.<\/li><li>Przetwarzamy przedmioty z pomieszcze\u0144 opieki z szacunkiem i w spos\u00f3b zr\u00f3wnowa\u017cony.<\/li><li>Opr\u00f3\u017cniamy pokoje opieki 7 dni w tygodniu w ci\u0105gu 48 godzin.<\/li><li>Za sprz\u0105tanie pokoju opieki pobieramy sta\u0142\u0105 op\u0142at\u0119 w wysoko\u015bci 247,50 \u20ac z VAT.<\/li><li>Dostarczamy przedmioty z pokoj\u00f3w opieki (za dodatkow\u0105 op\u0142at\u0105) w ca\u0142ej Holandii.<\/li><li>Darowizna przedmiot\u00f3w na rzecz Ko\u0142a Nowej Nadziei<\/li><li>Cena obejmuje ewentualny wyw\u00f3z na sk\u0142adowisko odpad\u00f3w<\/li><\/ul>\n\n\n\n<p><\/p>","protected":false},"excerpt":{"rendered":"<p>STERK Ontruimingen is zorgpartner bij Humanitas Na het overlijden van een dierbare zijn de nabestaanden verantwoordelijk voor het afronden van het voltooide leven. Tijdens een moeilijke periode moet op korte termijn niet alleen de uitvaart, maar ook de ontruiming van de zorgkamer worden afgehandeld. Het afhandelen hiervan is voor nabestaanden meestal een ongewenste emotionele achtbaan [&hellip;]<\/p>\n","protected":false},"author":1,"featured_media":2466,"parent":0,"menu_order":0,"comment_status":"closed","ping_status":"closed","template":"","meta":{"inline_featured_image":false,"footnotes":""},"categories":[14],"tags":[],"class_list":["post-2461","page","type-page","status-publish","has-post-thumbnail","hentry","category-landingspaginas"],"blocksy_meta":{"styles_descriptor":{"styles":{"desktop":"","tablet":"","mobile":""},"google_fonts":[],"version":6}},"_links":{"self":[{"href":"https:\/\/sterkontruimingen.nl\/pl\/wp-json\/wp\/v2\/pages\/2461","targetHints":{"allow":["GET"]}}],"collection":[{"href":"https:\/\/sterkontruimingen.nl\/pl\/wp-json\/wp\/v2\/pages"}],"about":[{"href":"https:\/\/sterkontruimingen.nl\/pl\/wp-json\/wp\/v2\/types\/page"}],"author":[{"embeddable":true,"href":"https:\/\/sterkontruimingen.nl\/pl\/wp-json\/wp\/v2\/users\/1"}],"replies":[{"embeddable":true,"href":"https:\/\/sterkontruimingen.nl\/pl\/wp-json\/wp\/v2\/comments?post=2461"}],"version-history":[{"count":0,"href":"https:\/\/sterkontruimingen.nl\/pl\/wp-json\/wp\/v2\/pages\/2461\/revisions"}],"wp:featuredmedia":[{"embeddable":true,"href":"https:\/\/sterkontruimingen.nl\/pl\/wp-json\/wp\/v2\/media\/2466"}],"wp:attachment":[{"href":"https:\/\/sterkontruimingen.nl\/pl\/wp-json\/wp\/v2\/media?parent=2461"}],"wp:term":[{"taxonomy":"category","embeddable":true,"href":"https:\/\/sterkontruimingen.nl\/pl\/wp-json\/wp\/v2\/categories?post=2461"},{"taxonomy":"post_tag","embeddable":true,"href":"https:\/\/sterkontruimingen.nl\/pl\/wp-json\/wp\/v2\/tags?post=2461"}],"curies":[{"name":"wp","href":"https:\/\/api.w.org\/{rel}","templated":true}]}}