{"id":227,"date":"2019-12-24T11:44:28","date_gmt":"2019-12-24T11:44:28","guid":{"rendered":"http:\/\/sterkontruimingen.nl\/?page_id=227"},"modified":"2022-05-29T11:26:23","modified_gmt":"2022-05-29T09:26:23","slug":"naprawy","status":"publish","type":"page","link":"https:\/\/sterkontruimingen.nl\/pl\/woningontruiming\/herstelwerkzaamheden\/","title":{"rendered":"Naprawy"},"content":{"rendered":"<h2 class=\"wp-block-heading\">Od dziur w \u015bcianach po napraw\u0119 drobnych usterek<\/h2>\n\n\n\n<p>Nasze us\u0142ugi wykraczaj\u0105 poza zwyk\u0142e sprz\u0105tanie domu, mieszkania lub siedziby firmy. To w\u0142a\u015bnie podczas sprz\u0105tania wady staj\u0105 si\u0119 naprawd\u0119 widoczne. Dlatego prawie zawsze konieczne jest przeprowadzenie napraw po eksmisji.<\/p>\n\n\n\n<p>Jako najemca jeste\u015b cz\u0119sto odpowiedzialny za usterki i poprawki dokonane podczas pobytu. Nast\u0119pnie musisz przywr\u00f3ci\u0107 nieruchomo\u015b\u0107 do wymaga\u0144 okre\u015blonych wcze\u015bniej, kiedy si\u0119 wprowadzi\u0142e\u015b. Czasami trzeba przywr\u00f3ci\u0107 nieruchomo\u015b\u0107 do jej pierwotnego stanu. W przypadku domu na sprzeda\u017c mo\u017ce by\u0107 konieczne przeprowadzenie prac naprawczych w celu przygotowania go do sprzeda\u017cy lub dostarczenia go zgodnie z ustaleniami z nowym nabywc\u0105.<\/p>\n\n\n\n<p>Prace naprawcze powinny obejmowa\u0107: <\/p>\n\n\n\n<ul class=\"wp-block-list\"><li>Naprawianie dziur w \u015bcianach i pod\u0142ogach<\/li><li>Usuwanie dywan\u00f3w<\/li><li>Powlekanie \u015bcian i sufit\u00f3w<\/li><li>Usuwanie tapet<\/li><li>Naprawa (drobnych) usterek<\/li><li>Specjalne \u017cyczenia od dzia\u0142u sprzeda\u017cy<\/li><\/ul>\n\n\n\n<p>To tylko przyk\u0142ad mo\u017cliwo\u015bci. STERK pomo\u017ce Ci od samego pocz\u0105tku, udzielaj\u0105c fachowych porad, a nast\u0119pnie dostarczy Tw\u00f3j dom ca\u0142kowicie zgodnie z ustaleniami. Jeste\u015b ciekawy, co firma STERK mo\u017ce dla Ciebie zrobi\u0107? Skontaktuj si\u0119 z nami!<\/p>","protected":false},"excerpt":{"rendered":"<p>Van gaten in de muren tot repareren van kleine gebreken Onze diensten gaan verder dan enkel het leegruimen van uw woning, appartement of bedrijfsruimte. Bij het ontruimen worden gebreken pas echt goed zichtbaar. Daarom is het na een ontruiming vrijwel altijd nodig herstelwerkzaamheden uit te voeren. Als huurder bent u vaak verantwoordelijk voor gebreken en [&hellip;]<\/p>\n","protected":false},"author":1,"featured_media":781,"parent":128,"menu_order":0,"comment_status":"closed","ping_status":"closed","template":"","meta":{"inline_featured_image":false,"footnotes":""},"categories":[14],"tags":[],"class_list":["post-227","page","type-page","status-publish","has-post-thumbnail","hentry","category-landingspaginas"],"blocksy_meta":{"styles_descriptor":{"styles":{"desktop":"","tablet":"","mobile":""},"google_fonts":[],"version":6}},"_links":{"self":[{"href":"https:\/\/sterkontruimingen.nl\/pl\/wp-json\/wp\/v2\/pages\/227","targetHints":{"allow":["GET"]}}],"collection":[{"href":"https:\/\/sterkontruimingen.nl\/pl\/wp-json\/wp\/v2\/pages"}],"about":[{"href":"https:\/\/sterkontruimingen.nl\/pl\/wp-json\/wp\/v2\/types\/page"}],"author":[{"embeddable":true,"href":"https:\/\/sterkontruimingen.nl\/pl\/wp-json\/wp\/v2\/users\/1"}],"replies":[{"embeddable":true,"href":"https:\/\/sterkontruimingen.nl\/pl\/wp-json\/wp\/v2\/comments?post=227"}],"version-history":[{"count":1,"href":"https:\/\/sterkontruimingen.nl\/pl\/wp-json\/wp\/v2\/pages\/227\/revisions"}],"predecessor-version":[{"id":2818,"href":"https:\/\/sterkontruimingen.nl\/pl\/wp-json\/wp\/v2\/pages\/227\/revisions\/2818"}],"up":[{"embeddable":true,"href":"https:\/\/sterkontruimingen.nl\/pl\/wp-json\/wp\/v2\/pages\/128"}],"wp:featuredmedia":[{"embeddable":true,"href":"https:\/\/sterkontruimingen.nl\/pl\/wp-json\/wp\/v2\/media\/781"}],"wp:attachment":[{"href":"https:\/\/sterkontruimingen.nl\/pl\/wp-json\/wp\/v2\/media?parent=227"}],"wp:term":[{"taxonomy":"category","embeddable":true,"href":"https:\/\/sterkontruimingen.nl\/pl\/wp-json\/wp\/v2\/categories?post=227"},{"taxonomy":"post_tag","embeddable":true,"href":"https:\/\/sterkontruimingen.nl\/pl\/wp-json\/wp\/v2\/tags?post=227"}],"curies":[{"name":"wp","href":"https:\/\/api.w.org\/{rel}","templated":true}]}}