{"id":2072,"date":"2021-05-08T09:40:31","date_gmt":"2021-05-08T07:40:31","guid":{"rendered":"http:\/\/sterkontruimingen.nl\/?page_id=2072"},"modified":"2021-08-08T13:12:36","modified_gmt":"2021-08-08T11:12:36","slug":"odprawa-mieszkaniowa-hendrik-ido-ambacht","status":"publish","type":"page","link":"https:\/\/sterkontruimingen.nl\/pl\/woningontruiming-hendrik-ido-ambacht\/","title":{"rendered":"Rozliczenie domu Hendrik-Ido-Ambacht"},"content":{"rendered":"<h2 class=\"wp-block-heading\">Oczyszczanie domu w Hendrik-Ido-Ambacht<\/h2>\n\n\n\n<p>Hendrik-Ido-Ambacht jest siedzib\u0105 firmy STERK House Clearance. Od 2019 roku pomagamy ludziom opr\u00f3\u017cnia\u0107, opr\u00f3\u017cnia\u0107 i rozbiera\u0107 domy, mieszkania, pokoje opieki, strychy i szopy. Dlatego dobrze, \u017ce istniej\u0105 firmy takie jak STERK, w kt\u00f3rych mo\u017cna skorzysta\u0107 z naszych us\u0142ug w razie potrzeby. Czy masz nieruchomo\u015b\u0107 (dom, mieszkanie, pok\u00f3j opieki lub dom opieki), kt\u00f3r\u0105 nale\u017cy opu\u015bci\u0107 w Ambacht? W takim razie STERK mo\u017ce pom\u00f3c! STERK ma du\u017ce do\u015bwiadczenie w przeprowadzkach dom\u00f3w w Hendrik-Ido-Ambacht, w tym pokoi opieki, pokoi w domach opieki, mieszka\u0144 i mieszka\u0144 chronionych w Hendrik-Ido-Ambacht i okolicach. Dostarczamy wszystko zgodnie z wymaganiami i \u017cyczeniami w\u0142a\u015bciciela, sp\u00f3\u0142dzielni mieszkaniowej, agencji nieruchomo\u015bci lub domu opieki.<\/p>\n\n\n\n<p>Podczas <strong>Oczyszczanie domu w Hendrik-Ido-Ambacht<\/strong> Mo\u017cemy wykona\u0107 wszelkiego rodzaju prace, takie jak usuwanie dywan\u00f3w, tapet lub \u015brub i gwo\u017adzi. Naprawiamy r\u00f3wnie\u017c dziury w \u015bcianach. Mo\u017cemy r\u00f3wnie\u017c przenie\u015b\u0107 niepotrzebne, ale wci\u0105\u017c u\u017cyteczne przedmioty do <a href=\"http:\/\/sterkontruimingen.nl\/pl\/o-silnym\/\">szczytne cele<\/a> Zawsze utylizujemy odpady w spos\u00f3b przyjazny dla \u015brodowiska. Wspania\u0142\u0105 rzecz\u0105 jest to, \u017ce cz\u0119sto pracujemy w Twojej okolicy Ambacht, wi\u0119c mo\u017cemy szybko zabra\u0107 si\u0119 do pracy. <\/p>\n\n\n\n<div class=\"wp-block-columns is-layout-flex wp-container-core-columns-is-layout-28f84493 wp-block-columns-is-layout-flex\">\n<div class=\"wp-block-column is-layout-flow wp-block-column-is-layout-flow\">\n<h3 class=\"wp-block-heading\">POK\u00d3J OPIEKU\u0143CZY w Hendrik-Ido-Ambacht OPRACOWANY<\/h3>\n\n\n\n<p>Szukasz firmy, kt\u00f3ra mo\u017ce posprz\u0105ta\u0107 Tw\u00f3j pok\u00f3j opieki lub pok\u00f3j opieki Twojego rodzica (rodzic\u00f3w) w HENDRIK-IDO-AMBACHT i okolicach. Skontaktuj si\u0119 z nami, aby uzyska\u0107 niezobowi\u0105zuj\u0105c\u0105 wycen\u0119.<\/p>\n\n\n\n<h3 class=\"wp-block-heading\">Oczyszczanie ogrodu lub szopy w HENDRIK-IDO-AMBACHT<\/h3>\n\n\n\n<p>Czasami nie mo\u017cna dostrzec drzew. Wtedy przydaje si\u0119 pomoc eksperta od sprz\u0105tania w Hendrik-Ido-Ambacht. Przyjedziemy i, m\u00f3wi\u0105c przys\u0142owiowo, zgrabimy ca\u0142y ogr\u00f3d lub szop\u0119. Oczywi\u015bcie po konsultacji, co jeszcze chcesz zatrzyma\u0107, a co nie.<\/p>\n\n\n\n<h3 class=\"wp-block-heading\">SAMOOCZYSZCZENIE W HENDRIK-IDO-AMBACHT<\/h3>\n\n\n\n<p>Je\u015bli chcia\u0142by\u015b rozpocz\u0105\u0107 w\u0142asne sprz\u0105tanie domu w Hendrik-Ido-Ambacht, ale nie wiesz od czego zacz\u0105\u0107. Ch\u0119tnie pomo\u017cemy, udzielaj\u0105c wskaz\u00f3wek i porad. Ponadto mo\u017cemy pom\u00f3c w dalszym oczyszczaniu domu w Ambacht.<\/p>\n\n\n\n<h3 class=\"wp-block-heading\">Rozliczenie nieruchomo\u015bci w HENDRIK-IDO-AMBACHT<\/h3>\n\n\n\n<p>Czy chcia\u0142by\u015b, aby Tw\u00f3j dom zosta\u0142 oczyszczony w Hendrik-Ido-Ambacht? W takim razie trafi\u0142e\u015b we w\u0142a\u015bciwe miejsce. Z naszego oddzia\u0142u w STERK House Clearance Hendrik-Ido-Ambacht mo\u017cemy \u0142atwo i szybko pom\u00f3c Ci oczy\u015bci\u0107 dom w kr\u00f3tkim czasie.<\/p>\n<\/div>\n\n\n\n<div class=\"wp-block-column is-layout-flow wp-block-column-is-layout-flow\">\n<h3 class=\"wp-block-heading\">Sprz\u0105tanie pokoju w domu opieki w HENDRIK-IDO-AMBACHT<\/h3>\n\n\n\n<p>STERK zdejmuje wszystkie zmartwienia z Twoich r\u0105k. Poniewa\u017c cz\u0119sto pracujemy w Ambacht, mo\u017cemy bardzo szybko <a href=\"http:\/\/sterkontruimingen.nl\/pl\/ewakuacja-pomieszczenia-opieki\/\" class=\"rank-math-link\">pok\u00f3j w domu opieki lub pok\u00f3j opieki<\/a> zapewniaj\u0105 czyszczenie w przyzwoitej cenie.<\/p>\n\n\n\n<h3 class=\"wp-block-heading\">Czyszczenie pokoju piel\u0119gniarskiego w HENDRIK-IDO-AMBACHT<\/h3>\n\n\n\n<p>STERK zdejmuje wszystkie zmartwienia z Twoich r\u0105k. Poniewa\u017c pracujemy w pobli\u017cu Hendrik-Ido-Ambacht. Mo\u017cemy dostarczy\u0107 czyszczenie pokoju w kr\u00f3tkim czasie za przyzwoit\u0105 cen\u0119.<\/p>\n\n\n\n<h3 class=\"wp-block-heading\">Oczyszczenie po \u015bmierci w hendrik-ido-ambacht<\/h3>\n\n\n\n<p>Kiedy odchodzi bliska osoba, ostatni\u0105 rzecz\u0105, na kt\u00f3r\u0105 chcesz zwr\u00f3ci\u0107 uwag\u0119, jest opuszczenie lub opr\u00f3\u017cnienie jej mieszkania. STERK zobowi\u0105zuje si\u0119 do jak najszybszego lub nawet pilnego opr\u00f3\u017cnienia domu lub pokoju z poszanowaniem mienia i zmar\u0142ego. Ponadto przekazujemy w Twoim imieniu wszelkie przedmioty, kt\u00f3re mo\u017cna ju\u017c sprzeda\u0107, Fundacji Nowa Nadzieja, kt\u00f3ra zajmuje si\u0119 mi\u0119dzy innymi zwalczaniem samotno\u015bci.<\/p>\n<\/div>\n<\/div>","protected":false},"excerpt":{"rendered":"<p>Woning ontruiming in Hendrik-Ido-Ambacht Hendrik-Ido-Ambacht is de thuisbasis van STERK Woningontruiming. Sinds 2019 zijn we hier begonnen om mensen te helpen met het ontruimen, leeghalen en strippen van woningen, appartementen, zorgkamers, zolders en schuren. Daarom is het fijn dat er bedrijven zijn als STERK waar u, indien u het nodig heeft, gebruik kan maken van [&hellip;]<\/p>\n","protected":false},"author":1,"featured_media":2078,"parent":0,"menu_order":10,"comment_status":"closed","ping_status":"closed","template":"","meta":{"inline_featured_image":false,"footnotes":""},"categories":[14],"tags":[],"class_list":["post-2072","page","type-page","status-publish","has-post-thumbnail","hentry","category-landingspaginas"],"blocksy_meta":{"styles_descriptor":{"styles":{"desktop":"","tablet":"","mobile":""},"google_fonts":[],"version":6}},"_links":{"self":[{"href":"https:\/\/sterkontruimingen.nl\/pl\/wp-json\/wp\/v2\/pages\/2072","targetHints":{"allow":["GET"]}}],"collection":[{"href":"https:\/\/sterkontruimingen.nl\/pl\/wp-json\/wp\/v2\/pages"}],"about":[{"href":"https:\/\/sterkontruimingen.nl\/pl\/wp-json\/wp\/v2\/types\/page"}],"author":[{"embeddable":true,"href":"https:\/\/sterkontruimingen.nl\/pl\/wp-json\/wp\/v2\/users\/1"}],"replies":[{"embeddable":true,"href":"https:\/\/sterkontruimingen.nl\/pl\/wp-json\/wp\/v2\/comments?post=2072"}],"version-history":[{"count":0,"href":"https:\/\/sterkontruimingen.nl\/pl\/wp-json\/wp\/v2\/pages\/2072\/revisions"}],"wp:featuredmedia":[{"embeddable":true,"href":"https:\/\/sterkontruimingen.nl\/pl\/wp-json\/wp\/v2\/media\/2078"}],"wp:attachment":[{"href":"https:\/\/sterkontruimingen.nl\/pl\/wp-json\/wp\/v2\/media?parent=2072"}],"wp:term":[{"taxonomy":"category","embeddable":true,"href":"https:\/\/sterkontruimingen.nl\/pl\/wp-json\/wp\/v2\/categories?post=2072"},{"taxonomy":"post_tag","embeddable":true,"href":"https:\/\/sterkontruimingen.nl\/pl\/wp-json\/wp\/v2\/tags?post=2072"}],"curies":[{"name":"wp","href":"https:\/\/api.w.org\/{rel}","templated":true}]}}