{"id":207,"date":"2019-12-24T11:43:06","date_gmt":"2019-12-24T11:43:06","guid":{"rendered":"http:\/\/sterkontruimingen.nl\/?page_id=207"},"modified":"2022-05-27T10:54:36","modified_gmt":"2022-05-27T08:54:36","slug":"eksmisja-farmy-konopi","status":"publish","type":"page","link":"https:\/\/sterkontruimingen.nl\/pl\/woningontruiming\/hennepkwekerij-ontruiming\/","title":{"rendered":"Rozliczenie szk\u00f3\u0142ki konopi"},"content":{"rendered":"<div data-elementor-type=\"wp-page\" data-elementor-id=\"207\" class=\"elementor elementor-207\" data-elementor-post-type=\"page\">\n\t\t\t\t\t\t<section class=\"elementor-section elementor-top-section elementor-element elementor-element-c3fb0fc elementor-section-height-min-height elementor-section-boxed elementor-section-height-default elementor-section-items-middle\" data-id=\"c3fb0fc\" data-element_type=\"section\" data-e-type=\"section\" data-settings=\"{&quot;background_background&quot;:&quot;classic&quot;,&quot;shape_divider_bottom&quot;:&quot;tilt&quot;}\">\n\t\t\t\t\t\t\t<div class=\"elementor-background-overlay\"><\/div>\n\t\t\t\t\t\t<div class=\"elementor-shape elementor-shape-bottom\" aria-hidden=\"true\" data-negative=\"false\">\n\t\t\t<svg xmlns=\"http:\/\/www.w3.org\/2000\/svg\" viewbox=\"0 0 1000 100\" preserveaspectratio=\"none\">\n\t<path class=\"elementor-shape-fill\" d=\"M0,6V0h1000v100L0,6z\"\/>\n<\/svg>\t\t<\/div>\n\t\t\t\t\t<div class=\"elementor-container elementor-column-gap-no\">\n\t\t\t\t\t<div class=\"elementor-column elementor-col-100 elementor-top-column elementor-element elementor-element-5765b9d\" data-id=\"5765b9d\" data-element_type=\"column\" data-e-type=\"column\">\n\t\t\t<div class=\"elementor-widget-wrap elementor-element-populated\">\n\t\t\t\t\t\t<div class=\"elementor-element elementor-element-bda7600 elementor-widget elementor-widget-heading\" data-id=\"bda7600\" data-element_type=\"widget\" data-e-type=\"widget\" data-widget_type=\"heading.default\">\n\t\t\t\t<div class=\"elementor-widget-container\">\n\t\t\t\t\t<h1 class=\"elementor-heading-title elementor-size-default\">Oczyszczanie plantacji konopi<\/h1>\t\t\t\t<\/div>\n\t\t\t\t<\/div>\n\t\t\t\t\t<\/div>\n\t\t<\/div>\n\t\t\t\t\t<\/div>\n\t\t<\/section>\n\t\t\t\t<section class=\"elementor-section elementor-top-section elementor-element elementor-element-b056022 elementor-section-boxed elementor-section-height-default elementor-section-height-default\" data-id=\"b056022\" data-element_type=\"section\" data-e-type=\"section\">\n\t\t\t\t\t\t<div class=\"elementor-container elementor-column-gap-no\">\n\t\t\t\t\t<div class=\"elementor-column elementor-col-66 elementor-top-column elementor-element elementor-element-fb484de\" data-id=\"fb484de\" data-element_type=\"column\" data-e-type=\"column\">\n\t\t\t<div class=\"elementor-widget-wrap elementor-element-populated\">\n\t\t\t\t\t\t<div class=\"elementor-element elementor-element-83436c9 elementor-widget elementor-widget-image\" data-id=\"83436c9\" data-element_type=\"widget\" data-e-type=\"widget\" data-widget_type=\"image.default\">\n\t\t\t\t<div class=\"elementor-widget-container\">\n\t\t\t\t\t\t\t\t\t\t\t\t\t\t\t<img fetchpriority=\"high\" decoding=\"async\" width=\"800\" height=\"250\" src=\"https:\/\/sterkontruimingen.nl\/wp-content\/uploads\/2019\/12\/STERK-wiet-plantage.jpg\" class=\"attachment-large size-large wp-image-258\" alt=\"Plantacja chwast\u00f3w STRONG\" srcset=\"https:\/\/sterkontruimingen.nl\/wp-content\/uploads\/2019\/12\/STERK-wiet-plantage.jpg 800w, https:\/\/sterkontruimingen.nl\/wp-content\/uploads\/2019\/12\/STERK-wiet-plantage-300x94.jpg 300w, https:\/\/sterkontruimingen.nl\/wp-content\/uploads\/2019\/12\/STERK-wiet-plantage-768x240.jpg 768w\" sizes=\"(max-width: 800px) 100vw, 800px\" \/>\t\t\t\t\t\t\t\t\t\t\t\t\t\t\t<\/div>\n\t\t\t\t<\/div>\n\t\t\t\t<div class=\"elementor-element elementor-element-6d84fa0 elementor-widget elementor-widget-text-editor\" data-id=\"6d84fa0\" data-element_type=\"widget\" data-e-type=\"widget\" data-widget_type=\"text-editor.default\">\n\t\t\t\t<div class=\"elementor-widget-container\">\n\t\t\t\t\t\t\t\t\t<p>Obecnie w Holandii i krajach s\u0105siednich codziennie odbywaj\u0105 si\u0119 akcje usuwania plantacji konopi, zar\u00f3wno w sektorze prywatnym, jak i biznesowym. Mo\u017ce si\u0119 zdarzy\u0107, \u017ce pad\u0142e\u015b ofiar\u0105 organizacji przest\u0119pczej, kt\u00f3ra wykorzysta\u0142a Tw\u00f3j wynaj\u0119ty dom \/ kupno lub lokal biznesowy na plantacj\u0119 konopi \/ chwast\u00f3w. Je\u015bli odkry\u0142e\u015b farm\u0119 konopi, pierwsz\u0105 rzecz\u0105 do zrobienia jest wezwanie policji. Policja przyjedzie, przyjrzy si\u0119 i upewni si\u0119, \u017ce wszystkie przedmioty zwi\u0105zane z materia\u0142ami do uprawy zostan\u0105 usuni\u0119te i zniszczone.<\/p>\n<p><br><\/p>\n<p>Pozostawione \u015bmieci i ba\u0142agan s\u0105 cz\u0119sto tak ogromne i nieuporz\u0105dkowane, \u017ce prawdopodobnie nie masz perspektyw na przywr\u00f3cenie wszystkiego do porz\u0105dku. Heijmans House Clearance mo\u017ce Ci w tym pom\u00f3c. Zapewniamy, \u017ce dom lub nieruchomo\u015b\u0107 zostan\u0105 przywr\u00f3cone do dobrego stanu, a wszystkie pozosta\u0142e materia\u0142y zostan\u0105 usuni\u0119te w spos\u00f3b odpowiedzialny i mo\u017cliwie najbardziej przyjazny dla \u015brodowiska.<\/p>\n<p><br><\/p>\n<p>STERK house cleances ch\u0119tnie zajmie si\u0119 oczyszczeniem plantacji konopi \/ oczyszczeniem plantacji chwast\u00f3w. \u015awietna obs\u0142uga i konkurencyjne stawki!<\/p>\n<p>Je\u015bli chcesz uzyska\u0107 wi\u0119cej informacji na temat oczyszczania pozosta\u0142o\u015bci plantacji konopi, skontaktuj si\u0119 z nami, a nasi pracownicy ch\u0119tnie z Tob\u0105 porozmawiaj\u0105 i odpowiedz\u0105 na wi\u0119kszo\u015b\u0107 pyta\u0144.<\/p>\t\t\t\t\t\t\t\t<\/div>\n\t\t\t\t<\/div>\n\t\t\t\t<section class=\"elementor-section elementor-inner-section elementor-element elementor-element-2fc6cfa elementor-section-boxed elementor-section-height-default elementor-section-height-default\" data-id=\"2fc6cfa\" data-element_type=\"section\" data-e-type=\"section\">\n\t\t\t\t\t\t<div class=\"elementor-container elementor-column-gap-default\">\n\t\t\t\t\t<div class=\"elementor-column elementor-col-50 elementor-inner-column elementor-element elementor-element-fd8b23f\" data-id=\"fd8b23f\" data-element_type=\"column\" data-e-type=\"column\">\n\t\t\t<div class=\"elementor-widget-wrap elementor-element-populated\">\n\t\t\t\t\t\t<div class=\"elementor-element elementor-element-08185ee elementor-widget elementor-widget-image\" data-id=\"08185ee\" data-element_type=\"widget\" data-e-type=\"widget\" data-widget_type=\"image.default\">\n\t\t\t\t<div class=\"elementor-widget-container\">\n\t\t\t\t\t\t\t\t\t\t\t\t\t\t\t\t<a href=\"http:\/\/sterkontruimingen.nl\/pl\/prosba-o-wycene\/\">\n\t\t\t\t\t\t\t<img decoding=\"async\" width=\"600\" height=\"175\" src=\"https:\/\/sterkontruimingen.nl\/wp-content\/uploads\/2020\/04\/sidebar-banners-offerte-aanvraag.jpg\" class=\"attachment-large size-large wp-image-1289\" alt=\"Pro\u015bba o wycen\u0119 baner\u00f3w paska bocznego\" srcset=\"https:\/\/sterkontruimingen.nl\/wp-content\/uploads\/2020\/04\/sidebar-banners-offerte-aanvraag.jpg 600w, https:\/\/sterkontruimingen.nl\/wp-content\/uploads\/2020\/04\/sidebar-banners-offerte-aanvraag-300x88.jpg 300w\" sizes=\"(max-width: 600px) 100vw, 600px\" \/>\t\t\t\t\t\t\t\t<\/a>\n\t\t\t\t\t\t\t\t\t\t\t\t\t\t\t<\/div>\n\t\t\t\t<\/div>\n\t\t\t\t\t<\/div>\n\t\t<\/div>\n\t\t\t\t<div class=\"elementor-column elementor-col-50 elementor-inner-column elementor-element elementor-element-fdea305\" data-id=\"fdea305\" data-element_type=\"column\" data-e-type=\"column\">\n\t\t\t<div class=\"elementor-widget-wrap elementor-element-populated\">\n\t\t\t\t\t\t<div class=\"elementor-element elementor-element-5571728 elementor-widget elementor-widget-image\" data-id=\"5571728\" data-element_type=\"widget\" data-e-type=\"widget\" data-widget_type=\"image.default\">\n\t\t\t\t<div class=\"elementor-widget-container\">\n\t\t\t\t\t\t\t\t\t\t\t\t\t\t\t\t<a href=\"tel:+31851300685\">\n\t\t\t\t\t\t\t<img decoding=\"async\" width=\"600\" height=\"175\" src=\"https:\/\/sterkontruimingen.nl\/wp-content\/uploads\/2020\/04\/sidebar-banners-bel-ons.jpg\" class=\"attachment-large size-large wp-image-1288\" alt=\"banery paska bocznego zadzwo\u0144 do nas\" srcset=\"https:\/\/sterkontruimingen.nl\/wp-content\/uploads\/2020\/04\/sidebar-banners-bel-ons.jpg 600w, https:\/\/sterkontruimingen.nl\/wp-content\/uploads\/2020\/04\/sidebar-banners-bel-ons-300x88.jpg 300w\" sizes=\"(max-width: 600px) 100vw, 600px\" \/>\t\t\t\t\t\t\t\t<\/a>\n\t\t\t\t\t\t\t\t\t\t\t\t\t\t\t<\/div>\n\t\t\t\t<\/div>\n\t\t\t\t\t<\/div>\n\t\t<\/div>\n\t\t\t\t\t<\/div>\n\t\t<\/section>\n\t\t\t\t\t<\/div>\n\t\t<\/div>\n\t\t\t\t<div class=\"elementor-column elementor-col-33 elementor-top-column elementor-element elementor-element-b8f3e32\" data-id=\"b8f3e32\" data-element_type=\"column\" data-e-type=\"column\" data-settings=\"{&quot;background_background&quot;:&quot;classic&quot;}\">\n\t\t\t<div class=\"elementor-widget-wrap elementor-element-populated\">\n\t\t\t\t\t\t<div class=\"elementor-element elementor-element-f68c836 elementor-widget elementor-widget-heading\" data-id=\"f68c836\" data-element_type=\"widget\" data-e-type=\"widget\" data-widget_type=\"heading.default\">\n\t\t\t\t<div class=\"elementor-widget-container\">\n\t\t\t\t\t<span class=\"elementor-heading-title elementor-size-default\">Co mo\u017cemy dla Ciebie zrobi\u0107:<\/span>\t\t\t\t<\/div>\n\t\t\t\t<\/div>\n\t\t\t\t<div class=\"elementor-element elementor-element-21cbb3c elementor-icon-list--layout-traditional elementor-list-item-link-full_width elementor-widget elementor-widget-icon-list\" data-id=\"21cbb3c\" data-element_type=\"widget\" data-e-type=\"widget\" data-widget_type=\"icon-list.default\">\n\t\t\t\t<div class=\"elementor-widget-container\">\n\t\t\t\t\t\t\t<ul class=\"elementor-icon-list-items\">\n\t\t\t\t\t\t\t<li class=\"elementor-icon-list-item\">\n\t\t\t\t\t\t\t\t\t\t\t<span class=\"elementor-icon-list-icon\">\n\t\t\t\t\t\t\t<svg aria-hidden=\"true\" class=\"e-font-icon-svg e-fas-check\" viewbox=\"0 0 512 512\" xmlns=\"http:\/\/www.w3.org\/2000\/svg\"><path d=\"M173.898 439.404l-166.4-166.4c-9.997-9.997-9.997-26.206 0-36.204l36.203-36.204c9.997-9.998 26.207-9.998 36.204 0L192 312.69 432.095 72.596c9.997-9.997 26.207-9.997 36.204 0l36.203 36.204c9.997 9.997 9.997 26.206 0 36.204l-294.4 294.401c-9.998 9.997-26.207 9.997-36.204-.001z\"><\/path><\/svg>\t\t\t\t\t\t<\/span>\n\t\t\t\t\t\t\t\t\t\t<span class=\"elementor-icon-list-text\">demonta\u017c i usuni\u0119cie niebezpiecznych przewod\u00f3w elektrycznych i instalacji oraz przywr\u00f3cenie ich do pierwotnego stanu<\/span>\n\t\t\t\t\t\t\t\t\t<\/li>\n\t\t\t\t\t\t\t\t<li class=\"elementor-icon-list-item\">\n\t\t\t\t\t\t\t\t\t\t\t<span class=\"elementor-icon-list-icon\">\n\t\t\t\t\t\t\t<svg aria-hidden=\"true\" class=\"e-font-icon-svg e-fas-check\" viewbox=\"0 0 512 512\" xmlns=\"http:\/\/www.w3.org\/2000\/svg\"><path d=\"M173.898 439.404l-166.4-166.4c-9.997-9.997-9.997-26.206 0-36.204l36.203-36.204c9.997-9.998 26.207-9.998 36.204 0L192 312.69 432.095 72.596c9.997-9.997 26.207-9.997 36.204 0l36.203 36.204c9.997 9.997 9.997 26.206 0 36.204l-294.4 294.401c-9.998 9.997-26.207 9.997-36.204-.001z\"><\/path><\/svg>\t\t\t\t\t\t<\/span>\n\t\t\t\t\t\t\t\t\t\t<span class=\"elementor-icon-list-text\">demonta\u017c \"domowego\", cz\u0119sto bardzo niebezpiecznego rusztowania w odpowiedzialny i profesjonalny spos\u00f3b, ograniczaj\u0105cy uszkodzenia pomieszcze\u0144.<\/span>\n\t\t\t\t\t\t\t\t\t<\/li>\n\t\t\t\t\t\t\t\t<li class=\"elementor-icon-list-item\">\n\t\t\t\t\t\t\t\t\t\t\t<span class=\"elementor-icon-list-icon\">\n\t\t\t\t\t\t\t<svg aria-hidden=\"true\" class=\"e-font-icon-svg e-fas-check\" viewbox=\"0 0 512 512\" xmlns=\"http:\/\/www.w3.org\/2000\/svg\"><path d=\"M173.898 439.404l-166.4-166.4c-9.997-9.997-9.997-26.206 0-36.204l36.203-36.204c9.997-9.998 26.207-9.998 36.204 0L192 312.69 432.095 72.596c9.997-9.997 26.207-9.997 36.204 0l36.203 36.204c9.997 9.997 9.997 26.206 0 36.204l-294.4 294.401c-9.998 9.997-26.207 9.997-36.204-.001z\"><\/path><\/svg>\t\t\t\t\t\t<\/span>\n\t\t\t\t\t\t\t\t\t\t<span class=\"elementor-icon-list-text\">demonta\u017c i rozbi\u00f3rka lamp, wyci\u0105g\u00f3w, filtr\u00f3w w\u0119glowych i innych urz\u0105dze\u0144 peryferyjnych.<\/span>\n\t\t\t\t\t\t\t\t\t<\/li>\n\t\t\t\t\t\t\t\t<li class=\"elementor-icon-list-item\">\n\t\t\t\t\t\t\t\t\t\t\t<span class=\"elementor-icon-list-icon\">\n\t\t\t\t\t\t\t<svg aria-hidden=\"true\" class=\"e-font-icon-svg e-fas-check\" viewbox=\"0 0 512 512\" xmlns=\"http:\/\/www.w3.org\/2000\/svg\"><path d=\"M173.898 439.404l-166.4-166.4c-9.997-9.997-9.997-26.206 0-36.204l36.203-36.204c9.997-9.998 26.207-9.998 36.204 0L192 312.69 432.095 72.596c9.997-9.997 26.207-9.997 36.204 0l36.203 36.204c9.997 9.997 9.997 26.206 0 36.204l-294.4 294.401c-9.998 9.997-26.207 9.997-36.204-.001z\"><\/path><\/svg>\t\t\t\t\t\t<\/span>\n\t\t\t\t\t\t\t\t\t\t<span class=\"elementor-icon-list-text\">wype\u0142nianie otwor\u00f3w lub wype\u0142nianie \u015bcian i pod\u0142\u00f3g<\/span>\n\t\t\t\t\t\t\t\t\t<\/li>\n\t\t\t\t\t\t<\/ul>\n\t\t\t\t\t\t<\/div>\n\t\t\t\t<\/div>\n\t\t\t\t<div class=\"elementor-element elementor-element-88d66d2 elementor-icon-list--layout-traditional elementor-list-item-link-full_width elementor-widget elementor-widget-icon-list\" data-id=\"88d66d2\" data-element_type=\"widget\" data-e-type=\"widget\" data-widget_type=\"icon-list.default\">\n\t\t\t\t<div class=\"elementor-widget-container\">\n\t\t\t\t\t\t\t<ul class=\"elementor-icon-list-items\">\n\t\t\t\t\t\t\t<li class=\"elementor-icon-list-item\">\n\t\t\t\t\t\t\t\t\t\t\t<span class=\"elementor-icon-list-icon\">\n\t\t\t\t\t\t\t<svg aria-hidden=\"true\" class=\"e-font-icon-svg e-fas-check\" viewbox=\"0 0 512 512\" xmlns=\"http:\/\/www.w3.org\/2000\/svg\"><path d=\"M173.898 439.404l-166.4-166.4c-9.997-9.997-9.997-26.206 0-36.204l36.203-36.204c9.997-9.998 26.207-9.998 36.204 0L192 312.69 432.095 72.596c9.997-9.997 26.207-9.997 36.204 0l36.203 36.204c9.997 9.997 9.997 26.206 0 36.204l-294.4 294.401c-9.998 9.997-26.207 9.997-36.204-.001z\"><\/path><\/svg>\t\t\t\t\t\t<\/span>\n\t\t\t\t\t\t\t\t\t\t<span class=\"elementor-icon-list-text\">uszczelnianie piwnic i podziemnych plantacji konopi oraz wype\u0142nianie bezpo\u015brednim wtryskiem granulatu betonowego <\/span>\n\t\t\t\t\t\t\t\t\t<\/li>\n\t\t\t\t\t\t\t\t<li class=\"elementor-icon-list-item\">\n\t\t\t\t\t\t\t\t\t\t\t<span class=\"elementor-icon-list-icon\">\n\t\t\t\t\t\t\t<svg aria-hidden=\"true\" class=\"e-font-icon-svg e-fas-check\" viewbox=\"0 0 512 512\" xmlns=\"http:\/\/www.w3.org\/2000\/svg\"><path d=\"M173.898 439.404l-166.4-166.4c-9.997-9.997-9.997-26.206 0-36.204l36.203-36.204c9.997-9.998 26.207-9.998 36.204 0L192 312.69 432.095 72.596c9.997-9.997 26.207-9.997 36.204 0l36.203 36.204c9.997 9.997 9.997 26.206 0 36.204l-294.4 294.401c-9.998 9.997-26.207 9.997-36.204-.001z\"><\/path><\/svg>\t\t\t\t\t\t<\/span>\n\t\t\t\t\t\t\t\t\t\t<span class=\"elementor-icon-list-text\">wszystkie uszkodzenia i wady domu lub pomieszcze\u0144 spowodowane przez plantacj\u0119 mog\u0105 zosta\u0107 naprawione.<\/span>\n\t\t\t\t\t\t\t\t\t<\/li>\n\t\t\t\t\t\t\t\t<li class=\"elementor-icon-list-item\">\n\t\t\t\t\t\t\t\t\t\t\t<span class=\"elementor-icon-list-icon\">\n\t\t\t\t\t\t\t<svg aria-hidden=\"true\" class=\"e-font-icon-svg e-fas-check\" viewbox=\"0 0 512 512\" xmlns=\"http:\/\/www.w3.org\/2000\/svg\"><path d=\"M173.898 439.404l-166.4-166.4c-9.997-9.997-9.997-26.206 0-36.204l36.203-36.204c9.997-9.998 26.207-9.998 36.204 0L192 312.69 432.095 72.596c9.997-9.997 26.207-9.997 36.204 0l36.203 36.204c9.997 9.997 9.997 26.206 0 36.204l-294.4 294.401c-9.998 9.997-26.207 9.997-36.204-.001z\"><\/path><\/svg>\t\t\t\t\t\t<\/span>\n\t\t\t\t\t\t\t\t\t\t<span class=\"elementor-icon-list-text\">je\u015bli to mo\u017cliwe, wszystkie odpady s\u0105 usuwane oddzielnie, aby obni\u017cy\u0107 koszty ponoszone przez klienta<\/span>\n\t\t\t\t\t\t\t\t\t<\/li>\n\t\t\t\t\t\t\t\t<li class=\"elementor-icon-list-item\">\n\t\t\t\t\t\t\t\t\t\t\t<span class=\"elementor-icon-list-icon\">\n\t\t\t\t\t\t\t<svg aria-hidden=\"true\" class=\"e-font-icon-svg e-fas-check\" viewbox=\"0 0 512 512\" xmlns=\"http:\/\/www.w3.org\/2000\/svg\"><path d=\"M173.898 439.404l-166.4-166.4c-9.997-9.997-9.997-26.206 0-36.204l36.203-36.204c9.997-9.998 26.207-9.998 36.204 0L192 312.69 432.095 72.596c9.997-9.997 26.207-9.997 36.204 0l36.203 36.204c9.997 9.997 9.997 26.206 0 36.204l-294.4 294.401c-9.998 9.997-26.207 9.997-36.204-.001z\"><\/path><\/svg>\t\t\t\t\t\t<\/span>\n\t\t\t\t\t\t\t\t\t\t<span class=\"elementor-icon-list-text\">Zajmujemy si\u0119 utylizacj\u0105 wszystkich niebezpiecznych substancji stosowanych w uprawie konopi.<\/span>\n\t\t\t\t\t\t\t\t\t<\/li>\n\t\t\t\t\t\t<\/ul>\n\t\t\t\t\t\t<\/div>\n\t\t\t\t<\/div>\n\t\t\t\t\t<\/div>\n\t\t<\/div>\n\t\t\t\t\t<\/div>\n\t\t<\/section>\n\t\t\t\t<\/div>","protected":false},"excerpt":{"rendered":"<p>Hennepplantage ontruiming Momenteel vinden&nbsp;er nog dagelijks nog&nbsp;Hennepplantage Ontruimingen plaats in Nederland en onze buiten buurlanden zowel in de particuliere en zakelijke sector. Het zou zomaar kunnen dat u slachtoffer bent geworden van een criminele organisatie die uw verhuurde huis \/ koop of bedrijfspand misbruikt heeft voor een&nbsp;Hennepplantage \/ wietplantage. Mocht u een hennepplantage hebben ontdekt [&hellip;]<\/p>\n","protected":false},"author":1,"featured_media":0,"parent":128,"menu_order":0,"comment_status":"closed","ping_status":"closed","template":"elementor_header_footer","meta":{"inline_featured_image":false,"footnotes":""},"categories":[1],"tags":[],"class_list":["post-207","page","type-page","status-publish","hentry","category-website"],"blocksy_meta":{"styles_descriptor":{"styles":{"desktop":"","tablet":"","mobile":""},"google_fonts":[],"version":6}},"_links":{"self":[{"href":"https:\/\/sterkontruimingen.nl\/pl\/wp-json\/wp\/v2\/pages\/207","targetHints":{"allow":["GET"]}}],"collection":[{"href":"https:\/\/sterkontruimingen.nl\/pl\/wp-json\/wp\/v2\/pages"}],"about":[{"href":"https:\/\/sterkontruimingen.nl\/pl\/wp-json\/wp\/v2\/types\/page"}],"author":[{"embeddable":true,"href":"https:\/\/sterkontruimingen.nl\/pl\/wp-json\/wp\/v2\/users\/1"}],"replies":[{"embeddable":true,"href":"https:\/\/sterkontruimingen.nl\/pl\/wp-json\/wp\/v2\/comments?post=207"}],"version-history":[{"count":1,"href":"https:\/\/sterkontruimingen.nl\/pl\/wp-json\/wp\/v2\/pages\/207\/revisions"}],"predecessor-version":[{"id":2809,"href":"https:\/\/sterkontruimingen.nl\/pl\/wp-json\/wp\/v2\/pages\/207\/revisions\/2809"}],"up":[{"embeddable":true,"href":"https:\/\/sterkontruimingen.nl\/pl\/wp-json\/wp\/v2\/pages\/128"}],"wp:attachment":[{"href":"https:\/\/sterkontruimingen.nl\/pl\/wp-json\/wp\/v2\/media?parent=207"}],"wp:term":[{"taxonomy":"category","embeddable":true,"href":"https:\/\/sterkontruimingen.nl\/pl\/wp-json\/wp\/v2\/categories?post=207"},{"taxonomy":"post_tag","embeddable":true,"href":"https:\/\/sterkontruimingen.nl\/pl\/wp-json\/wp\/v2\/tags?post=207"}],"curies":[{"name":"wp","href":"https:\/\/api.w.org\/{rel}","templated":true}]}}