{"id":2067,"date":"2021-05-08T09:35:14","date_gmt":"2021-05-08T07:35:14","guid":{"rendered":"http:\/\/sterkontruimingen.nl\/?page_id=2067"},"modified":"2021-05-08T09:35:17","modified_gmt":"2021-05-08T07:35:17","slug":"dostarczanie-produktow-gotowych-do-sprzedazy","status":"publish","type":"page","link":"https:\/\/sterkontruimingen.nl\/pl\/verkoop-klaar-opleveren\/","title":{"rendered":"Dostarczanie produkt\u00f3w gotowych do sprzeda\u017cy"},"content":{"rendered":"<h2 class=\"wp-block-heading\">Dom gotowy do sprzeda\u017cy<\/h2>\n\n\n\n<p>Sprzeda\u0142e\u015b dom i musisz przekaza\u0107 go gotowego do sprzeda\u017cy nast\u0119pnemu lokatorowi? STERK House Clearance mo\u017ce Ci w tym pom\u00f3c i dostarczy\u0107 dom gotowy do sprzeda\u017cy. Przekazanie domu gotowego do sprzeda\u017cy to specjalistyczna praca, kt\u00f3ra mo\u017ce by\u0107 czasoch\u0142onna. W domu cz\u0119sto pozostaj\u0105 r\u00f3\u017cne przedmioty, kt\u00f3re nale\u017cy usun\u0105\u0107. Nale\u017c\u0105 do nich stare meble, zas\u0142ony i karnisze. Cz\u0119sto zdarza si\u0119 r\u00f3wnie\u017c, \u017ce nowy lokator lubi mie\u0107 <a href=\"http:\/\/sterkontruimingen.nl\/pl\/usuwanie-podlogi\/\" class=\"rank-math-link\">stara pod\u0142oga<\/a> musi zosta\u0107 usuni\u0119ty lub wyk\u0142adzina musi zosta\u0107 zdj\u0119ta ze stopni.<\/p>\n\n\n\n<p>Oczyszczanie domu cz\u0119sto wymaga wi\u0119cej ni\u017c pocz\u0105tkowo s\u0105dzono. Wymagania strony kupuj\u0105cej mog\u0105 zaj\u0105\u0107 sporo czasu. STERK Evacuations ch\u0119tnie s\u0142u\u017cy pomoc\u0105. Dzi\u0119ki naszemu bogatemu do\u015bwiadczeniu w planowaniu i przeprowadzaniu przeprowadzek, mo\u017cesz nam zaufa\u0107.<\/p>\n\n\n\n<h2 class=\"wp-block-heading\">Jak post\u0119powa\u0107?<\/h2>\n\n\n\n<p>Jak zawsze, szybko\u015b\u0107 i dok\u0142adno\u015b\u0107 jest powodem, dla kt\u00f3rego ludzie wybieraj\u0105 STERK House Clearances. Gdy tylko zadzwonisz do STERK, odwiedzimy Ci\u0119 tak szybko, jak to mo\u017cliwe. Nast\u0119pnie otrzymasz ofert\u0119 i, je\u015bli si\u0119 zgodzisz, przygotujemy dok\u0142adny harmonogram przygotowania domu do sprzeda\u017cy. Od tego momentu b\u0119dziesz zna\u0142 dok\u0142adn\u0105 dat\u0119, w kt\u00f3rej dom b\u0119dzie gotowy do sprzeda\u017cy. Nie musisz si\u0119 ju\u017c o nic martwi\u0107. Zajmiemy si\u0119 wszystkim za Ciebie. \u00a0<\/p>\n\n\n\n<p>Po uzgodnieniu, b\u0119dziemy dzia\u0142a\u0107 z ma\u0142ym zespo\u0142em, sprawnie w ca\u0142ym domu. <\/p>","protected":false},"excerpt":{"rendered":"<p>Woning verkoop klaar opleveren Heeft u een woning verkocht en moet deze verkoop-klaar worden opgeleverd voor de volgende bewoner? STERK Woningontruiming kan u hiermee van dienst zijn en voor u de woning verkoop-klaar opleveren. Het verkoop-klaar oftewel bezemschoon opleveren van een woning is specialistisch werk wat vaak behoorlijk tijdrovend kan zijn. Vaak blijven er in [&hellip;]<\/p>\n","protected":false},"author":1,"featured_media":0,"parent":0,"menu_order":0,"comment_status":"closed","ping_status":"closed","template":"","meta":{"inline_featured_image":false,"footnotes":""},"categories":[],"tags":[],"class_list":["post-2067","page","type-page","status-publish","hentry"],"blocksy_meta":{"styles_descriptor":{"styles":{"desktop":"","tablet":"","mobile":""},"google_fonts":[],"version":6}},"_links":{"self":[{"href":"https:\/\/sterkontruimingen.nl\/pl\/wp-json\/wp\/v2\/pages\/2067","targetHints":{"allow":["GET"]}}],"collection":[{"href":"https:\/\/sterkontruimingen.nl\/pl\/wp-json\/wp\/v2\/pages"}],"about":[{"href":"https:\/\/sterkontruimingen.nl\/pl\/wp-json\/wp\/v2\/types\/page"}],"author":[{"embeddable":true,"href":"https:\/\/sterkontruimingen.nl\/pl\/wp-json\/wp\/v2\/users\/1"}],"replies":[{"embeddable":true,"href":"https:\/\/sterkontruimingen.nl\/pl\/wp-json\/wp\/v2\/comments?post=2067"}],"version-history":[{"count":0,"href":"https:\/\/sterkontruimingen.nl\/pl\/wp-json\/wp\/v2\/pages\/2067\/revisions"}],"wp:attachment":[{"href":"https:\/\/sterkontruimingen.nl\/pl\/wp-json\/wp\/v2\/media?parent=2067"}],"wp:term":[{"taxonomy":"category","embeddable":true,"href":"https:\/\/sterkontruimingen.nl\/pl\/wp-json\/wp\/v2\/categories?post=2067"},{"taxonomy":"post_tag","embeddable":true,"href":"https:\/\/sterkontruimingen.nl\/pl\/wp-json\/wp\/v2\/tags?post=2067"}],"curies":[{"name":"wp","href":"https:\/\/api.w.org\/{rel}","templated":true}]}}