{"id":1909,"date":"2021-03-14T12:00:25","date_gmt":"2021-03-14T11:00:25","guid":{"rendered":"http:\/\/sterkontruimingen.nl\/?page_id=1909"},"modified":"2024-05-27T08:07:21","modified_gmt":"2024-05-27T06:07:21","slug":"tymczasowe-przechowywanie","status":"publish","type":"page","link":"https:\/\/sterkontruimingen.nl\/pl\/tijdelijkeopslag\/","title":{"rendered":"Tymczasowe przechowywanie"},"content":{"rendered":"<h2 class=\"wp-block-heading\">STERK oferuje tymczasowe magazynowanie dla swoich klient\u00f3w.<\/h2>\n\n\n\n<p>Niedawno STERK zacz\u0105\u0142 oferowa\u0107 now\u0105 us\u0142ug\u0119 w zakresie odpraw mieszkaniowych, a mianowicie tymczasowe przechowywanie. Eksmisje cz\u0119sto maj\u0105 miejsce z r\u00f3\u017cnych powod\u00f3w. Czasami zdarza si\u0119, \u017ce klient nie mo\u017ce jeszcze rozsta\u0107 si\u0119 z niekt\u00f3rymi rzeczami. STERK oferuje tymczasowe przechowywanie, aby\u015b m\u00f3g\u0142 pomy\u015ble\u0107 o tym, co chcesz zrobi\u0107 ze swoimi rzeczami. Ponadto dostarczymy dom do oczyszczenia zgodnie z wymogami dostawy.<\/p>\n\n\n\n<p>Dzi\u0119ki temu STERK odci\u0105\u017ca swoich klient\u00f3w nieco bardziej. STERK stara si\u0119 za ka\u017cdym razem odci\u0105\u017cy\u0107 swoich klient\u00f3w nieco bardziej i zaoferowa\u0107 pe\u0142n\u0105 us\u0142ug\u0119, o kt\u00f3rej inni jeszcze nie pomy\u015bleli. Przyk\u0142adem mo\u017ce by\u0107 us\u0142uga wypo\u017cyczenia karton\u00f3w do przeprowadzki po z\u0142o\u017ceniu zam\u00f3wienia. Lub \u015bwietne rabaty, je\u015bli chcesz kupi\u0107 pude\u0142ka.<\/p>\n\n\n\n<p>Chcesz pozna\u0107 koszt tymczasowego przechowywania? <a href=\"http:\/\/sterkontruimingen.nl\/pl\/kontakt\/\" class=\"rank-math-link\">Nast\u0119pnie skontaktuj si\u0119 z nami.<\/a> W takim razie mo\u017cemy bardzo \u0142atwo odpowiedzie\u0107 na kilka pyta\u0144. Czy wiesz, \u017ce zwracamy r\u00f3wnie\u017c przedmioty, gdy chcesz je odzyska\u0107?<\/p>","protected":false},"excerpt":{"rendered":"<p>STERK biedt tijdelijke opslag voor zijn klanten. Sinds kort biedt STERK een nieuwe dienst aan bij het ontruimen van woningen, namelijk tijdelijke opslag. Een ontruiming gebeurt vaak om zeer uiteenlopende redenen. Daarbij is het weleens het geval dat de opdrachtgever van sommige spullen nog geen afstand kan doen. Hierbij biedt STERK tijdelijke opslag zodat nog [&hellip;]<\/p>\n","protected":false},"author":1,"featured_media":1915,"parent":0,"menu_order":0,"comment_status":"closed","ping_status":"closed","template":"","meta":{"inline_featured_image":false,"footnotes":""},"categories":[14],"tags":[],"class_list":["post-1909","page","type-page","status-publish","has-post-thumbnail","hentry","category-landingspaginas"],"blocksy_meta":{"styles_descriptor":{"styles":{"desktop":"","tablet":"","mobile":""},"google_fonts":[],"version":6}},"_links":{"self":[{"href":"https:\/\/sterkontruimingen.nl\/pl\/wp-json\/wp\/v2\/pages\/1909","targetHints":{"allow":["GET"]}}],"collection":[{"href":"https:\/\/sterkontruimingen.nl\/pl\/wp-json\/wp\/v2\/pages"}],"about":[{"href":"https:\/\/sterkontruimingen.nl\/pl\/wp-json\/wp\/v2\/types\/page"}],"author":[{"embeddable":true,"href":"https:\/\/sterkontruimingen.nl\/pl\/wp-json\/wp\/v2\/users\/1"}],"replies":[{"embeddable":true,"href":"https:\/\/sterkontruimingen.nl\/pl\/wp-json\/wp\/v2\/comments?post=1909"}],"version-history":[{"count":1,"href":"https:\/\/sterkontruimingen.nl\/pl\/wp-json\/wp\/v2\/pages\/1909\/revisions"}],"predecessor-version":[{"id":4790,"href":"https:\/\/sterkontruimingen.nl\/pl\/wp-json\/wp\/v2\/pages\/1909\/revisions\/4790"}],"wp:featuredmedia":[{"embeddable":true,"href":"https:\/\/sterkontruimingen.nl\/pl\/wp-json\/wp\/v2\/media\/1915"}],"wp:attachment":[{"href":"https:\/\/sterkontruimingen.nl\/pl\/wp-json\/wp\/v2\/media?parent=1909"}],"wp:term":[{"taxonomy":"category","embeddable":true,"href":"https:\/\/sterkontruimingen.nl\/pl\/wp-json\/wp\/v2\/categories?post=1909"},{"taxonomy":"post_tag","embeddable":true,"href":"https:\/\/sterkontruimingen.nl\/pl\/wp-json\/wp\/v2\/tags?post=1909"}],"curies":[{"name":"wp","href":"https:\/\/api.w.org\/{rel}","templated":true}]}}