{"id":1830,"date":"2021-03-10T13:13:43","date_gmt":"2021-03-10T12:13:43","guid":{"rendered":"http:\/\/sterkontruimingen.nl\/?page_id=1830"},"modified":"2024-05-27T07:33:22","modified_gmt":"2024-05-27T05:33:22","slug":"wewnetrzna-placowka-opieki-relokacyjnej","status":"publish","type":"page","link":"https:\/\/sterkontruimingen.nl\/pl\/interne-verhuizing-zorginstelling\/","title":{"rendered":"Wewn\u0119trzna plac\u00f3wka opieki nad osobami przenoszonymi"},"content":{"rendered":"<p>STERK wspiera osoby prywatne i organizacje w bezpiecznym przenoszeniu rzeczy w plac\u00f3wkach opieku\u0144czych lub domach opieki. Nasze bogate do\u015bwiadczenie w zakresie przeprowadzek na ma\u0142\u0105 skal\u0119 pozwala nam po\u015bwi\u0119ci\u0107 przeprowadzce dodatkow\u0105 uwag\u0119. Obejmuje to lustrowanie mieszka\u0144, aby zapobiec stresowi lub negatywnym skutkom psychologicznym dla os\u00f3b starszych cierpi\u0105cych na demencj\u0119. Nazywamy to <a href=\"http:\/\/sterkontruimingen.nl\/pl\/poruszanie-sie-z-demencja\/\" class=\"rank-math-link\">przeniesienie demencji<\/a>.<\/p>\n\n\n\n<p>Z nami mo\u017cesz oczekiwa\u0107, \u017ce przeniesiemy Twoje mieszkanie lub pok\u00f3j opieki w ci\u0105gu jednego dnia. Niezale\u017cnie od tego, czy s\u0105 to 2 drzwi w d\u00f3\u0142, czy kilka pi\u0119ter w g\u00f3r\u0119 lub w d\u00f3\u0142. <\/p>\n\n\n\n<p>Dla senior\u00f3w lub os\u00f3b niepe\u0142nosprawnych przeprowadzka jest cz\u0119sto bardzo stresuj\u0105ca. Dok\u0142adamy wszelkich stara\u0144, aby przeprowadzi\u0107 ten proces tak ostro\u017cnie, spokojnie i uwa\u017cnie, jak to tylko mo\u017cliwe, aby zminimalizowa\u0107 stres przed, w trakcie i po przeprowadzce.<\/p>\n\n\n\n<h2 class=\"wp-block-heading\">Korzy\u015bci zwi\u0105zane z przeprowadzk\u0105 wewn\u0119trzn\u0105:<\/h2>\n\n\n\n<ul class=\"wp-block-list\"><li>Brak negatywnych skutk\u00f3w psychologicznych<\/li><li>Znajome \u017cycie, jakby w domu nic si\u0119 nie zmieni\u0142o<\/li><li>Dok\u0142adne skopiowanie domu lub pomieszczenia<\/li><li>Obrazy, szafki i uk\u0142ad taki sam jak w starym domu<\/li><li>Cz\u0142owiek od razu czuje si\u0119 jak w domu<\/li><li>Mo\u017ce by\u0107 konieczne dwukrotne sprawdzenie, czy w og\u00f3le si\u0119 poruszy\u0142e\u015b<\/li><\/ul>","protected":false},"excerpt":{"rendered":"<p>STERK ondersteund particulieren en organisaties bij het veilig verhuizen van spullen in een zorginstelling of verzorgingstehuis. Door onze ruime ervaring op het gebied van kleinschalige verhuizing kunnen wij net de extra aandacht geven aan de verhuizing. Denk hierbij aan het spiegelen van appartementen om voor dementerende ouderen stress of nadelige psychische effecten te voorkomen. Wij [&hellip;]<\/p>\n","protected":false},"author":1,"featured_media":1058,"parent":0,"menu_order":0,"comment_status":"closed","ping_status":"closed","template":"","meta":{"inline_featured_image":false,"footnotes":""},"categories":[14],"tags":[],"class_list":["post-1830","page","type-page","status-publish","has-post-thumbnail","hentry","category-landingspaginas"],"blocksy_meta":{"styles_descriptor":{"styles":{"desktop":"","tablet":"","mobile":""},"google_fonts":[],"version":6}},"_links":{"self":[{"href":"https:\/\/sterkontruimingen.nl\/pl\/wp-json\/wp\/v2\/pages\/1830","targetHints":{"allow":["GET"]}}],"collection":[{"href":"https:\/\/sterkontruimingen.nl\/pl\/wp-json\/wp\/v2\/pages"}],"about":[{"href":"https:\/\/sterkontruimingen.nl\/pl\/wp-json\/wp\/v2\/types\/page"}],"author":[{"embeddable":true,"href":"https:\/\/sterkontruimingen.nl\/pl\/wp-json\/wp\/v2\/users\/1"}],"replies":[{"embeddable":true,"href":"https:\/\/sterkontruimingen.nl\/pl\/wp-json\/wp\/v2\/comments?post=1830"}],"version-history":[{"count":1,"href":"https:\/\/sterkontruimingen.nl\/pl\/wp-json\/wp\/v2\/pages\/1830\/revisions"}],"predecessor-version":[{"id":2815,"href":"https:\/\/sterkontruimingen.nl\/pl\/wp-json\/wp\/v2\/pages\/1830\/revisions\/2815"}],"wp:featuredmedia":[{"embeddable":true,"href":"https:\/\/sterkontruimingen.nl\/pl\/wp-json\/wp\/v2\/media\/1058"}],"wp:attachment":[{"href":"https:\/\/sterkontruimingen.nl\/pl\/wp-json\/wp\/v2\/media?parent=1830"}],"wp:term":[{"taxonomy":"category","embeddable":true,"href":"https:\/\/sterkontruimingen.nl\/pl\/wp-json\/wp\/v2\/categories?post=1830"},{"taxonomy":"post_tag","embeddable":true,"href":"https:\/\/sterkontruimingen.nl\/pl\/wp-json\/wp\/v2\/tags?post=1830"}],"curies":[{"name":"wp","href":"https:\/\/api.w.org\/{rel}","templated":true}]}}